{"id":2024,"date":"2024-05-16T15:38:15","date_gmt":"2024-05-16T07:38:15","guid":{"rendered":"https:\/\/purecook.com\/?post_type=product&#038;p=2024"},"modified":"2025-11-24T15:38:04","modified_gmt":"2025-11-24T07:38:04","slug":"wholesale-griddle-pan","status":"publish","type":"product","link":"https:\/\/www.purecook.com\/fr\/product\/wholesale-griddle-pan\/","title":{"rendered":"Grossiste Plaque de gril carr\u00e9e antiadh\u00e9sive"},"content":{"rendered":"<div class=\"wp-block-columns is-layout-flex wp-container-core-columns-is-layout-9d6595d7 wp-block-columns-is-layout-flex\">\n<div class=\"wp-block-column is-layout-flow wp-block-column-is-layout-flow\">\n<h3 class=\"wp-block-heading\">Param\u00e8tres de la plaque de gril <\/h3>\n\n\n\n<p><strong>Num\u00e9ro de mod\u00e8le : GR-1036<\/strong><br>Mat\u00e9riau : Acier inoxydable triple \u00e9paisseur<br>Rev\u00eatement : WhitFord xylan plus<br>Couleur : Polissage miroir<br>Utilisation et entretien : Lavable au lave-vaisselle et \u00e0 la main<br>Seuil de temp\u00e9rature du four : 430\u00b0F\/220\u00b0C<br>\u00c9paisseur : 2 mm<br>Poids net : 985 g<br>Taille : 29\u00d746.5\u00d79cm<\/p>\n<\/div>\n\n\n\n<div class=\"wp-block-column is-layout-flow wp-block-column-is-layout-flow\">\n<h3 class=\"wp-block-heading\">Plaque de gril personnalis\u00e9e <\/h3>\n\n\n\n<p>Logo : personnalisez le logo de votre marque.<br>Emballage : bo\u00eete de couleur\/carton, etc.<br><strong><a href=\"https:\/\/www.purecook.com\/fr\/custom-solution\/\" target=\"_blank\" rel=\"noreferrer noopener\">Solutions personnalis\u00e9es OEM et ODM<\/a><\/strong><\/p>\n<\/div>\n<\/div>\n\n\n\n<div class=\"wp-block-columns is-layout-flex wp-container-core-columns-is-layout-9d6595d7 wp-block-columns-is-layout-flex\">\n<div class=\"wp-block-column is-layout-flow wp-block-column-is-layout-flow\">\n<figure class=\"wp-block-image size-full\"><img decoding=\"async\" width=\"649\" height=\"671\" src=\"https:\/\/purecook.com\/wp-content\/uploads\/2024\/05\/wholesale-griddle-Pan-1.webp\" alt=\"Planche \u00e0 griller en gros\" class=\"wp-image-2025\" srcset=\"https:\/\/www.purecook.com\/wp-content\/uploads\/2024\/05\/wholesale-griddle-Pan-1.webp 649w, https:\/\/www.purecook.com\/wp-content\/uploads\/2024\/05\/wholesale-griddle-Pan-1-290x300.webp 290w, https:\/\/www.purecook.com\/wp-content\/uploads\/2024\/05\/wholesale-griddle-Pan-1-600x620.webp 600w\" sizes=\"(max-width: 649px) 100vw, 649px\" \/><\/figure>\n<\/div>\n\n\n\n<div class=\"wp-block-column is-layout-flow wp-block-column-is-layout-flow\">\n<figure class=\"wp-block-image size-full\"><img decoding=\"async\" width=\"661\" height=\"649\" src=\"https:\/\/purecook.com\/wp-content\/uploads\/2024\/05\/wholesale-griddle-Pan-4.webp\" alt=\"Planche \u00e0 griller en gros\" class=\"wp-image-2028\" srcset=\"https:\/\/www.purecook.com\/wp-content\/uploads\/2024\/05\/wholesale-griddle-Pan-4.webp 661w, https:\/\/www.purecook.com\/wp-content\/uploads\/2024\/05\/wholesale-griddle-Pan-4-300x295.webp 300w, https:\/\/www.purecook.com\/wp-content\/uploads\/2024\/05\/wholesale-griddle-Pan-4-600x589.webp 600w\" sizes=\"(max-width: 661px) 100vw, 661px\" \/><\/figure>\n<\/div>\n<\/div>","protected":false},"excerpt":{"rendered":"<p>La plaque \u00e0 griller est fabriqu\u00e9e \u00e0 partir de mat\u00e9riaux de haute qualit\u00e9 qui peuvent r\u00e9sister \u00e0 des temp\u00e9ratures \u00e9lev\u00e9es et maintenir leurs performances pendant longtemps. Elle est compatible avec la plupart des plaques de cuisson, ce qui en fait un excellent choix pour les cuisines domestiques et commerciales.<\/p>\n<h2>Caract\u00e9ristiques et avantages de la plaque de gril<\/h2>\n<p>Rev\u00eatement antiadh\u00e9sif \u00e0 trois couches, sans PFOA, con\u00e7u en Allemagne, pour des ann\u00e9es de performance avec moins d'huile.<\/p>\n<p>Poign\u00e9es confortables en acier inoxydable.<br \/>Les parois basses augmentent l'espace de cuisson et facilitent le retournement des aliments.<\/p>\n<p>Peut \u00eatre mis au four jusqu'\u00e0 430\u00b0F\/220\u00b0C.<\/p>\n<p>Lavable au lave-vaisselle.<\/p>\n<p>Bords roul\u00e9s pour un versement sans goutte.<\/p>\n<p>Compatible avec la plupart des plaques de cuisson, \u00e0 l'exception de l'induction.<\/p>","protected":false},"featured_media":2029,"comment_status":"closed","ping_status":"closed","template":"","meta":{"_acf_changed":false},"product_brand":[],"product_cat":[27,93],"product_tag":[],"class_list":{"0":"post-2024","1":"product","2":"type-product","3":"status-publish","4":"has-post-thumbnail","6":"product_cat-bakeware","7":"product_cat-griddle-pan","9":"first","10":"instock","11":"shipping-taxable","12":"product-type-simple"},"acf":[],"_links":{"self":[{"href":"https:\/\/www.purecook.com\/fr\/wp-json\/wp\/v2\/product\/2024","targetHints":{"allow":["GET"]}}],"collection":[{"href":"https:\/\/www.purecook.com\/fr\/wp-json\/wp\/v2\/product"}],"about":[{"href":"https:\/\/www.purecook.com\/fr\/wp-json\/wp\/v2\/types\/product"}],"replies":[{"embeddable":true,"href":"https:\/\/www.purecook.com\/fr\/wp-json\/wp\/v2\/comments?post=2024"}],"wp:featuredmedia":[{"embeddable":true,"href":"https:\/\/www.purecook.com\/fr\/wp-json\/wp\/v2\/media\/2029"}],"wp:attachment":[{"href":"https:\/\/www.purecook.com\/fr\/wp-json\/wp\/v2\/media?parent=2024"}],"wp:term":[{"taxonomy":"product_brand","embeddable":true,"href":"https:\/\/www.purecook.com\/fr\/wp-json\/wp\/v2\/product_brand?post=2024"},{"taxonomy":"product_cat","embeddable":true,"href":"https:\/\/www.purecook.com\/fr\/wp-json\/wp\/v2\/product_cat?post=2024"},{"taxonomy":"product_tag","embeddable":true,"href":"https:\/\/www.purecook.com\/fr\/wp-json\/wp\/v2\/product_tag?post=2024"}],"curies":[{"name":"wp","href":"https:\/\/api.w.org\/{rel}","templated":true}]}}