{"id":2030,"date":"2024-05-16T16:40:56","date_gmt":"2024-05-16T08:40:56","guid":{"rendered":"https:\/\/purecook.com\/?post_type=product&#038;p=2030"},"modified":"2025-04-27T17:40:00","modified_gmt":"2025-04-27T09:40:00","slug":"wholesale-milk-pot-petal-shaped","status":"publish","type":"product","link":"https:\/\/www.purecook.com\/fr\/product\/wholesale-milk-pot-petal-shaped\/","title":{"rendered":"Pot \u00e0 lait en acier inoxydable en forme de p\u00e9tale avec poign\u00e9e imprim\u00e9e, personnalisable en gros"},"content":{"rendered":"<div class=\"wp-block-columns is-layout-flex wp-container-core-columns-is-layout-9d6595d7 wp-block-columns-is-layout-flex\">\n<div class=\"wp-block-column is-layout-flow wp-block-column-is-layout-flow\">\n<h3 class=\"wp-block-heading\">Param\u00e8tres du pot \u00e0 lait<\/h3>\n\n\n\n<p><strong>Num\u00e9ro de mod\u00e8le:HH-191018<\/strong><br>Mat\u00e9riau : acier inoxydable<br>Corps : SS304<br>Couvercle en verre tremp\u00e9 : SUS201+3.8mm verre<br>Accessoires de la poign\u00e9e et du couvercle : Bak\u00e9lite (impression par transfert d'eau)<br>\u00c9paisseur du corps : 0,5 mm<br>Surface : poli mat ou poli miroir (\u00e0 votre choix)<br>Dimensions : int\u00e9rieur du corps<br>taille : 17.5\u00d716\u00d78.5<br>Poids brut : 2kg\/pcs<br>OEM&amp;ODM : disponible<\/p>\n<\/div>\n\n\n\n<div class=\"wp-block-column is-layout-flow wp-block-column-is-layout-flow\">\n<h3 class=\"wp-block-heading\">Pot \u00e0 lait personnalis\u00e9<\/h3>\n\n\n\n<p>Logo:personnalisez le logo de votre marque<br>emballage : bo\u00eete de couleur\/carton, etc.<br>Poign\u00e9e : le motif de la poign\u00e9e peut \u00eatre personnalis\u00e9<br>Finition : Mat\/miroir<br>MOQ:120sets<br><strong><a href=\"https:\/\/www.purecook.com\/fr\/custom-solution\/\" target=\"_blank\" rel=\"noreferrer noopener\">Solutions personnalis\u00e9es OEM et ODM<\/a><\/strong><\/p>\n<\/div>\n<\/div>\n\n\n\n<div class=\"wp-block-columns is-layout-flex wp-container-core-columns-is-layout-9d6595d7 wp-block-columns-is-layout-flex\">\n<div class=\"wp-block-column is-layout-flow wp-block-column-is-layout-flow\">\n<figure class=\"wp-block-image size-full\"><img decoding=\"async\" width=\"800\" height=\"800\" src=\"https:\/\/purecook.com\/wp-content\/uploads\/2024\/05\/custom-milk-pot-wholesale-6.webp\" alt=\"pot \u00e0 lait personnalis\u00e9 en gros\" class=\"wp-image-2037\" srcset=\"https:\/\/www.purecook.com\/wp-content\/uploads\/2024\/05\/custom-milk-pot-wholesale-6.webp 800w, https:\/\/www.purecook.com\/wp-content\/uploads\/2024\/05\/custom-milk-pot-wholesale-6-300x300.webp 300w, https:\/\/www.purecook.com\/wp-content\/uploads\/2024\/05\/custom-milk-pot-wholesale-6-150x150.webp 150w, https:\/\/www.purecook.com\/wp-content\/uploads\/2024\/05\/custom-milk-pot-wholesale-6-768x768.webp 768w, https:\/\/www.purecook.com\/wp-content\/uploads\/2024\/05\/custom-milk-pot-wholesale-6-600x600.webp 600w, https:\/\/www.purecook.com\/wp-content\/uploads\/2024\/05\/custom-milk-pot-wholesale-6-100x100.webp 100w\" sizes=\"(max-width: 800px) 100vw, 800px\" \/><\/figure>\n<\/div>\n\n\n\n<div class=\"wp-block-column is-layout-flow wp-block-column-is-layout-flow\">\n<figure class=\"wp-block-image size-full\"><img decoding=\"async\" width=\"800\" height=\"800\" src=\"https:\/\/purecook.com\/wp-content\/uploads\/2024\/05\/custom-milk-pot-wholesale-3.webp\" alt=\"pot \u00e0 lait personnalis\u00e9 en gros\" class=\"wp-image-2034\" srcset=\"https:\/\/www.purecook.com\/wp-content\/uploads\/2024\/05\/custom-milk-pot-wholesale-3.webp 800w, https:\/\/www.purecook.com\/wp-content\/uploads\/2024\/05\/custom-milk-pot-wholesale-3-300x300.webp 300w, https:\/\/www.purecook.com\/wp-content\/uploads\/2024\/05\/custom-milk-pot-wholesale-3-150x150.webp 150w, https:\/\/www.purecook.com\/wp-content\/uploads\/2024\/05\/custom-milk-pot-wholesale-3-768x768.webp 768w, https:\/\/www.purecook.com\/wp-content\/uploads\/2024\/05\/custom-milk-pot-wholesale-3-600x600.webp 600w, https:\/\/www.purecook.com\/wp-content\/uploads\/2024\/05\/custom-milk-pot-wholesale-3-100x100.webp 100w\" sizes=\"(max-width: 800px) 100vw, 800px\" \/><\/figure>\n<\/div>\n<\/div>","protected":false},"excerpt":{"rendered":"<p>Ce pot \u00e0 lait utilise un fond composite \u00e0 trois couches, qui chauffe plus rapidement et plus uniform\u00e9ment. Le design unique du bord en forme de p\u00e9tale rend le versement du lait plus pratique. La poign\u00e9e peut \u00eatre personnalis\u00e9e et la surface est mate ou miroir.<\/p>\n<h2>Caract\u00e9ristiques et avantages du pot \u00e0 lait<\/h2>\n<p><strong>Mat\u00e9riau sain<\/strong>: Acier inoxydable 304 non rev\u00eatu, utilisation garantie.<\/p>\n<p><strong>Couvercle en verre visible<\/strong>Le syst\u00e8me d'alimentation en eau potable de l'Union europ\u00e9enne : une attention en temps r\u00e9el \u00e0 l'\u00e9volution de la cuisson.<\/p>\n<p><strong>Excellente conduction de la chaleur<\/strong>Fond de casserole en composite \u00e0 trois couches, conduction uniforme de la chaleur, \u00e9conomie d'\u00e9nergie.<\/p>\n<p><strong>Aspect pratique<\/strong>: Bords de la casserole en forme de p\u00e9tales, versement en douceur de l'ouverture de la casserole polyflow.<\/p>\n<p><strong>Poign\u00e9e anti-br\u00fblure<\/strong>: Poign\u00e9e en bak\u00e9lite, \u00e9vitant de se br\u00fbler les mains, pour une cuisine plus d\u00e9tendue.<\/p>","protected":false},"featured_media":2032,"comment_status":"closed","ping_status":"closed","template":"","meta":{"_acf_changed":false},"product_brand":[],"product_cat":[24,80],"product_tag":[98],"class_list":{"0":"post-2030","1":"product","2":"type-product","3":"status-publish","4":"has-post-thumbnail","6":"product_cat-cookware","7":"product_cat-milk-pot","8":"product_tag-wholesale-home-cookware","10":"first","11":"instock","12":"shipping-taxable","13":"product-type-simple"},"acf":[],"_links":{"self":[{"href":"https:\/\/www.purecook.com\/fr\/wp-json\/wp\/v2\/product\/2030","targetHints":{"allow":["GET"]}}],"collection":[{"href":"https:\/\/www.purecook.com\/fr\/wp-json\/wp\/v2\/product"}],"about":[{"href":"https:\/\/www.purecook.com\/fr\/wp-json\/wp\/v2\/types\/product"}],"replies":[{"embeddable":true,"href":"https:\/\/www.purecook.com\/fr\/wp-json\/wp\/v2\/comments?post=2030"}],"wp:featuredmedia":[{"embeddable":true,"href":"https:\/\/www.purecook.com\/fr\/wp-json\/wp\/v2\/media\/2032"}],"wp:attachment":[{"href":"https:\/\/www.purecook.com\/fr\/wp-json\/wp\/v2\/media?parent=2030"}],"wp:term":[{"taxonomy":"product_brand","embeddable":true,"href":"https:\/\/www.purecook.com\/fr\/wp-json\/wp\/v2\/product_brand?post=2030"},{"taxonomy":"product_cat","embeddable":true,"href":"https:\/\/www.purecook.com\/fr\/wp-json\/wp\/v2\/product_cat?post=2030"},{"taxonomy":"product_tag","embeddable":true,"href":"https:\/\/www.purecook.com\/fr\/wp-json\/wp\/v2\/product_tag?post=2030"}],"curies":[{"name":"wp","href":"https:\/\/api.w.org\/{rel}","templated":true}]}}