{"id":2040,"date":"2024-05-16T17:38:14","date_gmt":"2024-05-16T09:38:14","guid":{"rendered":"https:\/\/purecook.com\/?post_type=product&#038;p=2040"},"modified":"2025-11-24T15:39:18","modified_gmt":"2025-11-24T07:39:18","slug":"wholesale-hot-dog-pan","status":"publish","type":"product","link":"https:\/\/www.purecook.com\/fr\/product\/wholesale-hot-dog-pan\/","title":{"rendered":"Po\u00eale \u00e0 hot-dog en acier inoxydable de qualit\u00e9 alimentaire pour la fabrication d'aliments en gros"},"content":{"rendered":"<div class=\"wp-block-columns is-layout-flex wp-container-core-columns-is-layout-9d6595d7 wp-block-columns-is-layout-flex\">\n<div class=\"wp-block-column is-layout-flow wp-block-column-is-layout-flow\">\n<h3 class=\"wp-block-heading\">Param\u00e8tres de la po\u00eale \u00e0 hot-dog<\/h3>\n\n\n\n<p>Mod\u00e8le : Po\u00eale \u00e0 hot-dog<br>Mat\u00e9riau : acier inoxydable (SUS#304)<br>Taille du produit : 19\u00d711 cm <br>Taille de l'emballage : 19,5\u00d711,5\u00d73,5 cm<br>Finition : Mat<br>Poids : 154g\/pcs<br>Emballage : bo\u00eete de couleur<br>MOQ : 120 pi\u00e8ces<\/p>\n<\/div>\n\n\n\n<div class=\"wp-block-column is-layout-flow wp-block-column-is-layout-flow\">\n<h3 class=\"wp-block-heading\">Po\u00eale \u00e0 hot-dogs personnalis\u00e9e<\/h3>\n\n\n\n<p>Logo : personnalisez le logo de votre marque.<br><strong><a href=\"https:\/\/www.purecook.com\/fr\/custom-solution\/\" target=\"_blank\" rel=\"noreferrer noopener\">Solutions personnalis\u00e9es OEM et ODM<\/a><\/strong><\/p>\n<\/div>\n<\/div>\n\n\n\n<div class=\"wp-block-columns is-layout-flex wp-container-core-columns-is-layout-9d6595d7 wp-block-columns-is-layout-flex\">\n<div class=\"wp-block-column is-layout-flow wp-block-column-is-layout-flow\">\n<figure class=\"wp-block-image size-full\"><img decoding=\"async\" width=\"800\" height=\"800\" src=\"https:\/\/purecook.com\/wp-content\/uploads\/2024\/05\/wholesale-hot-dog-pan-5.webp\" alt=\"Po\u00eale \u00e0 hot-dogs en gros\" class=\"wp-image-2045\" srcset=\"https:\/\/www.purecook.com\/wp-content\/uploads\/2024\/05\/wholesale-hot-dog-pan-5.webp 800w, https:\/\/www.purecook.com\/wp-content\/uploads\/2024\/05\/wholesale-hot-dog-pan-5-300x300.webp 300w, https:\/\/www.purecook.com\/wp-content\/uploads\/2024\/05\/wholesale-hot-dog-pan-5-150x150.webp 150w, https:\/\/www.purecook.com\/wp-content\/uploads\/2024\/05\/wholesale-hot-dog-pan-5-768x768.webp 768w, https:\/\/www.purecook.com\/wp-content\/uploads\/2024\/05\/wholesale-hot-dog-pan-5-600x600.webp 600w, https:\/\/www.purecook.com\/wp-content\/uploads\/2024\/05\/wholesale-hot-dog-pan-5-100x100.webp 100w\" sizes=\"(max-width: 800px) 100vw, 800px\" \/><\/figure>\n<\/div>\n\n\n\n<div class=\"wp-block-column is-layout-flow wp-block-column-is-layout-flow\">\n<figure class=\"wp-block-image size-full\"><img decoding=\"async\" width=\"800\" height=\"800\" src=\"https:\/\/purecook.com\/wp-content\/uploads\/2024\/05\/wholesale-hot-dog-pan-2.webp\" alt=\"Po\u00eale \u00e0 hot-dogs en gros\" class=\"wp-image-2042\" srcset=\"https:\/\/www.purecook.com\/wp-content\/uploads\/2024\/05\/wholesale-hot-dog-pan-2.webp 800w, https:\/\/www.purecook.com\/wp-content\/uploads\/2024\/05\/wholesale-hot-dog-pan-2-300x300.webp 300w, https:\/\/www.purecook.com\/wp-content\/uploads\/2024\/05\/wholesale-hot-dog-pan-2-150x150.webp 150w, https:\/\/www.purecook.com\/wp-content\/uploads\/2024\/05\/wholesale-hot-dog-pan-2-768x768.webp 768w, https:\/\/www.purecook.com\/wp-content\/uploads\/2024\/05\/wholesale-hot-dog-pan-2-600x600.webp 600w, https:\/\/www.purecook.com\/wp-content\/uploads\/2024\/05\/wholesale-hot-dog-pan-2-100x100.webp 100w\" sizes=\"(max-width: 800px) 100vw, 800px\" \/><\/figure>\n<\/div>\n<\/div>","protected":false},"excerpt":{"rendered":"<p>Cette po\u00eale \u00e0 hot-dogs \u00e0 usage domestique est fabriqu\u00e9e en acier inoxydable de qualit\u00e9 alimentaire et convient \u00e0 la pr\u00e9paration de g\u00e2teaux cuits \u00e0 la vapeur et de hot-dogs. La conception \u00e0 double couche permet au couvercle et au fond de s'embo\u00eeter plus facilement pour faciliter la mise en forme des aliments.<\/p>\n<h2>Caract\u00e9ristiques et avantages de la po\u00eale \u00e0 hot-dog<\/h2>\n<p>Mat\u00e9riau de haute qualit\u00e9 : Fabriqu\u00e9 en acier inoxydable de haute qualit\u00e9, durable et r\u00e9sistant \u00e0 la corrosion.<\/p>\n<p>Conception \u00e0 double couche : Le moule de cuisson adopte une conception \u00e0 double couche, et les parties sup\u00e9rieure et inf\u00e9rieure sont plus faciles \u00e0 ajuster, ce qui est b\u00e9n\u00e9fique pour le fa\u00e7onnage des aliments et am\u00e9liore l'efficacit\u00e9 de la production.<\/p>\n<p>Utilisation multifonctionnelle : convient \u00e0 la cuisson de g\u00e2teaux, de hot-dogs et d'autres aliments.<\/p>\n<p>Facile \u00e0 utiliser : La paroi int\u00e9rieure est polie et les aliments ne se cassent pas au d\u00e9moulage, ce qui facilite l'utilisation.<\/p>","protected":false},"featured_media":2044,"comment_status":"closed","ping_status":"closed","template":"","meta":{"_acf_changed":false},"product_brand":[],"product_cat":[27,107],"product_tag":[],"class_list":{"0":"post-2040","1":"product","2":"type-product","3":"status-publish","4":"has-post-thumbnail","6":"product_cat-bakeware","7":"product_cat-baking-sheet","9":"first","10":"instock","11":"shipping-taxable","12":"product-type-simple"},"acf":[],"_links":{"self":[{"href":"https:\/\/www.purecook.com\/fr\/wp-json\/wp\/v2\/product\/2040","targetHints":{"allow":["GET"]}}],"collection":[{"href":"https:\/\/www.purecook.com\/fr\/wp-json\/wp\/v2\/product"}],"about":[{"href":"https:\/\/www.purecook.com\/fr\/wp-json\/wp\/v2\/types\/product"}],"replies":[{"embeddable":true,"href":"https:\/\/www.purecook.com\/fr\/wp-json\/wp\/v2\/comments?post=2040"}],"wp:featuredmedia":[{"embeddable":true,"href":"https:\/\/www.purecook.com\/fr\/wp-json\/wp\/v2\/media\/2044"}],"wp:attachment":[{"href":"https:\/\/www.purecook.com\/fr\/wp-json\/wp\/v2\/media?parent=2040"}],"wp:term":[{"taxonomy":"product_brand","embeddable":true,"href":"https:\/\/www.purecook.com\/fr\/wp-json\/wp\/v2\/product_brand?post=2040"},{"taxonomy":"product_cat","embeddable":true,"href":"https:\/\/www.purecook.com\/fr\/wp-json\/wp\/v2\/product_cat?post=2040"},{"taxonomy":"product_tag","embeddable":true,"href":"https:\/\/www.purecook.com\/fr\/wp-json\/wp\/v2\/product_tag?post=2040"}],"curies":[{"name":"wp","href":"https:\/\/api.w.org\/{rel}","templated":true}]}}