{"id":2047,"date":"2024-05-16T21:46:07","date_gmt":"2024-05-16T13:46:07","guid":{"rendered":"https:\/\/purecook.com\/?post_type=product&#038;p=2047"},"modified":"2026-03-12T09:39:21","modified_gmt":"2026-03-12T01:39:21","slug":"wholesale-baking-pan","status":"publish","type":"product","link":"https:\/\/www.purecook.com\/fr\/product\/wholesale-baking-pan\/","title":{"rendered":"Plaques \u00e0 r\u00f4tir, Plaques \u00e0 p\u00e2tisserie Utilisation en gros pour la table de cuisson \u00e0 gaz et \u00e0 induction"},"content":{"rendered":"<div class=\"wp-block-columns is-layout-flex wp-container-core-columns-is-layout-9d6595d7 wp-block-columns-is-layout-flex\">\n<div class=\"wp-block-column is-layout-flow wp-block-column-is-layout-flow\">\n<h3 class=\"wp-block-heading\">Param\u00e8tres des moules de cuisson<\/h3>\n\n\n\n<p><strong>Nom du mod\u00e8le : Plaque de cuisson en acier \u00e0 trois couches<\/strong><br>Utiliser la cuisini\u00e8re : Universelle<br>Int\u00e9rieur : Non rev\u00eatu<br>Mat\u00e9riau : Acier triple couche (SUS304+ ALU+SUS430)<br>Taille : 45\u00d724.5\u00d75.5cm<br>Couleur : couleur acier<br>Capacit\u00e9 : 5L<br>Poids : 3,0 kg\/pi\u00e8ce<br>\u00c9paisseur : 2,0 mm<br>Emballage : Bo\u00eete de couleur + carton<br>MOQ : 500 pi\u00e8ces<\/p>\n<\/div>\n\n\n\n<div class=\"wp-block-column is-layout-flow wp-block-column-is-layout-flow\">\n<h3 class=\"wp-block-heading\">Plaques de cuisson personnalis\u00e9es<\/h3>\n\n\n\n<p>Logo : personnalisez le logo de votre marque<br>emballage : bo\u00eete de couleur\/carton, etc.<br>Motif : Personnalisez votre motif<br><strong><a href=\"https:\/\/www.purecook.com\/fr\/custom-solution\/\" target=\"_blank\" rel=\"noreferrer noopener\">Solutions personnalis\u00e9es OEM et ODM<\/a><\/strong><\/p>\n<\/div>\n<\/div>\n\n\n\n<div class=\"wp-block-columns is-layout-flex wp-container-core-columns-is-layout-9d6595d7 wp-block-columns-is-layout-flex\">\n<div class=\"wp-block-column is-layout-flow wp-block-column-is-layout-flow\">\n<figure class=\"wp-block-image size-full\"><img decoding=\"async\" width=\"800\" height=\"800\" src=\"https:\/\/purecook.com\/wp-content\/uploads\/2024\/05\/custom-baking-pans-wholesale-5.webp\" alt=\"moules \u00e0 p\u00e2tisserie personnalis\u00e9s en gros\" class=\"wp-image-2052\" srcset=\"https:\/\/www.purecook.com\/wp-content\/uploads\/2024\/05\/custom-baking-pans-wholesale-5.webp 800w, https:\/\/www.purecook.com\/wp-content\/uploads\/2024\/05\/custom-baking-pans-wholesale-5-300x300.webp 300w, https:\/\/www.purecook.com\/wp-content\/uploads\/2024\/05\/custom-baking-pans-wholesale-5-150x150.webp 150w, https:\/\/www.purecook.com\/wp-content\/uploads\/2024\/05\/custom-baking-pans-wholesale-5-768x768.webp 768w, https:\/\/www.purecook.com\/wp-content\/uploads\/2024\/05\/custom-baking-pans-wholesale-5-600x600.webp 600w, https:\/\/www.purecook.com\/wp-content\/uploads\/2024\/05\/custom-baking-pans-wholesale-5-100x100.webp 100w\" sizes=\"(max-width: 800px) 100vw, 800px\" \/><\/figure>\n<\/div>\n\n\n\n<div class=\"wp-block-column is-layout-flow wp-block-column-is-layout-flow\">\n<figure class=\"wp-block-image size-full\"><img decoding=\"async\" width=\"800\" height=\"800\" src=\"https:\/\/purecook.com\/wp-content\/uploads\/2024\/05\/custom-baking-pans-wholesale-1.webp\" alt=\"moules \u00e0 p\u00e2tisserie personnalis\u00e9s en gros\" class=\"wp-image-2048\" srcset=\"https:\/\/www.purecook.com\/wp-content\/uploads\/2024\/05\/custom-baking-pans-wholesale-1.webp 800w, https:\/\/www.purecook.com\/wp-content\/uploads\/2024\/05\/custom-baking-pans-wholesale-1-300x300.webp 300w, https:\/\/www.purecook.com\/wp-content\/uploads\/2024\/05\/custom-baking-pans-wholesale-1-150x150.webp 150w, https:\/\/www.purecook.com\/wp-content\/uploads\/2024\/05\/custom-baking-pans-wholesale-1-768x768.webp 768w, https:\/\/www.purecook.com\/wp-content\/uploads\/2024\/05\/custom-baking-pans-wholesale-1-600x600.webp 600w, https:\/\/www.purecook.com\/wp-content\/uploads\/2024\/05\/custom-baking-pans-wholesale-1-100x100.webp 100w\" sizes=\"(max-width: 800px) 100vw, 800px\" \/><\/figure>\n<\/div>\n<\/div>","protected":false},"excerpt":{"rendered":"<p>La plaque de cuisson est fabriqu\u00e9e en acier \u00e0 trois couches de haute qualit\u00e9, ce qui permet de chauffer les aliments rapidement et uniform\u00e9ment. Il pr\u00e9sente en outre les avantages de la durabilit\u00e9 et de la r\u00e9sistance \u00e0 la corrosion, ce qui lui permet de r\u00e9pondre aux besoins des cuisines domestiques et des restaurants commerciaux professionnels.\u00a0<\/p>\n<h2>Caract\u00e9ristiques et avantages du moule de cuisson<\/h2>\n<p><strong>Acier inoxydable de premi\u00e8re qualit\u00e9<\/strong>: La po\u00eale est fabriqu\u00e9e en mat\u00e9riau multicouche (sus304+ alu+sus430) pour garantir la durabilit\u00e9, la r\u00e9sistance \u00e0 la corrosion et un excellent transfert de chaleur pour un chauffage rapide et des r\u00e9sultats de cuisson constants.<\/p>\n<p><strong>Poign\u00e9e renforc\u00e9e<\/strong>: La poign\u00e9e est fix\u00e9e par des rivets pour plus de confort et de s\u00e9curit\u00e9. Elle est robuste et durable et ne se desserre pas facilement.<\/p>\n<p><strong>Convient \u00e0 de multiples sc\u00e9narios<\/strong>: Cette plaque est compos\u00e9e de trois couches de mat\u00e9riau \u00e9pais, parfait pour les restaurants et l'utilisation domestique, id\u00e9al pour la cuisson des aliments gastronomiques, que vous profitiez d'un repas confortable \u00e0 la maison ou que vous cuisiniez dans une cuisine commerciale, elle peut r\u00e9pondre \u00e0 vos besoins.<\/p>\n<p><strong>Grande capacit\u00e9<\/strong>: Avec une capacit\u00e9 allant jusqu'\u00e0 5 litres, cette po\u00eale \u00e0 griller convient \u00e0 une vari\u00e9t\u00e9 de sc\u00e9narios de f\u00eate, de l'int\u00e9rieur aux terrains de camping en plein air, vous permettant de cuisiner vos aliments \u00e0 tout moment, n'importe o\u00f9 et de n'importe quelle mani\u00e8re.<\/p>\n<p>\n<script src=\"chrome-extension:\/\/fpelahbljekknahkcaegamhcndkfpfnc\/iFrame.js\" type=\"text\/javascript\"><\/script><\/p>","protected":false},"featured_media":2048,"comment_status":"closed","ping_status":"closed","template":"","meta":{"_acf_changed":false},"product_brand":[],"product_cat":[27,106],"product_tag":[],"class_list":{"0":"post-2047","1":"product","2":"type-product","3":"status-publish","4":"has-post-thumbnail","6":"product_cat-bakeware","7":"product_cat-roasting-pan","9":"first","10":"instock","11":"shipping-taxable","12":"product-type-simple"},"acf":[],"_links":{"self":[{"href":"https:\/\/www.purecook.com\/fr\/wp-json\/wp\/v2\/product\/2047","targetHints":{"allow":["GET"]}}],"collection":[{"href":"https:\/\/www.purecook.com\/fr\/wp-json\/wp\/v2\/product"}],"about":[{"href":"https:\/\/www.purecook.com\/fr\/wp-json\/wp\/v2\/types\/product"}],"replies":[{"embeddable":true,"href":"https:\/\/www.purecook.com\/fr\/wp-json\/wp\/v2\/comments?post=2047"}],"wp:featuredmedia":[{"embeddable":true,"href":"https:\/\/www.purecook.com\/fr\/wp-json\/wp\/v2\/media\/2048"}],"wp:attachment":[{"href":"https:\/\/www.purecook.com\/fr\/wp-json\/wp\/v2\/media?parent=2047"}],"wp:term":[{"taxonomy":"product_brand","embeddable":true,"href":"https:\/\/www.purecook.com\/fr\/wp-json\/wp\/v2\/product_brand?post=2047"},{"taxonomy":"product_cat","embeddable":true,"href":"https:\/\/www.purecook.com\/fr\/wp-json\/wp\/v2\/product_cat?post=2047"},{"taxonomy":"product_tag","embeddable":true,"href":"https:\/\/www.purecook.com\/fr\/wp-json\/wp\/v2\/product_tag?post=2047"}],"curies":[{"name":"wp","href":"https:\/\/api.w.org\/{rel}","templated":true}]}}