{"id":2054,"date":"2024-05-16T23:23:35","date_gmt":"2024-05-16T15:23:35","guid":{"rendered":"https:\/\/purecook.com\/?post_type=product&#038;p=2054"},"modified":"2025-08-14T16:55:53","modified_gmt":"2025-08-14T08:55:53","slug":"wholesale-lunch-box-multi-compartment","status":"publish","type":"product","link":"https:\/\/www.purecook.com\/fr\/product\/wholesale-lunch-box-multi-compartment\/","title":{"rendered":"Bo\u00eete \u00e0 lunch personnalis\u00e9e en gros avec apparence color\u00e9e et design \u00e0 compartiments multiples"},"content":{"rendered":"<div class=\"wp-block-columns is-layout-flex wp-container-core-columns-is-layout-9d6595d7 wp-block-columns-is-layout-flex\">\n<div class=\"wp-block-column is-layout-flow wp-block-column-is-layout-flow\">\n<h3 class=\"wp-block-heading\">Param\u00e8tres de la bo\u00eete \u00e0 lunch<\/h3>\n\n\n\n<p>Num\u00e9ro de mod\u00e8le : 6639 &amp; 6641<br>Mat\u00e9riau : Acier inoxydable 304 + pp \/ cuill\u00e8re : sus401 \/ baguettes : sus201<br>Couleur : bleu\/vert\/rose<br>Sp\u00e9cification : 1500ml\/2000ml<br>Taille de l'emballage : 27.8\u00d77.8\u00d720.5cm \/ 31.8\u00d723.8\u00d78.3cm<br>Poids : 1kg\/pcs<br>MOQ : 1000pcs<\/p>\n<\/div>\n\n\n\n<div class=\"wp-block-column is-layout-flow wp-block-column-is-layout-flow\">\n<h3 class=\"wp-block-heading\">Bo\u00eete \u00e0 lunch personnalis\u00e9e<\/h3>\n\n\n\n<p>emballage : bo\u00eete de couleur\/carton, etc.<br>MOQ : 1000 pi\u00e8ces<br><strong><a href=\"https:\/\/www.purecook.com\/fr\/custom-solution\/\" target=\"_blank\" rel=\"noreferrer noopener\">Solutions personnalis\u00e9es OEM et ODM<\/a><\/strong><\/p>\n<\/div>\n<\/div>\n\n\n\n<div class=\"wp-block-columns is-layout-flex wp-container-core-columns-is-layout-9d6595d7 wp-block-columns-is-layout-flex\">\n<div class=\"wp-block-column is-layout-flow wp-block-column-is-layout-flow\">\n<figure class=\"wp-block-image size-full\"><img decoding=\"async\" width=\"800\" height=\"800\" src=\"https:\/\/purecook.com\/wp-content\/uploads\/2024\/05\/custom-lunch-box-wholesale-4.webp\" alt=\"Bo\u00eete \u00e0 lunch personnalis\u00e9e en gros\" class=\"wp-image-2058\" srcset=\"https:\/\/www.purecook.com\/wp-content\/uploads\/2024\/05\/custom-lunch-box-wholesale-4.webp 800w, https:\/\/www.purecook.com\/wp-content\/uploads\/2024\/05\/custom-lunch-box-wholesale-4-300x300.webp 300w, https:\/\/www.purecook.com\/wp-content\/uploads\/2024\/05\/custom-lunch-box-wholesale-4-150x150.webp 150w, https:\/\/www.purecook.com\/wp-content\/uploads\/2024\/05\/custom-lunch-box-wholesale-4-768x768.webp 768w, https:\/\/www.purecook.com\/wp-content\/uploads\/2024\/05\/custom-lunch-box-wholesale-4-600x600.webp 600w, https:\/\/www.purecook.com\/wp-content\/uploads\/2024\/05\/custom-lunch-box-wholesale-4-100x100.webp 100w\" sizes=\"(max-width: 800px) 100vw, 800px\" \/><\/figure>\n<\/div>\n\n\n\n<div class=\"wp-block-column is-layout-flow wp-block-column-is-layout-flow\">\n<figure class=\"wp-block-image size-full\"><img decoding=\"async\" width=\"800\" height=\"800\" src=\"https:\/\/purecook.com\/wp-content\/uploads\/2024\/05\/custom-lunch-box-wholesale-6.webp\" alt=\"Bo\u00eete \u00e0 lunch personnalis\u00e9e en gros\" class=\"wp-image-2060\" srcset=\"https:\/\/www.purecook.com\/wp-content\/uploads\/2024\/05\/custom-lunch-box-wholesale-6.webp 800w, https:\/\/www.purecook.com\/wp-content\/uploads\/2024\/05\/custom-lunch-box-wholesale-6-300x300.webp 300w, https:\/\/www.purecook.com\/wp-content\/uploads\/2024\/05\/custom-lunch-box-wholesale-6-150x150.webp 150w, https:\/\/www.purecook.com\/wp-content\/uploads\/2024\/05\/custom-lunch-box-wholesale-6-768x768.webp 768w, https:\/\/www.purecook.com\/wp-content\/uploads\/2024\/05\/custom-lunch-box-wholesale-6-600x600.webp 600w, https:\/\/www.purecook.com\/wp-content\/uploads\/2024\/05\/custom-lunch-box-wholesale-6-100x100.webp 100w\" sizes=\"(max-width: 800px) 100vw, 800px\" \/><\/figure>\n<\/div>\n<\/div>","protected":false},"excerpt":{"rendered":"<p>La bo\u00eete \u00e0 lunch est faite d'acier inoxydable de qualit\u00e9 alimentaire et d'une enveloppe en polypropyl\u00e8ne respectueuse de l'environnement, ce qui la rend plus s\u00fbre, plus saine et plus hygi\u00e9nique. La conception multi-compartiments vous permet de r\u00e9partir parfaitement vos repas, et le haut et le bas sont fermement ferm\u00e9s pour que vous n'ayez pas \u00e0 vous soucier des fuites.<\/p>\n<h2>Caract\u00e9ristiques et avantages de la bo\u00eete \u00e0 lunch<\/h2>\n<p><strong>Design color\u00e9<\/strong>: une vari\u00e9t\u00e9 de couleurs \u00e0 choisir pour montrer votre personnalit\u00e9.<\/p>\n<p><strong>Mat\u00e9riaux de haute qualit\u00e9<\/strong>: Mat\u00e9riau en acier inoxydable 304, anti-corrosion et antirouille, protection de qualit\u00e9 alimentaire\/coquille environnementale en PP, bonne performance d'isolation.<\/p>\n<p><strong>Sc\u00e8nes diverses<\/strong>Le sac \u00e0 dos est un accessoire id\u00e9al pour les \u00e9tudiants, les employ\u00e9s de bureau et d'autres personnes, il a une grande capacit\u00e9 et ne pose pas de probl\u00e8me.<\/p>\n<p><strong>Conception \u00e0 compartiments multiples<\/strong>La bo\u00eete \u00e0 soupe : \u00e0 compartiments multiples, les aliments d\u00e9licieux ne se croisent plus, avec une bo\u00eete \u00e0 soupe scell\u00e9e ind\u00e9pendante, le riz et la soupe sont s\u00e9par\u00e9s des \u00e9l\u00e9ments g\u00eanants.<\/p>\n<p><strong>Apportez votre vaisselle<\/strong>: vaisselle assortie, une seule \u00e9tape, rangement ind\u00e9pendant des compartiments<\/p>","protected":false},"featured_media":2057,"comment_status":"closed","ping_status":"closed","template":"","meta":{"_acf_changed":false},"product_brand":[],"product_cat":[102],"product_tag":[],"class_list":{"0":"post-2054","1":"product","2":"type-product","3":"status-publish","4":"has-post-thumbnail","6":"product_cat-lunch-boxes","8":"first","9":"instock","10":"shipping-taxable","11":"product-type-simple"},"acf":[],"_links":{"self":[{"href":"https:\/\/www.purecook.com\/fr\/wp-json\/wp\/v2\/product\/2054","targetHints":{"allow":["GET"]}}],"collection":[{"href":"https:\/\/www.purecook.com\/fr\/wp-json\/wp\/v2\/product"}],"about":[{"href":"https:\/\/www.purecook.com\/fr\/wp-json\/wp\/v2\/types\/product"}],"replies":[{"embeddable":true,"href":"https:\/\/www.purecook.com\/fr\/wp-json\/wp\/v2\/comments?post=2054"}],"wp:featuredmedia":[{"embeddable":true,"href":"https:\/\/www.purecook.com\/fr\/wp-json\/wp\/v2\/media\/2057"}],"wp:attachment":[{"href":"https:\/\/www.purecook.com\/fr\/wp-json\/wp\/v2\/media?parent=2054"}],"wp:term":[{"taxonomy":"product_brand","embeddable":true,"href":"https:\/\/www.purecook.com\/fr\/wp-json\/wp\/v2\/product_brand?post=2054"},{"taxonomy":"product_cat","embeddable":true,"href":"https:\/\/www.purecook.com\/fr\/wp-json\/wp\/v2\/product_cat?post=2054"},{"taxonomy":"product_tag","embeddable":true,"href":"https:\/\/www.purecook.com\/fr\/wp-json\/wp\/v2\/product_tag?post=2054"}],"curies":[{"name":"wp","href":"https:\/\/api.w.org\/{rel}","templated":true}]}}