{"id":2063,"date":"2024-05-17T08:47:50","date_gmt":"2024-05-17T00:47:50","guid":{"rendered":"https:\/\/purecook.com\/?post_type=product&#038;p=2063"},"modified":"2024-06-12T09:58:25","modified_gmt":"2024-06-12T01:58:25","slug":"wholesale-vintage-coffee-pot","status":"publish","type":"product","link":"https:\/\/www.purecook.com\/fr\/product\/wholesale-vintage-coffee-pot\/","title":{"rendered":"Wholesale Stainless Steel Vintage Coffee Pot with Quality Wooden Handle (Pot \u00e0 caf\u00e9 vintage en acier inoxydable avec poign\u00e9e en bois de qualit\u00e9)"},"content":{"rendered":"<div class=\"wp-block-columns is-layout-flex wp-container-core-columns-is-layout-9d6595d7 wp-block-columns-is-layout-flex\">\n<div class=\"wp-block-column is-layout-flow wp-block-column-is-layout-flow\">\n<h3 class=\"wp-block-heading\">Param\u00e8tres de la cafeti\u00e8re vintage  <\/h3>\n\n\n\n<p>Mod\u00e8le : b0csk4mdsz<br>Mat\u00e9riau : Acier inoxydable 304<br>Capacit\u00e9 : 650 ml<br>Poids brut : 350g\/pcs<br>Taille : 60\u00d758\u00d745cm<br>Emballage : bo\u00eete blanche<br>Logo personnalisable<br>Couleur : vintage<br>MOQ : 240 pi\u00e8ces<\/p>\n<\/div>\n\n\n\n<div class=\"wp-block-column is-layout-flow wp-block-column-is-layout-flow\">\n<h3 class=\"wp-block-heading\">Cafeti\u00e8re vintage personnalis\u00e9e  <\/h3>\n\n\n\n<p>Logo : personnalisez le logo de votre marque<br>emballage : bo\u00eete de couleur\/carton, etc.<br>Motif : Personnalisez votre motif<br>MOQ : 2000 pi\u00e8ces<br><strong><a href=\"https:\/\/www.purecook.com\/fr\/custom-solution\/\" target=\"_blank\" rel=\"noreferrer noopener\">Solutions personnalis\u00e9es OEM et ODM<\/a><\/strong><\/p>\n<\/div>\n<\/div>\n\n\n\n<div class=\"wp-block-columns is-layout-flex wp-container-core-columns-is-layout-9d6595d7 wp-block-columns-is-layout-flex\">\n<div class=\"wp-block-column is-layout-flow wp-block-column-is-layout-flow\">\n<figure class=\"wp-block-image size-full\"><img decoding=\"async\" width=\"800\" height=\"800\" src=\"https:\/\/purecook.com\/wp-content\/uploads\/2024\/05\/wholesale-vintage-coffee-pot-3.webp\" alt=\"cafeti\u00e8re vintage en gros\" class=\"wp-image-2066\" srcset=\"https:\/\/www.purecook.com\/wp-content\/uploads\/2024\/05\/wholesale-vintage-coffee-pot-3.webp 800w, https:\/\/www.purecook.com\/wp-content\/uploads\/2024\/05\/wholesale-vintage-coffee-pot-3-300x300.webp 300w, https:\/\/www.purecook.com\/wp-content\/uploads\/2024\/05\/wholesale-vintage-coffee-pot-3-150x150.webp 150w, https:\/\/www.purecook.com\/wp-content\/uploads\/2024\/05\/wholesale-vintage-coffee-pot-3-768x768.webp 768w, https:\/\/www.purecook.com\/wp-content\/uploads\/2024\/05\/wholesale-vintage-coffee-pot-3-600x600.webp 600w, https:\/\/www.purecook.com\/wp-content\/uploads\/2024\/05\/wholesale-vintage-coffee-pot-3-100x100.webp 100w\" sizes=\"(max-width: 800px) 100vw, 800px\" \/><\/figure>\n<\/div>\n\n\n\n<div class=\"wp-block-column is-layout-flow wp-block-column-is-layout-flow\">\n<figure class=\"wp-block-image size-full\"><img decoding=\"async\" width=\"800\" height=\"800\" src=\"https:\/\/purecook.com\/wp-content\/uploads\/2024\/05\/wholesale-vintage-coffee-pot-6.webp\" alt=\"cafeti\u00e8re vintage personnalis\u00e9e en gros\" class=\"wp-image-2069\" srcset=\"https:\/\/www.purecook.com\/wp-content\/uploads\/2024\/05\/wholesale-vintage-coffee-pot-6.webp 800w, https:\/\/www.purecook.com\/wp-content\/uploads\/2024\/05\/wholesale-vintage-coffee-pot-6-300x300.webp 300w, https:\/\/www.purecook.com\/wp-content\/uploads\/2024\/05\/wholesale-vintage-coffee-pot-6-150x150.webp 150w, https:\/\/www.purecook.com\/wp-content\/uploads\/2024\/05\/wholesale-vintage-coffee-pot-6-768x768.webp 768w, https:\/\/www.purecook.com\/wp-content\/uploads\/2024\/05\/wholesale-vintage-coffee-pot-6-600x600.webp 600w, https:\/\/www.purecook.com\/wp-content\/uploads\/2024\/05\/wholesale-vintage-coffee-pot-6-100x100.webp 100w\" sizes=\"(max-width: 800px) 100vw, 800px\" \/><\/figure>\n<\/div>\n<\/div>","protected":false},"excerpt":{"rendered":"<p>Grossiste cafeti\u00e8re vintage. Les cafeti\u00e8res vintage sont toujours tr\u00e8s populaires. Le design \u00e9l\u00e9gant de style r\u00e9tro combine l'artisanat moderne et le design traditionnel. Chaque fois que vous pr\u00e9parez votre caf\u00e9 avec soin, c'est un retour dans le pass\u00e9. Ce n'est pas seulement une cafeti\u00e8re pratique, mais elle peut aussi ajouter du plaisir \u00e0 votre vie. Nous fournissons un service de vente en gros de cafeti\u00e8res et des solutions de cafeti\u00e8res personnalis\u00e9es.<\/p>\n<h2>Caract\u00e9ristiques et avantages de la cafeti\u00e8re vintage<\/h2>\n<p><strong>Design r\u00e9tro<\/strong>: Le design r\u00e9tro unique n'est pas seulement une cafeti\u00e8re, mais aussi un objet d'art d\u00e9coratif qui peut rehausser le style de votre maison ou de votre bureau.<\/p>\n<p><strong>Fait \u00e0 la main<\/strong>: Les poign\u00e9es en bouleau soigneusement s\u00e9lectionn\u00e9es sont fabriqu\u00e9es \u00e0 la main selon un savoir-faire traditionnel, chaque pi\u00e8ce \u00e9tant unique.<\/p>\n<p><strong>Buse longue \u00e0 col de cygne<\/strong>: La courbure \u00e9l\u00e9gante et le contr\u00f4le pr\u00e9cis du d\u00e9bit d'eau ne sont pas seulement attrayants, mais sa fonction de pr\u00e9paration du caf\u00e9 ne doit pas \u00eatre sous-estim\u00e9e.<\/p>\n<p><strong>Facile \u00e0 utiliser<\/strong>: Design vintage, facile \u00e0 utiliser, convient \u00e0 tous les niveaux d'amateurs de caf\u00e9.<\/p>\n<p><strong>Durabilit\u00e9 des mat\u00e9riaux<\/strong>: Fabriqu\u00e9 en acier inoxydable 304 de haute qualit\u00e9, associ\u00e9 au processus de traitement de surface, il est durable et garantit qu'il conserve sa beaut\u00e9 et sa fonctionnalit\u00e9 apr\u00e8s une utilisation \u00e0 long terme.<\/p>","protected":false},"featured_media":2067,"comment_status":"closed","ping_status":"closed","template":"","meta":{"_acf_changed":false},"product_brand":[],"product_cat":[53,26],"product_tag":[],"class_list":{"0":"post-2063","1":"product","2":"type-product","3":"status-publish","4":"has-post-thumbnail","6":"product_cat-retro-kitchenware-series","7":"product_cat-kettle","9":"first","10":"instock","11":"shipping-taxable","12":"product-type-simple"},"acf":[],"_links":{"self":[{"href":"https:\/\/www.purecook.com\/fr\/wp-json\/wp\/v2\/product\/2063","targetHints":{"allow":["GET"]}}],"collection":[{"href":"https:\/\/www.purecook.com\/fr\/wp-json\/wp\/v2\/product"}],"about":[{"href":"https:\/\/www.purecook.com\/fr\/wp-json\/wp\/v2\/types\/product"}],"replies":[{"embeddable":true,"href":"https:\/\/www.purecook.com\/fr\/wp-json\/wp\/v2\/comments?post=2063"}],"wp:featuredmedia":[{"embeddable":true,"href":"https:\/\/www.purecook.com\/fr\/wp-json\/wp\/v2\/media\/2067"}],"wp:attachment":[{"href":"https:\/\/www.purecook.com\/fr\/wp-json\/wp\/v2\/media?parent=2063"}],"wp:term":[{"taxonomy":"product_brand","embeddable":true,"href":"https:\/\/www.purecook.com\/fr\/wp-json\/wp\/v2\/product_brand?post=2063"},{"taxonomy":"product_cat","embeddable":true,"href":"https:\/\/www.purecook.com\/fr\/wp-json\/wp\/v2\/product_cat?post=2063"},{"taxonomy":"product_tag","embeddable":true,"href":"https:\/\/www.purecook.com\/fr\/wp-json\/wp\/v2\/product_tag?post=2063"}],"curies":[{"name":"wp","href":"https:\/\/api.w.org\/{rel}","templated":true}]}}