{"id":2070,"date":"2024-05-17T10:53:21","date_gmt":"2024-05-17T02:53:21","guid":{"rendered":"https:\/\/purecook.com\/?post_type=product&#038;p=2070"},"modified":"2024-06-03T17:59:29","modified_gmt":"2024-06-03T09:59:29","slug":"wholesale-vintage-dinner-plate","status":"publish","type":"product","link":"https:\/\/www.purecook.com\/fr\/product\/wholesale-vintage-dinner-plate\/","title":{"rendered":"Wholesale Classic Stainless Steel Vintage Dinner Plate"},"content":{"rendered":"<div class=\"wp-block-columns is-layout-flex wp-container-core-columns-is-layout-9d6595d7 wp-block-columns-is-layout-flex\">\n<div class=\"wp-block-column is-layout-flow wp-block-column-is-layout-flow\">\n<h3 class=\"wp-block-heading\">Param\u00e8tres de l'assiette \u00e0 d\u00eener vintage <\/h3>\n\n\n\n<p><strong>Num\u00e9ro de mod\u00e8le : EL04912<\/strong><br>Mat\u00e9riau : acier inoxydable 201<br>Finition : m\u00e9tal poli<br>Couleur : argent<br>Forme : rectangle<br>Taille : 22 \u00d7 14cm<br>Poids brut : 225g\/pcs<br>Toutes saisons Utilisation.<br>Poids : 225g\/pcs<br>Th\u00e8me : f\u00eate en plein air restaurant<br>MOQ : 200 pi\u00e8ces<\/p>\n<\/div>\n\n\n\n<div class=\"wp-block-column is-layout-flow wp-block-column-is-layout-flow\">\n<h3 class=\"wp-block-heading\">Assiette \u00e0 d\u00eener vintage personnalis\u00e9e <\/h3>\n\n\n\n<p>Logo:personnalisez le logo de votre marque<br>emballage : bo\u00eete de couleur\/carton, etc.<br>Motif : Personnalisez votre motif<br>MOQ 1000 pcs<br><strong><a href=\"https:\/\/www.purecook.com\/fr\/custom-solution\/\" target=\"_blank\" rel=\"noreferrer noopener\">Solutions personnalis\u00e9es OEM et ODM<\/a><\/strong><\/p>\n<\/div>\n<\/div>\n\n\n\n<div class=\"wp-block-columns is-layout-flex wp-container-core-columns-is-layout-9d6595d7 wp-block-columns-is-layout-flex\">\n<div class=\"wp-block-column is-layout-flow wp-block-column-is-layout-flow\">\n<figure class=\"wp-block-image size-full\"><img decoding=\"async\" width=\"750\" height=\"1125\" src=\"https:\/\/purecook.com\/wp-content\/uploads\/2024\/05\/wholesale-vintage-dinner-plate-4.webp\" alt=\"assiette \u00e0 d\u00eener vintage en gros\" class=\"wp-image-2074\" srcset=\"https:\/\/www.purecook.com\/wp-content\/uploads\/2024\/05\/wholesale-vintage-dinner-plate-4.webp 750w, https:\/\/www.purecook.com\/wp-content\/uploads\/2024\/05\/wholesale-vintage-dinner-plate-4-200x300.webp 200w, https:\/\/www.purecook.com\/wp-content\/uploads\/2024\/05\/wholesale-vintage-dinner-plate-4-600x900.webp 600w\" sizes=\"(max-width: 750px) 100vw, 750px\" \/><\/figure>\n<\/div>\n\n\n\n<div class=\"wp-block-column is-layout-flow wp-block-column-is-layout-flow\">\n<figure class=\"wp-block-image size-full\"><img decoding=\"async\" width=\"750\" height=\"1124\" src=\"https:\/\/purecook.com\/wp-content\/uploads\/2024\/05\/wholesale-vintage-dinner-plate-8.webp\" alt=\"assiette \u00e0 d\u00eener vintage en gros\" class=\"wp-image-2078\" srcset=\"https:\/\/www.purecook.com\/wp-content\/uploads\/2024\/05\/wholesale-vintage-dinner-plate-8.webp 750w, https:\/\/www.purecook.com\/wp-content\/uploads\/2024\/05\/wholesale-vintage-dinner-plate-8-200x300.webp 200w, https:\/\/www.purecook.com\/wp-content\/uploads\/2024\/05\/wholesale-vintage-dinner-plate-8-600x899.webp 600w\" sizes=\"(max-width: 750px) 100vw, 750px\" \/><\/figure>\n<\/div>\n<\/div>","protected":false},"excerpt":{"rendered":"<p>Nos assiettes \u00e0 d\u00eener en acier inoxydable de qualit\u00e9 sup\u00e9rieure sont fabriqu\u00e9es avec soin. Avec un style r\u00e9tro unique, nous polissons chaque d\u00e9tail du produit, et les mat\u00e9riaux durables garantissent qu'il fonctionne bien dans divers environnements et convient aux pique-niques, aux f\u00eates et \u00e0 d'autres activit\u00e9s.<\/p>\n<h2>Caract\u00e9ristiques et avantages de l'assiette \u00e0 d\u00eener vintage<\/h2>\n<p><strong>Design r\u00e9tro<\/strong>: Le design r\u00e9tro unique n'est pas seulement une assiette, mais aussi un objet d'art d\u00e9coratif qui peut rehausser le style de votre maison ou de votre environnement de vie.<\/p>\n<p><strong>Mat\u00e9riau de qualit\u00e9<\/strong>: Fabriqu\u00e9 en acier inoxydable de qualit\u00e9 alimentaire, s\u00fbr et hygi\u00e9nique, facile \u00e0 nettoyer et r\u00e9sistant aux rayures, il convient \u00e0 un usage fr\u00e9quent.<\/p>\n<p><strong>Activit\u00e9s de plein air<\/strong>: Convient pour le camping, les pique-niques et d'autres activit\u00e9s de plein air. Le mat\u00e9riau durable est adapt\u00e9 \u00e0 divers environnements.<\/p>\n<p><strong>Utilisation d\u00e9corative<\/strong>: Non seulement il peut \u00eatre utilis\u00e9 comme couvert, mais son design r\u00e9tro unique peut \u00e9galement \u00eatre utilis\u00e9 comme \u00e9l\u00e9ment de d\u00e9coration int\u00e9rieure.<\/p>","protected":false},"featured_media":2073,"comment_status":"closed","ping_status":"closed","template":"","meta":{"_acf_changed":false},"product_brand":[],"product_cat":[51,55],"product_tag":[],"class_list":{"0":"post-2070","1":"product","2":"type-product","3":"status-publish","4":"has-post-thumbnail","6":"product_cat-dinnerware","7":"product_cat-dish-and-plate","9":"first","10":"instock","11":"shipping-taxable","12":"product-type-simple"},"acf":[],"_links":{"self":[{"href":"https:\/\/www.purecook.com\/fr\/wp-json\/wp\/v2\/product\/2070","targetHints":{"allow":["GET"]}}],"collection":[{"href":"https:\/\/www.purecook.com\/fr\/wp-json\/wp\/v2\/product"}],"about":[{"href":"https:\/\/www.purecook.com\/fr\/wp-json\/wp\/v2\/types\/product"}],"replies":[{"embeddable":true,"href":"https:\/\/www.purecook.com\/fr\/wp-json\/wp\/v2\/comments?post=2070"}],"wp:featuredmedia":[{"embeddable":true,"href":"https:\/\/www.purecook.com\/fr\/wp-json\/wp\/v2\/media\/2073"}],"wp:attachment":[{"href":"https:\/\/www.purecook.com\/fr\/wp-json\/wp\/v2\/media?parent=2070"}],"wp:term":[{"taxonomy":"product_brand","embeddable":true,"href":"https:\/\/www.purecook.com\/fr\/wp-json\/wp\/v2\/product_brand?post=2070"},{"taxonomy":"product_cat","embeddable":true,"href":"https:\/\/www.purecook.com\/fr\/wp-json\/wp\/v2\/product_cat?post=2070"},{"taxonomy":"product_tag","embeddable":true,"href":"https:\/\/www.purecook.com\/fr\/wp-json\/wp\/v2\/product_tag?post=2070"}],"curies":[{"name":"wp","href":"https:\/\/api.w.org\/{rel}","templated":true}]}}