{"id":2087,"date":"2024-05-17T12:01:11","date_gmt":"2024-05-17T04:01:11","guid":{"rendered":"https:\/\/purecook.com\/?post_type=product&#038;p=2087"},"modified":"2024-11-04T09:37:10","modified_gmt":"2024-11-04T01:37:10","slug":"wholesale-coffee-pots-with-thermometer","status":"publish","type":"product","link":"https:\/\/www.purecook.com\/fr\/product\/wholesale-coffee-pots-with-thermometer\/","title":{"rendered":"Wholesale Coffee Pots Long Gooseneck with Thermometer (pots \u00e0 caf\u00e9 \u00e0 long col de cygne avec thermom\u00e8tre)"},"content":{"rendered":"<div class=\"wp-block-columns is-layout-flex wp-container-core-columns-is-layout-9d6595d7 wp-block-columns-is-layout-flex\">\n<div class=\"wp-block-column is-layout-flow wp-block-column-is-layout-flow\">\n<h3 class=\"wp-block-heading\">Param\u00e8tres des pots \u00e0 caf\u00e9<\/h3>\n\n\n\n<p><strong>Nom du mod\u00e8le : Cafeti\u00e8re-02<\/strong><br>Mat\u00e9riau : acier inoxydable 201<br>Capacit\u00e9 : 1-1.2L<br>Caract\u00e9ristiques : avec thermom\u00e8tre, bec en col de cygne<br>Couleur : argent\/noir<br>Emballage : bo\u00eete de couleur<br>Taille : 81\u00d758\u00d761cm<br>Poids : 26kg\/caisse<br>MOQ : 48 caisses<\/p>\n<\/div>\n\n\n\n<div class=\"wp-block-column is-layout-flow wp-block-column-is-layout-flow\">\n<h3 class=\"wp-block-heading\">Pots \u00e0 caf\u00e9 personnalis\u00e9s<\/h3>\n\n\n\n<p>Logo:personnalisez le logo de votre marque<br>emballage : bo\u00eete de couleur\/carton, etc.<br>Motif : Personnalisez votre motif<br>MOQ : 2000 pi\u00e8ces<br><strong><a href=\"https:\/\/www.purecook.com\/fr\/custom-solution\/\" target=\"_blank\" rel=\"noreferrer noopener\">Solutions personnalis\u00e9es OEM et ODM<\/a><\/strong><\/p>\n<\/div>\n<\/div>\n\n\n\n<div class=\"wp-block-columns is-layout-flex wp-container-core-columns-is-layout-9d6595d7 wp-block-columns-is-layout-flex\">\n<div class=\"wp-block-column is-layout-flow wp-block-column-is-layout-flow\">\n<figure class=\"wp-block-image size-full\"><img decoding=\"async\" width=\"800\" height=\"800\" src=\"https:\/\/purecook.com\/wp-content\/uploads\/2024\/05\/wholesale-coffee-pots-with-thermometer-2.webp\" alt=\"cafeti\u00e8res en gros avec thermom\u00e8tre\" class=\"wp-image-2089\" srcset=\"https:\/\/www.purecook.com\/wp-content\/uploads\/2024\/05\/wholesale-coffee-pots-with-thermometer-2.webp 800w, https:\/\/www.purecook.com\/wp-content\/uploads\/2024\/05\/wholesale-coffee-pots-with-thermometer-2-300x300.webp 300w, https:\/\/www.purecook.com\/wp-content\/uploads\/2024\/05\/wholesale-coffee-pots-with-thermometer-2-150x150.webp 150w, https:\/\/www.purecook.com\/wp-content\/uploads\/2024\/05\/wholesale-coffee-pots-with-thermometer-2-768x768.webp 768w, https:\/\/www.purecook.com\/wp-content\/uploads\/2024\/05\/wholesale-coffee-pots-with-thermometer-2-600x600.webp 600w, https:\/\/www.purecook.com\/wp-content\/uploads\/2024\/05\/wholesale-coffee-pots-with-thermometer-2-100x100.webp 100w\" sizes=\"(max-width: 800px) 100vw, 800px\" \/><\/figure>\n<\/div>\n\n\n\n<div class=\"wp-block-column is-layout-flow wp-block-column-is-layout-flow\">\n<figure class=\"wp-block-image size-full\"><img decoding=\"async\" width=\"800\" height=\"800\" src=\"https:\/\/purecook.com\/wp-content\/uploads\/2024\/05\/wholesale-coffee-pots-with-thermometer-3.webp\" alt=\"\" class=\"wp-image-2090\" srcset=\"https:\/\/www.purecook.com\/wp-content\/uploads\/2024\/05\/wholesale-coffee-pots-with-thermometer-3.webp 800w, https:\/\/www.purecook.com\/wp-content\/uploads\/2024\/05\/wholesale-coffee-pots-with-thermometer-3-300x300.webp 300w, https:\/\/www.purecook.com\/wp-content\/uploads\/2024\/05\/wholesale-coffee-pots-with-thermometer-3-150x150.webp 150w, https:\/\/www.purecook.com\/wp-content\/uploads\/2024\/05\/wholesale-coffee-pots-with-thermometer-3-768x768.webp 768w, https:\/\/www.purecook.com\/wp-content\/uploads\/2024\/05\/wholesale-coffee-pots-with-thermometer-3-600x600.webp 600w, https:\/\/www.purecook.com\/wp-content\/uploads\/2024\/05\/wholesale-coffee-pots-with-thermometer-3-100x100.webp 100w\" sizes=\"(max-width: 800px) 100vw, 800px\" \/><\/figure>\n<\/div>\n<\/div>","protected":false},"excerpt":{"rendered":"<p>Un thermom\u00e8tre affiche la temp\u00e9rature, ce qui permet aux utilisateurs de pr\u00e9parer un caf\u00e9 parfait avec une eau \u00e0 la bonne temp\u00e9rature \u00e0 chaque fois. L'apparence \u00e9l\u00e9gante de la cafeti\u00e8re convient aux caf\u00e9s, aux restaurants, aux r\u00e9unions de famille et \u00e0 d'autres endroits.<\/p>\n<h2>Caract\u00e9ristiques et avantages des pots \u00e0 caf\u00e9<\/h2>\n<p><strong>Pr\u00e9parer un caf\u00e9 parfait \u00e0 la maison<\/strong>: \u00c9quipez le barista qui sommeille en vous avec cette cafeti\u00e8re. Avec cette bouilloire \u00e0 col de cygne, vous pourrez pr\u00e9parer de d\u00e9licieux caf\u00e9s \u00e0 la maison comme un pro.<br \/>Veuillez noter que cette bouilloire a une capacit\u00e9 de 1,2 litre, mais nous recommandons de faire bouillir 1 litre \u00e0 la fois pour \u00e9viter les d\u00e9bordements pendant l'\u00e9bullition.<\/p>\n<p><strong>Thermom\u00e8tre int\u00e9gr\u00e9<\/strong>: Fournit la temp\u00e9rature id\u00e9ale. Une eau trop chaude \u00e9bouillantera votre caf\u00e9. Si l'eau est trop froide, vous ne pourrez pas extraire toute la consistance des grains de caf\u00e9. Notre bouilloire en acier inoxydable \u00e9quip\u00e9e d'un thermom\u00e8tre automatique vous permet de pr\u00e9parer votre caf\u00e9 \u00e0 la temp\u00e9rature id\u00e9ale (195-205\u00b0F). Pr\u00e9parez une tasse de caf\u00e9 parfaite \u00e0 chaque fois gr\u00e2ce \u00e0 notre thermom\u00e8tre \u00e0 caf\u00e9 facile \u00e0 lire !<\/p>\n<p><strong>Excellent crachotement du col de cygne<\/strong>: Pr\u00e9parez une tasse de caf\u00e9 ou de th\u00e9 parfaite ! Un \u00e9coulement r\u00e9gulier de l'eau est essentiel pour pr\u00e9parer du caf\u00e9 au goutte-\u00e0-goutte et du th\u00e9 \u00e0 la tasse. Nos cafeti\u00e8res et th\u00e9i\u00e8res sont dot\u00e9es d'un bec verseur \u00e0 col de cygne pour un \u00e9coulement pr\u00e9cis de l'eau. Versez la bonne quantit\u00e9 d'eau et \u00e0 la bonne vitesse pour une extraction r\u00e9guli\u00e8re du caf\u00e9.<\/p>\n<p><strong>Acier inoxydable 201 de qualit\u00e9<\/strong>: Cette bouilloire est fabriqu\u00e9e en acier inoxydable de qualit\u00e9 chirurgicale. Les bouilloires de mauvaise qualit\u00e9 ont tendance \u00e0 rouiller avec le temps, tandis que cette bouilloire \u00e0 bec verseur est dot\u00e9e d'une double base en m\u00e9tal, qui garantit que la bouilloire ne fuira pas et ne rouillera pas.<\/p>\n<p><strong>100% satisfaction garantie<\/strong>: Nous proposons des outils de pr\u00e9paration du caf\u00e9 de qualit\u00e9 sup\u00e9rieure pour les baristas \u00e0 domicile. Nous sommes fiers de la qualit\u00e9 de nos produits. Nos bouilloires \u00e0 caf\u00e9 s'adaptent \u00e0 la plupart des chaudi\u00e8res ou appareils de chauffage tels que les cuisini\u00e8res \u00e0 gaz, les cuisini\u00e8res \u00e9lectriques, les cuisini\u00e8res \u00e0 induction, les cuisini\u00e8res halog\u00e8nes et les cuisini\u00e8res radiantes.<\/p>","protected":false},"featured_media":2090,"comment_status":"closed","ping_status":"closed","template":"","meta":{"_acf_changed":false},"product_brand":[],"product_cat":[53,26,52],"product_tag":[],"class_list":{"0":"post-2087","1":"product","2":"type-product","3":"status-publish","4":"has-post-thumbnail","6":"product_cat-retro-kitchenware-series","7":"product_cat-kettle","8":"product_cat-kitchen-utensils","10":"first","11":"instock","12":"shipping-taxable","13":"product-type-simple"},"acf":[],"_links":{"self":[{"href":"https:\/\/www.purecook.com\/fr\/wp-json\/wp\/v2\/product\/2087","targetHints":{"allow":["GET"]}}],"collection":[{"href":"https:\/\/www.purecook.com\/fr\/wp-json\/wp\/v2\/product"}],"about":[{"href":"https:\/\/www.purecook.com\/fr\/wp-json\/wp\/v2\/types\/product"}],"replies":[{"embeddable":true,"href":"https:\/\/www.purecook.com\/fr\/wp-json\/wp\/v2\/comments?post=2087"}],"wp:featuredmedia":[{"embeddable":true,"href":"https:\/\/www.purecook.com\/fr\/wp-json\/wp\/v2\/media\/2090"}],"wp:attachment":[{"href":"https:\/\/www.purecook.com\/fr\/wp-json\/wp\/v2\/media?parent=2087"}],"wp:term":[{"taxonomy":"product_brand","embeddable":true,"href":"https:\/\/www.purecook.com\/fr\/wp-json\/wp\/v2\/product_brand?post=2087"},{"taxonomy":"product_cat","embeddable":true,"href":"https:\/\/www.purecook.com\/fr\/wp-json\/wp\/v2\/product_cat?post=2087"},{"taxonomy":"product_tag","embeddable":true,"href":"https:\/\/www.purecook.com\/fr\/wp-json\/wp\/v2\/product_tag?post=2087"}],"curies":[{"name":"wp","href":"https:\/\/api.w.org\/{rel}","templated":true}]}}