{"id":2106,"date":"2024-05-18T09:09:06","date_gmt":"2024-05-18T01:09:06","guid":{"rendered":"https:\/\/purecook.com\/?post_type=product&#038;p=2106"},"modified":"2025-04-27T17:38:18","modified_gmt":"2025-04-27T09:38:18","slug":"custom-deep-fryer-with-thermometer-and-efficient-heating-system-wholesale","status":"publish","type":"product","link":"https:\/\/www.purecook.com\/fr\/product\/custom-deep-fryer-with-thermometer-and-efficient-heating-system-wholesale\/","title":{"rendered":"Friteuse sur mesure avec thermom\u00e8tre et syst\u00e8me de chauffage efficace Wholesale"},"content":{"rendered":"<div class=\"wp-block-columns is-layout-flex wp-container-core-columns-is-layout-9d6595d7 wp-block-columns-is-layout-flex\">\n<div class=\"wp-block-column is-layout-flow wp-block-column-is-layout-flow\">\n<h3 class=\"wp-block-heading\">Param\u00e8tres de la friteuse<\/h3>\n\n\n\n<p><strong>Num\u00e9ro de mod\u00e8le : Fryer-002<\/strong><br>Mat\u00e9riau du corps principal : 0,5 mm SS201\/SS304<br>Mat\u00e9riau de l'anneau de couverture : 0,5 mm SS201<br>Couvercle : 0.7mm SS201<br>Fond : SS201\/SS304 + 1mm Alu +0.5mm SS430 Int\u00e9rieur poli miroir, ext\u00e9rieur peint.<br>Fond poli mat.<br>Logo du client sur le corps et le bas.<br>Thermom\u00e8tre \u00e0 huile inclus<\/p>\n\n\n\n<h3 class=\"wp-block-heading\">Friteuse sur mesure<\/h3>\n\n\n\n<p>Emballage : personnaliser l'emballage<br>MOQ : 1000<br><strong><a href=\"https:\/\/www.purecook.com\/fr\/custom-solution\/\" target=\"_blank\" rel=\"noreferrer noopener\">Solutions personnalis\u00e9es OEM et ODM<\/a><\/strong><\/p>\n<\/div>\n\n\n\n<div class=\"wp-block-column is-layout-flow wp-block-column-is-layout-flow\">\n<h3 class=\"wp-block-heading\">Type de friteuse<\/h3>\n\n\n\n<p><strong>Type 1 :<\/strong><br>Dimensions : 20 cm, 2,2 litres<br>Dimensions de la bo\u00eete de couleur : 25 x 10,8 x 21,7 cm.<br>Poids net : 800g<br>Poids brut : 1000g<br><strong>Type 2<\/strong><br>Taille : 24 cm, 3,4 litres<br>Dimensions de la bo\u00eete de couleur : 26,8 x 11,8 x 25,8 cm<br>Poids net : 1040g<br>Poids brut : 1300g<br><strong>Type 3 :<\/strong><br>Taille : 28 cm, 4,2 litres<br>Dimensions de la bo\u00eete de couleur : 29,3\u00d711,9\u00d729,4 cm<br>Poids net : 1380g<br>Poids brut : 1600g<\/p>\n<\/div>\n<\/div>\n\n\n\n<div class=\"wp-block-columns is-layout-flex wp-container-core-columns-is-layout-9d6595d7 wp-block-columns-is-layout-flex\">\n<div class=\"wp-block-column is-layout-flow wp-block-column-is-layout-flow\">\n<figure class=\"wp-block-image size-full\"><img decoding=\"async\" width=\"800\" height=\"800\" src=\"https:\/\/purecook.com\/wp-content\/uploads\/2024\/05\/custom-deep-fryer-wholesale-4.webp\" alt=\"friteuse personnalis\u00e9e en gros\" class=\"wp-image-2110\" srcset=\"https:\/\/www.purecook.com\/wp-content\/uploads\/2024\/05\/custom-deep-fryer-wholesale-4.webp 800w, https:\/\/www.purecook.com\/wp-content\/uploads\/2024\/05\/custom-deep-fryer-wholesale-4-300x300.webp 300w, https:\/\/www.purecook.com\/wp-content\/uploads\/2024\/05\/custom-deep-fryer-wholesale-4-150x150.webp 150w, https:\/\/www.purecook.com\/wp-content\/uploads\/2024\/05\/custom-deep-fryer-wholesale-4-768x768.webp 768w, https:\/\/www.purecook.com\/wp-content\/uploads\/2024\/05\/custom-deep-fryer-wholesale-4-600x600.webp 600w, https:\/\/www.purecook.com\/wp-content\/uploads\/2024\/05\/custom-deep-fryer-wholesale-4-100x100.webp 100w\" sizes=\"(max-width: 800px) 100vw, 800px\" \/><\/figure>\n<\/div>\n\n\n\n<div class=\"wp-block-column is-layout-flow wp-block-column-is-layout-flow\">\n<figure class=\"wp-block-image size-full\"><img decoding=\"async\" width=\"800\" height=\"800\" src=\"https:\/\/purecook.com\/wp-content\/uploads\/2024\/05\/custom-deep-fryer-wholesale-3.webp\" alt=\"friteuse personnalis\u00e9e en gros\" class=\"wp-image-2109\" srcset=\"https:\/\/www.purecook.com\/wp-content\/uploads\/2024\/05\/custom-deep-fryer-wholesale-3.webp 800w, https:\/\/www.purecook.com\/wp-content\/uploads\/2024\/05\/custom-deep-fryer-wholesale-3-300x300.webp 300w, https:\/\/www.purecook.com\/wp-content\/uploads\/2024\/05\/custom-deep-fryer-wholesale-3-150x150.webp 150w, https:\/\/www.purecook.com\/wp-content\/uploads\/2024\/05\/custom-deep-fryer-wholesale-3-768x768.webp 768w, https:\/\/www.purecook.com\/wp-content\/uploads\/2024\/05\/custom-deep-fryer-wholesale-3-600x600.webp 600w, https:\/\/www.purecook.com\/wp-content\/uploads\/2024\/05\/custom-deep-fryer-wholesale-3-100x100.webp 100w\" sizes=\"(max-width: 800px) 100vw, 800px\" \/><\/figure>\n<\/div>\n<\/div>","protected":false},"excerpt":{"rendered":"<p>Nos friteuses combinent des caract\u00e9ristiques haut de gamme. Avec un filtre \u00e0 graisse int\u00e9gr\u00e9 qui permet d'\u00e9vacuer l'exc\u00e8s de graisse pour des repas plus sains. Dot\u00e9e d'un syst\u00e8me de chauffage efficace qui chauffe vos aliments rapidement et uniform\u00e9ment. R\u00e9pond aux besoins des cuisiniers amateurs et professionnels.<\/p>\n<h2>Caract\u00e9ristiques et avantages de la friteuse<\/h2>\n<p>1) Option de cuisson saine : L'\u00e9vier \u00e0 filtre \u00e0 huile int\u00e9gr\u00e9 \u00e9vacue l'exc\u00e8s d'huile des aliments et favorise des habitudes de cuisson saines.<\/p>\n<p>2) Rev\u00eatement antiadh\u00e9sif personnalisable : La surface antiadh\u00e9sive peut \u00eatre personnalis\u00e9e \u00e0 votre convenance, ce qui permet aux aliments de se d\u00e9tacher facilement et facilite le nettoyage apr\u00e8s chaque utilisation.<\/p>\n<p>3) Construction en acier inoxydable de premi\u00e8re qualit\u00e9 : La friteuse est fabriqu\u00e9e en acier inoxydable de haute qualit\u00e9 pour une excellente durabilit\u00e9 et r\u00e9sistance \u00e0 l'usure, ce qui en fait un compagnon de cuisine durable.<\/p>\n<p>4) Syst\u00e8me de chauffage efficace : Con\u00e7u pour un chauffage rapide et homog\u00e8ne afin de r\u00e9duire le temps de cuisson et d'am\u00e9liorer la saveur.<\/p>\n<p>5) Plusieurs modes de cuisson : Que vous ayez envie de poulet frit croustillant ou de l\u00e9gumes r\u00f4tis, notre friteuse satisfera tous vos go\u00fbts.<\/p>\n<p>6) Design \u00e9l\u00e9gant : Avec son aspect \u00e9l\u00e9gant et color\u00e9, cette po\u00eale est non seulement un excellent compl\u00e9ment \u00e0 votre cuisine, mais elle ajoute \u00e9galement une touche de sophistication \u00e0 votre plan de travail.<\/p>\n<p>7) Convient \u00e0 un usage domestique et professionnel : Cette friteuse convient aussi bien aux cuisiniers amateurs qu'aux professionnels de la cuisine et est con\u00e7ue pour r\u00e9pondre aux besoins de tout environnement culinaire.<\/p>\n<p><strong><a href=\"https:\/\/www.purecook.com\/fr\/categorie-produit\/kitchen-utensils\/oil-pot\/\" target=\"_blank\" rel=\"noopener\">D\u00e9couvrez les produits li\u00e9s aux friteuses - marmites \u00e0 huile filtrables<\/a><\/strong><\/p>","protected":false},"featured_media":2107,"comment_status":"closed","ping_status":"closed","template":"","meta":{"_acf_changed":false},"product_brand":[],"product_cat":[24,72],"product_tag":[98],"class_list":{"0":"post-2106","1":"product","2":"type-product","3":"status-publish","4":"has-post-thumbnail","6":"product_cat-cookware","7":"product_cat-fryer-pots","8":"product_tag-wholesale-home-cookware","10":"first","11":"instock","12":"shipping-taxable","13":"product-type-simple"},"acf":[],"_links":{"self":[{"href":"https:\/\/www.purecook.com\/fr\/wp-json\/wp\/v2\/product\/2106","targetHints":{"allow":["GET"]}}],"collection":[{"href":"https:\/\/www.purecook.com\/fr\/wp-json\/wp\/v2\/product"}],"about":[{"href":"https:\/\/www.purecook.com\/fr\/wp-json\/wp\/v2\/types\/product"}],"replies":[{"embeddable":true,"href":"https:\/\/www.purecook.com\/fr\/wp-json\/wp\/v2\/comments?post=2106"}],"wp:featuredmedia":[{"embeddable":true,"href":"https:\/\/www.purecook.com\/fr\/wp-json\/wp\/v2\/media\/2107"}],"wp:attachment":[{"href":"https:\/\/www.purecook.com\/fr\/wp-json\/wp\/v2\/media?parent=2106"}],"wp:term":[{"taxonomy":"product_brand","embeddable":true,"href":"https:\/\/www.purecook.com\/fr\/wp-json\/wp\/v2\/product_brand?post=2106"},{"taxonomy":"product_cat","embeddable":true,"href":"https:\/\/www.purecook.com\/fr\/wp-json\/wp\/v2\/product_cat?post=2106"},{"taxonomy":"product_tag","embeddable":true,"href":"https:\/\/www.purecook.com\/fr\/wp-json\/wp\/v2\/product_tag?post=2106"}],"curies":[{"name":"wp","href":"https:\/\/api.w.org\/{rel}","templated":true}]}}