{"id":2114,"date":"2024-05-18T09:56:47","date_gmt":"2024-05-18T01:56:47","guid":{"rendered":"https:\/\/purecook.com\/?post_type=product&#038;p=2114"},"modified":"2025-04-27T17:37:30","modified_gmt":"2025-04-27T09:37:30","slug":"wholesale-cooking-pots-pink","status":"publish","type":"product","link":"https:\/\/www.purecook.com\/fr\/product\/wholesale-cooking-pots-pink\/","title":{"rendered":"Grosses marmites en vrac respectueuses de l'environnement et durables"},"content":{"rendered":"<div class=\"wp-block-columns is-layout-flex wp-container-core-columns-is-layout-9d6595d7 wp-block-columns-is-layout-flex\">\n<div class=\"wp-block-column is-layout-flow wp-block-column-is-layout-flow\">\n<h3 class=\"wp-block-heading\">Param\u00e8tres des marmites<\/h3>\n\n\n\n<p>-Num\u00e9ro de mod\u00e8le:C1C1-rose<br>-Mat\u00e9riau : acier inoxydable<br>-\u00c9paisseur normale : 0,5 mm<br>-Couvercle : Couvercles en verre avec anneau en silicone<br>-Fond : Fond sandwich \u00e0 induction (SUS+2mm Alu+SUS)<br>-Logo : s\u00e9rigraphie\/gravure au laser\/tampon en relief<br>-Poign\u00e9e et bouton du couvercle : acier inoxydable<br><\/p>\n<\/div>\n\n\n\n<div class=\"wp-block-column is-layout-flow wp-block-column-is-layout-flow\">\n<h3 class=\"wp-block-heading\">Marmites personnalis\u00e9es<\/h3>\n\n\n\n<p>-Couleur : Beige\/Vert\/Rose<br>-Mat\u00e9riau : acier inoxydable SUS#201\/304\/410\/430<br>-Poign\u00e9e adapt\u00e9e \u00e0 votre style<br>-Logo : personnalisez le logo de votre marque<br>-Emballage : bo\u00eete de couleur\/carton, etc.<br><strong><a href=\"https:\/\/www.purecook.com\/fr\/custom-solution\/\" target=\"_blank\" rel=\"noreferrer noopener\">Solutions personnalis\u00e9es OEM et ODM<\/a><\/strong><\/p>\n<\/div>\n<\/div>\n\n\n\n<div class=\"wp-block-columns is-layout-flex wp-container-core-columns-is-layout-9d6595d7 wp-block-columns-is-layout-flex\">\n<div class=\"wp-block-column is-layout-flow wp-block-column-is-layout-flow\">\n<figure class=\"wp-block-image size-full\"><img decoding=\"async\" width=\"790\" height=\"1149\" src=\"https:\/\/purecook.com\/wp-content\/uploads\/2024\/05\/wholesale-cooking-pots-4.webp\" alt=\"marmites en gros\" class=\"wp-image-2118\" srcset=\"https:\/\/www.purecook.com\/wp-content\/uploads\/2024\/05\/wholesale-cooking-pots-4.webp 790w, https:\/\/www.purecook.com\/wp-content\/uploads\/2024\/05\/wholesale-cooking-pots-4-206x300.webp 206w, https:\/\/www.purecook.com\/wp-content\/uploads\/2024\/05\/wholesale-cooking-pots-4-768x1117.webp 768w, https:\/\/www.purecook.com\/wp-content\/uploads\/2024\/05\/wholesale-cooking-pots-4-600x873.webp 600w\" sizes=\"(max-width: 790px) 100vw, 790px\" \/><\/figure>\n<\/div>\n\n\n\n<div class=\"wp-block-column is-layout-flow wp-block-column-is-layout-flow\">\n<figure class=\"wp-block-image size-full is-resized\"><img decoding=\"async\" width=\"790\" height=\"1404\" src=\"https:\/\/purecook.com\/wp-content\/uploads\/2024\/05\/wholesale-cooking-pots-5-edited.webp\" alt=\"marmites en gros\" class=\"wp-image-2124\" style=\"width:451px;height:auto\" srcset=\"https:\/\/www.purecook.com\/wp-content\/uploads\/2024\/05\/wholesale-cooking-pots-5-edited.webp 790w, https:\/\/www.purecook.com\/wp-content\/uploads\/2024\/05\/wholesale-cooking-pots-5-edited-169x300.webp 169w, https:\/\/www.purecook.com\/wp-content\/uploads\/2024\/05\/wholesale-cooking-pots-5-edited-768x1365.webp 768w, https:\/\/www.purecook.com\/wp-content\/uploads\/2024\/05\/wholesale-cooking-pots-5-edited-600x1066.webp 600w\" sizes=\"(max-width: 790px) 100vw, 790px\" \/><\/figure>\n<\/div>\n<\/div>","protected":false},"excerpt":{"rendered":"<p>Rev\u00eatement ext\u00e9rieur r\u00e9volutionnaire en c\u00e9ramique haute temp\u00e9rature, sain, beau et durable. Apparence exquise, ajoute de la couleur \u00e0 la cuisine. Permet une personnalisation dimensionnelle riche, y compris les mat\u00e9riaux, les couleurs, les tailles, les poign\u00e9es, etc. Nous sommes un fabricant professionnel d'ustensiles de cuisine, nous vendons en gros des casseroles en vrac, nous vous invitons \u00e0 passer commande.<\/p>\n<h2>Caract\u00e9ristiques et avantages des marmites<\/h2>\n<p>1) Mat\u00e9riaux \u00e9cologiques et s\u00fbrs, non toxiques<\/p>\n<p>2) Conductivit\u00e9 thermique sup\u00e9rieure pour une cuisson parfaite<\/p>\n<p>3) Nettoyage et entretien faciles<\/p>\n<p>4) R\u00e9sistance \u00e0 la corrosion pour une cuisson hygi\u00e9nique<\/p>\n<p>5) Rev\u00eatement r\u00e9volutionnaire par pulv\u00e9risation de c\u00e9ramique \u00e0 haute temp\u00e9rature, esth\u00e9tique et durable<\/p>\n<p>6) Couleurs, mat\u00e9riaux, tailles et poign\u00e9es personnalisables pour s'adapter \u00e0 votre style.<\/p>\n<p>7) Sans PFOA<\/p>\n<p>Offrir des casseroles en vrac \u00e0 la vente en gros<\/p>\n<p><strong><a href=\"https:\/\/www.purecook.com\/fr\/custom-solution\/\" target=\"_blank\" rel=\"noopener\">Support OEM&amp;ODM<\/a><\/strong><\/p>\n<p><\/p>","protected":false},"featured_media":2115,"comment_status":"closed","ping_status":"closed","template":"","meta":{"_acf_changed":false},"product_brand":[],"product_cat":[24,69],"product_tag":[98],"class_list":{"0":"post-2114","1":"product","2":"type-product","3":"status-publish","4":"has-post-thumbnail","6":"product_cat-cookware","7":"product_cat-cookware-sets","8":"product_tag-wholesale-home-cookware","10":"first","11":"instock","12":"shipping-taxable","13":"product-type-simple"},"acf":[],"_links":{"self":[{"href":"https:\/\/www.purecook.com\/fr\/wp-json\/wp\/v2\/product\/2114","targetHints":{"allow":["GET"]}}],"collection":[{"href":"https:\/\/www.purecook.com\/fr\/wp-json\/wp\/v2\/product"}],"about":[{"href":"https:\/\/www.purecook.com\/fr\/wp-json\/wp\/v2\/types\/product"}],"replies":[{"embeddable":true,"href":"https:\/\/www.purecook.com\/fr\/wp-json\/wp\/v2\/comments?post=2114"}],"wp:featuredmedia":[{"embeddable":true,"href":"https:\/\/www.purecook.com\/fr\/wp-json\/wp\/v2\/media\/2115"}],"wp:attachment":[{"href":"https:\/\/www.purecook.com\/fr\/wp-json\/wp\/v2\/media?parent=2114"}],"wp:term":[{"taxonomy":"product_brand","embeddable":true,"href":"https:\/\/www.purecook.com\/fr\/wp-json\/wp\/v2\/product_brand?post=2114"},{"taxonomy":"product_cat","embeddable":true,"href":"https:\/\/www.purecook.com\/fr\/wp-json\/wp\/v2\/product_cat?post=2114"},{"taxonomy":"product_tag","embeddable":true,"href":"https:\/\/www.purecook.com\/fr\/wp-json\/wp\/v2\/product_tag?post=2114"}],"curies":[{"name":"wp","href":"https:\/\/api.w.org\/{rel}","templated":true}]}}