{"id":2127,"date":"2024-05-18T11:09:46","date_gmt":"2024-05-18T03:09:46","guid":{"rendered":"https:\/\/purecook.com\/?post_type=product&#038;p=2127"},"modified":"2025-04-27T17:36:57","modified_gmt":"2025-04-27T09:36:57","slug":"custom-cooking-pots-wholesale-green","status":"publish","type":"product","link":"https:\/\/www.purecook.com\/fr\/product\/custom-cooking-pots-wholesale-green\/","title":{"rendered":"Marmites de cuisine personnalis\u00e9es fabriqu\u00e9es en gros en acier inoxydable antiadh\u00e9sif de haute qualit\u00e9"},"content":{"rendered":"<div class=\"wp-block-columns is-layout-flex wp-container-core-columns-is-layout-9d6595d7 wp-block-columns-is-layout-flex\">\n<div class=\"wp-block-column is-layout-flow wp-block-column-is-layout-flow\">\n<h3 class=\"wp-block-heading\">Param\u00e8tres des marmites<\/h3>\n\n\n\n<p>-Num\u00e9ro de mod\u00e8le:C1C1-Vert<br>-Mat\u00e9riau : acier inoxydable<br>-\u00c9paisseur normale : 0,5 mm<br>-Couvercle : Couvercles en verre avec anneau en silicone<br>-Fond : Fond sandwich \u00e0 induction (SUS+2mm Alu+SUS)<br>-Logo : s\u00e9rigraphie\/gravure au laser\/tampon en relief<br>-Poign\u00e9e et bouton du couvercle : acier inoxydable<\/p>\n<\/div>\n\n\n\n<div class=\"wp-block-column is-layout-flow wp-block-column-is-layout-flow\">\n<h3 class=\"wp-block-heading\">Marmites personnalis\u00e9es<\/h3>\n\n\n\n<p>-Couleur : Beige\/Vert\/Rose<br>-Mat\u00e9riau : acier inoxydable SUS#201\/304\/410\/430<br>-Poign\u00e9e adapt\u00e9e \u00e0 votre style<br>-Logo : personnalisez le logo de votre marque<br>-Emballage : bo\u00eete de couleur\/carton, etc.<br><strong><a href=\"https:\/\/www.purecook.com\/fr\/custom-solution\/\" target=\"_blank\" rel=\"noreferrer noopener\">Solutions personnalis\u00e9es OEM et ODM<\/a><\/strong><\/p>\n<\/div>\n<\/div>\n\n\n\n<div class=\"wp-block-columns is-layout-flex wp-container-core-columns-is-layout-9d6595d7 wp-block-columns-is-layout-flex\">\n<div class=\"wp-block-column is-layout-flow wp-block-column-is-layout-flow\">\n<figure class=\"wp-block-image size-full\"><img decoding=\"async\" width=\"800\" height=\"800\" src=\"https:\/\/purecook.com\/wp-content\/uploads\/2024\/05\/custom-cooking-pots-wholesale-11.webp\" alt=\"casseroles personnalis\u00e9es en gros\" class=\"wp-image-2134\" srcset=\"https:\/\/www.purecook.com\/wp-content\/uploads\/2024\/05\/custom-cooking-pots-wholesale-11.webp 800w, https:\/\/www.purecook.com\/wp-content\/uploads\/2024\/05\/custom-cooking-pots-wholesale-11-300x300.webp 300w, https:\/\/www.purecook.com\/wp-content\/uploads\/2024\/05\/custom-cooking-pots-wholesale-11-150x150.webp 150w, https:\/\/www.purecook.com\/wp-content\/uploads\/2024\/05\/custom-cooking-pots-wholesale-11-768x768.webp 768w, https:\/\/www.purecook.com\/wp-content\/uploads\/2024\/05\/custom-cooking-pots-wholesale-11-600x600.webp 600w, https:\/\/www.purecook.com\/wp-content\/uploads\/2024\/05\/custom-cooking-pots-wholesale-11-100x100.webp 100w\" sizes=\"(max-width: 800px) 100vw, 800px\" \/><\/figure>\n<\/div>\n\n\n\n<div class=\"wp-block-column is-layout-flow wp-block-column-is-layout-flow\">\n<figure class=\"wp-block-image size-full is-resized\"><img decoding=\"async\" width=\"446\" height=\"444\" src=\"https:\/\/purecook.com\/wp-content\/uploads\/2024\/05\/custom-cooking-pots-wholesale.webp\" alt=\"casseroles personnalis\u00e9es en gros\" class=\"wp-image-2142\" style=\"width:567px;height:auto\" srcset=\"https:\/\/www.purecook.com\/wp-content\/uploads\/2024\/05\/custom-cooking-pots-wholesale.webp 446w, https:\/\/www.purecook.com\/wp-content\/uploads\/2024\/05\/custom-cooking-pots-wholesale-300x300.webp 300w, https:\/\/www.purecook.com\/wp-content\/uploads\/2024\/05\/custom-cooking-pots-wholesale-150x150.webp 150w, https:\/\/www.purecook.com\/wp-content\/uploads\/2024\/05\/custom-cooking-pots-wholesale-100x100.webp 100w\" sizes=\"(max-width: 446px) 100vw, 446px\" \/><\/figure>\n<\/div>\n<\/div>","protected":false},"excerpt":{"rendered":"<p>Marmites de cuisine de haute qualit\u00e9 vendues en gros. Excellente conductivit\u00e9 thermique, r\u00e9chauffe les aliments rapidement et uniform\u00e9ment. Fabriqu\u00e9es en acier inoxydable de haute qualit\u00e9, elles poss\u00e8dent de bonnes propri\u00e9t\u00e9s antiadh\u00e9sives et sont faciles \u00e0 nettoyer et \u00e0 entretenir.<\/p>\n<h2>Caract\u00e9ristiques et avantages des marmites<\/h2>\n<p>1) Mat\u00e9riaux \u00e9cologiques et s\u00fbrs, non toxiques<\/p>\n<p>2) Conductivit\u00e9 thermique sup\u00e9rieure pour une cuisson parfaite<\/p>\n<p>3) Nettoyage et entretien faciles<\/p>\n<p>4) R\u00e9sistance \u00e0 la corrosion pour une cuisson hygi\u00e9nique<\/p>\n<p>5) Rev\u00eatement r\u00e9volutionnaire par pulv\u00e9risation de c\u00e9ramique \u00e0 haute temp\u00e9rature, esth\u00e9tique et durable<\/p>\n<p>6) Couleurs, mat\u00e9riaux, tailles et poign\u00e9es personnalisables pour s'adapter \u00e0 votre style.<\/p>\n<p>7) Sans PFOA<\/p>\n<p><strong><a href=\"https:\/\/www.purecook.com\/fr\/custom-solution\/\" target=\"_blank\" rel=\"noopener\">Support OEM&amp;ODM<\/a><\/strong><\/p>\n<p><\/p>","protected":false},"featured_media":2132,"comment_status":"closed","ping_status":"closed","template":"","meta":{"_acf_changed":false},"product_brand":[],"product_cat":[24,69],"product_tag":[98],"class_list":{"0":"post-2127","1":"product","2":"type-product","3":"status-publish","4":"has-post-thumbnail","6":"product_cat-cookware","7":"product_cat-cookware-sets","8":"product_tag-wholesale-home-cookware","10":"first","11":"instock","12":"shipping-taxable","13":"product-type-simple"},"acf":[],"_links":{"self":[{"href":"https:\/\/www.purecook.com\/fr\/wp-json\/wp\/v2\/product\/2127","targetHints":{"allow":["GET"]}}],"collection":[{"href":"https:\/\/www.purecook.com\/fr\/wp-json\/wp\/v2\/product"}],"about":[{"href":"https:\/\/www.purecook.com\/fr\/wp-json\/wp\/v2\/types\/product"}],"replies":[{"embeddable":true,"href":"https:\/\/www.purecook.com\/fr\/wp-json\/wp\/v2\/comments?post=2127"}],"wp:featuredmedia":[{"embeddable":true,"href":"https:\/\/www.purecook.com\/fr\/wp-json\/wp\/v2\/media\/2132"}],"wp:attachment":[{"href":"https:\/\/www.purecook.com\/fr\/wp-json\/wp\/v2\/media?parent=2127"}],"wp:term":[{"taxonomy":"product_brand","embeddable":true,"href":"https:\/\/www.purecook.com\/fr\/wp-json\/wp\/v2\/product_brand?post=2127"},{"taxonomy":"product_cat","embeddable":true,"href":"https:\/\/www.purecook.com\/fr\/wp-json\/wp\/v2\/product_cat?post=2127"},{"taxonomy":"product_tag","embeddable":true,"href":"https:\/\/www.purecook.com\/fr\/wp-json\/wp\/v2\/product_tag?post=2127"}],"curies":[{"name":"wp","href":"https:\/\/api.w.org\/{rel}","templated":true}]}}