{"id":2153,"date":"2024-05-18T16:37:19","date_gmt":"2024-05-18T08:37:19","guid":{"rendered":"https:\/\/purecook.com\/?post_type=product&#038;p=2153"},"modified":"2024-06-03T17:50:12","modified_gmt":"2024-06-03T09:50:12","slug":"multifunctional-oil-filter-pot-wholesale-a-new-choice-for-healthy-cooking","status":"publish","type":"product","link":"https:\/\/www.purecook.com\/fr\/product\/multifunctional-oil-filter-pot-wholesale-a-new-choice-for-healthy-cooking\/","title":{"rendered":"Pot \u00e0 filtre \u00e0 huile multifonctionnel Wholesale - Un nouveau choix pour une cuisine saine"},"content":{"rendered":"<div class=\"wp-block-columns is-layout-flex wp-container-core-columns-is-layout-9d6595d7 wp-block-columns-is-layout-flex\">\n<div class=\"wp-block-column is-layout-flow wp-block-column-is-layout-flow\">\n<h3 class=\"wp-block-heading\">Param\u00e8tres du pot \u00e0 filtre \u00e0 huile<\/h3>\n\n\n\n<p><strong>-Num\u00e9ro de mod\u00e8le SSDLOI<\/strong><br>-Couleur : corps argent\u00e9<br>-Mat\u00e9riau : 0.9mm ss304<br>-Poids du corps : 0,77 kg<br>-Grille alimentaire : 0,08 kg<br>-Diam\u00e8tre du couvercle : 2,8 cm<br>-Diam\u00e8tre du fond : 12cm<br>-Hauteur du corps : 16,2 cm<br>-Hauteur du corps et du couvercle : 18 cm<br>-Poids net : 0,85 kg<br>-Poids : 0,95 kg<br>MOQ:1000 pcs<\/p>\n<\/div>\n\n\n\n<div class=\"wp-block-column is-layout-flow wp-block-column-is-layout-flow\">\n<h3 class=\"wp-block-heading\">Pot \u00e0 filtre \u00e0 huile sur mesure<\/h3>\n\n\n\n<p>-Logo : personnalisez le logo de votre marque<br>-Emballage : bo\u00eete de couleur\/carton, etc.<br>-QMOS : 1000<br><strong><a href=\"https:\/\/www.purecook.com\/fr\/custom-solution\/\" target=\"_blank\" rel=\"noreferrer noopener\">Solutions personnalis\u00e9es OEM et ODM<\/a><\/strong><\/p>\n<\/div>\n<\/div>\n\n\n\n<div class=\"wp-block-columns is-layout-flex wp-container-core-columns-is-layout-9d6595d7 wp-block-columns-is-layout-flex\">\n<div class=\"wp-block-column is-layout-flow wp-block-column-is-layout-flow\">\n<figure class=\"wp-block-image size-full\"><img decoding=\"async\" width=\"800\" height=\"800\" src=\"https:\/\/purecook.com\/wp-content\/uploads\/2024\/05\/wholesale-oil-filter-pot2.webp\" alt=\"pot de filtration d&#039;huile en gros\" class=\"wp-image-2155\" srcset=\"https:\/\/www.purecook.com\/wp-content\/uploads\/2024\/05\/wholesale-oil-filter-pot2.webp 800w, https:\/\/www.purecook.com\/wp-content\/uploads\/2024\/05\/wholesale-oil-filter-pot2-300x300.webp 300w, https:\/\/www.purecook.com\/wp-content\/uploads\/2024\/05\/wholesale-oil-filter-pot2-150x150.webp 150w, https:\/\/www.purecook.com\/wp-content\/uploads\/2024\/05\/wholesale-oil-filter-pot2-768x768.webp 768w, https:\/\/www.purecook.com\/wp-content\/uploads\/2024\/05\/wholesale-oil-filter-pot2-600x600.webp 600w, https:\/\/www.purecook.com\/wp-content\/uploads\/2024\/05\/wholesale-oil-filter-pot2-100x100.webp 100w\" sizes=\"(max-width: 800px) 100vw, 800px\" \/><\/figure>\n<\/div>\n\n\n\n<div class=\"wp-block-column is-layout-flow wp-block-column-is-layout-flow\">\n<figure class=\"wp-block-image size-full\"><img decoding=\"async\" width=\"800\" height=\"800\" src=\"https:\/\/purecook.com\/wp-content\/uploads\/2024\/05\/wholesale-oil-filter-pot1.webp\" alt=\"pot de filtration d&#039;huile en gros\" class=\"wp-image-2154\" srcset=\"https:\/\/www.purecook.com\/wp-content\/uploads\/2024\/05\/wholesale-oil-filter-pot1.webp 800w, https:\/\/www.purecook.com\/wp-content\/uploads\/2024\/05\/wholesale-oil-filter-pot1-300x300.webp 300w, https:\/\/www.purecook.com\/wp-content\/uploads\/2024\/05\/wholesale-oil-filter-pot1-150x150.webp 150w, https:\/\/www.purecook.com\/wp-content\/uploads\/2024\/05\/wholesale-oil-filter-pot1-768x768.webp 768w, https:\/\/www.purecook.com\/wp-content\/uploads\/2024\/05\/wholesale-oil-filter-pot1-600x600.webp 600w, https:\/\/www.purecook.com\/wp-content\/uploads\/2024\/05\/wholesale-oil-filter-pot1-100x100.webp 100w\" sizes=\"(max-width: 800px) 100vw, 800px\" \/><\/figure>\n<\/div>\n<\/div>","protected":false},"excerpt":{"rendered":"<p>Filtre \u00e0 huile multifonctionnel, filtre et panier amovibles pour une utilisation et un nettoyage faciles. Compatible avec diverses cuisini\u00e8res et utilisable dans diff\u00e9rents environnements de cuisine. Fabriqu\u00e9 en acier inoxydable de haute qualit\u00e9, il convient aux cuisines commerciales et aux chefs \u00e0 domicile.<\/p>\n<h2>Caract\u00e9ristiques et avantages du pot \u00e0 filtre \u00e0 huile<\/h2>\n<p>1) Conception polyvalente : Cette passoire sert de filtre \u00e0 huile, de bouilloire pour faire bouillir de l'eau ou du th\u00e9, et de marmite pour une vari\u00e9t\u00e9 d'aliments, ce qui en fait un outil de cuisine polyvalent.<\/p>\n<p>2) Filtre et panier amovibles : Livr\u00e9 avec une passoire \u00e0 mailles fines pour filtrer l'huile et un panier \u00e0 friture, tous deux d\u00e9tachables pour faciliter l'utilisation et le nettoyage.<\/p>\n<p>3) Acier inoxydable de premi\u00e8re qualit\u00e9 : Fabriqu\u00e9 en acier inoxydable de qualit\u00e9 culinaire, il est durable, facile \u00e0 nettoyer et convient \u00e0 un environnement de cuisine professionnel.<\/p>\n<p>4) Bec verseur pratique : Con\u00e7u avec un bec verseur pour faciliter le versement, r\u00e9duire les d\u00e9versements et \u00eatre parfait pour transf\u00e9rer des liquides chauds ou de l'huile.<\/p>\n<p>5) Poign\u00e9e ergonomique : La poign\u00e9e r\u00e9sistante \u00e0 la chaleur offre une prise s\u00fbre et confortable, garantissant une manipulation s\u00fbre pendant la cuisson, le versement ou le transfert de la casserole.<\/p>\n<p>6) Compatible avec l'induction : Compatible avec toutes les plaques de cuisson, y compris l'induction, offrant polyvalence et commodit\u00e9 pour toutes les m\u00e9thodes de cuisson.<\/p>\n<p>7) Grande capacit\u00e9 : Gr\u00e2ce \u00e0 son espace g\u00e9n\u00e9reux, cette marmite est id\u00e9ale pour pr\u00e9parer des repas pour la famille ou pour recevoir des invit\u00e9s, ce qui vous permet de cuisiner facilement en grande quantit\u00e9.<\/p>\n<p><a href=\"https:\/\/www.purecook.com\/fr\/custom-solution\/\">Support OEM&amp;ODM<\/a><\/p>","protected":false},"featured_media":2159,"comment_status":"closed","ping_status":"closed","template":"","meta":{"_acf_changed":false},"product_brand":[],"product_cat":[64],"product_tag":[],"class_list":{"0":"post-2153","1":"product","2":"type-product","3":"status-publish","4":"has-post-thumbnail","6":"product_cat-oil-pot","8":"first","9":"instock","10":"shipping-taxable","11":"product-type-simple"},"acf":[],"_links":{"self":[{"href":"https:\/\/www.purecook.com\/fr\/wp-json\/wp\/v2\/product\/2153","targetHints":{"allow":["GET"]}}],"collection":[{"href":"https:\/\/www.purecook.com\/fr\/wp-json\/wp\/v2\/product"}],"about":[{"href":"https:\/\/www.purecook.com\/fr\/wp-json\/wp\/v2\/types\/product"}],"replies":[{"embeddable":true,"href":"https:\/\/www.purecook.com\/fr\/wp-json\/wp\/v2\/comments?post=2153"}],"wp:featuredmedia":[{"embeddable":true,"href":"https:\/\/www.purecook.com\/fr\/wp-json\/wp\/v2\/media\/2159"}],"wp:attachment":[{"href":"https:\/\/www.purecook.com\/fr\/wp-json\/wp\/v2\/media?parent=2153"}],"wp:term":[{"taxonomy":"product_brand","embeddable":true,"href":"https:\/\/www.purecook.com\/fr\/wp-json\/wp\/v2\/product_brand?post=2153"},{"taxonomy":"product_cat","embeddable":true,"href":"https:\/\/www.purecook.com\/fr\/wp-json\/wp\/v2\/product_cat?post=2153"},{"taxonomy":"product_tag","embeddable":true,"href":"https:\/\/www.purecook.com\/fr\/wp-json\/wp\/v2\/product_tag?post=2153"}],"curies":[{"name":"wp","href":"https:\/\/api.w.org\/{rel}","templated":true}]}}