{"id":2160,"date":"2025-07-26T18:29:43","date_gmt":"2024-05-18T09:22:09","guid":{"rendered":"https:\/\/purecook.com\/?post_type=product&#038;p=2160"},"modified":"2025-11-24T15:03:47","modified_gmt":"2025-11-24T07:03:47","slug":"wholesale-baking-trays-with-grill-rack","status":"publish","type":"product","link":"https:\/\/www.purecook.com\/fr\/product\/wholesale-baking-trays-with-grill-rack\/","title":{"rendered":"Vente en gros de plaques \u00e0 p\u00e2tisserie empilables avec grille de gril de diff\u00e9rentes tailles, Plaques \u00e0 r\u00f4tir en vrac Vente directe \u00e0 l'usine"},"content":{"rendered":"<div class=\"wp-block-columns is-layout-flex wp-container-core-columns-is-layout-9d6595d7 wp-block-columns-is-layout-flex\">\n<div class=\"wp-block-column is-layout-flow wp-block-column-is-layout-flow\">\n<h3 class=\"wp-block-heading\">Param\u00e8tres des plaques \u00e0 p\u00e2tisserie<\/h3>\n\n\n\n<p><strong>Num\u00e9ro de mod\u00e8le : plaque de cuisson-01<\/strong><br><strong>Type : <\/strong>Plateau de cuisson<br><strong>Nom du produit :<\/strong> Plaque \u00e0 p\u00e2tisserie avec grille<br><strong>Mat\u00e9riau :<\/strong> Acier inoxydable 201<br><strong>\u00c9paisseur : <\/strong>50\/70mm<br>Utilisation \u00e0 la maison, \u00e0 l'h\u00f4tel ou au restaurant<br><strong>MOQ : <\/strong>100 pi\u00e8ces<br><strong>type1 taille : <\/strong>270 x 200 x 50 mm<br><strong>type2 taille :<\/strong> 270\u00d7200\u00d770mm<br><strong>type3 taille :<\/strong> 320\u00d7220\u00d750mm<br><strong>type4 taille :<\/strong> 320\u00d7220\u00d770mm<br><strong>type5 taille :<\/strong> 355 x 265 x 50 mm<br><strong>type6 taille :<\/strong> 355\u00d7265\u00d770mm<br><strong>type7 taille :<\/strong> 395\u00d7295\u00d750mm<br><strong>type8 taille :<\/strong> 395 x 295 x 70mm<\/p>\n<\/div>\n\n\n\n<div class=\"wp-block-column is-layout-flow wp-block-column-is-layout-flow\">\n<h3 class=\"wp-block-heading\">Solutions de cuisson sur mesure<\/h3>\n\n\n\n<p><strong>Logo : <\/strong>Personnalisable avec le logo de votre marque<br><strong>Emballage : <\/strong>bo\u00eete\/carton de couleur, etc.<br><strong>Mod\u00e8les :<\/strong> Motif personnalisable<br><strong>MOQ :<\/strong> 1000<br><strong><a href=\"https:\/\/www.purecook.com\/fr\/custom-solution\/\" target=\"_blank\" rel=\"noreferrer noopener\">Solutions personnalis\u00e9es OEM et ODM pour les moules \u00e0 p\u00e2tisserie<\/a><\/strong><\/p>\n<\/div>\n<\/div>\n\n\n\n<div class=\"wp-block-columns is-layout-flex wp-container-core-columns-is-layout-9d6595d7 wp-block-columns-is-layout-flex\">\n<div class=\"wp-block-column is-layout-flow wp-block-column-is-layout-flow\">\n<figure class=\"wp-block-image size-full\"><img decoding=\"async\" width=\"492\" height=\"492\" src=\"https:\/\/purecook.com\/wp-content\/uploads\/2024\/05\/custom-baking-trays-with-rack-7.webp\" alt=\"plaques de cuisson personnalis\u00e9es avec grille\" class=\"wp-image-2163\" srcset=\"https:\/\/www.purecook.com\/wp-content\/uploads\/2024\/05\/custom-baking-trays-with-rack-7.webp 492w, https:\/\/www.purecook.com\/wp-content\/uploads\/2024\/05\/custom-baking-trays-with-rack-7-300x300.webp 300w, https:\/\/www.purecook.com\/wp-content\/uploads\/2024\/05\/custom-baking-trays-with-rack-7-150x150.webp 150w, https:\/\/www.purecook.com\/wp-content\/uploads\/2024\/05\/custom-baking-trays-with-rack-7-100x100.webp 100w\" sizes=\"(max-width: 492px) 100vw, 492px\" \/><\/figure>\n<\/div>\n\n\n\n<div class=\"wp-block-column is-layout-flow wp-block-column-is-layout-flow\">\n<figure class=\"wp-block-image size-full\"><img decoding=\"async\" width=\"492\" height=\"492\" src=\"https:\/\/purecook.com\/wp-content\/uploads\/2024\/05\/custom-baking-trays-with-rack-6.webp\" alt=\"plaques de cuisson personnalis\u00e9es avec grille\" class=\"wp-image-2162\" srcset=\"https:\/\/www.purecook.com\/wp-content\/uploads\/2024\/05\/custom-baking-trays-with-rack-6.webp 492w, https:\/\/www.purecook.com\/wp-content\/uploads\/2024\/05\/custom-baking-trays-with-rack-6-300x300.webp 300w, https:\/\/www.purecook.com\/wp-content\/uploads\/2024\/05\/custom-baking-trays-with-rack-6-150x150.webp 150w, https:\/\/www.purecook.com\/wp-content\/uploads\/2024\/05\/custom-baking-trays-with-rack-6-100x100.webp 100w\" sizes=\"(max-width: 492px) 100vw, 492px\" \/><\/figure>\n<\/div>\n<\/div>","protected":false},"excerpt":{"rendered":"<p>Plaques de cuisson en gros. Les plaques de cuisson sont fabriqu\u00e9es en acier inoxydable 304 de qualit\u00e9 alimentaire, avec une conception modulaire en trois parties, comprenant une plaque peu profonde, une grille de cuisson et une plaque profonde, adapt\u00e9e aux t\u00e2ches de cuisson telles que le grillage, le r\u00f4tissage, la cuisson au four, etc. Des options de personnalisation OEM et ODM sont disponibles pour les commandes en gros. Contactez Purecook pour obtenir le meilleur devis de la part d'un professionnel de l'acier inoxydable. <a href=\"https:\/\/www.purecook.com\/fr\/categorie-produit\/ustensiles-de-cuisson\/\" target=\"_blank\" rel=\"noopener\"><strong>fabricant d'ustensiles de cuisson<\/strong><\/a>.<\/p>\n<h2>Caract\u00e9ristiques et avantages des plaques \u00e0 p\u00e2tisserie.<\/h2>\n<p><strong>Conception \u00e9paissie :<\/strong> Les plaques \u00e0 p\u00e2tisserie adoptent une structure \u00e9paissie avec une forte capacit\u00e9 de charge et une grande r\u00e9sistance. Ils peuvent contenir plus d'aliments et emp\u00eacher efficacement le gauchissement et la d\u00e9formation \u00e0 des temp\u00e9ratures \u00e9lev\u00e9es.<\/p>\n<p><strong>Ensemble de trois pi\u00e8ces aux fonctions multiples :<\/strong> L'ensemble comprend trois parties multifonctionnelles : un plateau peu profond pour griller et frire, une grille pour \u00e9goutter l'huile et faire circuler l'air, et un plateau profond pour cuire au four ou contenir des liquides. Convient pour la friture, la cuisson au four, le r\u00f4tissage et la cuisson \u00e0 la vapeur, ce qui vous permet de cuisiner une vari\u00e9t\u00e9 d'aliments avec un seul ensemble d'outils de cuisine.<\/p>\n<p><strong>Conception empilable peu encombrante :<\/strong> Les composants sont con\u00e7us pour \u00eatre empil\u00e9s verticalement, ce qui r\u00e9duit l'encombrement et permet de les ranger dans une petite cuisine ou en camping.<\/p>\n<p><strong>8 tailles au choix :<\/strong> Notre ensemble de plaques de cuisson multicouches en acier inoxydable offre huit tailles diff\u00e9rentes, adapt\u00e9es \u00e0 des t\u00e2ches de cuisson sp\u00e9cifiques, r\u00e9pondant \u00e0 diverses activit\u00e9s de cuisine ou d'ext\u00e9rieur.<\/p>\n<p><strong>Prise en charge de la personnalisation OEM et ODM :<\/strong> En tant que fabricant professionnel d'ustensiles de cuisson, nous prenons en charge la taille, l'emballage et la conception fonctionnelle des plaques de cuisson multicouches en acier inoxydable afin de r\u00e9pondre aux besoins de votre marque ou de votre march\u00e9.<\/p>\n<p><strong><a href=\"https:\/\/www.purecook.com\/fr\/custom-solution\/\">Solutions OEM&amp;ODM de produits de boulangerie sur mesure \u2192<\/a><\/strong><\/p>","protected":false},"featured_media":4211,"comment_status":"closed","ping_status":"closed","template":"","meta":{"_acf_changed":false},"product_brand":[],"product_cat":[27,107],"product_tag":[],"class_list":{"0":"post-2160","1":"product","2":"type-product","3":"status-publish","4":"has-post-thumbnail","6":"product_cat-bakeware","7":"product_cat-baking-sheet","9":"first","10":"instock","11":"shipping-taxable","12":"product-type-simple"},"acf":[],"_links":{"self":[{"href":"https:\/\/www.purecook.com\/fr\/wp-json\/wp\/v2\/product\/2160","targetHints":{"allow":["GET"]}}],"collection":[{"href":"https:\/\/www.purecook.com\/fr\/wp-json\/wp\/v2\/product"}],"about":[{"href":"https:\/\/www.purecook.com\/fr\/wp-json\/wp\/v2\/types\/product"}],"replies":[{"embeddable":true,"href":"https:\/\/www.purecook.com\/fr\/wp-json\/wp\/v2\/comments?post=2160"}],"wp:featuredmedia":[{"embeddable":true,"href":"https:\/\/www.purecook.com\/fr\/wp-json\/wp\/v2\/media\/4211"}],"wp:attachment":[{"href":"https:\/\/www.purecook.com\/fr\/wp-json\/wp\/v2\/media?parent=2160"}],"wp:term":[{"taxonomy":"product_brand","embeddable":true,"href":"https:\/\/www.purecook.com\/fr\/wp-json\/wp\/v2\/product_brand?post=2160"},{"taxonomy":"product_cat","embeddable":true,"href":"https:\/\/www.purecook.com\/fr\/wp-json\/wp\/v2\/product_cat?post=2160"},{"taxonomy":"product_tag","embeddable":true,"href":"https:\/\/www.purecook.com\/fr\/wp-json\/wp\/v2\/product_tag?post=2160"}],"curies":[{"name":"wp","href":"https:\/\/api.w.org\/{rel}","templated":true}]}}