{"id":2168,"date":"2024-05-19T14:21:29","date_gmt":"2024-05-19T06:21:29","guid":{"rendered":"https:\/\/purecook.com\/?post_type=product&#038;p=2168"},"modified":"2024-06-03T17:46:26","modified_gmt":"2024-06-03T09:46:26","slug":"small-sauce-dishes-wholesale-made-of-premium-stainless-steel","status":"publish","type":"product","link":"https:\/\/www.purecook.com\/fr\/product\/small-sauce-dishes-wholesale-made-of-premium-stainless-steel\/","title":{"rendered":"Petites sauci\u00e8res en acier inoxydable de qualit\u00e9 sup\u00e9rieure (Wholesale)"},"content":{"rendered":"<div class=\"wp-block-columns is-layout-flex wp-container-core-columns-is-layout-9d6595d7 wp-block-columns-is-layout-flex\">\n<div class=\"wp-block-column is-layout-flow wp-block-column-is-layout-flow\">\n<h3 class=\"wp-block-heading\">Param\u00e8tres des plats \u00e0 sauce en gros<\/h3>\n\n\n\n<p><strong>Num\u00e9ro de mod\u00e8le:Plat rond-1<\/strong><br>Mat\u00e9riau : Acier inoxydable 304<br>Traitement de surface : placage \/ mat<br>\u00c9paisseur : 0,9 mm<br>Taille : 7.5\/9.7cm<br>Couleur : argent<br>Dimensions de l'emballage : 40\u00d740\u00d730 \/cases<br>Poids brut : 20kg\/caisse<br>Logo : accepte les logos personnalis\u00e9s<br>MOQ 360 pcs<\/p>\n<\/div>\n\n\n\n<div class=\"wp-block-column is-layout-flow wp-block-column-is-layout-flow\">\n<h3 class=\"wp-block-heading\">Plats \u00e0 sauce personnalis\u00e9s <\/h3>\n\n\n\n<p>Logo : personnalisez le logo de votre marque<br>Emballage : bo\u00eete en couleur\/carton, etc.<br>Motifs : personnalisez les motifs que vous souhaitez<br>MOQ : 1000<br><strong><a href=\"https:\/\/www.purecook.com\/fr\/custom-solution\/\" target=\"_blank\" rel=\"noreferrer noopener\">Solutions personnalis\u00e9es OEM et ODM<\/a><\/strong><\/p>\n<\/div>\n<\/div>\n\n\n\n<div class=\"wp-block-columns is-layout-flex wp-container-core-columns-is-layout-9d6595d7 wp-block-columns-is-layout-flex\">\n<div class=\"wp-block-column is-layout-flow wp-block-column-is-layout-flow\">\n<figure class=\"wp-block-image size-full\"><img decoding=\"async\" width=\"800\" height=\"800\" src=\"https:\/\/purecook.com\/wp-content\/uploads\/2024\/05\/sauce-dish-wholesle3.webp\" alt=\"plat \u00e0 sauce en gros\" class=\"wp-image-2171\" srcset=\"https:\/\/www.purecook.com\/wp-content\/uploads\/2024\/05\/sauce-dish-wholesle3.webp 800w, https:\/\/www.purecook.com\/wp-content\/uploads\/2024\/05\/sauce-dish-wholesle3-300x300.webp 300w, https:\/\/www.purecook.com\/wp-content\/uploads\/2024\/05\/sauce-dish-wholesle3-150x150.webp 150w, https:\/\/www.purecook.com\/wp-content\/uploads\/2024\/05\/sauce-dish-wholesle3-768x768.webp 768w, https:\/\/www.purecook.com\/wp-content\/uploads\/2024\/05\/sauce-dish-wholesle3-600x600.webp 600w, https:\/\/www.purecook.com\/wp-content\/uploads\/2024\/05\/sauce-dish-wholesle3-100x100.webp 100w\" sizes=\"(max-width: 800px) 100vw, 800px\" \/><\/figure>\n<\/div>\n\n\n\n<div class=\"wp-block-column is-layout-flow wp-block-column-is-layout-flow\">\n<figure class=\"wp-block-image size-full\"><img decoding=\"async\" width=\"800\" height=\"800\" src=\"https:\/\/purecook.com\/wp-content\/uploads\/2024\/05\/sauce-dish-wholesle5.webp\" alt=\"plat \u00e0 sauce en gros\" class=\"wp-image-2173\" srcset=\"https:\/\/www.purecook.com\/wp-content\/uploads\/2024\/05\/sauce-dish-wholesle5.webp 800w, https:\/\/www.purecook.com\/wp-content\/uploads\/2024\/05\/sauce-dish-wholesle5-300x300.webp 300w, https:\/\/www.purecook.com\/wp-content\/uploads\/2024\/05\/sauce-dish-wholesle5-150x150.webp 150w, https:\/\/www.purecook.com\/wp-content\/uploads\/2024\/05\/sauce-dish-wholesle5-768x768.webp 768w, https:\/\/www.purecook.com\/wp-content\/uploads\/2024\/05\/sauce-dish-wholesle5-600x600.webp 600w, https:\/\/www.purecook.com\/wp-content\/uploads\/2024\/05\/sauce-dish-wholesle5-100x100.webp 100w\" sizes=\"(max-width: 800px) 100vw, 800px\" \/><\/figure>\n<\/div>\n<\/div>","protected":false},"excerpt":{"rendered":"<p>Fabriqu\u00e9 en acier inoxydable de haute qualit\u00e9, il n'y a pas lieu de s'inqui\u00e9ter de la rouille ou du changement de couleur apr\u00e8s une utilisation \u00e0 long terme. Il convient \u00e0 la maison, au restaurant et \u00e0 l'h\u00f4tel. Peut contenir des condiments, des plats d'accompagnement, des snacks, etc. La surface lisse et impeccable est \u00e0 la fois belle et facile \u00e0 nettoyer. Possibilit\u00e9 de personnaliser les logos et les motifs.<\/p>\n<h2>Caract\u00e9ristiques et avantages des petits plats \u00e0 sauce<\/h2>\n<p><strong>Design r\u00e9tro<\/strong>: Le design r\u00e9tro unique n'est pas seulement une vaisselle, mais aussi un objet d'art d\u00e9coratif qui peut rehausser le style de votre maison ou de votre bureau.<\/p>\n<p><strong>Durabilit\u00e9 des mat\u00e9riaux<\/strong>: Fabriqu\u00e9 en acier inoxydable 304 de haute qualit\u00e9, avec le processus de traitement de surface, il est durable et garantit qu'il conserve sa beaut\u00e9 et sa fonctionnalit\u00e9 m\u00eame apr\u00e8s une utilisation \u00e0 long terme.<\/p>\n<p><strong>Polyvalent<\/strong>: Peut \u00eatre utilis\u00e9 pour la p\u00e2tisserie, les desserts, les snacks, les condiments et autres produits alimentaires.<\/p>","protected":false},"featured_media":2171,"comment_status":"closed","ping_status":"closed","template":"","meta":{"_acf_changed":false},"product_brand":[],"product_cat":[55,51],"product_tag":[],"class_list":{"0":"post-2168","1":"product","2":"type-product","3":"status-publish","4":"has-post-thumbnail","6":"product_cat-dish-and-plate","7":"product_cat-dinnerware","9":"first","10":"instock","11":"shipping-taxable","12":"product-type-simple"},"acf":[],"_links":{"self":[{"href":"https:\/\/www.purecook.com\/fr\/wp-json\/wp\/v2\/product\/2168","targetHints":{"allow":["GET"]}}],"collection":[{"href":"https:\/\/www.purecook.com\/fr\/wp-json\/wp\/v2\/product"}],"about":[{"href":"https:\/\/www.purecook.com\/fr\/wp-json\/wp\/v2\/types\/product"}],"replies":[{"embeddable":true,"href":"https:\/\/www.purecook.com\/fr\/wp-json\/wp\/v2\/comments?post=2168"}],"wp:featuredmedia":[{"embeddable":true,"href":"https:\/\/www.purecook.com\/fr\/wp-json\/wp\/v2\/media\/2171"}],"wp:attachment":[{"href":"https:\/\/www.purecook.com\/fr\/wp-json\/wp\/v2\/media?parent=2168"}],"wp:term":[{"taxonomy":"product_brand","embeddable":true,"href":"https:\/\/www.purecook.com\/fr\/wp-json\/wp\/v2\/product_brand?post=2168"},{"taxonomy":"product_cat","embeddable":true,"href":"https:\/\/www.purecook.com\/fr\/wp-json\/wp\/v2\/product_cat?post=2168"},{"taxonomy":"product_tag","embeddable":true,"href":"https:\/\/www.purecook.com\/fr\/wp-json\/wp\/v2\/product_tag?post=2168"}],"curies":[{"name":"wp","href":"https:\/\/api.w.org\/{rel}","templated":true}]}}