{"id":2174,"date":"2024-05-19T19:14:33","date_gmt":"2024-05-19T11:14:33","guid":{"rendered":"https:\/\/purecook.com\/?post_type=product&#038;p=2174"},"modified":"2025-04-27T17:36:19","modified_gmt":"2025-04-27T09:36:19","slug":"wholesale-frying-pans","status":"publish","type":"product","link":"https:\/\/www.purecook.com\/fr\/product\/wholesale-frying-pans\/","title":{"rendered":"Po\u00eales \u00e0 frire en gros Fabriqu\u00e9es en acier \u00e0 trois couches"},"content":{"rendered":"<div class=\"wp-block-columns is-layout-flex wp-container-core-columns-is-layout-9d6595d7 wp-block-columns-is-layout-flex\">\n<div class=\"wp-block-column is-layout-flow wp-block-column-is-layout-flow\">\n<h3 class=\"wp-block-heading\">Param\u00e8tres des po\u00eales \u00e0 frire<\/h3>\n\n\n\n<p><strong>Num\u00e9ro de mod\u00e8le : CG0032<\/strong><br>Mat\u00e9riau du pot : trois couches d'acier inoxydable (SS304 + ALU + SS430)<br>Mat\u00e9riau de la poign\u00e9e de la marmite : SUS201 (rivet\u00e9\/soud\u00e9 par points)<br>\u00c9paisseur : 2 mm<br><strong>Taille1 :<\/strong><br>avec couvercle en verre\/acier 30 cm<br>Diam\u00e8tre 30 cm. Hauteur 8,5 cm.<br>Avec couvercle en verre (poids net : 2,1 kg\/set)<br>avec couvercle en acier (poids net : 2 kg\/set)<br>sans couvercle en verre (poids net : 1,35 kg\/set)<\/p>\n<\/div>\n\n\n\n<div class=\"wp-block-column is-layout-flow wp-block-column-is-layout-flow\">\n<h2 class=\"wp-block-heading\"> <\/h2>\n\n\n\n<p><strong>taille2 :<\/strong><br>avec couvercle en verre\/doublure en acier 32cm<br>Diam\u00e8tre 32 cm, hauteur 9 cm<br>Avec couvercle en verre (NW:2.45kg\/set)<br>Avec insert en acier (NW:2.3 kg\/set)<br>Sans couvercle (Poids net : 1,56 kg\/set)<br><strong>taille3 :<\/strong><br>avec couvercle en verre\/acier 34 cm<br>Diam\u00e8tre 34 cm, hauteur 9,5 cm<br>Avec couvercle en verre (poids net : 2,75 kg\/set)<br>avec couvercle en acier (poids net : 2,58 kg\/set)<br>sans couvercle (poids net : 1,75 kg\/set)<br>MOQ 360 pcs<\/p>\n<\/div>\n<\/div>\n\n\n\n<h3 class=\"wp-block-heading\">Po\u00eales \u00e0 frire personnalis\u00e9es<\/h3>\n\n\n\n<p>Emballage : bo\u00eete en couleur\/carton, etc.<br>MOQ : 1000<br><strong><a href=\"https:\/\/www.purecook.com\/fr\/custom-solution\/\" target=\"_blank\" rel=\"noreferrer noopener\">Solutions personnalis\u00e9es OEM et ODM<\/a><\/strong><\/p>\n\n\n\n<div class=\"wp-block-columns is-layout-flex wp-container-core-columns-is-layout-9d6595d7 wp-block-columns-is-layout-flex\">\n<div class=\"wp-block-column is-layout-flow wp-block-column-is-layout-flow\">\n<figure class=\"wp-block-image size-full\"><img decoding=\"async\" width=\"800\" height=\"800\" src=\"https:\/\/purecook.com\/wp-content\/uploads\/2024\/05\/Wholesale-Frying-Pans-Three-layer-steel-5.webp\" alt=\"Po\u00eales \u00e0 frire en gros Fabriqu\u00e9es en acier \u00e0 trois couches\" class=\"wp-image-2179\" srcset=\"https:\/\/www.purecook.com\/wp-content\/uploads\/2024\/05\/Wholesale-Frying-Pans-Three-layer-steel-5.webp 800w, https:\/\/www.purecook.com\/wp-content\/uploads\/2024\/05\/Wholesale-Frying-Pans-Three-layer-steel-5-300x300.webp 300w, https:\/\/www.purecook.com\/wp-content\/uploads\/2024\/05\/Wholesale-Frying-Pans-Three-layer-steel-5-150x150.webp 150w, https:\/\/www.purecook.com\/wp-content\/uploads\/2024\/05\/Wholesale-Frying-Pans-Three-layer-steel-5-768x768.webp 768w, https:\/\/www.purecook.com\/wp-content\/uploads\/2024\/05\/Wholesale-Frying-Pans-Three-layer-steel-5-600x600.webp 600w, https:\/\/www.purecook.com\/wp-content\/uploads\/2024\/05\/Wholesale-Frying-Pans-Three-layer-steel-5-100x100.webp 100w\" sizes=\"(max-width: 800px) 100vw, 800px\" \/><\/figure>\n<\/div>\n\n\n\n<div class=\"wp-block-column is-layout-flow wp-block-column-is-layout-flow\">\n<figure class=\"wp-block-image size-full\"><img decoding=\"async\" width=\"800\" height=\"800\" src=\"https:\/\/purecook.com\/wp-content\/uploads\/2024\/05\/Wholesale-Frying-Pans-Three-layer-steel-4.webp\" alt=\"Po\u00eales \u00e0 frire en gros Fabriqu\u00e9es en acier \u00e0 trois couches\" class=\"wp-image-2178\" srcset=\"https:\/\/www.purecook.com\/wp-content\/uploads\/2024\/05\/Wholesale-Frying-Pans-Three-layer-steel-4.webp 800w, https:\/\/www.purecook.com\/wp-content\/uploads\/2024\/05\/Wholesale-Frying-Pans-Three-layer-steel-4-300x300.webp 300w, https:\/\/www.purecook.com\/wp-content\/uploads\/2024\/05\/Wholesale-Frying-Pans-Three-layer-steel-4-150x150.webp 150w, https:\/\/www.purecook.com\/wp-content\/uploads\/2024\/05\/Wholesale-Frying-Pans-Three-layer-steel-4-768x768.webp 768w, https:\/\/www.purecook.com\/wp-content\/uploads\/2024\/05\/Wholesale-Frying-Pans-Three-layer-steel-4-600x600.webp 600w, https:\/\/www.purecook.com\/wp-content\/uploads\/2024\/05\/Wholesale-Frying-Pans-Three-layer-steel-4-100x100.webp 100w\" sizes=\"(max-width: 800px) 100vw, 800px\" \/><\/figure>\n<\/div>\n<\/div>","protected":false},"excerpt":{"rendered":"<p>Structure en acier composite \u00e0 trois couches, la couche centrale est un noyau d'aluminium, et les couches ext\u00e9rieure et int\u00e9rieure sont en acier inoxydable de haute qualit\u00e9 pour assurer une conduction uniforme de la chaleur et une augmentation rapide de la temp\u00e9rature. Elle peut \u00eatre utilis\u00e9e pour la cuisson, la soupe et la friture. Il existe une grande vari\u00e9t\u00e9 de sp\u00e9cifications pour r\u00e9pondre \u00e0 vos besoins d'achat. Il convient parfaitement \u00e0 un usage domestique ou aux chefs professionnels dans les restaurants.<\/p>\n<h2>Caract\u00e9ristiques et avantages des po\u00eales \u00e0 frire<\/h2>\n<p>Friture rapide, petite friture, saut\u00e9 rapide ! La po\u00eale id\u00e9ale pour tous les types d'aliments.<\/p>\n<p>Conception composite multicouche :<\/p>\n<p>1 : Rev\u00eatement en acier inoxydable 18\/10 (304) de qualit\u00e9 alimentaire<\/p>\n<p>2 : Aluminium \u00e9pais - Excellente conductivit\u00e9 thermique ;<\/p>\n<p>3 : Acier inoxydable 18\/0(430) \u00e0 haute conductivit\u00e9 magn\u00e9tique, compatible avec les tables de cuisson \u00e0 induction ;<\/p>\n<p><\/p>","protected":false},"featured_media":2177,"comment_status":"closed","ping_status":"closed","template":"","meta":{"_acf_changed":false},"product_brand":[],"product_cat":[24,71],"product_tag":[97,98],"class_list":{"0":"post-2174","1":"product","2":"type-product","3":"status-publish","4":"has-post-thumbnail","6":"product_cat-cookware","7":"product_cat-frying-pan","8":"product_tag-wholesale-commercial-cookware","9":"product_tag-wholesale-home-cookware","11":"first","12":"instock","13":"shipping-taxable","14":"product-type-simple"},"acf":[],"_links":{"self":[{"href":"https:\/\/www.purecook.com\/fr\/wp-json\/wp\/v2\/product\/2174","targetHints":{"allow":["GET"]}}],"collection":[{"href":"https:\/\/www.purecook.com\/fr\/wp-json\/wp\/v2\/product"}],"about":[{"href":"https:\/\/www.purecook.com\/fr\/wp-json\/wp\/v2\/types\/product"}],"replies":[{"embeddable":true,"href":"https:\/\/www.purecook.com\/fr\/wp-json\/wp\/v2\/comments?post=2174"}],"wp:featuredmedia":[{"embeddable":true,"href":"https:\/\/www.purecook.com\/fr\/wp-json\/wp\/v2\/media\/2177"}],"wp:attachment":[{"href":"https:\/\/www.purecook.com\/fr\/wp-json\/wp\/v2\/media?parent=2174"}],"wp:term":[{"taxonomy":"product_brand","embeddable":true,"href":"https:\/\/www.purecook.com\/fr\/wp-json\/wp\/v2\/product_brand?post=2174"},{"taxonomy":"product_cat","embeddable":true,"href":"https:\/\/www.purecook.com\/fr\/wp-json\/wp\/v2\/product_cat?post=2174"},{"taxonomy":"product_tag","embeddable":true,"href":"https:\/\/www.purecook.com\/fr\/wp-json\/wp\/v2\/product_tag?post=2174"}],"curies":[{"name":"wp","href":"https:\/\/api.w.org\/{rel}","templated":true}]}}