{"id":2182,"date":"2024-05-19T19:40:14","date_gmt":"2024-05-19T11:40:14","guid":{"rendered":"https:\/\/purecook.com\/?post_type=product&#038;p=2182"},"modified":"2025-04-27T17:09:26","modified_gmt":"2025-04-27T09:09:26","slug":"wholesale-cookware-set-customizable","status":"publish","type":"product","link":"https:\/\/www.purecook.com\/fr\/product\/wholesale-cookware-set-customizable\/","title":{"rendered":"Les batteries de cuisine en gros offrent des services personnalis\u00e9s"},"content":{"rendered":"<div class=\"wp-block-columns is-layout-flex wp-container-core-columns-is-layout-9d6595d7 wp-block-columns-is-layout-flex\">\n<div class=\"wp-block-column is-layout-flow wp-block-column-is-layout-flow\">\n<h3 class=\"wp-block-heading\">Param\u00e8tres de la batterie de cuisine<\/h3>\n\n\n\n<p><strong>Num\u00e9ro du mod\u00e8le:HH-2901<\/strong><br>Mat\u00e9riau : SUS201<br>Mat\u00e9riau alternatif : SUS304.SUS430<br>Fond : acier inoxydable + aluminium + acier inoxydable<br>\u00c9paisseur : 0,5 mm<br><strong>La batterie de cuisine comprend :<\/strong><br>Diam\u00e8tre de la casserole:16cm ,Hauteur:9cm<br>Diam\u00e8tre de la marmite:18cm ,Hauteur:10cm<br>Diam\u00e8tre de la marmite:20cm ,Hauteur:11cm<br>Diam\u00e8tre de la marmite basse:24cm ,Haut:13cm<br>Emballage : Bo\u00eete imprim\u00e9e<\/p>\n<\/div>\n\n\n\n<div class=\"wp-block-column is-layout-flow wp-block-column-is-layout-flow\">\n<h3 class=\"wp-block-heading\">Batterie de cuisine personnalis\u00e9e<\/h3>\n\n\n\n<p>Logo : personnalisez le logo de votre marque<br>Emballage : bo\u00eete en couleur\/carton, etc.<br>Couleur : personnalisation possible<br>MOQ : 1000<br><strong><a href=\"https:\/\/www.purecook.com\/fr\/custom-solution\/\" target=\"_blank\" rel=\"noreferrer noopener\">Solutions personnalis\u00e9es OEM et ODM<\/a><\/strong><\/p>\n<\/div>\n<\/div>\n\n\n\n<div class=\"wp-block-columns is-layout-flex wp-container-core-columns-is-layout-9d6595d7 wp-block-columns-is-layout-flex\">\n<div class=\"wp-block-column is-layout-flow wp-block-column-is-layout-flow\">\n<figure class=\"wp-block-image size-full\"><img decoding=\"async\" width=\"800\" height=\"800\" src=\"https:\/\/purecook.com\/wp-content\/uploads\/2024\/05\/wholesale-custom-cookware-set-3.png\" alt=\"batterie de cuisine personnalis\u00e9e en gros\" class=\"wp-image-2183\" srcset=\"https:\/\/www.purecook.com\/wp-content\/uploads\/2024\/05\/wholesale-custom-cookware-set-3.png 800w, https:\/\/www.purecook.com\/wp-content\/uploads\/2024\/05\/wholesale-custom-cookware-set-3-300x300.png 300w, https:\/\/www.purecook.com\/wp-content\/uploads\/2024\/05\/wholesale-custom-cookware-set-3-150x150.png 150w, https:\/\/www.purecook.com\/wp-content\/uploads\/2024\/05\/wholesale-custom-cookware-set-3-768x768.png 768w, https:\/\/www.purecook.com\/wp-content\/uploads\/2024\/05\/wholesale-custom-cookware-set-3-600x600.png 600w, https:\/\/www.purecook.com\/wp-content\/uploads\/2024\/05\/wholesale-custom-cookware-set-3-100x100.png 100w\" sizes=\"(max-width: 800px) 100vw, 800px\" \/><\/figure>\n<\/div>\n\n\n\n<div class=\"wp-block-column is-layout-flow wp-block-column-is-layout-flow\">\n<figure class=\"wp-block-image size-full\"><img decoding=\"async\" width=\"800\" height=\"800\" src=\"https:\/\/purecook.com\/wp-content\/uploads\/2024\/05\/wholesale-custom-cookware-set-2.webp\" alt=\"batterie de cuisine personnalis\u00e9e en gros\" class=\"wp-image-2187\" srcset=\"https:\/\/www.purecook.com\/wp-content\/uploads\/2024\/05\/wholesale-custom-cookware-set-2.webp 800w, https:\/\/www.purecook.com\/wp-content\/uploads\/2024\/05\/wholesale-custom-cookware-set-2-300x300.webp 300w, https:\/\/www.purecook.com\/wp-content\/uploads\/2024\/05\/wholesale-custom-cookware-set-2-150x150.webp 150w, https:\/\/www.purecook.com\/wp-content\/uploads\/2024\/05\/wholesale-custom-cookware-set-2-768x768.webp 768w, https:\/\/www.purecook.com\/wp-content\/uploads\/2024\/05\/wholesale-custom-cookware-set-2-600x600.webp 600w, https:\/\/www.purecook.com\/wp-content\/uploads\/2024\/05\/wholesale-custom-cookware-set-2-100x100.webp 100w\" sizes=\"(max-width: 800px) 100vw, 800px\" \/><\/figure>\n<\/div>\n<\/div>","protected":false},"excerpt":{"rendered":"<p>Nous vous invitons \u00e0 acheter des batteries de cuisine en gros. Nos batteries de cuisine comprennent une vari\u00e9t\u00e9 d'ustensiles de cuisine enti\u00e8rement fonctionnels, tels que des marmites, des casseroles, etc., qui peuvent \u00eatre utilis\u00e9s dans les cuisines domestiques et commerciales. Nous pouvons personnaliser les batteries de cuisine en fonction des exigences des clients, y compris le mat\u00e9riau, la taille, la couleur, etc.<\/p>\n<h2>Caract\u00e9ristiques et avantages des batteries de cuisine<\/h2>\n<p>1) Acier inoxydable de haute qualit\u00e9 : Les ustensiles de cuisine sont fabriqu\u00e9s en acier inoxydable de haute qualit\u00e9 pour garantir la s\u00e9curit\u00e9 des aliments et une excellente r\u00e9sistance \u00e0 la corrosion et \u00e0 la chaleur.<\/p>\n<p>2) Conception multifonctionnelle : L'ensemble comprend des ustensiles de cuisine de tailles et de formes diverses, qui peuvent r\u00e9pondre \u00e0 diff\u00e9rents besoins de cuisson tels que la friture, l'\u00e9bullition et la cuisson \u00e0 l'\u00e9touff\u00e9e.<\/p>\n<p>3) \u00c9conomie d'\u00e9nergie : Les mat\u00e9riaux et la conception de haute qualit\u00e9 garantissent une distribution uniforme de la chaleur et une cuisson plus efficace sur le plan \u00e9nerg\u00e9tique.<\/p>\n<p>4) Logo\/emballage\/couleur personnalisables pour s'adapter \u00e0 votre style.<\/p>\n<p>5) Sans PFOA.<\/p>\n<p>&nbsp;<\/p>","protected":false},"featured_media":2186,"comment_status":"closed","ping_status":"closed","template":"","meta":{"_acf_changed":false},"product_brand":[],"product_cat":[24,69],"product_tag":[98],"class_list":{"0":"post-2182","1":"product","2":"type-product","3":"status-publish","4":"has-post-thumbnail","6":"product_cat-cookware","7":"product_cat-cookware-sets","8":"product_tag-wholesale-home-cookware","10":"first","11":"instock","12":"shipping-taxable","13":"product-type-simple"},"acf":[],"_links":{"self":[{"href":"https:\/\/www.purecook.com\/fr\/wp-json\/wp\/v2\/product\/2182","targetHints":{"allow":["GET"]}}],"collection":[{"href":"https:\/\/www.purecook.com\/fr\/wp-json\/wp\/v2\/product"}],"about":[{"href":"https:\/\/www.purecook.com\/fr\/wp-json\/wp\/v2\/types\/product"}],"replies":[{"embeddable":true,"href":"https:\/\/www.purecook.com\/fr\/wp-json\/wp\/v2\/comments?post=2182"}],"wp:featuredmedia":[{"embeddable":true,"href":"https:\/\/www.purecook.com\/fr\/wp-json\/wp\/v2\/media\/2186"}],"wp:attachment":[{"href":"https:\/\/www.purecook.com\/fr\/wp-json\/wp\/v2\/media?parent=2182"}],"wp:term":[{"taxonomy":"product_brand","embeddable":true,"href":"https:\/\/www.purecook.com\/fr\/wp-json\/wp\/v2\/product_brand?post=2182"},{"taxonomy":"product_cat","embeddable":true,"href":"https:\/\/www.purecook.com\/fr\/wp-json\/wp\/v2\/product_cat?post=2182"},{"taxonomy":"product_tag","embeddable":true,"href":"https:\/\/www.purecook.com\/fr\/wp-json\/wp\/v2\/product_tag?post=2182"}],"curies":[{"name":"wp","href":"https:\/\/api.w.org\/{rel}","templated":true}]}}