{"id":2195,"date":"2024-05-19T21:21:00","date_gmt":"2024-05-19T13:21:00","guid":{"rendered":"https:\/\/purecook.com\/?post_type=product&#038;p=2195"},"modified":"2024-06-03T17:42:15","modified_gmt":"2024-06-03T09:42:15","slug":"round-sauce-dishes-wholesale","status":"publish","type":"product","link":"https:\/\/www.purecook.com\/fr\/product\/round-sauce-dishes-wholesale\/","title":{"rendered":"Plats \u00e0 sauce ronds Wholesale en acier inoxydable de haute qualit\u00e9"},"content":{"rendered":"<div class=\"wp-block-columns is-layout-flex wp-container-core-columns-is-layout-9d6595d7 wp-block-columns-is-layout-flex\">\n<div class=\"wp-block-column is-layout-flow wp-block-column-is-layout-flow\">\n<h3 class=\"wp-block-heading\">Param\u00e8tres des plats \u00e0 sauce ronds<\/h3>\n\n\n\n<p><strong>Num\u00e9ro de mod\u00e8le : bowl-006<\/strong><br>Nom du produit : Plats \u00e0 sauce ronds<br>Couleur : Argent<br>Mat\u00e9riau : Acier inoxydable 304 Acier inoxydable 304<br>Diam\u00e8tre : 10\/12\/14 cm<br>Logo : Logo personnalisable<br>Style : Vintage<br>Quantit\u00e9 de commande 200 pi\u00e8ces<br>Quantit\u00e9 par carton : 200<br>Poids brut : 20kg\/caisse<\/p>\n<\/div>\n\n\n\n<div class=\"wp-block-column is-layout-flow wp-block-column-is-layout-flow\">\n<h3 class=\"wp-block-heading\">Plats \u00e0 sauce ronds personnalis\u00e9s<\/h3>\n\n\n\n<p>Logo : personnalisez le logo de votre marque<br>Emballage : bo\u00eete en couleur\/carton, etc.<br>Motifs : personnalisez les motifs que vous souhaitez<br>MOQ : 1000<br><strong><a href=\"https:\/\/www.purecook.com\/fr\/custom-solution\/\" target=\"_blank\" rel=\"noreferrer noopener\">Solutions personnalis\u00e9es OEM et ODM<\/a><\/strong><\/p>\n<\/div>\n<\/div>\n\n\n\n<div class=\"wp-block-columns is-layout-flex wp-container-core-columns-is-layout-9d6595d7 wp-block-columns-is-layout-flex\">\n<div class=\"wp-block-column is-layout-flow wp-block-column-is-layout-flow\">\n<figure class=\"wp-block-image size-full\"><img decoding=\"async\" width=\"800\" height=\"800\" src=\"https:\/\/purecook.com\/wp-content\/uploads\/2024\/05\/sauce-dishes-wholesale-4.webp\" alt=\"plats \u00e0 sauce en gros\" class=\"wp-image-2199\" srcset=\"https:\/\/www.purecook.com\/wp-content\/uploads\/2024\/05\/sauce-dishes-wholesale-4.webp 800w, https:\/\/www.purecook.com\/wp-content\/uploads\/2024\/05\/sauce-dishes-wholesale-4-300x300.webp 300w, https:\/\/www.purecook.com\/wp-content\/uploads\/2024\/05\/sauce-dishes-wholesale-4-150x150.webp 150w, https:\/\/www.purecook.com\/wp-content\/uploads\/2024\/05\/sauce-dishes-wholesale-4-768x768.webp 768w, https:\/\/www.purecook.com\/wp-content\/uploads\/2024\/05\/sauce-dishes-wholesale-4-600x600.webp 600w, https:\/\/www.purecook.com\/wp-content\/uploads\/2024\/05\/sauce-dishes-wholesale-4-100x100.webp 100w\" sizes=\"(max-width: 800px) 100vw, 800px\" \/><\/figure>\n<\/div>\n\n\n\n<div class=\"wp-block-column is-layout-flow wp-block-column-is-layout-flow\">\n<figure class=\"wp-block-image size-full\"><img decoding=\"async\" width=\"800\" height=\"800\" src=\"https:\/\/purecook.com\/wp-content\/uploads\/2024\/05\/sauce-dishes-wholesale-5.webp\" alt=\"plats \u00e0 sauce en gros\" class=\"wp-image-2200\" srcset=\"https:\/\/www.purecook.com\/wp-content\/uploads\/2024\/05\/sauce-dishes-wholesale-5.webp 800w, https:\/\/www.purecook.com\/wp-content\/uploads\/2024\/05\/sauce-dishes-wholesale-5-300x300.webp 300w, https:\/\/www.purecook.com\/wp-content\/uploads\/2024\/05\/sauce-dishes-wholesale-5-150x150.webp 150w, https:\/\/www.purecook.com\/wp-content\/uploads\/2024\/05\/sauce-dishes-wholesale-5-768x768.webp 768w, https:\/\/www.purecook.com\/wp-content\/uploads\/2024\/05\/sauce-dishes-wholesale-5-600x600.webp 600w, https:\/\/www.purecook.com\/wp-content\/uploads\/2024\/05\/sauce-dishes-wholesale-5-100x100.webp 100w\" sizes=\"(max-width: 800px) 100vw, 800px\" \/><\/figure>\n<\/div>\n<\/div>","protected":false},"excerpt":{"rendered":"<p>Chaque assiette \u00e0 sauce est fabriqu\u00e9e en acier inoxydable de haute qualit\u00e9 et convient pour contenir diverses sauces, condiments et snacks. Il peut \u00eatre utilis\u00e9 lors de r\u00e9unions de famille, dans les h\u00f4tels, les restaurants et autres lieux. Diff\u00e9rentes sp\u00e9cifications sont disponibles. Nous fournissons des services de plats \u00e0 sauce personnalis\u00e9s pour r\u00e9pondre aux besoins des clients.<\/p>\n<h2>Caract\u00e9ristiques et avantages des plats \u00e0 sauce ronds<\/h2>\n<p>Les plats \u00e0 sauce ronds sont fabriqu\u00e9s en acier inoxydable. Parfaites pour tous les \u00e9v\u00e9nements, elles peuvent \u00eatre utilis\u00e9es pour contenir des condiments, des aliments, des sauces de trempage et bien plus encore. Id\u00e9al pour toutes les occasions, les r\u00e9unions de famille, les anniversaires, les fian\u00e7ailles, les f\u00eates d'anniversaire.<\/p>\n<p>R\u00e9sistant \u00e0 l'usure et aux chutes, tr\u00e8s pratique, excellente texture.<\/p>\n<p>Adapt\u00e9 \u00e0 votre taille, il peut contenir tous vos encas et aliments pr\u00e9f\u00e9r\u00e9s.<\/p>\n<p>Une finition exquise et des d\u00e9tails magnifiques garantissent sa praticit\u00e9 et sa durabilit\u00e9 \u00e0 la maison.<\/p>\n<p>Convient pour les r\u00e9unions de famille, les f\u00eates, les mariages, les bars et les restaurants, les magasins de desserts, etc.<\/p>\n<p>Peut \u00eatre utilis\u00e9 pour servir des fruits, des petits d\u00e9jeuners, des snacks, des dips et d'autres desserts.<\/p>","protected":false},"featured_media":2199,"comment_status":"closed","ping_status":"closed","template":"","meta":{"_acf_changed":false},"product_brand":[],"product_cat":[55,51],"product_tag":[],"class_list":{"0":"post-2195","1":"product","2":"type-product","3":"status-publish","4":"has-post-thumbnail","6":"product_cat-dish-and-plate","7":"product_cat-dinnerware","9":"first","10":"instock","11":"shipping-taxable","12":"product-type-simple"},"acf":[],"_links":{"self":[{"href":"https:\/\/www.purecook.com\/fr\/wp-json\/wp\/v2\/product\/2195","targetHints":{"allow":["GET"]}}],"collection":[{"href":"https:\/\/www.purecook.com\/fr\/wp-json\/wp\/v2\/product"}],"about":[{"href":"https:\/\/www.purecook.com\/fr\/wp-json\/wp\/v2\/types\/product"}],"replies":[{"embeddable":true,"href":"https:\/\/www.purecook.com\/fr\/wp-json\/wp\/v2\/comments?post=2195"}],"wp:featuredmedia":[{"embeddable":true,"href":"https:\/\/www.purecook.com\/fr\/wp-json\/wp\/v2\/media\/2199"}],"wp:attachment":[{"href":"https:\/\/www.purecook.com\/fr\/wp-json\/wp\/v2\/media?parent=2195"}],"wp:term":[{"taxonomy":"product_brand","embeddable":true,"href":"https:\/\/www.purecook.com\/fr\/wp-json\/wp\/v2\/product_brand?post=2195"},{"taxonomy":"product_cat","embeddable":true,"href":"https:\/\/www.purecook.com\/fr\/wp-json\/wp\/v2\/product_cat?post=2195"},{"taxonomy":"product_tag","embeddable":true,"href":"https:\/\/www.purecook.com\/fr\/wp-json\/wp\/v2\/product_tag?post=2195"}],"curies":[{"name":"wp","href":"https:\/\/api.w.org\/{rel}","templated":true}]}}