{"id":2215,"date":"2024-05-23T11:08:02","date_gmt":"2024-05-23T03:08:02","guid":{"rendered":"https:\/\/purecook.com\/?post_type=product&#038;p=2215"},"modified":"2024-06-03T17:41:40","modified_gmt":"2024-06-03T09:41:40","slug":"durable-stainless-steel-dinner-plates-wholesale","status":"publish","type":"product","link":"https:\/\/www.purecook.com\/fr\/product\/durable-stainless-steel-dinner-plates-wholesale\/","title":{"rendered":"Assiettes \u00e0 d\u00eener en acier inoxydable durable Wholesale"},"content":{"rendered":"<div class=\"wp-block-columns is-layout-flex wp-container-core-columns-is-layout-9d6595d7 wp-block-columns-is-layout-flex\">\n<div class=\"wp-block-column is-layout-flow wp-block-column-is-layout-flow\">\n<h3 class=\"wp-block-heading\">Param\u00e8tres des assiettes en acier inoxydable<\/h3>\n\n\n\n<p><strong>Num\u00e9ro de mod\u00e8le : bowl-007<\/strong><br>Nom : assiette carr\u00e9e<br>Mat\u00e9riau : acier inoxydable 201<br>Couleur : argent vintage<br>Taille : 21\u00d712,5 cm\/23\u00d723 cm<br>Logo : logo personnalisable<br>Style : style r\u00e9tro vintage<br>Quantit\u00e9 de commande 160 pi\u00e8ces<br>Poids brut : 15kg\/caisse<\/p>\n<\/div>\n\n\n\n<div class=\"wp-block-column is-layout-flow wp-block-column-is-layout-flow\">\n<h3 class=\"wp-block-heading\">Assiettes en acier inoxydable personnalis\u00e9es<\/h3>\n\n\n\n<p>Logo : personnalisez le logo de votre marque<br>Emballage : bo\u00eete en couleur\/carton, etc.<br>Motif : Personnalisez le motif de votre choix<br>Quantit\u00e9 de commande 1000 pi\u00e8ces<br><strong><a href=\"https:\/\/www.purecook.com\/fr\/custom-solution\/\" target=\"_blank\" rel=\"noreferrer noopener\">Solutions personnalis\u00e9es OEM et ODM<\/a><\/strong><\/p>\n<\/div>\n<\/div>\n\n\n\n<div class=\"wp-block-columns is-layout-flex wp-container-core-columns-is-layout-9d6595d7 wp-block-columns-is-layout-flex\">\n<div class=\"wp-block-column is-layout-flow wp-block-column-is-layout-flow\">\n<figure class=\"wp-block-image size-full\"><img decoding=\"async\" width=\"750\" height=\"1122\" src=\"https:\/\/purecook.com\/wp-content\/uploads\/2024\/05\/stainless-steel-dinner-plates-wholesale-4.webp\" alt=\"Assiettes \u00e0 d\u00eener en acier inoxydable\" class=\"wp-image-2226\" srcset=\"https:\/\/www.purecook.com\/wp-content\/uploads\/2024\/05\/stainless-steel-dinner-plates-wholesale-4.webp 750w, https:\/\/www.purecook.com\/wp-content\/uploads\/2024\/05\/stainless-steel-dinner-plates-wholesale-4-201x300.webp 201w, https:\/\/www.purecook.com\/wp-content\/uploads\/2024\/05\/stainless-steel-dinner-plates-wholesale-4-600x898.webp 600w\" sizes=\"(max-width: 750px) 100vw, 750px\" \/><\/figure>\n<\/div>\n\n\n\n<div class=\"wp-block-column is-layout-flow wp-block-column-is-layout-flow\">\n<figure class=\"wp-block-image size-full\"><img decoding=\"async\" width=\"750\" height=\"1113\" src=\"https:\/\/purecook.com\/wp-content\/uploads\/2024\/05\/stainless-steel-dinner-plates-wholesale-2.webp\" alt=\"Assiettes \u00e0 d\u00eener en acier inoxydable\" class=\"wp-image-2224\" srcset=\"https:\/\/www.purecook.com\/wp-content\/uploads\/2024\/05\/stainless-steel-dinner-plates-wholesale-2.webp 750w, https:\/\/www.purecook.com\/wp-content\/uploads\/2024\/05\/stainless-steel-dinner-plates-wholesale-2-202x300.webp 202w, https:\/\/www.purecook.com\/wp-content\/uploads\/2024\/05\/stainless-steel-dinner-plates-wholesale-2-600x890.webp 600w\" sizes=\"(max-width: 750px) 100vw, 750px\" \/><\/figure>\n<\/div>\n<\/div>","protected":false},"excerpt":{"rendered":"<p>Nous sommes l'un des meilleurs fabricants d'assiettes \u00e0 d\u00eener en acier inoxydable en Chine et fournissons un service de vente en gros d'assiettes \u00e0 d\u00eener en acier inoxydable durables et de haute qualit\u00e9. Les assiettes sont fabriqu\u00e9es en acier inoxydable de haute qualit\u00e9, avec un traitement de surface sp\u00e9cial, qui est facile \u00e0 nettoyer et ne retient pas facilement les aliments et les bact\u00e9ries. Elles conviennent comme plateaux de f\u00eate et plateaux de service de restaurant. Nous fournissons \u00e9galement des services de personnalisation, et pouvons imprimer des logos de marque et personnaliser l'emballage selon vos besoins.Nous offrons des assiettes \u00e0 d\u00eener en gros, bienvenue pour commander.<\/p>\n<h2>Caract\u00e9ristiques et avantages des assiettes plates<\/h2>\n<p>Design carr\u00e9 et rectangulaire : Les assiettes \u00e0 d\u00eener carr\u00e9es ont des formes carr\u00e9es et rectangulaires pour rendre les aliments dans l'assiette plus attrayants, plateau \u00e0 th\u00e9, plateau en argent, plateau d\u00e9coratif en m\u00e9tal.<\/p>\n<p>Plateaux \u00e0 manger en argent : Les plateaux repas en acier inoxydable sont fabriqu\u00e9s \u00e0 partir d'un mat\u00e9riau en acier inoxydable de haute qualit\u00e9 et d'un traitement de surface sp\u00e9cial. Nos plateaux repas sont donc durables et ont une longue dur\u00e9e de vie.<\/p>\n<p>Plateaux de f\u00eate : Plateaux rectangulaires pour fruits, amuse-gueule, g\u00e2teaux. Ce plateau de service est largement utilis\u00e9 pour les f\u00eates, les anniversaires, les c\u00e9l\u00e9brations, les banquets, les mariages, les remises de dipl\u00f4mes, etc.<\/p>\n<p>Plateau de service carr\u00e9 : Plateau utilis\u00e9 pour servir les aliments, ce plateau n'accumule pas facilement la salet\u00e9 et est facile \u00e0 nettoyer. Ce plateau en argent est utilis\u00e9 pour servir les aliments, il supporte bien la charge et n'est pas facile \u00e0 d\u00e9former.<\/p>\n<p>Plateau de service carr\u00e9 : Plateau de service d\u00e9coratif, ce plateau en acier inoxydable ne rouille pas et n'entre pas en contact avec les aliments, ce qui rend votre d\u00eener plus agr\u00e9able.<\/p>\n<p>Le logo, l'emballage et les motifs peuvent \u00eatre personnalis\u00e9s.<\/p>\n<p>Offrir des assiettes \u00e0 d\u00eener en vrac en gros.<\/p>","protected":false},"featured_media":2228,"comment_status":"closed","ping_status":"closed","template":"","meta":{"_acf_changed":false},"product_brand":[],"product_cat":[55,51],"product_tag":[],"class_list":{"0":"post-2215","1":"product","2":"type-product","3":"status-publish","4":"has-post-thumbnail","6":"product_cat-dish-and-plate","7":"product_cat-dinnerware","9":"first","10":"instock","11":"shipping-taxable","12":"product-type-simple"},"acf":[],"_links":{"self":[{"href":"https:\/\/www.purecook.com\/fr\/wp-json\/wp\/v2\/product\/2215","targetHints":{"allow":["GET"]}}],"collection":[{"href":"https:\/\/www.purecook.com\/fr\/wp-json\/wp\/v2\/product"}],"about":[{"href":"https:\/\/www.purecook.com\/fr\/wp-json\/wp\/v2\/types\/product"}],"replies":[{"embeddable":true,"href":"https:\/\/www.purecook.com\/fr\/wp-json\/wp\/v2\/comments?post=2215"}],"wp:featuredmedia":[{"embeddable":true,"href":"https:\/\/www.purecook.com\/fr\/wp-json\/wp\/v2\/media\/2228"}],"wp:attachment":[{"href":"https:\/\/www.purecook.com\/fr\/wp-json\/wp\/v2\/media?parent=2215"}],"wp:term":[{"taxonomy":"product_brand","embeddable":true,"href":"https:\/\/www.purecook.com\/fr\/wp-json\/wp\/v2\/product_brand?post=2215"},{"taxonomy":"product_cat","embeddable":true,"href":"https:\/\/www.purecook.com\/fr\/wp-json\/wp\/v2\/product_cat?post=2215"},{"taxonomy":"product_tag","embeddable":true,"href":"https:\/\/www.purecook.com\/fr\/wp-json\/wp\/v2\/product_tag?post=2215"}],"curies":[{"name":"wp","href":"https:\/\/api.w.org\/{rel}","templated":true}]}}