{"id":2230,"date":"2024-05-23T16:10:17","date_gmt":"2024-05-23T08:10:17","guid":{"rendered":"https:\/\/purecook.com\/?post_type=product&#038;p=2230"},"modified":"2025-04-27T17:33:00","modified_gmt":"2025-04-27T09:33:00","slug":"japanese-style-non-stick-snow-pan-with-cover-wholesale","status":"publish","type":"product","link":"https:\/\/www.purecook.com\/fr\/product\/japanese-style-non-stick-snow-pan-with-cover-wholesale\/","title":{"rendered":"Po\u00eale \u00e0 neige japonaise en gros avec couvercle, manche en bois, deux tailles (18\/20cm)"},"content":{"rendered":"<div class=\"wp-block-columns is-layout-flex wp-container-core-columns-is-layout-9d6595d7 wp-block-columns-is-layout-flex\">\n<div class=\"wp-block-column is-layout-flow wp-block-column-is-layout-flow\">\n<h3 class=\"wp-block-heading\">Param\u00e8tres de la po\u00eale \u00e0 neige japonaise<\/h3>\n\n\n\n<p><strong>Num\u00e9ro de mod\u00e8le : XPG18 ; XPG20<\/strong><br><strong>Mat\u00e9riau : <\/strong>Acier inoxydable 304\/430<br><strong>Type de polissage : <\/strong>Lumineux<br><strong>Couleur : <\/strong>Argent<br><strong>Capacit\u00e9 : <\/strong>1L+<br><strong>Taille du produit : <\/strong>18cm\/20cm<br><strong>Poids du produit : <\/strong>500-600g\/pcs<br><strong>Commande minimale : <\/strong>300pcs<br><strong>Emballage : <\/strong>20pcs\/cases<\/p>\n<\/div>\n\n\n\n<div class=\"wp-block-column is-layout-flow wp-block-column-is-layout-flow\">\n<h3 class=\"wp-block-heading\">Options de bacs \u00e0 neige personnalis\u00e9s<\/h3>\n\n\n\n<p><strong>Emballage : <\/strong>bo\u00eete\/carton de couleur, etc.<br><strong>Poign\u00e9e :<\/strong> acier inoxydable\/bois <br><strong><a href=\"https:\/\/www.purecook.com\/fr\/custom-solution\/\" target=\"_blank\" rel=\"noreferrer noopener\">En savoir plus sur les solutions OEM et ODM d'ustensiles de cuisine personnalis\u00e9s<\/a><\/strong><\/p>\n<\/div>\n<\/div>\n\n\n\n<figure class=\"wp-block-table\"><table><tbody><tr><td>Num\u00e9ro de mod\u00e8le.<\/td><td>Description du produit<\/td><td>Diam\u00e8tre (cm)<\/td><td>Poids (g)<\/td><td>MOQ<\/td><td>Qt\u00e9\/ctn<\/td><td>Couleur Taille de la bo\u00eete (cm)<\/td><td>Taille du carton (cm)<\/td><td>CBM<\/td><\/tr><tr><td>XPG18<\/td><td>430 mat\u00e9riaux<\/td><td>18<\/td><td>500<\/td><td>300<\/td><td>20<\/td><td>35\u00d719.1\u00d710.2<\/td><td>73\u00d736\u00d750<\/td><td>0.132<\/td><\/tr><tr><td>XPG20<\/td><td>430 mat\u00e9riaux<\/td><td>20<\/td><td>600<\/td><td>300<\/td><td>20<\/td><td>37.5\u00d720.9\u00d711<\/td><td>73\u00d739\u00d756<\/td><td>0.16<\/td><\/tr><tr><td>XPG18<\/td><td>Mat\u00e9riau 304<\/td><td>18<\/td><td>460<\/td><td>300<\/td><td>20<\/td><td>35\u00d719.1\u00d710.2<\/td><td>73\u00d736\u00d750<\/td><td>0.132<\/td><\/tr><tr><td>XPG20<\/td><td>Mat\u00e9riau 304<\/td><td>20<\/td><td>550<\/td><td>300<\/td><td>20<\/td><td>37.5\u00d720.9\u00d711<\/td><td>73\u00d739\u00d756<\/td><td>0.16<\/td><\/tr><\/tbody><\/table><\/figure>\n\n\n\n<div class=\"wp-block-columns is-layout-flex wp-container-core-columns-is-layout-9d6595d7 wp-block-columns-is-layout-flex\">\n<div class=\"wp-block-column is-layout-flow wp-block-column-is-layout-flow\">\n<figure class=\"wp-block-image size-full\"><img decoding=\"async\" width=\"800\" height=\"800\" src=\"https:\/\/purecook.com\/wp-content\/uploads\/2024\/05\/wholesale-snow-pans-4.webp\" alt=\"bacs \u00e0 neige en gros\" class=\"wp-image-2234\" srcset=\"https:\/\/www.purecook.com\/wp-content\/uploads\/2024\/05\/wholesale-snow-pans-4.webp 800w, https:\/\/www.purecook.com\/wp-content\/uploads\/2024\/05\/wholesale-snow-pans-4-300x300.webp 300w, https:\/\/www.purecook.com\/wp-content\/uploads\/2024\/05\/wholesale-snow-pans-4-150x150.webp 150w, https:\/\/www.purecook.com\/wp-content\/uploads\/2024\/05\/wholesale-snow-pans-4-768x768.webp 768w, https:\/\/www.purecook.com\/wp-content\/uploads\/2024\/05\/wholesale-snow-pans-4-600x600.webp 600w, https:\/\/www.purecook.com\/wp-content\/uploads\/2024\/05\/wholesale-snow-pans-4-100x100.webp 100w\" sizes=\"(max-width: 800px) 100vw, 800px\" \/><\/figure>\n<\/div>\n\n\n\n<div class=\"wp-block-column is-layout-flow wp-block-column-is-layout-flow\">\n<figure class=\"wp-block-image size-full\"><img decoding=\"async\" width=\"800\" height=\"800\" src=\"https:\/\/purecook.com\/wp-content\/uploads\/2024\/05\/wholesale-snow-pans-3.webp\" alt=\"bacs \u00e0 neige en gros\" class=\"wp-image-2233\" srcset=\"https:\/\/www.purecook.com\/wp-content\/uploads\/2024\/05\/wholesale-snow-pans-3.webp 800w, https:\/\/www.purecook.com\/wp-content\/uploads\/2024\/05\/wholesale-snow-pans-3-300x300.webp 300w, https:\/\/www.purecook.com\/wp-content\/uploads\/2024\/05\/wholesale-snow-pans-3-150x150.webp 150w, https:\/\/www.purecook.com\/wp-content\/uploads\/2024\/05\/wholesale-snow-pans-3-768x768.webp 768w, https:\/\/www.purecook.com\/wp-content\/uploads\/2024\/05\/wholesale-snow-pans-3-600x600.webp 600w, https:\/\/www.purecook.com\/wp-content\/uploads\/2024\/05\/wholesale-snow-pans-3-100x100.webp 100w\" sizes=\"(max-width: 800px) 100vw, 800px\" \/><\/figure>\n<\/div>\n<\/div>","protected":false},"excerpt":{"rendered":"<p>Po\u00eales \u00e0 neige japonaises en gros avec poign\u00e9es et couvercles en bois. Corps poli pour un meilleur effet antiadh\u00e9sif. OEM disponible, acier inoxydable 430 et 304 disponible, personnalisation de la marque et de l'emballage possible pour les achats en gros. Contactez-nous pour un devis.<\/p>\n<h2>Caract\u00e9ristiques et avantages du bac \u00e0 neige<\/h2>\n<p><strong>Manipulation confortable et s\u00fbre :<\/strong> La po\u00eale est dot\u00e9e d'un manche en bois bien con\u00e7u, plus agr\u00e9able \u00e0 tenir qu'un manche en m\u00e9tal, qui a une mauvaise conductivit\u00e9 thermique, de sorte que le manche reste froid m\u00eame lorsque la po\u00eale est chaude.<\/p>\n<p><strong>Conception de l'entr\u00e9e d'eau double face :<\/strong> Les deux c\u00f4t\u00e9s du corps de la casserole sont pourvus d'entr\u00e9es d'eau bien pens\u00e9es, ce qui permet de verser facilement la soupe et l'eau chaude avec pr\u00e9cision, que l'on soit droitier ou gaucher.<\/p>\n<p><strong>Source de chaleur multifonctionnelle Compatibilit\u00e9 :<\/strong> Cette po\u00eale \u00e0 neige japonaise est compatible avec une vari\u00e9t\u00e9 de sources de chaleur, prenant en charge les cuisini\u00e8res \u00e0 gaz, les cuisini\u00e8res \u00e0 induction et les cuisini\u00e8res \u00e0 induction pour r\u00e9pondre aux besoins de diff\u00e9rents sc\u00e9narios.<\/p>\n<p><strong>Excellente durabilit\u00e9 :<\/strong> Cette po\u00eale \u00e0 neige japonaise est enti\u00e8rement fabriqu\u00e9e en acier inoxydable de haute qualit\u00e9 et a une longue dur\u00e9e de vie, ce qui en fait un choix fiable pour une utilisation \u00e0 long terme dans la cuisine.<\/p>","protected":false},"featured_media":2235,"comment_status":"closed","ping_status":"closed","template":"","meta":{"_acf_changed":false},"product_brand":[],"product_cat":[24,78],"product_tag":[98],"class_list":{"0":"post-2230","1":"product","2":"type-product","3":"status-publish","4":"has-post-thumbnail","6":"product_cat-cookware","7":"product_cat-snow-pans","8":"product_tag-wholesale-home-cookware","10":"first","11":"instock","12":"shipping-taxable","13":"product-type-simple"},"acf":[],"_links":{"self":[{"href":"https:\/\/www.purecook.com\/fr\/wp-json\/wp\/v2\/product\/2230","targetHints":{"allow":["GET"]}}],"collection":[{"href":"https:\/\/www.purecook.com\/fr\/wp-json\/wp\/v2\/product"}],"about":[{"href":"https:\/\/www.purecook.com\/fr\/wp-json\/wp\/v2\/types\/product"}],"replies":[{"embeddable":true,"href":"https:\/\/www.purecook.com\/fr\/wp-json\/wp\/v2\/comments?post=2230"}],"wp:featuredmedia":[{"embeddable":true,"href":"https:\/\/www.purecook.com\/fr\/wp-json\/wp\/v2\/media\/2235"}],"wp:attachment":[{"href":"https:\/\/www.purecook.com\/fr\/wp-json\/wp\/v2\/media?parent=2230"}],"wp:term":[{"taxonomy":"product_brand","embeddable":true,"href":"https:\/\/www.purecook.com\/fr\/wp-json\/wp\/v2\/product_brand?post=2230"},{"taxonomy":"product_cat","embeddable":true,"href":"https:\/\/www.purecook.com\/fr\/wp-json\/wp\/v2\/product_cat?post=2230"},{"taxonomy":"product_tag","embeddable":true,"href":"https:\/\/www.purecook.com\/fr\/wp-json\/wp\/v2\/product_tag?post=2230"}],"curies":[{"name":"wp","href":"https:\/\/api.w.org\/{rel}","templated":true}]}}