{"id":2243,"date":"2024-05-23T17:00:20","date_gmt":"2024-05-23T09:00:20","guid":{"rendered":"https:\/\/purecook.com\/?post_type=product&#038;p=2243"},"modified":"2024-06-03T17:38:15","modified_gmt":"2024-06-03T09:38:15","slug":"custom-3-compartment-stainless-steel-dinner-plate-wholesale","status":"publish","type":"product","link":"https:\/\/www.purecook.com\/fr\/product\/custom-3-compartment-stainless-steel-dinner-plate-wholesale\/","title":{"rendered":"Assiette \u00e0 d\u00eener en acier inoxydable \u00e0 3 compartiments personnalis\u00e9e Wholesale"},"content":{"rendered":"<div class=\"wp-block-columns is-layout-flex wp-container-core-columns-is-layout-9d6595d7 wp-block-columns-is-layout-flex\">\n<div class=\"wp-block-column is-layout-flow wp-block-column-is-layout-flow\">\n<h3 class=\"wp-block-heading\">Param\u00e8tres de l'assiette \u00e0 3 compartiments<\/h3>\n\n\n\n<p><strong>Num\u00e9ro de mod\u00e8le : bowl-009<\/strong><br>Occasion : Camping<br>Type de vaisselle : Assiette<br>Forme : ovale<br>Nom du produit : Assiette alimentaire \u00e0 3 compartiments<br>Taille \uff1a25*17cm<br>Mat\u00e9riau : Acier inoxydable 304<br>Poids : 215g<br>\u00c9paisseur : 0,8 mm<br>Couleur : Argent<br>Quantit\u00e9 minimale de commande : 80 pi\u00e8ces<br>Logo : Logo personnalis\u00e9 accept\u00e9<br>Style : Vintage<br>MOQ : 80pcs<\/p>\n<\/div>\n\n\n\n<div class=\"wp-block-column is-layout-flow wp-block-column-is-layout-flow\">\n<h3 class=\"wp-block-heading\">Assiette plate \u00e0 3 compartiments personnalis\u00e9e<\/h3>\n\n\n\n<p>Logo : personnalisez le logo de votre marque<br>Emballage : bo\u00eete en couleur\/carton, etc.<br>Motif : Personnalisez le motif de votre choix<br>Quantit\u00e9 de commande 1000 pi\u00e8ces<br><strong><a href=\"https:\/\/www.purecook.com\/fr\/custom-solution\/\" target=\"_blank\" rel=\"noreferrer noopener\">Solutions personnalis\u00e9es OEM et ODM<\/a><\/strong><\/p>\n<\/div>\n<\/div>\n\n\n\n<div class=\"wp-block-columns is-layout-flex wp-container-core-columns-is-layout-9d6595d7 wp-block-columns-is-layout-flex\">\n<div class=\"wp-block-column is-layout-flow wp-block-column-is-layout-flow\">\n<figure class=\"wp-block-image size-full\"><img decoding=\"async\" width=\"750\" height=\"1126\" src=\"https:\/\/purecook.com\/wp-content\/uploads\/2024\/05\/custom-three-compartment-dinner-plate-wholesale-8.webp\" alt=\"assiette \u00e0 trois compartiments personnalis\u00e9e wholesale\" class=\"wp-image-2251\" srcset=\"https:\/\/www.purecook.com\/wp-content\/uploads\/2024\/05\/custom-three-compartment-dinner-plate-wholesale-8.webp 750w, https:\/\/www.purecook.com\/wp-content\/uploads\/2024\/05\/custom-three-compartment-dinner-plate-wholesale-8-200x300.webp 200w, https:\/\/www.purecook.com\/wp-content\/uploads\/2024\/05\/custom-three-compartment-dinner-plate-wholesale-8-600x901.webp 600w\" sizes=\"(max-width: 750px) 100vw, 750px\" \/><\/figure>\n<\/div>\n\n\n\n<div class=\"wp-block-column is-layout-flow wp-block-column-is-layout-flow\">\n<figure class=\"wp-block-image size-full\"><img decoding=\"async\" width=\"750\" height=\"1120\" src=\"https:\/\/purecook.com\/wp-content\/uploads\/2024\/05\/custom-three-compartment-dinner-plate-wholesale-7.webp\" alt=\"assiette \u00e0 trois compartiments personnalis\u00e9e wholesale\" class=\"wp-image-2250\" srcset=\"https:\/\/www.purecook.com\/wp-content\/uploads\/2024\/05\/custom-three-compartment-dinner-plate-wholesale-7.webp 750w, https:\/\/www.purecook.com\/wp-content\/uploads\/2024\/05\/custom-three-compartment-dinner-plate-wholesale-7-201x300.webp 201w, https:\/\/www.purecook.com\/wp-content\/uploads\/2024\/05\/custom-three-compartment-dinner-plate-wholesale-7-600x896.webp 600w\" sizes=\"(max-width: 750px) 100vw, 750px\" \/><\/figure>\n<\/div>\n<\/div>","protected":false},"excerpt":{"rendered":"<p>Chaque assiette est divis\u00e9e en trois grilles, et les utilisateurs peuvent placer diff\u00e9rents types d'aliments s\u00e9par\u00e9ment, ce qui rend la pr\u00e9sentation des aliments plus raffin\u00e9e. Le design de style r\u00e9tro, simple et \u00e9l\u00e9gant, convient \u00e0 diverses occasions. Nos services de personnalisation en gros permettent de r\u00e9duire les co\u00fbts pour votre entreprise et de r\u00e9pondre rapidement \u00e0 une demande importante.<\/p>\n<h2>Caract\u00e9ristiques et avantages de l'assiette creuse<\/h2>\n<p><strong>Acier inoxydable<\/strong>: Les assiettes ovales \u00e0 rangement cloisonn\u00e9 sont fabriqu\u00e9es en acier inoxydable 304, ce qui leur permet de r\u00e9sister \u00e0 la corrosion et aux rigueurs d'une utilisation quotidienne.<\/p>\n<p><strong>Facile \u00e0 entretenir<\/strong>: Gr\u00e2ce \u00e0 leur construction robuste et \u00e0 leur surface lisse, ces assiettes sont non seulement attrayantes sur le plan visuel, mais aussi faciles \u00e0 nettoyer dans les environnements tr\u00e8s fr\u00e9quent\u00e9s.<\/p>\n<p><strong>Style industriel :<\/strong> Avec leur design vintage saisissant, ces assiettes constituent un ajout \u00e9l\u00e9gant \u00e0 votre collection de vaisselle.<\/p>\n<p><strong>Convient aux cuisines et aux salles \u00e0 manger<\/strong>: Que vous les utilisiez \u00e0 la maison ou dans une cuisine professionnelle, ces assiettes r\u00e9pondront \u00e0 de nombreux besoins culinaires.<\/p>\n<p><strong>Forme ovale moderne<\/strong>: Le design ovale de ces assiettes \u00e0 d\u00eener pr\u00e9sente un aspect moderne et unique, id\u00e9al pour mettre en valeur vos cr\u00e9ations culinaires et les faire ressortir.<\/p>","protected":false},"featured_media":2248,"comment_status":"closed","ping_status":"closed","template":"","meta":{"_acf_changed":false},"product_brand":[],"product_cat":[51,55],"product_tag":[],"class_list":{"0":"post-2243","1":"product","2":"type-product","3":"status-publish","4":"has-post-thumbnail","6":"product_cat-dinnerware","7":"product_cat-dish-and-plate","9":"first","10":"instock","11":"shipping-taxable","12":"product-type-simple"},"acf":[],"_links":{"self":[{"href":"https:\/\/www.purecook.com\/fr\/wp-json\/wp\/v2\/product\/2243","targetHints":{"allow":["GET"]}}],"collection":[{"href":"https:\/\/www.purecook.com\/fr\/wp-json\/wp\/v2\/product"}],"about":[{"href":"https:\/\/www.purecook.com\/fr\/wp-json\/wp\/v2\/types\/product"}],"replies":[{"embeddable":true,"href":"https:\/\/www.purecook.com\/fr\/wp-json\/wp\/v2\/comments?post=2243"}],"wp:featuredmedia":[{"embeddable":true,"href":"https:\/\/www.purecook.com\/fr\/wp-json\/wp\/v2\/media\/2248"}],"wp:attachment":[{"href":"https:\/\/www.purecook.com\/fr\/wp-json\/wp\/v2\/media?parent=2243"}],"wp:term":[{"taxonomy":"product_brand","embeddable":true,"href":"https:\/\/www.purecook.com\/fr\/wp-json\/wp\/v2\/product_brand?post=2243"},{"taxonomy":"product_cat","embeddable":true,"href":"https:\/\/www.purecook.com\/fr\/wp-json\/wp\/v2\/product_cat?post=2243"},{"taxonomy":"product_tag","embeddable":true,"href":"https:\/\/www.purecook.com\/fr\/wp-json\/wp\/v2\/product_tag?post=2243"}],"curies":[{"name":"wp","href":"https:\/\/api.w.org\/{rel}","templated":true}]}}