{"id":2252,"date":"2024-05-23T17:19:16","date_gmt":"2024-05-23T09:19:16","guid":{"rendered":"https:\/\/purecook.com\/?post_type=product&#038;p=2252"},"modified":"2024-06-03T17:48:23","modified_gmt":"2024-06-03T09:48:23","slug":"wholesale-non-slip-stainless-steel-oil-strainer-pot","status":"publish","type":"product","link":"https:\/\/www.purecook.com\/fr\/product\/wholesale-non-slip-stainless-steel-oil-strainer-pot\/","title":{"rendered":"Grossiste Pot \u00e0 huile en acier inoxydable antid\u00e9rapant"},"content":{"rendered":"<div class=\"wp-block-columns is-layout-flex wp-container-core-columns-is-layout-9d6595d7 wp-block-columns-is-layout-flex\">\n<div class=\"wp-block-column is-layout-flow wp-block-column-is-layout-flow\">\n<h3 class=\"wp-block-heading\">Param\u00e8tres du pot \u00e0 tamiser l'huile <\/h3>\n\n\n\n<p><strong>Num\u00e9ro de mod\u00e8le : oil pot-004<\/strong><br>Nom : Pot \u00e0 huile<br>Couleur : bleu\/violet\/argent<br>Taille 13*12 cm-1,4 litre<br>Mat\u00e9riau du corps 0.4mm\/SS304<br>Cr\u00e9pine 0.02mm\/SS304<br>Couleur : bleu\/violet\/argent<br>Couvercle, assiette et bord de la cr\u00e9pine 0,35mm\/SS201<br>Poign\u00e9e 06mm\/SS 410<br>Poids : 1kg\/pcs<br>La couleur peut \u00eatre personnalis\u00e9e, l'emballage est de 2000 pi\u00e8ces.<br>Polissage miroir interne, polissage miroir externe.<\/p>\n<\/div>\n\n\n\n<div class=\"wp-block-column is-layout-flow wp-block-column-is-layout-flow\">\n<h3 class=\"wp-block-heading\">Pot \u00e0 huile sur mesure <\/h3>\n\n\n\n<p>Emballage : bo\u00eete en couleur\/carton, etc.<br>Quantit\u00e9 de commande 2000 pi\u00e8ces<br><strong><a href=\"https:\/\/www.purecook.com\/fr\/custom-solution\/\" target=\"_blank\" rel=\"noreferrer noopener\">Solutions personnalis\u00e9es OEM et ODM<\/a><\/strong><\/p>\n<\/div>\n<\/div>\n\n\n\n<div class=\"wp-block-columns is-layout-flex wp-container-core-columns-is-layout-9d6595d7 wp-block-columns-is-layout-flex\">\n<div class=\"wp-block-column is-layout-flow wp-block-column-is-layout-flow\">\n<figure class=\"wp-block-image size-full\"><img decoding=\"async\" width=\"1000\" height=\"1000\" src=\"https:\/\/purecook.com\/wp-content\/uploads\/2024\/05\/oil-strainer-pot-1.webp\" alt=\"Pot \u00e0 huile en gros\" class=\"wp-image-2256\" srcset=\"https:\/\/www.purecook.com\/wp-content\/uploads\/2024\/05\/oil-strainer-pot-1.webp 1000w, https:\/\/www.purecook.com\/wp-content\/uploads\/2024\/05\/oil-strainer-pot-1-300x300.webp 300w, https:\/\/www.purecook.com\/wp-content\/uploads\/2024\/05\/oil-strainer-pot-1-150x150.webp 150w, https:\/\/www.purecook.com\/wp-content\/uploads\/2024\/05\/oil-strainer-pot-1-768x768.webp 768w, https:\/\/www.purecook.com\/wp-content\/uploads\/2024\/05\/oil-strainer-pot-1-600x600.webp 600w, https:\/\/www.purecook.com\/wp-content\/uploads\/2024\/05\/oil-strainer-pot-1-100x100.webp 100w\" sizes=\"(max-width: 1000px) 100vw, 1000px\" \/><\/figure>\n<\/div>\n\n\n\n<div class=\"wp-block-column is-layout-flow wp-block-column-is-layout-flow\">\n<figure class=\"wp-block-image size-full\"><img decoding=\"async\" width=\"1000\" height=\"1000\" src=\"https:\/\/purecook.com\/wp-content\/uploads\/2024\/05\/oil-strainer-pot-2.webp\" alt=\"Pot \u00e0 huile en gros\" class=\"wp-image-2253\" srcset=\"https:\/\/www.purecook.com\/wp-content\/uploads\/2024\/05\/oil-strainer-pot-2.webp 1000w, https:\/\/www.purecook.com\/wp-content\/uploads\/2024\/05\/oil-strainer-pot-2-300x300.webp 300w, https:\/\/www.purecook.com\/wp-content\/uploads\/2024\/05\/oil-strainer-pot-2-150x150.webp 150w, https:\/\/www.purecook.com\/wp-content\/uploads\/2024\/05\/oil-strainer-pot-2-768x768.webp 768w, https:\/\/www.purecook.com\/wp-content\/uploads\/2024\/05\/oil-strainer-pot-2-600x600.webp 600w, https:\/\/www.purecook.com\/wp-content\/uploads\/2024\/05\/oil-strainer-pot-2-100x100.webp 100w\" sizes=\"(max-width: 1000px) 100vw, 1000px\" \/><\/figure>\n<\/div>\n<\/div>","protected":false},"excerpt":{"rendered":"<p>Ce pot \u00e0 huile en acier inoxydable antid\u00e9rapant est dot\u00e9 d'un filtre sur le corps du pot, ce qui permet de filtrer facilement les r\u00e9sidus alimentaires. Cette passoire \u00e0 huile convient non seulement aux cuisines domestiques, mais aussi aux restaurants, h\u00f4tels et autres lieux commerciaux. L'achat en gros permet de r\u00e9duire les co\u00fbts et d'obtenir une satisfaction rapide. Nous proposons \u00e9galement des solutions personnalis\u00e9es en mati\u00e8re de logo et d'emballage.<\/p>\n<h2>Caract\u00e9ristiques et avantages du pot \u00e0 huile<\/h2>\n<p><strong>Une construction de qualit\u00e9<\/strong>: Fabriqu\u00e9 en acier inoxydable durable, ce r\u00e9cipient est \u00e9quip\u00e9 d'un bec verseur, d'un couvercle et d'une passoire \u00e0 mailles fines, parfaite pour s\u00e9parer les gouttes de bacon et la graisse.<\/p>\n<p><strong>Pratique<\/strong>: R\u00e9utilisez les huiles de coco, de canola et d'olive les plus populaires gr\u00e2ce \u00e0 notre pratique bac \u00e0 graisse pour cuisini\u00e8re.<\/p>\n<p><strong>Poign\u00e9e<\/strong>: La poign\u00e9e est facile \u00e0 tenir.<\/p>\n<p>Possibilit\u00e9 de personnaliser l'emballage.<\/p>\n<p>Finition de surface \u00e9lev\u00e9e, brillante et \u00e9clatante.<\/p>\n<p>Un filtre amovible \u00e0 mailles fines s\u00e9pare les plus petits morceaux d'aliments de l'huile de cuisson.<\/p>\n<p>Peut \u00eatre lav\u00e9 au lave-vaisselle, mais il est recommand\u00e9 de le faire \u00e0 la main.<\/p>\n<p>Convient \u00e0 la maison, au restaurant et \u00e0 l'h\u00f4tel.<\/p>","protected":false},"featured_media":2255,"comment_status":"closed","ping_status":"closed","template":"","meta":{"_acf_changed":false},"product_brand":[],"product_cat":[52,64],"product_tag":[],"class_list":{"0":"post-2252","1":"product","2":"type-product","3":"status-publish","4":"has-post-thumbnail","6":"product_cat-kitchen-utensils","7":"product_cat-oil-pot","9":"first","10":"instock","11":"shipping-taxable","12":"product-type-simple"},"acf":[],"_links":{"self":[{"href":"https:\/\/www.purecook.com\/fr\/wp-json\/wp\/v2\/product\/2252","targetHints":{"allow":["GET"]}}],"collection":[{"href":"https:\/\/www.purecook.com\/fr\/wp-json\/wp\/v2\/product"}],"about":[{"href":"https:\/\/www.purecook.com\/fr\/wp-json\/wp\/v2\/types\/product"}],"replies":[{"embeddable":true,"href":"https:\/\/www.purecook.com\/fr\/wp-json\/wp\/v2\/comments?post=2252"}],"wp:featuredmedia":[{"embeddable":true,"href":"https:\/\/www.purecook.com\/fr\/wp-json\/wp\/v2\/media\/2255"}],"wp:attachment":[{"href":"https:\/\/www.purecook.com\/fr\/wp-json\/wp\/v2\/media?parent=2252"}],"wp:term":[{"taxonomy":"product_brand","embeddable":true,"href":"https:\/\/www.purecook.com\/fr\/wp-json\/wp\/v2\/product_brand?post=2252"},{"taxonomy":"product_cat","embeddable":true,"href":"https:\/\/www.purecook.com\/fr\/wp-json\/wp\/v2\/product_cat?post=2252"},{"taxonomy":"product_tag","embeddable":true,"href":"https:\/\/www.purecook.com\/fr\/wp-json\/wp\/v2\/product_tag?post=2252"}],"curies":[{"name":"wp","href":"https:\/\/api.w.org\/{rel}","templated":true}]}}