{"id":2265,"date":"2024-05-24T08:52:43","date_gmt":"2024-05-24T00:52:43","guid":{"rendered":"https:\/\/purecook.com\/?post_type=product&#038;p=2265"},"modified":"2024-06-03T17:33:19","modified_gmt":"2024-06-03T09:33:19","slug":"colorful-custom-food-storage-containers-wholesale","status":"publish","type":"product","link":"https:\/\/www.purecook.com\/fr\/product\/colorful-custom-food-storage-containers-wholesale\/","title":{"rendered":"R\u00e9cipients de stockage d'aliments color\u00e9s personnalis\u00e9s avec r\u00e9sistance \u00e0 la temp\u00e9rature \u00e9lev\u00e9e"},"content":{"rendered":"<div class=\"wp-block-columns is-layout-flex wp-container-core-columns-is-layout-9d6595d7 wp-block-columns-is-layout-flex\">\n<div class=\"wp-block-column is-layout-flow wp-block-column-is-layout-flow\">\n<h3 class=\"wp-block-heading\">Param\u00e8tres des conteneurs de stockage des aliments <\/h3>\n\n\n\n<p><strong>Num\u00e9ro de mod\u00e8le : ch5<\/strong><br>Nom:Bo\u00eete \u00e0 fusibles<br>Style : fonc\u00e9\/clair<br>Mat\u00e9riau : acier inoxydable 201\/304<br>Couvercle : verre+silicone<br>Capacit\u00e9 : 700ml-3000ml<br>Couleur : blanc laiteux\/argent<br>Surface : polie\/\u00e9lectrolytique<br>Logo : personnalisable<br>MOQ\uff1a100pcs<\/p>\n<\/div>\n\n\n\n<div class=\"wp-block-column is-layout-flow wp-block-column-is-layout-flow\">\n<h3 class=\"wp-block-heading\">R\u00e9cipients de conservation des aliments sur mesure <\/h3>\n\n\n\n<p>Logo : personnalisez le logo de votre marque<br>Emballage : bo\u00eete en couleur\/carton, etc.<br>Quantit\u00e9 de commande 1000 pi\u00e8ces<br><strong><a href=\"https:\/\/www.purecook.com\/fr\/custom-solution\/\" target=\"_blank\" rel=\"noreferrer noopener\">Solutions personnalis\u00e9es OEM et ODM<\/a><\/strong><\/p>\n<\/div>\n<\/div>\n\n\n\n<figure class=\"wp-block-table\"><table><tbody><tr><td>Taille<\/td><td>Capacit\u00e9 (L)<\/td><td>Longueur (mm)<\/td><td>Largeur (mm)<\/td><td>Hauteur (mm)<\/td><\/tr><tr><td>Peu profond<\/td><td>0.7<\/td><td>161<\/td><td>119<\/td><td>48<\/td><\/tr><tr><td>Petite profonde<\/td><td>1<\/td><td>161<\/td><td>119<\/td><td>72<\/td><\/tr><tr><td>Moyennement peu profond<\/td><td>1.2<\/td><td>196<\/td><td>149<\/td><td>53<\/td><\/tr><tr><td>Moyennement profond<\/td><td>1.8<\/td><td>196<\/td><td>149<\/td><td>83<\/td><\/tr><tr><td>Grandes surfaces peu profondes<\/td><td>1.9<\/td><td>237<\/td><td>182<\/td><td>58<\/td><\/tr><tr><td>Grandes profondeurs<\/td><td>3<\/td><td>237<\/td><td>182<\/td><td>93<\/td><\/tr><\/tbody><\/table><\/figure>\n\n\n\n<div class=\"wp-block-columns is-layout-flex wp-container-core-columns-is-layout-9d6595d7 wp-block-columns-is-layout-flex\">\n<div class=\"wp-block-column is-layout-flow wp-block-column-is-layout-flow\">\n<figure class=\"wp-block-image size-full\"><img decoding=\"async\" width=\"750\" height=\"978\" src=\"https:\/\/purecook.com\/wp-content\/uploads\/2024\/05\/custom-food-storage-containers-wholesale-7.webp\" alt=\"conteneurs de stockage alimentaire personnalis\u00e9s en gros\" class=\"wp-image-2272\" srcset=\"https:\/\/www.purecook.com\/wp-content\/uploads\/2024\/05\/custom-food-storage-containers-wholesale-7.webp 750w, https:\/\/www.purecook.com\/wp-content\/uploads\/2024\/05\/custom-food-storage-containers-wholesale-7-230x300.webp 230w, https:\/\/www.purecook.com\/wp-content\/uploads\/2024\/05\/custom-food-storage-containers-wholesale-7-600x782.webp 600w\" sizes=\"(max-width: 750px) 100vw, 750px\" \/><\/figure>\n<\/div>\n\n\n\n<div class=\"wp-block-column is-layout-flow wp-block-column-is-layout-flow\">\n<figure class=\"wp-block-image size-full\"><img decoding=\"async\" width=\"750\" height=\"1054\" src=\"https:\/\/purecook.com\/wp-content\/uploads\/2024\/05\/custom-food-storage-containers-wholesale-1.webp\" alt=\"conteneurs de stockage alimentaire personnalis\u00e9s en gros\" class=\"wp-image-2266\" srcset=\"https:\/\/www.purecook.com\/wp-content\/uploads\/2024\/05\/custom-food-storage-containers-wholesale-1.webp 750w, https:\/\/www.purecook.com\/wp-content\/uploads\/2024\/05\/custom-food-storage-containers-wholesale-1-213x300.webp 213w, https:\/\/www.purecook.com\/wp-content\/uploads\/2024\/05\/custom-food-storage-containers-wholesale-1-600x843.webp 600w\" sizes=\"(max-width: 750px) 100vw, 750px\" \/><\/figure>\n<\/div>\n<\/div>","protected":false},"excerpt":{"rendered":"<p>Nous sommes l'un des meilleurs fabricants de conteneurs de stockage d'aliments en Chine, et nous vendons en gros des conteneurs de stockage d'aliments personnalis\u00e9s. Le r\u00e9cipient de stockage des aliments est fabriqu\u00e9 en acier inoxydable 304 de qualit\u00e9 alimentaire, et la couche ext\u00e9rieure est recouverte d'une peinture c\u00e9ramique haute temp\u00e9rature. Il peut \u00eatre utilis\u00e9 directement dans les r\u00e9frig\u00e9rateurs et les cong\u00e9lateurs, et convient \u00e9galement aux fours \u00e0 micro-ondes. Chauffage pour r\u00e9pondre \u00e0 divers besoins de stockage, contactez-nous pour acheter en gros afin d'\u00e9conomiser des co\u00fbts, nous pouvons rapidement r\u00e9pondre \u00e0 vos besoins importants.<\/p>\n<h2>Caract\u00e9ristiques et avantages des conteneurs de stockage des aliments<\/h2>\n<p><strong>R\u00e9cipient de stockage des aliments<\/strong> - Le r\u00e9cipient de conservation des aliments est facile \u00e0 utiliser, facile \u00e0 nettoyer et convient \u00e0 la conservation de toutes sortes de l\u00e9gumes.<\/p>\n<p><strong>Bac \u00e0 l\u00e9gumes ext\u00e9rieur<\/strong> - Le bac \u00e0 l\u00e9gumes est robuste et facile \u00e0 d\u00e9former, il est bien scell\u00e9 et permet de conserver les aliments pendant longtemps.<\/p>\n<p><strong>Sac de transport pour le d\u00e9jeuner<\/strong> - le couvercle emp\u00eache les odeurs fortes de s'infiltrer dans les autres aliments ou de se r\u00e9pandre dans l'espace.<\/p>\n<p><strong>Plateau en verre transparent<\/strong> - En verre antid\u00e9flagrant de haute qualit\u00e9, vous pouvez voir les aliments chauff\u00e9s d'un seul coup d'\u0153il.<\/p>\n<p><strong>Processus de peinture ext\u00e9rieure<\/strong>: Traitement r\u00e9sistant \u00e0 la chaleur, ne se d\u00e9colle pas facilement, peut \u00eatre chauff\u00e9.<\/p>\n<p><strong>Porte-filtre en option<\/strong>: Permet d'\u00e9vacuer les graisses et l'humidit\u00e9.<\/p>\n<p><strong>Bo\u00eete \u00e0 lunch pour adultes<\/strong>: Adapt\u00e9e \u00e0 la conservation de diff\u00e9rents types d'aliments, cette bo\u00eete \u00e0 lunch avec couvercle est facile \u00e0 utiliser.<\/p>\n<p>Proposer des conteneurs de stockage alimentaire personnalis\u00e9s en gros.<\/p>","protected":false},"featured_media":2269,"comment_status":"closed","ping_status":"closed","template":"","meta":{"_acf_changed":false},"product_brand":[],"product_cat":[25,51],"product_tag":[],"class_list":{"0":"post-2265","1":"product","2":"type-product","3":"status-publish","4":"has-post-thumbnail","6":"product_cat-food-storage","7":"product_cat-dinnerware","9":"first","10":"instock","11":"shipping-taxable","12":"product-type-simple"},"acf":[],"_links":{"self":[{"href":"https:\/\/www.purecook.com\/fr\/wp-json\/wp\/v2\/product\/2265","targetHints":{"allow":["GET"]}}],"collection":[{"href":"https:\/\/www.purecook.com\/fr\/wp-json\/wp\/v2\/product"}],"about":[{"href":"https:\/\/www.purecook.com\/fr\/wp-json\/wp\/v2\/types\/product"}],"replies":[{"embeddable":true,"href":"https:\/\/www.purecook.com\/fr\/wp-json\/wp\/v2\/comments?post=2265"}],"wp:featuredmedia":[{"embeddable":true,"href":"https:\/\/www.purecook.com\/fr\/wp-json\/wp\/v2\/media\/2269"}],"wp:attachment":[{"href":"https:\/\/www.purecook.com\/fr\/wp-json\/wp\/v2\/media?parent=2265"}],"wp:term":[{"taxonomy":"product_brand","embeddable":true,"href":"https:\/\/www.purecook.com\/fr\/wp-json\/wp\/v2\/product_brand?post=2265"},{"taxonomy":"product_cat","embeddable":true,"href":"https:\/\/www.purecook.com\/fr\/wp-json\/wp\/v2\/product_cat?post=2265"},{"taxonomy":"product_tag","embeddable":true,"href":"https:\/\/www.purecook.com\/fr\/wp-json\/wp\/v2\/product_tag?post=2265"}],"curies":[{"name":"wp","href":"https:\/\/api.w.org\/{rel}","templated":true}]}}