{"id":2273,"date":"2024-05-24T09:27:22","date_gmt":"2024-05-24T01:27:22","guid":{"rendered":"https:\/\/purecook.com\/?post_type=product&#038;p=2273"},"modified":"2024-06-03T17:26:45","modified_gmt":"2024-06-03T09:26:45","slug":"colorful-ceramic-coating-custom-baking-pans-wholesale","status":"publish","type":"product","link":"https:\/\/www.purecook.com\/fr\/product\/colorful-ceramic-coating-custom-baking-pans-wholesale\/","title":{"rendered":"Plaques de cuisson personnalis\u00e9es \u00e0 rev\u00eatement c\u00e9ramique color\u00e9 Wholesale"},"content":{"rendered":"<div class=\"wp-block-columns is-layout-flex wp-container-core-columns-is-layout-9d6595d7 wp-block-columns-is-layout-flex\">\n<div class=\"wp-block-column is-layout-flow wp-block-column-is-layout-flow\">\n<h3 class=\"wp-block-heading\">Param\u00e8tres des moules de cuisson<\/h3>\n\n\n\n<p><strong>Num\u00e9ro de mod\u00e8le : nbt -2<\/strong><br>Mat\u00e9riau : aluminium moul\u00e9 sous pression<br>Dimensions : 36cm\u00d736cm<br>Rev\u00eatement : Rev\u00eatement c\u00e9ramique<br>Couleur : vert\/jaune\/violet<br>Taille : 36 cm<br>Poids net : 745g<br>\u00c9paisseur : 7 mm<br>Base Base encapsul\u00e9e<br>Type de table de cuisson : Gaz\/Induction<br>Logo personnalisable<br>Emballage : sac + bo\u00eete<br>Utilisation et entretien : lavable au lave-vaisselle\/\u00e0 la main<br>MOQ\uff1a100pcs<\/p>\n<\/div>\n\n\n\n<div class=\"wp-block-column is-layout-flow wp-block-column-is-layout-flow\">\n<h3 class=\"wp-block-heading\">Plaques de cuisson personnalis\u00e9es<\/h3>\n\n\n\n<p>Logo : personnalisez le logo de votre marque<br>Quantit\u00e9 de commande 1000 pi\u00e8ces<br><strong><a href=\"https:\/\/www.purecook.com\/fr\/custom-solution\/\" target=\"_blank\" rel=\"noreferrer noopener\">Solutions personnalis\u00e9es OEM et ODM<\/a><\/strong><\/p>\n<\/div>\n<\/div>\n\n\n\n<figure class=\"wp-block-table\"><table><tbody><tr><td>Taille<\/td><td>Capacit\u00e9 (L)<\/td><td>Longueur (mm)<\/td><td>Largeur (mm)<\/td><td>Hauteur (mm)<\/td><\/tr><tr><td>Peu profond<\/td><td>0.7<\/td><td>161<\/td><td>119<\/td><td>48<\/td><\/tr><tr><td>Petite profonde<\/td><td>1<\/td><td>161<\/td><td>119<\/td><td>72<\/td><\/tr><tr><td>Moyennement peu profond<\/td><td>1.2<\/td><td>196<\/td><td>149<\/td><td>53<\/td><\/tr><tr><td>Moyennement profond<\/td><td>1.8<\/td><td>196<\/td><td>149<\/td><td>83<\/td><\/tr><tr><td>Grandes surfaces peu profondes<\/td><td>1.9<\/td><td>237<\/td><td>182<\/td><td>58<\/td><\/tr><tr><td>Grandes profondeurs<\/td><td>3<\/td><td>237<\/td><td>182<\/td><td>93<\/td><\/tr><\/tbody><\/table><\/figure>\n\n\n\n<div class=\"wp-block-columns is-layout-flex wp-container-core-columns-is-layout-9d6595d7 wp-block-columns-is-layout-flex\">\n<div class=\"wp-block-column is-layout-flow wp-block-column-is-layout-flow\">\n<figure class=\"wp-block-image size-full\"><img decoding=\"async\" width=\"800\" height=\"800\" src=\"https:\/\/purecook.com\/wp-content\/uploads\/2024\/05\/custom-baking-pans-4.webp\" alt=\"moules \u00e0 p\u00e2tisserie personnalis\u00e9s en gros\" class=\"wp-image-2277\" srcset=\"https:\/\/www.purecook.com\/wp-content\/uploads\/2024\/05\/custom-baking-pans-4.webp 800w, https:\/\/www.purecook.com\/wp-content\/uploads\/2024\/05\/custom-baking-pans-4-300x300.webp 300w, https:\/\/www.purecook.com\/wp-content\/uploads\/2024\/05\/custom-baking-pans-4-150x150.webp 150w, https:\/\/www.purecook.com\/wp-content\/uploads\/2024\/05\/custom-baking-pans-4-768x768.webp 768w, https:\/\/www.purecook.com\/wp-content\/uploads\/2024\/05\/custom-baking-pans-4-600x600.webp 600w, https:\/\/www.purecook.com\/wp-content\/uploads\/2024\/05\/custom-baking-pans-4-100x100.webp 100w\" sizes=\"(max-width: 800px) 100vw, 800px\" \/><\/figure>\n<\/div>\n\n\n\n<div class=\"wp-block-column is-layout-flow wp-block-column-is-layout-flow\">\n<figure class=\"wp-block-image size-full\"><img decoding=\"async\" width=\"800\" height=\"800\" src=\"https:\/\/purecook.com\/wp-content\/uploads\/2024\/05\/custom-baking-pans-6.webp\" alt=\"moules \u00e0 p\u00e2tisserie personnalis\u00e9s en gros\" class=\"wp-image-2279\" srcset=\"https:\/\/www.purecook.com\/wp-content\/uploads\/2024\/05\/custom-baking-pans-6.webp 800w, https:\/\/www.purecook.com\/wp-content\/uploads\/2024\/05\/custom-baking-pans-6-300x300.webp 300w, https:\/\/www.purecook.com\/wp-content\/uploads\/2024\/05\/custom-baking-pans-6-150x150.webp 150w, https:\/\/www.purecook.com\/wp-content\/uploads\/2024\/05\/custom-baking-pans-6-768x768.webp 768w, https:\/\/www.purecook.com\/wp-content\/uploads\/2024\/05\/custom-baking-pans-6-600x600.webp 600w, https:\/\/www.purecook.com\/wp-content\/uploads\/2024\/05\/custom-baking-pans-6-100x100.webp 100w\" sizes=\"(max-width: 800px) 100vw, 800px\" \/><\/figure>\n<\/div>\n<\/div>","protected":false},"excerpt":{"rendered":"<p>Le moule de cuisson personnalis\u00e9 est fabriqu\u00e9 en aluminium moul\u00e9 sous pression de haute qualit\u00e9, qui conduit la chaleur rapidement et uniform\u00e9ment, facilitant ainsi la cuisson d'aliments d\u00e9licieux. Elle pr\u00e9sente d'excellentes performances antiadh\u00e9sives et est plus facile \u00e0 nettoyer. La conception sans fum\u00e9e garantit un environnement de cuisson frais et sain. Nous sommes un fabricant de po\u00eales \u00e0 frire sur mesure, nous pouvons personnaliser les couleurs et les motifs en fonction de vos besoins. Contactez-nous pour un devis gratuit.<\/p>\n<h2>Caract\u00e9ristiques et avantages des moules \u00e0 p\u00e2tisserie<\/h2>\n<p>Des r\u00e9sultats de grillades exceptionnels : la construction du gril permet \u00e0 la plaque de griller de fournir une chaleur homog\u00e8ne, ce qui permet d'obtenir d'excellents r\u00e9sultats de grillades.<\/p>\n<p>Appr\u00e9ciez les produits authentiques et dignes de confiance du barbecue cor\u00e9en avec vos invit\u00e9s. La superbe qualit\u00e9 vous surprendra. Vous pouvez utiliser cette \u00e9tonnante po\u00eale \u00e0 griller dans la cuisine ou \u00e0 l'ext\u00e9rieur (camping, randonn\u00e9e, pique-nique, etc.).<\/p>\n<p>Sp\u00e9cialis\u00e9 pour les grillades, il pr\u00e9sente une finition plaqu\u00e9e luxueuse et peut \u00eatre plac\u00e9 directement sur la table apr\u00e8s la cuisson.<\/p>\n<p>Il s'agit de pi\u00e8ces moul\u00e9es en aluminium non ferreux. La m\u00e9thode de coul\u00e9e monolithique permet non seulement de cuire rapidement gr\u00e2ce \u00e0 sa conductivit\u00e9 thermique \u00e9lev\u00e9e, mais aussi de cuire les aliments de mani\u00e8re uniforme et de conserver la saveur originale des ingr\u00e9dients.<\/p>\n<p>Fonction antiadh\u00e9sive : le rev\u00eatement antiadh\u00e9sif renforce le rev\u00eatement existant, offre une excellente capacit\u00e9 de nettoyage et permet de cuisiner sans coller.<\/p>\n<p>Proposer des moules \u00e0 p\u00e2tisserie personnalis\u00e9s en gros.<\/p>","protected":false},"featured_media":2278,"comment_status":"closed","ping_status":"closed","template":"","meta":{"_acf_changed":false},"product_brand":[],"product_cat":[27],"product_tag":[],"class_list":{"0":"post-2273","1":"product","2":"type-product","3":"status-publish","4":"has-post-thumbnail","6":"product_cat-bakeware","8":"first","9":"instock","10":"shipping-taxable","11":"product-type-simple"},"acf":[],"_links":{"self":[{"href":"https:\/\/www.purecook.com\/fr\/wp-json\/wp\/v2\/product\/2273","targetHints":{"allow":["GET"]}}],"collection":[{"href":"https:\/\/www.purecook.com\/fr\/wp-json\/wp\/v2\/product"}],"about":[{"href":"https:\/\/www.purecook.com\/fr\/wp-json\/wp\/v2\/types\/product"}],"replies":[{"embeddable":true,"href":"https:\/\/www.purecook.com\/fr\/wp-json\/wp\/v2\/comments?post=2273"}],"wp:featuredmedia":[{"embeddable":true,"href":"https:\/\/www.purecook.com\/fr\/wp-json\/wp\/v2\/media\/2278"}],"wp:attachment":[{"href":"https:\/\/www.purecook.com\/fr\/wp-json\/wp\/v2\/media?parent=2273"}],"wp:term":[{"taxonomy":"product_brand","embeddable":true,"href":"https:\/\/www.purecook.com\/fr\/wp-json\/wp\/v2\/product_brand?post=2273"},{"taxonomy":"product_cat","embeddable":true,"href":"https:\/\/www.purecook.com\/fr\/wp-json\/wp\/v2\/product_cat?post=2273"},{"taxonomy":"product_tag","embeddable":true,"href":"https:\/\/www.purecook.com\/fr\/wp-json\/wp\/v2\/product_tag?post=2273"}],"curies":[{"name":"wp","href":"https:\/\/api.w.org\/{rel}","templated":true}]}}