{"id":2308,"date":"2024-05-24T14:34:35","date_gmt":"2024-05-24T06:34:35","guid":{"rendered":"https:\/\/purecook.com\/?post_type=product&#038;p=2308"},"modified":"2024-11-04T10:26:04","modified_gmt":"2024-11-04T02:26:04","slug":"stackable-colorful-custom-salad-bowl-wholesale","status":"publish","type":"product","link":"https:\/\/www.purecook.com\/fr\/product\/stackable-colorful-custom-salad-bowl-wholesale\/","title":{"rendered":"Saladier empilable color\u00e9 personnalis\u00e9 Wholesale"},"content":{"rendered":"<div class=\"wp-block-columns is-layout-flex wp-container-core-columns-is-layout-9d6595d7 wp-block-columns-is-layout-flex\">\n<div class=\"wp-block-column is-layout-flow wp-block-column-is-layout-flow\">\n<h3 class=\"wp-block-heading\">Param\u00e8tres du saladier<\/h3>\n\n\n\n<p><strong>Num\u00e9ro de mod\u00e8le : Bol \u00e0 m\u00e9langer-03<\/strong><br>Mat\u00e9riau : acier inoxydable 201\/304<br>Taille du bol : 16\/19\/22\/25\/28 cm<br>Taille du panier 18\/22\/24\/28 c<br>Capacit\u00e9 : 800-5500 ml<br>Poids : 130-430g\/pcs<br>Couleur du bol : gris\/bleu\/vert\/rose\/jaune<br>Couleur du panier : argent<br>Logo : Personnalisable<br>MOQ 160 pcs<\/p>\n<\/div>\n\n\n\n<div class=\"wp-block-column is-layout-flow wp-block-column-is-layout-flow\">\n<h3 class=\"wp-block-heading\">Saladier personnalis\u00e9<\/h3>\n\n\n\n<p>Logo : personnalisez le logo de votre marque<br>Emballage : bo\u00eete en couleur\/carton, etc.<br>Quantit\u00e9 de commande 1000 pi\u00e8ces<br><strong><a href=\"https:\/\/www.purecook.com\/fr\/custom-solution\/\" target=\"_blank\" rel=\"noreferrer noopener\">Solutions personnalis\u00e9es OEM et ODM<\/a><\/strong><\/p>\n<\/div>\n<\/div>\n\n\n\n<div class=\"wp-block-columns is-layout-flex wp-container-core-columns-is-layout-9d6595d7 wp-block-columns-is-layout-flex\">\n<div class=\"wp-block-column is-layout-flow wp-block-column-is-layout-flow\">\n<figure class=\"wp-block-image size-full\"><img decoding=\"async\" width=\"624\" height=\"748\" src=\"https:\/\/purecook.com\/wp-content\/uploads\/2024\/05\/salad-bowl-szie-2.webp\" alt=\"saladier szie\" class=\"wp-image-2315\" srcset=\"https:\/\/www.purecook.com\/wp-content\/uploads\/2024\/05\/salad-bowl-szie-2.webp 624w, https:\/\/www.purecook.com\/wp-content\/uploads\/2024\/05\/salad-bowl-szie-2-250x300.webp 250w, https:\/\/www.purecook.com\/wp-content\/uploads\/2024\/05\/salad-bowl-szie-2-600x719.webp 600w\" sizes=\"(max-width: 624px) 100vw, 624px\" \/><\/figure>\n<\/div>\n\n\n\n<div class=\"wp-block-column is-layout-flow wp-block-column-is-layout-flow\">\n<figure class=\"wp-block-image size-full\"><img decoding=\"async\" width=\"638\" height=\"520\" src=\"https:\/\/purecook.com\/wp-content\/uploads\/2024\/05\/salad-bowl-szie.webp\" alt=\"saladier szie\" class=\"wp-image-2316\" srcset=\"https:\/\/www.purecook.com\/wp-content\/uploads\/2024\/05\/salad-bowl-szie.webp 638w, https:\/\/www.purecook.com\/wp-content\/uploads\/2024\/05\/salad-bowl-szie-300x245.webp 300w, https:\/\/www.purecook.com\/wp-content\/uploads\/2024\/05\/salad-bowl-szie-600x489.webp 600w\" sizes=\"(max-width: 638px) 100vw, 638px\" \/><\/figure>\n<\/div>\n<\/div>","protected":false},"excerpt":{"rendered":"<p>Vente en gros de saladiers personnalis\u00e9s. Les bols \u00e0 salade sont l\u00e9gers, durables et peuvent \u00eatre facilement empil\u00e9s. Les options de couleurs riches ajoutent des couleurs vives \u00e0 votre cuisine ou \u00e0 votre restaurant. Ils ont de nombreux usages. Ils peuvent \u00eatre utilis\u00e9s pour m\u00e9langer des salades ou placer des fruits. Nos services de personnalisation vous permettent d'ajuster les couleurs, les tailles et les motifs d'impression en fonction de vos besoins.\u00a0<\/p>\n<h2>Caract\u00e9ristiques et avantages du bol \u00e0 salade<\/h2>\n<p><strong>Bol alimentaire en acier inoxydable<\/strong>: Le bol en acier inoxydable peut \u00eatre utilis\u00e9 pour servir des aliments tels que des c\u00e9r\u00e9ales, des salades, des fruits, du riz et des nouilles. Il s'agit d'un cadeau de pendaison de cr\u00e9maill\u00e8re parfait pour vos amis et coll\u00e8gues de travail, ils l'adoreront.<\/p>\n<p><strong>A cuisiner<\/strong>: Il peut \u00eatre utilis\u00e9 pour les plaques \u00e0 induction et les fours \u00e0 micro-ondes, avec de multiples sc\u00e9narios d'utilisation.<\/p>\n<p><strong>Coupe \u00e0 fruits m\u00e9nag\u00e8re<\/strong>: Le bol est \u00e9l\u00e9gant et styl\u00e9, il convient aux d\u00eeners, aux rassemblements et aux rencontres quotidiennes d\u00e9contract\u00e9es.<\/p>\n<p><strong>Aspect color\u00e9<\/strong>: Le processus de peinture de surface est sain et respectueux de l'environnement, et l'apparence exquise ajoute une atmosph\u00e8re \u00e9l\u00e9gante et unique \u00e0 votre cuisine.<\/p>\n<p><strong>Bols de service pour la maison<\/strong>: Bols de service pour le d\u00eener, bols \u00e0 ramen, bols \u00e0 nouilles instantan\u00e9es - forme simple, parfaite pour partager des fruits, des salades, des desserts ou des en-cas.<\/p>\n<p><strong>Coupe \u00e0 fruits multifonctionnelle<\/strong>: Forme chic, tr\u00e8s pratique \u00e0 utiliser, vous apportera une merveilleuse exp\u00e9rience d'utilisation.<\/p>\n<p>Ce produit est un saladier, qui peut \u00e9galement \u00eatre utilis\u00e9 comme bol \u00e0 fruits, bol de lavage, etc., pour contenir une vari\u00e9t\u00e9 d'articles et de d\u00e9lices.<\/p>\n<p>Proposer des saladiers personnalis\u00e9s en gros.<\/p>\n<p><\/p>","protected":false},"featured_media":2309,"comment_status":"closed","ping_status":"closed","template":"","meta":{"_acf_changed":false},"product_brand":[],"product_cat":[52,90],"product_tag":[],"class_list":{"0":"post-2308","1":"product","2":"type-product","3":"status-publish","4":"has-post-thumbnail","6":"product_cat-kitchen-utensils","7":"product_cat-mixing-bowl","9":"first","10":"instock","11":"shipping-taxable","12":"product-type-simple"},"acf":[],"_links":{"self":[{"href":"https:\/\/www.purecook.com\/fr\/wp-json\/wp\/v2\/product\/2308","targetHints":{"allow":["GET"]}}],"collection":[{"href":"https:\/\/www.purecook.com\/fr\/wp-json\/wp\/v2\/product"}],"about":[{"href":"https:\/\/www.purecook.com\/fr\/wp-json\/wp\/v2\/types\/product"}],"replies":[{"embeddable":true,"href":"https:\/\/www.purecook.com\/fr\/wp-json\/wp\/v2\/comments?post=2308"}],"wp:featuredmedia":[{"embeddable":true,"href":"https:\/\/www.purecook.com\/fr\/wp-json\/wp\/v2\/media\/2309"}],"wp:attachment":[{"href":"https:\/\/www.purecook.com\/fr\/wp-json\/wp\/v2\/media?parent=2308"}],"wp:term":[{"taxonomy":"product_brand","embeddable":true,"href":"https:\/\/www.purecook.com\/fr\/wp-json\/wp\/v2\/product_brand?post=2308"},{"taxonomy":"product_cat","embeddable":true,"href":"https:\/\/www.purecook.com\/fr\/wp-json\/wp\/v2\/product_cat?post=2308"},{"taxonomy":"product_tag","embeddable":true,"href":"https:\/\/www.purecook.com\/fr\/wp-json\/wp\/v2\/product_tag?post=2308"}],"curies":[{"name":"wp","href":"https:\/\/api.w.org\/{rel}","templated":true}]}}