{"id":2314,"date":"2024-05-24T14:54:56","date_gmt":"2024-05-24T06:54:56","guid":{"rendered":"https:\/\/purecook.com\/?post_type=product&#038;p=2314"},"modified":"2025-08-14T16:55:32","modified_gmt":"2025-08-14T08:55:32","slug":"leak-proof-bulk-food-storage-containers-wholesale","status":"publish","type":"product","link":"https:\/\/www.purecook.com\/fr\/product\/leak-proof-bulk-food-storage-containers-wholesale\/","title":{"rendered":"R\u00e9cipients \u00e9tanches pour le stockage des aliments en vrac Wholesale"},"content":{"rendered":"<div class=\"wp-block-columns is-layout-flex wp-container-core-columns-is-layout-9d6595d7 wp-block-columns-is-layout-flex\">\n<div class=\"wp-block-column is-layout-flow wp-block-column-is-layout-flow\">\n<h3 class=\"wp-block-heading\">Param\u00e8tres du r\u00e9cipient de stockage des aliments<\/h3>\n\n\n\n<p><strong>Num\u00e9ro de mod\u00e8le : ch2<\/strong><br>Mat\u00e9riau : Acier inoxydable (SUS#304)<br>Capuchon : Capuchon en plastique ou capuchon en plastique avec rin de silicone<br>Sp\u00e9cification : 350\/550\/850\/1800\/2800ml<br>Finition : Placage \u00e9lectrolytique mat<br>Taille : 350ml-5\u00d711.5\u00d715cm ;<br>        550ml-6\u00d713\u00d717cm ;<br>        850ml-6.5\u00d714.5\u00d719.5cm; <br>        1800ml-8\u00d718\u00d723cm ; <br>        2800ml-11.5\u00d718\u00d723cm ;<br>MOQ 500 pcs<\/p>\n<\/div>\n\n\n\n<div class=\"wp-block-column is-layout-flow wp-block-column-is-layout-flow\">\n<h3 class=\"wp-block-heading\">R\u00e9cipient de conservation des aliments personnalis\u00e9<\/h3>\n\n\n\n<p>Logo : personnalisez le logo de votre marque<br>Quantit\u00e9 de commande 500 pi\u00e8ces<br><strong><a href=\"https:\/\/www.purecook.com\/fr\/custom-solution\/\" target=\"_blank\" rel=\"noreferrer noopener\">Solutions personnalis\u00e9es OEM et ODM<\/a><\/strong><\/p>\n<\/div>\n<\/div>\n\n\n\n<div class=\"wp-block-columns is-layout-flex wp-container-core-columns-is-layout-9d6595d7 wp-block-columns-is-layout-flex\">\n<div class=\"wp-block-column is-layout-flow wp-block-column-is-layout-flow\">\n<figure class=\"wp-block-image size-full\"><img decoding=\"async\" width=\"800\" height=\"800\" src=\"https:\/\/purecook.com\/wp-content\/uploads\/2024\/05\/bulk-food-storage-containers-wholesale-3.webp\" alt=\"conteneurs de stockage alimentaire en vrac\" class=\"wp-image-2320\" srcset=\"https:\/\/www.purecook.com\/wp-content\/uploads\/2024\/05\/bulk-food-storage-containers-wholesale-3.webp 800w, https:\/\/www.purecook.com\/wp-content\/uploads\/2024\/05\/bulk-food-storage-containers-wholesale-3-300x300.webp 300w, https:\/\/www.purecook.com\/wp-content\/uploads\/2024\/05\/bulk-food-storage-containers-wholesale-3-150x150.webp 150w, https:\/\/www.purecook.com\/wp-content\/uploads\/2024\/05\/bulk-food-storage-containers-wholesale-3-768x768.webp 768w, https:\/\/www.purecook.com\/wp-content\/uploads\/2024\/05\/bulk-food-storage-containers-wholesale-3-600x600.webp 600w, https:\/\/www.purecook.com\/wp-content\/uploads\/2024\/05\/bulk-food-storage-containers-wholesale-3-100x100.webp 100w\" sizes=\"(max-width: 800px) 100vw, 800px\" \/><\/figure>\n<\/div>\n\n\n\n<div class=\"wp-block-column is-layout-flow wp-block-column-is-layout-flow\">\n<figure class=\"wp-block-image size-full\"><img decoding=\"async\" width=\"800\" height=\"800\" src=\"https:\/\/purecook.com\/wp-content\/uploads\/2024\/05\/bulk-food-storage-containers-wholesale-2.webp\" alt=\"conteneurs de stockage alimentaire en vrac\" class=\"wp-image-2319\" srcset=\"https:\/\/www.purecook.com\/wp-content\/uploads\/2024\/05\/bulk-food-storage-containers-wholesale-2.webp 800w, https:\/\/www.purecook.com\/wp-content\/uploads\/2024\/05\/bulk-food-storage-containers-wholesale-2-300x300.webp 300w, https:\/\/www.purecook.com\/wp-content\/uploads\/2024\/05\/bulk-food-storage-containers-wholesale-2-150x150.webp 150w, https:\/\/www.purecook.com\/wp-content\/uploads\/2024\/05\/bulk-food-storage-containers-wholesale-2-768x768.webp 768w, https:\/\/www.purecook.com\/wp-content\/uploads\/2024\/05\/bulk-food-storage-containers-wholesale-2-600x600.webp 600w, https:\/\/www.purecook.com\/wp-content\/uploads\/2024\/05\/bulk-food-storage-containers-wholesale-2-100x100.webp 100w\" sizes=\"(max-width: 800px) 100vw, 800px\" \/><\/figure>\n<\/div>\n<\/div>","protected":false},"excerpt":{"rendered":"<p>Les conteneurs de stockage des aliments sont disponibles dans une vari\u00e9t\u00e9 de tailles pour r\u00e9pondre aux diff\u00e9rents besoins de stockage des aliments. Des fermetures et des joints solides garantissent que le conteneur emp\u00eache efficacement les fuites. Ils peuvent contenir des c\u00e9r\u00e9ales, des noix, des snacks ou des aliments liquides. Nous sommes des fabricants de conteneurs de stockage d'aliments qui fournissent des services personnalis\u00e9s et offrent des conteneurs de stockage d'aliments en gros.<strong>Couleur<\/strong>, <strong>taille<\/strong> et <strong>motif d'impression<\/strong> peut \u00eatre adapt\u00e9e \u00e0 vos besoins.<\/p>\n<h2>Caract\u00e9ristiques et avantages des conteneurs de stockage des aliments<\/h2>\n<p>Etanche \u00e0 l'air - sans produits chimiques - sans bpa - r\u00e9duisez le temps de nettoyage de la cuisine et respectez votre mode de vie c\u00e9tog\u00e8ne en pr\u00e9parant des repas sains \u00e0 l'avance !<\/p>\n<p>Empilables et intelligentes : \u00e9conomisez de l'argent - \u00e9conomisez de l'espace - \u00e9conomisez votre sant\u00e9 mentale - les bo\u00eetes \u00e0 lunch en acier inoxydable vous permettent d'\u00e9conomiser de l'argent et de l'espace tout en facilitant l'acc\u00e8s des enfants aux collations, aux d\u00e9jeuners et aux repas sur le pouce. Les plus petites bo\u00eetes \u00e0 bento sont parfaites comme bo\u00eetes \u00e0 lunch ou pour une glaci\u00e8re ou un pique-nique !<\/p>\n<p>Facile \u00e0 nettoyer - lavable au lave-vaisselle - anti-odeurs et anti-go\u00fbts gr\u00e2ce \u00e0 l'acier inoxydable, les r\u00e9cipients se placent facilement dans le panier sup\u00e9rieur de votre lave-vaisselle. Gr\u00e2ce \u00e0 la technologie anti-odeurs et anti-go\u00fbts, vos r\u00e9cipients de stockage des aliments sentent aussi frais et propres que le jour o\u00f9 vous avez ouvert la bo\u00eete.<\/p>\n<p>Parfait pour les r\u00e9unions de famille et d'amis. Pour un pique-nique, des restes, ou encore comme contenant de voyage. Puisque vous pouvez les faire \u00e9clater n'importe o\u00f9 ! Sac \u00e0 dos, sac \u00e0 lunch !<\/p>\n<p>Proposer des conteneurs de stockage alimentaire en vrac en gros.<\/p>\n<p>&nbsp;<\/p>","protected":false},"featured_media":2319,"comment_status":"closed","ping_status":"closed","template":"","meta":{"_acf_changed":false},"product_brand":[],"product_cat":[25,51],"product_tag":[],"class_list":{"0":"post-2314","1":"product","2":"type-product","3":"status-publish","4":"has-post-thumbnail","6":"product_cat-food-storage","7":"product_cat-dinnerware","9":"first","10":"instock","11":"shipping-taxable","12":"product-type-simple"},"acf":[],"_links":{"self":[{"href":"https:\/\/www.purecook.com\/fr\/wp-json\/wp\/v2\/product\/2314","targetHints":{"allow":["GET"]}}],"collection":[{"href":"https:\/\/www.purecook.com\/fr\/wp-json\/wp\/v2\/product"}],"about":[{"href":"https:\/\/www.purecook.com\/fr\/wp-json\/wp\/v2\/types\/product"}],"replies":[{"embeddable":true,"href":"https:\/\/www.purecook.com\/fr\/wp-json\/wp\/v2\/comments?post=2314"}],"wp:featuredmedia":[{"embeddable":true,"href":"https:\/\/www.purecook.com\/fr\/wp-json\/wp\/v2\/media\/2319"}],"wp:attachment":[{"href":"https:\/\/www.purecook.com\/fr\/wp-json\/wp\/v2\/media?parent=2314"}],"wp:term":[{"taxonomy":"product_brand","embeddable":true,"href":"https:\/\/www.purecook.com\/fr\/wp-json\/wp\/v2\/product_brand?post=2314"},{"taxonomy":"product_cat","embeddable":true,"href":"https:\/\/www.purecook.com\/fr\/wp-json\/wp\/v2\/product_cat?post=2314"},{"taxonomy":"product_tag","embeddable":true,"href":"https:\/\/www.purecook.com\/fr\/wp-json\/wp\/v2\/product_tag?post=2314"}],"curies":[{"name":"wp","href":"https:\/\/api.w.org\/{rel}","templated":true}]}}