{"id":2323,"date":"2024-05-24T15:24:07","date_gmt":"2024-05-24T07:24:07","guid":{"rendered":"https:\/\/purecook.com\/?post_type=product&#038;p=2323"},"modified":"2025-08-14T16:55:19","modified_gmt":"2025-08-14T08:55:19","slug":"bulk-lunch-boxes-wholesale-with-visible-glass-lid","status":"publish","type":"product","link":"https:\/\/www.purecook.com\/fr\/product\/bulk-lunch-boxes-wholesale-with-visible-glass-lid\/","title":{"rendered":"Bo\u00eetes \u00e0 lunch en vrac \u00e9tanches et s\u00fbres pour micro-ondes avec couvercle en verre visible"},"content":{"rendered":"<div class=\"wp-block-columns is-layout-flex wp-container-core-columns-is-layout-9d6595d7 wp-block-columns-is-layout-flex\">\n<div class=\"wp-block-column is-layout-flow wp-block-column-is-layout-flow\">\n<h3 class=\"wp-block-heading\">Param\u00e8tres des bo\u00eetes \u00e0 lunch<\/h3>\n\n\n\n<p>Num\u00e9ro de mod\u00e8le:XZ -01<br>Mat\u00e9riau : Acier inoxydable 304 + verre + PP<br>Couvercle : verre antid\u00e9flagrant + PP<br>Couleur : argent + silicone marron<br>Traitement de surface : \u00e9lectrolytique<br>Sp\u00e9cification : 450-3000ml<br>\u00c9paisseur : 0,5 mm<br>MOQ 500 pcs<\/p>\n<\/div>\n\n\n\n<div class=\"wp-block-column is-layout-flow wp-block-column-is-layout-flow\">\n<h3 class=\"wp-block-heading\">Bo\u00eetes \u00e0 lunch personnalis\u00e9es<\/h3>\n\n\n\n<p>Logos : Personnalisez le logo de votre marque<br>Graphiques : Personnalisez les graphiques que vous souhaitez<br>Quantit\u00e9 de commande 2000 pi\u00e8ces<br><strong><a href=\"https:\/\/www.purecook.com\/fr\/custom-solution\/\" target=\"_blank\" rel=\"noreferrer noopener\">Solutions personnalis\u00e9es OEM et ODM<\/a><\/strong><\/p>\n<\/div>\n<\/div>\n\n\n\n<figure class=\"wp-block-image size-full\"><img decoding=\"async\" width=\"2608\" height=\"1456\" src=\"https:\/\/purecook.com\/wp-content\/uploads\/2024\/05\/bulk-lunch-boxes-wholesale-1.webp\" alt=\"bo\u00eetes \u00e0 lunch en vrac\" class=\"wp-image-2327\" srcset=\"https:\/\/www.purecook.com\/wp-content\/uploads\/2024\/05\/bulk-lunch-boxes-wholesale-1.webp 2608w, https:\/\/www.purecook.com\/wp-content\/uploads\/2024\/05\/bulk-lunch-boxes-wholesale-1-300x167.webp 300w, https:\/\/www.purecook.com\/wp-content\/uploads\/2024\/05\/bulk-lunch-boxes-wholesale-1-768x429.webp 768w, https:\/\/www.purecook.com\/wp-content\/uploads\/2024\/05\/bulk-lunch-boxes-wholesale-1-600x335.webp 600w\" sizes=\"(max-width: 2608px) 100vw, 2608px\" \/><\/figure>\n\n\n\n<div class=\"wp-block-columns is-layout-flex wp-container-core-columns-is-layout-9d6595d7 wp-block-columns-is-layout-flex\">\n<div class=\"wp-block-column is-layout-flow wp-block-column-is-layout-flow\"><\/div>\n\n\n\n<div class=\"wp-block-column is-layout-flow wp-block-column-is-layout-flow\"><\/div>\n<\/div>","protected":false},"excerpt":{"rendered":"<p>\u00a0Fabriqu\u00e9es en acier inoxydable de haute qualit\u00e9, durables et r\u00e9sistantes \u00e0 la corrosion, elles sont dot\u00e9es d'un couvercle en verre pour faciliter la visualisation des aliments. L'anneau d'\u00e9tanch\u00e9it\u00e9 et l'anneau de verrouillage fonctionnent \u00e9troitement pour emp\u00eacher les fuites de nourriture. Non seulement les achats en gros b\u00e9n\u00e9ficient de meilleurs prix, mais nous pouvons \u00e9galement fournir des services personnalis\u00e9s. Nous pouvons \u00e9galement vous proposer des services personnalis\u00e9s, en ajustant la couleur, le motif d'impression, etc. en fonction de vos besoins.<\/p>\n<h2>Caract\u00e9ristiques et avantages des bo\u00eetes \u00e0 lunch<\/h2>\n<p>Scell\u00e9, non toxique, sans BPA - r\u00e9duisez le temps de nettoyage de la cuisine, pr\u00e9parez des repas sains \u00e0 l'avance et adh\u00e9rez \u00e0 un mode de vie c\u00e9tog\u00e8ne !<\/p>\n<p>Empilables et intelligentes : \u00e9conomisez de l'argent - \u00e9conomisez de l'espace - \u00e9conomisez du temps - \u00e9conomisez de l'\u00e9nergie - Les bo\u00eetes \u00e0 lunch en acier inoxydable vous permettent d'\u00e9conomiser de l'argent et de l'espace tout en gardant les collations, les d\u00e9jeuners et les repas complets \u00e0 port\u00e9e de main pour les enfants qui se d\u00e9placent. Les petites bo\u00eetes \u00e0 bento sont parfaites pour les bo\u00eetes \u00e0 lunch, les glaci\u00e8res ou les pique-niques !<\/p>\n<p>Facile \u00e0 nettoyer - compatible avec le lave-vaisselle - r\u00e9sistant aux odeurs La bo\u00eete \u00e0 bento est fabriqu\u00e9e en acier inoxydable r\u00e9sistant \u00e0 la rouille et peut donc \u00eatre plac\u00e9e dans la partie sup\u00e9rieure du lave-vaisselle. La technologie anti-odeurs et r\u00e9sistante aux odeurs signifie que lorsque vous ouvrez la bo\u00eete de conservation des aliments, elle sentira aussi frais que le jour o\u00f9 elle a \u00e9t\u00e9 ouverte.<\/p>\n<p>Le couvercle en verre est dot\u00e9 d'une fonction de minuterie qui permet de suivre rapidement et facilement les informations relatives aux aliments, en vous donnant une id\u00e9e pr\u00e9cise du temps de conservation et en \u00e9vitant que les aliments ne soient conserv\u00e9s trop longtemps.<\/p>\n<p>Parfaites pour les r\u00e9unions de famille et d'amis. Vous pouvez \u00e9galement les utiliser pour les pique-niques, les restes et les voyages. Car vous pouvez les placer n'importe o\u00f9 ! Sacs \u00e0 dos, sacs \u00e0 lunch !<\/p>\n<p>&nbsp;<\/p>","protected":false},"featured_media":2325,"comment_status":"closed","ping_status":"closed","template":"","meta":{"_acf_changed":false},"product_brand":[],"product_cat":[51,102],"product_tag":[],"class_list":{"0":"post-2323","1":"product","2":"type-product","3":"status-publish","4":"has-post-thumbnail","6":"product_cat-dinnerware","7":"product_cat-lunch-boxes","9":"first","10":"instock","11":"shipping-taxable","12":"product-type-simple"},"acf":[],"_links":{"self":[{"href":"https:\/\/www.purecook.com\/fr\/wp-json\/wp\/v2\/product\/2323","targetHints":{"allow":["GET"]}}],"collection":[{"href":"https:\/\/www.purecook.com\/fr\/wp-json\/wp\/v2\/product"}],"about":[{"href":"https:\/\/www.purecook.com\/fr\/wp-json\/wp\/v2\/types\/product"}],"replies":[{"embeddable":true,"href":"https:\/\/www.purecook.com\/fr\/wp-json\/wp\/v2\/comments?post=2323"}],"wp:featuredmedia":[{"embeddable":true,"href":"https:\/\/www.purecook.com\/fr\/wp-json\/wp\/v2\/media\/2325"}],"wp:attachment":[{"href":"https:\/\/www.purecook.com\/fr\/wp-json\/wp\/v2\/media?parent=2323"}],"wp:term":[{"taxonomy":"product_brand","embeddable":true,"href":"https:\/\/www.purecook.com\/fr\/wp-json\/wp\/v2\/product_brand?post=2323"},{"taxonomy":"product_cat","embeddable":true,"href":"https:\/\/www.purecook.com\/fr\/wp-json\/wp\/v2\/product_cat?post=2323"},{"taxonomy":"product_tag","embeddable":true,"href":"https:\/\/www.purecook.com\/fr\/wp-json\/wp\/v2\/product_tag?post=2323"}],"curies":[{"name":"wp","href":"https:\/\/api.w.org\/{rel}","templated":true}]}}