{"id":2328,"date":"2024-05-24T15:48:18","date_gmt":"2024-05-24T07:48:18","guid":{"rendered":"https:\/\/purecook.com\/?post_type=product&#038;p=2328"},"modified":"2024-06-03T11:22:57","modified_gmt":"2024-06-03T03:22:57","slug":"bulk-dessert-plates-wholesale","status":"publish","type":"product","link":"https:\/\/www.purecook.com\/fr\/product\/bulk-dessert-plates-wholesale\/","title":{"rendered":"Assiettes \u00e0 dessert en gros en acier inoxydable de haute qualit\u00e9"},"content":{"rendered":"<div class=\"wp-block-columns is-layout-flex wp-container-core-columns-is-layout-9d6595d7 wp-block-columns-is-layout-flex\">\n<div class=\"wp-block-column is-layout-flow wp-block-column-is-layout-flow\">\n<h3 class=\"wp-block-heading\">Param\u00e8tres des assiettes \u00e0 dessert<\/h3>\n\n\n\n<p><strong>Num\u00e9ro de mod\u00e8le : RSD<\/strong><br>Mat\u00e9riau du produit Acier inoxydable de haute qualit\u00e9<br>Mati\u00e8re premi\u00e8re : acier inoxydable 304 de haute qualit\u00e9<br>Couleur : argent\/or<br>Taille : 13\/15\/17 cm<br>D\u00e9tails de l'emballage Emballage : Sac PP + carton ext\u00e9rieur<br>MOQ 2400 pcs<\/p>\n<\/div>\n\n\n\n<div class=\"wp-block-column is-layout-flow wp-block-column-is-layout-flow\">\n<h3 class=\"wp-block-heading\">Assiettes \u00e0 dessert personnalis\u00e9es<\/h3>\n\n\n\n<p>Logo : personnalisez le logo de votre marque<br>Quantit\u00e9 de commande 1000 pi\u00e8ces<br><a href=\"https:\/\/www.purecook.com\/fr\/custom-solution\/\" target=\"_blank\" rel=\"noreferrer noopener\">Solutions personnalis\u00e9es OEM et ODM<\/a><\/p>\n<\/div>\n<\/div>\n\n\n\n<figure class=\"wp-block-table\"><table><tbody><tr><td>Produit No.<\/td><td>Description<\/td><td>Taille<\/td><td>Poids (g)<\/td><td>Carton (cm)<\/td><td>Emballage (pcs)<\/td><td>MOQ<\/td><\/tr><tr><td>Plat \u00e0 grignoter rond<\/td><td>Mat\u00e9riau : SS304<br>Couleur : Argent<\/td><td>13cm<\/td><td>130<\/td><td>46\u00d730\u00d731<\/td><td>180pcs<\/td><td>180pcs<\/td><\/tr><tr><td><\/td><td><\/td><td>15cm<\/td><td>155<\/td><td>33\u00d733\u00d742<\/td><td>160pcs<\/td><td>160pcs<\/td><\/tr><tr><td><\/td><td><\/td><td>17cm<\/td><td>180<\/td><td>38\u00d734\u00d732<\/td><td>120pcs<\/td><td>120pcs<\/td><\/tr><tr><td>Plat \u00e0 grignoter rond<\/td><td>Mat\u00e9riau : SS304<br>Couleur : or<\/td><td>13cm<\/td><td>130<\/td><td>46\u00d730\u00d731<\/td><td>180pcs<\/td><td>180pcs<\/td><\/tr><tr><td><\/td><td><\/td><td>15cm<\/td><td>155<\/td><td>33\u00d733\u00d742<\/td><td>160pcs<\/td><td>160pcs<\/td><\/tr><tr><td><\/td><td><\/td><td>17cm<\/td><td>180<\/td><td>38\u00d734\u00d732<\/td><td>120pcs<\/td><td>120pcs<\/td><\/tr><\/tbody><\/table><\/figure>\n\n\n\n<div class=\"wp-block-columns is-layout-flex wp-container-core-columns-is-layout-9d6595d7 wp-block-columns-is-layout-flex\">\n<div class=\"wp-block-column is-layout-flow wp-block-column-is-layout-flow\">\n<figure class=\"wp-block-image size-full\"><img decoding=\"async\" width=\"800\" height=\"800\" src=\"https:\/\/purecook.com\/wp-content\/uploads\/2024\/05\/Cutsom-Dessert-Plates-Wholesale-1.webp\" alt=\"Cutsom Dessert Plates Wholesale\" class=\"wp-image-2338\" srcset=\"https:\/\/www.purecook.com\/wp-content\/uploads\/2024\/05\/Cutsom-Dessert-Plates-Wholesale-1.webp 800w, https:\/\/www.purecook.com\/wp-content\/uploads\/2024\/05\/Cutsom-Dessert-Plates-Wholesale-1-300x300.webp 300w, https:\/\/www.purecook.com\/wp-content\/uploads\/2024\/05\/Cutsom-Dessert-Plates-Wholesale-1-150x150.webp 150w, https:\/\/www.purecook.com\/wp-content\/uploads\/2024\/05\/Cutsom-Dessert-Plates-Wholesale-1-768x768.webp 768w, https:\/\/www.purecook.com\/wp-content\/uploads\/2024\/05\/Cutsom-Dessert-Plates-Wholesale-1-600x600.webp 600w, https:\/\/www.purecook.com\/wp-content\/uploads\/2024\/05\/Cutsom-Dessert-Plates-Wholesale-1-100x100.webp 100w\" sizes=\"(max-width: 800px) 100vw, 800px\" \/><\/figure>\n<\/div>\n\n\n\n<div class=\"wp-block-column is-layout-flow wp-block-column-is-layout-flow\">\n<figure class=\"wp-block-image size-full\"><img decoding=\"async\" width=\"800\" height=\"800\" src=\"https:\/\/purecook.com\/wp-content\/uploads\/2024\/05\/Cutsom-Dessert-Plates-Wholesale-3.webp\" alt=\"Cutsom Dessert Plates Wholesale\" class=\"wp-image-2340\" srcset=\"https:\/\/www.purecook.com\/wp-content\/uploads\/2024\/05\/Cutsom-Dessert-Plates-Wholesale-3.webp 800w, https:\/\/www.purecook.com\/wp-content\/uploads\/2024\/05\/Cutsom-Dessert-Plates-Wholesale-3-300x300.webp 300w, https:\/\/www.purecook.com\/wp-content\/uploads\/2024\/05\/Cutsom-Dessert-Plates-Wholesale-3-150x150.webp 150w, https:\/\/www.purecook.com\/wp-content\/uploads\/2024\/05\/Cutsom-Dessert-Plates-Wholesale-3-768x768.webp 768w, https:\/\/www.purecook.com\/wp-content\/uploads\/2024\/05\/Cutsom-Dessert-Plates-Wholesale-3-600x600.webp 600w, https:\/\/www.purecook.com\/wp-content\/uploads\/2024\/05\/Cutsom-Dessert-Plates-Wholesale-3-100x100.webp 100w\" sizes=\"(max-width: 800px) 100vw, 800px\" \/><\/figure>\n<\/div>\n<\/div>","protected":false},"excerpt":{"rendered":"<p>Assiettes \u00e0 dessert en vrac. Les assiettes \u00e0 dessert sont fabriqu\u00e9es en acier inoxydable de haute qualit\u00e9, qui ne se d\u00e9forme pas facilement \u00e0 long terme. Elles sont lisses et polies comme un miroir et faciles \u00e0 nettoyer. Elles conviennent aux h\u00f4tels, aux restaurants, aux caf\u00e9s et \u00e0 d'autres endroits. Nous fournissons un service d'assiettes \u00e0 dessert personnalis\u00e9es pour cr\u00e9er les assiettes \u00e0 dessert personnalis\u00e9es les plus appropri\u00e9es pour vous.<\/p>\n<h2>Caract\u00e9ristiques et avantages des assiettes \u00e0 dessert<\/h2>\n<p>Parfait pour les r\u00e9unions de famille, les f\u00eates, les mariages, les bars et les restaurants, les magasins de desserts et autres occasions.<\/p>\n<p>Cette assiette est fabriqu\u00e9e \u00e0 partir de mat\u00e9riaux de haute qualit\u00e9 et d'une ex\u00e9cution soign\u00e9e, ce qui permet de l'utiliser pendant longtemps.<\/p>\n<p>Il peut \u00eatre utilis\u00e9 pour servir des plats, des fruits, des steaks, des petits d\u00e9jeuners, des snacks, des sandwichs et d'autres desserts.<\/p>\n<p>Le design \u00e9l\u00e9gant vous met de bonne humeur et vous permet de savourer de d\u00e9licieux plats. Convient \u00e0 de nombreuses occasions.<\/p>\n<p>Excellente fabrication, surface lisse et brillante, ne blesse pas les mains.<\/p>\n<p>Proposer des assiettes \u00e0 dessert en gros.<\/p>","protected":false},"featured_media":2341,"comment_status":"closed","ping_status":"closed","template":"","meta":{"_acf_changed":false},"product_brand":[],"product_cat":[55,51],"product_tag":[],"class_list":{"0":"post-2328","1":"product","2":"type-product","3":"status-publish","4":"has-post-thumbnail","6":"product_cat-dish-and-plate","7":"product_cat-dinnerware","9":"first","10":"instock","11":"shipping-taxable","12":"product-type-simple"},"acf":[],"_links":{"self":[{"href":"https:\/\/www.purecook.com\/fr\/wp-json\/wp\/v2\/product\/2328","targetHints":{"allow":["GET"]}}],"collection":[{"href":"https:\/\/www.purecook.com\/fr\/wp-json\/wp\/v2\/product"}],"about":[{"href":"https:\/\/www.purecook.com\/fr\/wp-json\/wp\/v2\/types\/product"}],"replies":[{"embeddable":true,"href":"https:\/\/www.purecook.com\/fr\/wp-json\/wp\/v2\/comments?post=2328"}],"wp:featuredmedia":[{"embeddable":true,"href":"https:\/\/www.purecook.com\/fr\/wp-json\/wp\/v2\/media\/2341"}],"wp:attachment":[{"href":"https:\/\/www.purecook.com\/fr\/wp-json\/wp\/v2\/media?parent=2328"}],"wp:term":[{"taxonomy":"product_brand","embeddable":true,"href":"https:\/\/www.purecook.com\/fr\/wp-json\/wp\/v2\/product_brand?post=2328"},{"taxonomy":"product_cat","embeddable":true,"href":"https:\/\/www.purecook.com\/fr\/wp-json\/wp\/v2\/product_cat?post=2328"},{"taxonomy":"product_tag","embeddable":true,"href":"https:\/\/www.purecook.com\/fr\/wp-json\/wp\/v2\/product_tag?post=2328"}],"curies":[{"name":"wp","href":"https:\/\/api.w.org\/{rel}","templated":true}]}}