{"id":2345,"date":"2024-05-24T16:57:44","date_gmt":"2024-05-24T08:57:44","guid":{"rendered":"https:\/\/purecook.com\/?post_type=product&#038;p=2345"},"modified":"2024-06-03T11:22:23","modified_gmt":"2024-06-03T03:22:23","slug":"stainless-steel-bowl-wholesale","status":"publish","type":"product","link":"https:\/\/www.purecook.com\/fr\/product\/stainless-steel-bowl-wholesale\/","title":{"rendered":"Bols en acier inoxydable \u00e0 double couche de tailles multiples Commerce de gros"},"content":{"rendered":"<div class=\"wp-block-columns is-layout-flex wp-container-core-columns-is-layout-9d6595d7 wp-block-columns-is-layout-flex\">\n<div class=\"wp-block-column is-layout-flow wp-block-column-is-layout-flow\">\n<h3 class=\"wp-block-heading\">Param\u00e8tres du bol en acier inoxydable<\/h3>\n\n\n\n<p><strong>Num\u00e9ro de mod\u00e8le : <\/strong>bol-D-01<br>Nom : Bol en acier inoxydable<br>Mat\u00e9riau : SUS 201\/SUS 304<br>Caract\u00e9ristiques : double isolation<br>Size 16cm\/18cm\/20cm\/22cm\/24cm\/26cm<br>Proc\u00e9d\u00e9 : brillant \/ mat<br>Utilisation nouilles\/salade\/fruits\/soupe\/riz<br>MOQ 2000 pcs<\/p>\n<\/div>\n\n\n\n<div class=\"wp-block-column is-layout-flow wp-block-column-is-layout-flow\">\n<h3 class=\"wp-block-heading\">Bol en acier inoxydable sur mesure<\/h3>\n\n\n\n<p>Logo : personnalisez le logo de votre marque<br>Emballage : bo\u00eete en couleur\/carton, etc.<br>Quantit\u00e9 de commande 3000 pcs<br><a href=\"https:\/\/www.purecook.com\/fr\/custom-solution\/\" target=\"_blank\" rel=\"noreferrer noopener\">Solutions personnalis\u00e9es OEM et ODM<\/a><\/p>\n<\/div>\n<\/div>\n\n\n\n<figure class=\"wp-block-table\"><table><thead><tr><th>TAILLE<\/th><th>DIAM\u00c8TRE<\/th><th>HAUTEUR<\/th><\/tr><\/thead><tbody><tr><td>16cm<\/td><td>16cm<\/td><td>6cm<\/td><\/tr><tr><td>18cm<\/td><td>18cm<\/td><td>6,3 cm<\/td><\/tr><tr><td>20cm<\/td><td>20cm<\/td><td>7,2 cm<\/td><\/tr><tr><td>22cm<\/td><td>22cm<\/td><td>7,6 cm<\/td><\/tr><tr><td>24cm<\/td><td>24cm<\/td><td>8cm<\/td><\/tr><tr><td>26cm<\/td><td>26cm<\/td><td>8,1 cm<\/td><\/tr><\/tbody><\/table><\/figure>\n\n\n\n<div class=\"wp-block-columns is-layout-flex wp-container-core-columns-is-layout-9d6595d7 wp-block-columns-is-layout-flex\">\n<div class=\"wp-block-column is-layout-flow wp-block-column-is-layout-flow\">\n<figure class=\"wp-block-image size-full\"><img decoding=\"async\" width=\"800\" height=\"800\" src=\"https:\/\/purecook.com\/wp-content\/uploads\/2024\/05\/stainless-steel-bowl-wholesale-5.webp\" alt=\"Bol en acier inoxydable en gros\" class=\"wp-image-2350\" srcset=\"https:\/\/www.purecook.com\/wp-content\/uploads\/2024\/05\/stainless-steel-bowl-wholesale-5.webp 800w, https:\/\/www.purecook.com\/wp-content\/uploads\/2024\/05\/stainless-steel-bowl-wholesale-5-300x300.webp 300w, https:\/\/www.purecook.com\/wp-content\/uploads\/2024\/05\/stainless-steel-bowl-wholesale-5-150x150.webp 150w, https:\/\/www.purecook.com\/wp-content\/uploads\/2024\/05\/stainless-steel-bowl-wholesale-5-768x768.webp 768w, https:\/\/www.purecook.com\/wp-content\/uploads\/2024\/05\/stainless-steel-bowl-wholesale-5-600x600.webp 600w, https:\/\/www.purecook.com\/wp-content\/uploads\/2024\/05\/stainless-steel-bowl-wholesale-5-100x100.webp 100w\" sizes=\"(max-width: 800px) 100vw, 800px\" \/><\/figure>\n<\/div>\n\n\n\n<div class=\"wp-block-column is-layout-flow wp-block-column-is-layout-flow\">\n<figure class=\"wp-block-image size-full\"><img decoding=\"async\" width=\"800\" height=\"800\" src=\"https:\/\/purecook.com\/wp-content\/uploads\/2024\/05\/stainless-steel-bowl-wholesale-4.webp\" alt=\"Bol en acier inoxydable en gros\" class=\"wp-image-2349\" srcset=\"https:\/\/www.purecook.com\/wp-content\/uploads\/2024\/05\/stainless-steel-bowl-wholesale-4.webp 800w, https:\/\/www.purecook.com\/wp-content\/uploads\/2024\/05\/stainless-steel-bowl-wholesale-4-300x300.webp 300w, https:\/\/www.purecook.com\/wp-content\/uploads\/2024\/05\/stainless-steel-bowl-wholesale-4-150x150.webp 150w, https:\/\/www.purecook.com\/wp-content\/uploads\/2024\/05\/stainless-steel-bowl-wholesale-4-768x768.webp 768w, https:\/\/www.purecook.com\/wp-content\/uploads\/2024\/05\/stainless-steel-bowl-wholesale-4-600x600.webp 600w, https:\/\/www.purecook.com\/wp-content\/uploads\/2024\/05\/stainless-steel-bowl-wholesale-4-100x100.webp 100w\" sizes=\"(max-width: 800px) 100vw, 800px\" \/><\/figure>\n<\/div>\n<\/div>\n\n\n\n<p><\/p>","protected":false},"excerpt":{"rendered":"<p>Nous sommes des fabricants de bols en acier inoxydable en Chine. Le bol est fabriqu\u00e9 en acier inoxydable de haute qualit\u00e9, durable et facile \u00e0 nettoyer. La conception \u00e0 double couche lui conf\u00e8re une meilleure performance d'isolation thermique et peut efficacement pr\u00e9server la temp\u00e9rature des aliments. Nous offrons une vari\u00e9t\u00e9 d'options de taille pour r\u00e9pondre \u00e0 vos diff\u00e9rents besoins pour servir des soupes, m\u00e9langer des salades, m\u00e9langer des ingr\u00e9dients, etc. Nous fournissons des services personnalis\u00e9s et pouvons ajouter des logos, modifier les m\u00e9thodes d'emballage, les tailles, etc. en fonction de vos besoins.<\/p>\n<h2>Caract\u00e9ristiques et avantages du bol en acier inoxydable<\/h2>\n<p>Il s'agit d'un saladier de qualit\u00e9 sup\u00e9rieure, d'une grande beaut\u00e9, fabriqu\u00e9 dans un mat\u00e9riau de qualit\u00e9 alimentaire qui ne rouille pas.<\/p>\n<p>Lavable au lave-vaisselle pour un nettoyage facile. Tr\u00e8s r\u00e9sistant, il peut \u00eatre utilis\u00e9 pendant longtemps.<\/p>\n<p>Pratique : ce bol peut \u00eatre utilis\u00e9 \u00e0 de multiples fins. D'une belle apparence, il peut \u00eatre plac\u00e9 directement sur la table. Le centre isolant permet de conserver les aliments \u00e0 la bonne temp\u00e9rature.<\/p>\n<p>Un design tr\u00e8s moderne, sans risque de casse !<\/p>\n<p>Haute qualit\u00e9 : Id\u00e9al pour les repas froids ou chauds, taille parfaite pour les soupes\/salades\/nouilles\/c\u00e9r\u00e9ales\/p\u00e2tes\/fruits, etc. Peut \u00eatre utilis\u00e9 dans diff\u00e9rentes occasions.<\/p>","protected":false},"featured_media":2347,"comment_status":"closed","ping_status":"closed","template":"","meta":{"_acf_changed":false},"product_brand":[],"product_cat":[51,54],"product_tag":[],"class_list":{"0":"post-2345","1":"product","2":"type-product","3":"status-publish","4":"has-post-thumbnail","6":"product_cat-dinnerware","7":"product_cat-stainless-steel-bowl","9":"first","10":"instock","11":"shipping-taxable","12":"product-type-simple"},"acf":[],"_links":{"self":[{"href":"https:\/\/www.purecook.com\/fr\/wp-json\/wp\/v2\/product\/2345","targetHints":{"allow":["GET"]}}],"collection":[{"href":"https:\/\/www.purecook.com\/fr\/wp-json\/wp\/v2\/product"}],"about":[{"href":"https:\/\/www.purecook.com\/fr\/wp-json\/wp\/v2\/types\/product"}],"replies":[{"embeddable":true,"href":"https:\/\/www.purecook.com\/fr\/wp-json\/wp\/v2\/comments?post=2345"}],"wp:featuredmedia":[{"embeddable":true,"href":"https:\/\/www.purecook.com\/fr\/wp-json\/wp\/v2\/media\/2347"}],"wp:attachment":[{"href":"https:\/\/www.purecook.com\/fr\/wp-json\/wp\/v2\/media?parent=2345"}],"wp:term":[{"taxonomy":"product_brand","embeddable":true,"href":"https:\/\/www.purecook.com\/fr\/wp-json\/wp\/v2\/product_brand?post=2345"},{"taxonomy":"product_cat","embeddable":true,"href":"https:\/\/www.purecook.com\/fr\/wp-json\/wp\/v2\/product_cat?post=2345"},{"taxonomy":"product_tag","embeddable":true,"href":"https:\/\/www.purecook.com\/fr\/wp-json\/wp\/v2\/product_tag?post=2345"}],"curies":[{"name":"wp","href":"https:\/\/api.w.org\/{rel}","templated":true}]}}