{"id":2352,"date":"2024-05-24T17:27:44","date_gmt":"2024-05-24T09:27:44","guid":{"rendered":"https:\/\/purecook.com\/?post_type=product&#038;p=2352"},"modified":"2025-08-14T16:54:56","modified_gmt":"2025-08-14T08:54:56","slug":"custom-kids-bento-box-wholesale","status":"publish","type":"product","link":"https:\/\/www.purecook.com\/fr\/product\/custom-kids-bento-box-wholesale\/","title":{"rendered":"Bo\u00eete \u00e0 bento l\u00e9g\u00e8re personnalis\u00e9e pour enfants Wholesale"},"content":{"rendered":"<div class=\"wp-block-columns is-layout-flex wp-container-core-columns-is-layout-9d6595d7 wp-block-columns-is-layout-flex\">\n<div class=\"wp-block-column is-layout-flow wp-block-column-is-layout-flow\">\n<h3 class=\"wp-block-heading\">Param\u00e8tres de la bo\u00eete \u00e0 bento<\/h3>\n\n\n\n<p>Num\u00e9ro de mod\u00e8le : ch5<br>Nom du produit : Bo\u00eete \u00e0 lunch \u00e9tanche en acier inoxydable 304<br>Capacit\u00e9 : 1-3 litres<br>Mat\u00e9riau : acier inoxydable<br>Taille : 26,5\u00d719\u00d76 cm\/30\u00d724\u00d76 cm<br>Couche : Couche unique<br>Mat\u00e9riau : SS304+pp plastique<br>Couleur : rose, vert, bleu<br>MOQ 3000 pcs<\/p>\n<\/div>\n\n\n\n<div class=\"wp-block-column is-layout-flow wp-block-column-is-layout-flow\">\n<h3 class=\"wp-block-heading\">Bo\u00eete \u00e0 bento personnalis\u00e9e<\/h3>\n\n\n\n<p>Emballage : bo\u00eete en couleur\/carton, etc.<br>Quantit\u00e9 de commande 3000 pcs<br><strong><a href=\"https:\/\/www.purecook.com\/fr\/custom-solution\/\" target=\"_blank\" rel=\"noreferrer noopener\">Solutions personnalis\u00e9es OEM et ODM<\/a><\/strong><\/p>\n<\/div>\n<\/div>\n\n\n\n<div class=\"wp-block-columns is-layout-flex wp-container-core-columns-is-layout-9d6595d7 wp-block-columns-is-layout-flex\">\n<div class=\"wp-block-column is-layout-flow wp-block-column-is-layout-flow\">\n<figure class=\"wp-block-image size-full\"><img decoding=\"async\" width=\"800\" height=\"800\" src=\"https:\/\/purecook.com\/wp-content\/uploads\/2024\/05\/custom-bento-box-wholesale-4.webp\" alt=\"Bo\u00eete \u00e0 bento personnalis\u00e9e en gros\" class=\"wp-image-2356\" srcset=\"https:\/\/www.purecook.com\/wp-content\/uploads\/2024\/05\/custom-bento-box-wholesale-4.webp 800w, https:\/\/www.purecook.com\/wp-content\/uploads\/2024\/05\/custom-bento-box-wholesale-4-300x300.webp 300w, https:\/\/www.purecook.com\/wp-content\/uploads\/2024\/05\/custom-bento-box-wholesale-4-150x150.webp 150w, https:\/\/www.purecook.com\/wp-content\/uploads\/2024\/05\/custom-bento-box-wholesale-4-768x768.webp 768w, https:\/\/www.purecook.com\/wp-content\/uploads\/2024\/05\/custom-bento-box-wholesale-4-600x600.webp 600w, https:\/\/www.purecook.com\/wp-content\/uploads\/2024\/05\/custom-bento-box-wholesale-4-100x100.webp 100w\" sizes=\"(max-width: 800px) 100vw, 800px\" \/><\/figure>\n<\/div>\n\n\n\n<div class=\"wp-block-column is-layout-flow wp-block-column-is-layout-flow\">\n<figure class=\"wp-block-image size-full\"><img decoding=\"async\" width=\"779\" height=\"714\" src=\"https:\/\/purecook.com\/wp-content\/uploads\/2024\/05\/custom-bento-box-size.webp\" alt=\"Bo\u00eete \u00e0 bento personnalis\u00e9e\" class=\"wp-image-2358\" srcset=\"https:\/\/www.purecook.com\/wp-content\/uploads\/2024\/05\/custom-bento-box-size.webp 779w, https:\/\/www.purecook.com\/wp-content\/uploads\/2024\/05\/custom-bento-box-size-300x275.webp 300w, https:\/\/www.purecook.com\/wp-content\/uploads\/2024\/05\/custom-bento-box-size-768x704.webp 768w, https:\/\/www.purecook.com\/wp-content\/uploads\/2024\/05\/custom-bento-box-size-600x550.webp 600w\" sizes=\"(max-width: 779px) 100vw, 779px\" \/><\/figure>\n<\/div>\n<\/div>","protected":false},"excerpt":{"rendered":"<p>La bo\u00eete \u00e0 bento est fabriqu\u00e9e \u00e0 partir de mat\u00e9riaux de qualit\u00e9 alimentaire, s\u00fbrs et fiables, et adopte un design l\u00e9ger, ce qui la rend facile \u00e0 transporter pour les utilisateurs. La conception \u00e0 compartiments multiples vous permet de s\u00e9parer diff\u00e9rents types d'aliments, et vous pouvez b\u00e9n\u00e9ficier de meilleurs prix lorsque vous achetez en gros. Nous fournissons des services de bo\u00eetes \u00e0 bento personnalis\u00e9es. Nous pouvons personnaliser votre bo\u00eete \u00e0 bento et son emballage en fonction de vos besoins.<\/p>\n<h2>Caract\u00e9ristiques et avantages de la bo\u00eete \u00e0 bento<\/h2>\n<p>Sans bisph\u00e9nol (bpa), sans plomb, non toxique, r\u00e9sistant \u00e0 la rouille et compatible avec le lave-vaisselle (panier sup\u00e9rieur), le nettoyage est un jeu d'enfant !<\/p>\n<p>Compartiment \u00e9tanche - s\u00e9parez les aliments : B\u00e9n\u00e9ficiez des avantages d'une bo\u00eete \u00e0 lunch et d'un couvercle en acier inoxydable sans compromettre l'hygi\u00e8ne alimentaire.<\/p>\n<p>Le couvercle est dot\u00e9 d'une conception unique en caoutchouc de silicone qui verrouille chaque section en place pour garantir que les aliments ne se m\u00e9langent pas, ne se renversent pas et ne fuient pas l'un dans l'autre. Vous pouvez d\u00e9sormais d\u00e9guster vos sandwichs sans les m\u00e9langer \u00e0 votre yaourt.<\/p>\n<p>Parfaites pour une alimentation saine - contr\u00f4le des portions - nos bo\u00eetes \u00e0 bento vous permettent de conserver l'int\u00e9gralit\u00e9 de votre repas dans un seul contenant facile \u00e0 transporter.<\/p>\n<p>Parfait pour les d\u00e9jeuners au travail, les go\u00fbters, l'\u00e9cole, les pique-niques ou les d\u00e9placements ! La conception en 3 sections facilite la r\u00e9alisation de vos objectifs de sant\u00e9 et vous permet d'avoir des aliments sains \u00e0 port\u00e9e de main.<\/p>\n<p>Il se glisse facilement dans les sacs \u00e0 main, les sacs de travail, les sacs \u00e0 dos et les sacs de sport !<\/p>\n<p>Facile \u00e0 transporter et s\u00fbre pour les aliments chauds et froids - profitez d'un d\u00e9jeuner chaud et sain \u00e0 tout moment, n'importe o\u00f9, sans inconv\u00e9nient. Le fond de notre bo\u00eete \u00e0 lunch est recouvert d'une couche ext\u00e9rieure en plastique qui emp\u00eache le contenant de devenir trop chaud ou trop froid pour \u00eatre transport\u00e9.<\/p>\n<p><a href=\"https:\/\/www.purecook.com\/fr\/custom-solution\/\" target=\"_blank\" rel=\"noopener\">Prise en charge des bo\u00eetes \u00e0 bento personnalis\u00e9es OEM&amp;ODM.<\/a><\/p>\n<p>&nbsp;<\/p>","protected":false},"featured_media":2357,"comment_status":"closed","ping_status":"closed","template":"","meta":{"_acf_changed":false},"product_brand":[],"product_cat":[51,102],"product_tag":[],"class_list":{"0":"post-2352","1":"product","2":"type-product","3":"status-publish","4":"has-post-thumbnail","6":"product_cat-dinnerware","7":"product_cat-lunch-boxes","9":"first","10":"instock","11":"shipping-taxable","12":"product-type-simple"},"acf":[],"_links":{"self":[{"href":"https:\/\/www.purecook.com\/fr\/wp-json\/wp\/v2\/product\/2352","targetHints":{"allow":["GET"]}}],"collection":[{"href":"https:\/\/www.purecook.com\/fr\/wp-json\/wp\/v2\/product"}],"about":[{"href":"https:\/\/www.purecook.com\/fr\/wp-json\/wp\/v2\/types\/product"}],"replies":[{"embeddable":true,"href":"https:\/\/www.purecook.com\/fr\/wp-json\/wp\/v2\/comments?post=2352"}],"wp:featuredmedia":[{"embeddable":true,"href":"https:\/\/www.purecook.com\/fr\/wp-json\/wp\/v2\/media\/2357"}],"wp:attachment":[{"href":"https:\/\/www.purecook.com\/fr\/wp-json\/wp\/v2\/media?parent=2352"}],"wp:term":[{"taxonomy":"product_brand","embeddable":true,"href":"https:\/\/www.purecook.com\/fr\/wp-json\/wp\/v2\/product_brand?post=2352"},{"taxonomy":"product_cat","embeddable":true,"href":"https:\/\/www.purecook.com\/fr\/wp-json\/wp\/v2\/product_cat?post=2352"},{"taxonomy":"product_tag","embeddable":true,"href":"https:\/\/www.purecook.com\/fr\/wp-json\/wp\/v2\/product_tag?post=2352"}],"curies":[{"name":"wp","href":"https:\/\/api.w.org\/{rel}","templated":true}]}}