{"id":2444,"date":"2024-06-04T09:53:34","date_gmt":"2024-06-04T01:53:34","guid":{"rendered":"https:\/\/www.purecook.com\/?post_type=product&#038;p=2444"},"modified":"2025-04-27T17:32:02","modified_gmt":"2025-04-27T09:32:02","slug":"wholesale-boiling-milk-pots-with-steamers","status":"publish","type":"product","link":"https:\/\/www.purecook.com\/fr\/product\/wholesale-boiling-milk-pots-with-steamers\/","title":{"rendered":"Premium Wholesale Boiling Milk Pots with Steamers (pots \u00e0 lait bouillants avec cuiseurs \u00e0 vapeur)"},"content":{"rendered":"<div class=\"wp-block-columns is-layout-flex wp-container-core-columns-is-layout-9d6595d7 wp-block-columns-is-layout-flex\">\n<div class=\"wp-block-column is-layout-flow wp-block-column-is-layout-flow\">\n<h3 class=\"wp-block-heading\">Param\u00e8tres du pot \u00e0 lait bouillant<\/h3>\n\n\n\n<p>Type : Marmites et casseroles pour la soupe et le lait<br>Cuisini\u00e8re applicable : G\u00e9n\u00e9ralement utilis\u00e9 pour les cuisini\u00e8res \u00e0 gaz et les plaques \u00e0 induction<br>Mat\u00e9riau : Acier inoxydable 304<br>Couvercle:Couvercle en verre tremp\u00e9<br>Poign\u00e9e : Poign\u00e9e en bak\u00e9lite (transfert d'eau)<br>Fond : Base d'induction sandwich \u00e0 3 couches (acier inoxydable + aluminium + acier inoxydable)<br>Taille 36\u00d721\u00d713 cm<br>Poids : 2 kg<br>Logo : Logo personnalis\u00e9<br>MOQ:160pcs<\/p>\n<\/div>\n\n\n\n<div class=\"wp-block-column is-layout-flow wp-block-column-is-layout-flow\">\n<h3 class=\"wp-block-heading\">Pot \u00e0 lait personnalis\u00e9<\/h3>\n\n\n\n<p>Emballage : bo\u00eete en couleur\/carton, etc.<br>Logo:personnalisez le logo de votre marque<br>MOQ:1000pcs<br><strong><a href=\"https:\/\/www.purecook.com\/fr\/custom-solution\/\" target=\"_blank\" rel=\"noreferrer noopener\">Solutions personnalis\u00e9es OEM et ODM pour les pots \u00e0 lait<\/a><\/strong><\/p>\n<\/div>\n<\/div>\n\n\n\n<div class=\"wp-block-columns is-layout-flex wp-container-core-columns-is-layout-9d6595d7 wp-block-columns-is-layout-flex\">\n<div class=\"wp-block-column is-layout-flow wp-block-column-is-layout-flow\">\n<figure class=\"wp-block-image size-full\"><img decoding=\"async\" width=\"800\" height=\"800\" src=\"https:\/\/www.purecook.com\/wp-content\/uploads\/2024\/06\/wholesale-boiling-milk-pot-4.webp\" alt=\"pot \u00e0 lait en gros\" class=\"wp-image-2449\" srcset=\"https:\/\/www.purecook.com\/wp-content\/uploads\/2024\/06\/wholesale-boiling-milk-pot-4.webp 800w, https:\/\/www.purecook.com\/wp-content\/uploads\/2024\/06\/wholesale-boiling-milk-pot-4-300x300.webp 300w, https:\/\/www.purecook.com\/wp-content\/uploads\/2024\/06\/wholesale-boiling-milk-pot-4-150x150.webp 150w, https:\/\/www.purecook.com\/wp-content\/uploads\/2024\/06\/wholesale-boiling-milk-pot-4-768x768.webp 768w, https:\/\/www.purecook.com\/wp-content\/uploads\/2024\/06\/wholesale-boiling-milk-pot-4-600x600.webp 600w, https:\/\/www.purecook.com\/wp-content\/uploads\/2024\/06\/wholesale-boiling-milk-pot-4-100x100.webp 100w\" sizes=\"(max-width: 800px) 100vw, 800px\" \/><\/figure>\n<\/div>\n\n\n\n<div class=\"wp-block-column is-layout-flow wp-block-column-is-layout-flow\">\n<figure class=\"wp-block-image size-full\"><img decoding=\"async\" width=\"800\" height=\"800\" src=\"https:\/\/www.purecook.com\/wp-content\/uploads\/2024\/06\/wholesale-boiling-milk-pot-2.webp\" alt=\"pot \u00e0 lait en gros\" class=\"wp-image-2447\" srcset=\"https:\/\/www.purecook.com\/wp-content\/uploads\/2024\/06\/wholesale-boiling-milk-pot-2.webp 800w, https:\/\/www.purecook.com\/wp-content\/uploads\/2024\/06\/wholesale-boiling-milk-pot-2-300x300.webp 300w, https:\/\/www.purecook.com\/wp-content\/uploads\/2024\/06\/wholesale-boiling-milk-pot-2-150x150.webp 150w, https:\/\/www.purecook.com\/wp-content\/uploads\/2024\/06\/wholesale-boiling-milk-pot-2-768x768.webp 768w, https:\/\/www.purecook.com\/wp-content\/uploads\/2024\/06\/wholesale-boiling-milk-pot-2-600x600.webp 600w, https:\/\/www.purecook.com\/wp-content\/uploads\/2024\/06\/wholesale-boiling-milk-pot-2-100x100.webp 100w\" sizes=\"(max-width: 800px) 100vw, 800px\" \/><\/figure>\n<\/div>\n<\/div>","protected":false},"excerpt":{"rendered":"<p>Le pot \u00e0 lait en acier inoxydable est un pot simple et facile \u00e0 utiliser gr\u00e2ce \u00e0 sa conception pratique et vari\u00e9e. Nous fournissons non seulement des services de pot \u00e0 lait en gros, mais aussi des solutions de pot \u00e0 lait sur mesure.<\/p>\n<h2>Caract\u00e9ristiques et avantages du pot \u00e0 lait bouillant<\/h2>\n<p><strong>Acier inoxydable 304 de haute qualit\u00e9<\/strong>: Fabriqu\u00e9 en acier inoxydable 304 de qualit\u00e9 alimentaire, robuste et durable, r\u00e9sistant \u00e0 la rouille et \u00e0 la corrosion, garantissant une utilisation \u00e0 long terme, adapt\u00e9 \u00e0 la cuisine domestique et \u00e0 l'utilisation en ext\u00e9rieur.<\/p>\n<p><strong>Conception multifonctionnelle<\/strong>: Ce pot \u00e0 lait convient non seulement pour faire bouillir le lait, mais il peut \u00e9galement \u00eatre utilis\u00e9 pour r\u00e9chauffer des soupes, pr\u00e9parer des bouillies, cuire des l\u00e9gumes \u00e0 la vapeur et autres besoins culinaires, afin de r\u00e9pondre \u00e0 vos besoins diversifi\u00e9s en mati\u00e8re de cuisine.<\/p>\n<p><strong>Couvercle en verre<\/strong>: \u00c9quip\u00e9 d'un couvercle en verre transparent, il est facile d'observer l'\u00e9tat de la cuisson \u00e0 tout moment. Il n'est pas n\u00e9cessaire de retirer fr\u00e9quemment le couvercle pour maintenir la temp\u00e9rature et l'humidit\u00e9 des aliments.<\/p>\n<p><strong>Conduction uniforme de la chaleur<\/strong>: La conception du fond en composite permet une conduction rapide et uniforme de la chaleur, ce qui r\u00e9duit le temps de cuisson et garantit que les aliments sont chauff\u00e9s de mani\u00e8re uniforme et ne collent pas facilement \u00e0 la casserole.<\/p>\n<p><strong>Sant\u00e9 et s\u00e9curit\u00e9 :<\/strong> L'utilisation de mat\u00e9riaux de qualit\u00e9 alimentaire, sans substances nocives, garantit la s\u00e9curit\u00e9 alimentaire et une utilisation en toute s\u00e9r\u00e9nit\u00e9.<\/p>\n<p><strong>Facile \u00e0 nettoyer<\/strong>: Surface lisse, \u00e9vitant les r\u00e9sidus alimentaires, facile \u00e0 nettoyer, lavable \u00e0 la main ou au lave-vaisselle, ce qui permet d'\u00e9conomiser du temps et de la main d'\u0153uvre.<\/p>\n<p><strong>Poign\u00e9e ergonomique<\/strong>: La poign\u00e9e est ergonomique pour une prise en main confortable, antid\u00e9rapante et r\u00e9sistante \u00e0 la chaleur pour garantir la s\u00e9curit\u00e9 lors de l'utilisation.<\/p>\n<p><strong>Fond composite multicouche<\/strong>: Le fond de la casserole adopte une structure composite multicouche, qui conduit la chaleur rapidement et uniform\u00e9ment, \u00e9conomise l'\u00e9nergie et am\u00e9liore l'efficacit\u00e9 de la cuisson.<\/p>\n<p><strong>Aspect tendance<\/strong>: Un design simple et g\u00e9n\u00e9reux, adapt\u00e9 \u00e0 une vari\u00e9t\u00e9 de styles de cuisine, est un outil pratique et esth\u00e9tique dans la cuisine.<\/p>\n<p><strong>Large \u00e9ventail d'applications<\/strong>: Qu'il s'agisse d'une cuisine familiale ou d'un camping en plein air, ce pot \u00e0 lait multifonctionnel peut r\u00e9pondre \u00e0 vos diff\u00e9rents besoins en mati\u00e8re de cuisine, c'est votre bras droit dans la vie.<\/p>\n<p><strong>Proposer une solution personnalis\u00e9e pour le pot \u00e0 lait en \u00e9bullition<\/strong><\/p>\n<p><strong><a href=\"https:\/\/www.purecook.com\/fr\/custom-solution\/\" target=\"_blank\" rel=\"noopener\">Support OEM&amp;ODM personnalis\u00e9 pot \u00e0 lait bouillant<\/a><\/strong><\/p>\n<p>&nbsp;<\/p>","protected":false},"featured_media":2446,"comment_status":"closed","ping_status":"closed","template":"","meta":{"_acf_changed":false},"product_brand":[],"product_cat":[80,24],"product_tag":[98],"class_list":{"0":"post-2444","1":"product","2":"type-product","3":"status-publish","4":"has-post-thumbnail","6":"product_cat-milk-pot","7":"product_cat-cookware","8":"product_tag-wholesale-home-cookware","10":"first","11":"instock","12":"shipping-taxable","13":"product-type-simple"},"acf":[],"_links":{"self":[{"href":"https:\/\/www.purecook.com\/fr\/wp-json\/wp\/v2\/product\/2444","targetHints":{"allow":["GET"]}}],"collection":[{"href":"https:\/\/www.purecook.com\/fr\/wp-json\/wp\/v2\/product"}],"about":[{"href":"https:\/\/www.purecook.com\/fr\/wp-json\/wp\/v2\/types\/product"}],"replies":[{"embeddable":true,"href":"https:\/\/www.purecook.com\/fr\/wp-json\/wp\/v2\/comments?post=2444"}],"wp:featuredmedia":[{"embeddable":true,"href":"https:\/\/www.purecook.com\/fr\/wp-json\/wp\/v2\/media\/2446"}],"wp:attachment":[{"href":"https:\/\/www.purecook.com\/fr\/wp-json\/wp\/v2\/media?parent=2444"}],"wp:term":[{"taxonomy":"product_brand","embeddable":true,"href":"https:\/\/www.purecook.com\/fr\/wp-json\/wp\/v2\/product_brand?post=2444"},{"taxonomy":"product_cat","embeddable":true,"href":"https:\/\/www.purecook.com\/fr\/wp-json\/wp\/v2\/product_cat?post=2444"},{"taxonomy":"product_tag","embeddable":true,"href":"https:\/\/www.purecook.com\/fr\/wp-json\/wp\/v2\/product_tag?post=2444"}],"curies":[{"name":"wp","href":"https:\/\/api.w.org\/{rel}","templated":true}]}}