{"id":2451,"date":"2024-06-04T10:47:15","date_gmt":"2024-06-04T02:47:15","guid":{"rendered":"https:\/\/www.purecook.com\/?post_type=product&#038;p=2451"},"modified":"2025-04-27T17:31:35","modified_gmt":"2025-04-27T09:31:35","slug":"wholesale-frying-pans-made-of-triple-stainless-steel","status":"publish","type":"product","link":"https:\/\/www.purecook.com\/fr\/product\/wholesale-frying-pans-made-of-triple-stainless-steel\/","title":{"rendered":"Po\u00eales \u00e0 frire en gros en acier inoxydable triple sans rev\u00eatement"},"content":{"rendered":"<div class=\"wp-block-columns is-layout-flex wp-container-core-columns-is-layout-9d6595d7 wp-block-columns-is-layout-flex\">\n<div class=\"wp-block-column is-layout-flow wp-block-column-is-layout-flow\">\n<h3 class=\"wp-block-heading\">Param\u00e8tres de la po\u00eale \u00e0 frire<\/h3>\n\n\n\n<p>Nom : Po\u00eale \u00e0 frire et po\u00eale \u00e0 frire<br>Type de couvercle : Sans couvercle<br>Type de m\u00e9tal : Acier inoxydable<br>Mat\u00e9riau : 430+al+int\u00e9rieur 304<br>Poign\u00e9e : Poign\u00e9e en acier<br>Diam\u00e8tre : 22cm 24cm 26cm 28cm 30cm<br>Couleur : Argent<br>Bo\u00eete de couleur : emballage<br>Logo laser<br>Quantit\u00e9 de commande 120 pi\u00e8ces<\/p>\n<\/div>\n\n\n\n<div class=\"wp-block-column is-layout-flow wp-block-column-is-layout-flow\">\n<h3 class=\"wp-block-heading\">Po\u00eale \u00e0 frire personnalis\u00e9e<\/h3>\n\n\n\n<p>Emballage : bo\u00eete en couleur\/carton, etc.<br>MOQ : 1000 pi\u00e8ces<br><strong><a href=\"https:\/\/www.purecook.com\/fr\/custom-solution\/\" target=\"_blank\" rel=\"noreferrer noopener\">Solutions personnalis\u00e9es OEM et ODM pour les pots de camping<\/a><\/strong><\/p>\n<\/div>\n<\/div>\n\n\n\n<figure class=\"wp-block-table\"><table><thead><tr><th>Mat\u00e9riau<\/th><th>Taille<\/th><th>Qt\u00e9<\/th><th>Longueur du CTN<\/th><th>CTN Large<\/th><th>CTN Haut<\/th><th>Poids unique<\/th><th>Poids du CTN<\/th><\/tr><\/thead><tbody><tr><td>430+al+inner 304<\/td><td>22cm<\/td><td>20<\/td><td>83<\/td><td>50<\/td><td>48<\/td><td>800g<\/td><td>20 kg<\/td><\/tr><tr><td>430+al+inner 304<\/td><td>24cm<\/td><td>20<\/td><td>86<\/td><td>53<\/td><td>51<\/td><td>900g<\/td><td>22 kg<\/td><\/tr><tr><td>430+al+inner 304<\/td><td>26cm<\/td><td>20<\/td><td>95<\/td><td>56<\/td><td>55<\/td><td>1050g<\/td><td>25 kg<\/td><\/tr><tr><td>430+al+inner 304<\/td><td>28cm<\/td><td>12<\/td><td>51<\/td><td>70<\/td><td>60<\/td><td>1200g<\/td><td>19,5 kg<\/td><\/tr><tr><td>430+al+inner 304<\/td><td>30cm<\/td><td>12<\/td><td>53<\/td><td>74<\/td><td>64<\/td><td>1350g<\/td><td>21 kg<\/td><\/tr><\/tbody><\/table><\/figure>\n\n\n\n<div class=\"wp-block-columns is-layout-flex wp-container-core-columns-is-layout-9d6595d7 wp-block-columns-is-layout-flex\">\n<div class=\"wp-block-column is-layout-flow wp-block-column-is-layout-flow\">\n<figure class=\"wp-block-image size-full\"><img decoding=\"async\" width=\"800\" height=\"800\" src=\"https:\/\/www.purecook.com\/wp-content\/uploads\/2024\/06\/wholesale-frying-pan4.webp\" alt=\"Po\u00eale \u00e0 frire en gros\" class=\"wp-image-2456\" srcset=\"https:\/\/www.purecook.com\/wp-content\/uploads\/2024\/06\/wholesale-frying-pan4.webp 800w, https:\/\/www.purecook.com\/wp-content\/uploads\/2024\/06\/wholesale-frying-pan4-300x300.webp 300w, https:\/\/www.purecook.com\/wp-content\/uploads\/2024\/06\/wholesale-frying-pan4-150x150.webp 150w, https:\/\/www.purecook.com\/wp-content\/uploads\/2024\/06\/wholesale-frying-pan4-768x768.webp 768w, https:\/\/www.purecook.com\/wp-content\/uploads\/2024\/06\/wholesale-frying-pan4-600x600.webp 600w, https:\/\/www.purecook.com\/wp-content\/uploads\/2024\/06\/wholesale-frying-pan4-100x100.webp 100w\" sizes=\"(max-width: 800px) 100vw, 800px\" \/><\/figure>\n<\/div>\n\n\n\n<div class=\"wp-block-column is-layout-flow wp-block-column-is-layout-flow\">\n<figure class=\"wp-block-image size-full\"><img decoding=\"async\" width=\"800\" height=\"800\" src=\"https:\/\/www.purecook.com\/wp-content\/uploads\/2024\/06\/wholesale-frying-pan1.webp\" alt=\"Po\u00eale \u00e0 frire en gros\" class=\"wp-image-2453\" srcset=\"https:\/\/www.purecook.com\/wp-content\/uploads\/2024\/06\/wholesale-frying-pan1.webp 800w, https:\/\/www.purecook.com\/wp-content\/uploads\/2024\/06\/wholesale-frying-pan1-300x300.webp 300w, https:\/\/www.purecook.com\/wp-content\/uploads\/2024\/06\/wholesale-frying-pan1-150x150.webp 150w, https:\/\/www.purecook.com\/wp-content\/uploads\/2024\/06\/wholesale-frying-pan1-768x768.webp 768w, https:\/\/www.purecook.com\/wp-content\/uploads\/2024\/06\/wholesale-frying-pan1-600x600.webp 600w, https:\/\/www.purecook.com\/wp-content\/uploads\/2024\/06\/wholesale-frying-pan1-100x100.webp 100w\" sizes=\"(max-width: 800px) 100vw, 800px\" \/><\/figure>\n<\/div>\n<\/div>","protected":false},"excerpt":{"rendered":"<p>Po\u00eales \u00e0 frire en gros.Nous fournissons une vari\u00e9t\u00e9 d'options de taille pour r\u00e9pondre aux diff\u00e9rents besoins de la famille et de la cuisine.Les po\u00eales \u00e0 frire sont fabriqu\u00e9s en acier triple couche.Il a une excellente performance.Nous ne fournissons pas seulement des services de po\u00eales \u00e0 frire en gros, mais nous fournissons \u00e9galement des solutions de po\u00eales \u00e0 frire sur mesure.Contactez-nous pour les prix de gros des po\u00eales \u00e0 frire et la solution de d\u00e9tail.<\/p>\n<h2>Caract\u00e9ristiques et avantages des po\u00eales \u00e0 frire<\/h2>\n<p><strong>Acier inoxydable triple couche de haute qualit\u00e9<\/strong>Les casseroles et po\u00eales sont fabriqu\u00e9es en acier triple couche pour garantir leur durabilit\u00e9, leur conductivit\u00e9 thermique et leur r\u00e9sistance \u00e0 la rouille. Elles conviennent \u00e0 de nombreux types de cuisine.<br \/><strong>Conception sans rev\u00eatement<\/strong>Les produits de la mer ne sont pas enrob\u00e9s de produits chimiques afin de garantir la sant\u00e9 et la s\u00e9curit\u00e9 pendant le processus de cuisson. Aucune substance nocive n'est lib\u00e9r\u00e9e, ce qui permet de pr\u00e9server la saveur originale des ingr\u00e9dients.<br \/><strong>Personnalisation multi-tailles<\/strong>: Fournir une vari\u00e9t\u00e9 d'options de taille pour r\u00e9pondre aux diff\u00e9rents besoins de la famille et de la cuisine, qu'il s'agisse d'une petite portion de saut\u00e9 ou d'une grande portion de rago\u00fbt, vous pouvez trouver la bonne taille.<br \/><strong>Poign\u00e9e robuste<\/strong>: \u00c9quip\u00e9 d'une poign\u00e9e solide et robuste, ergonomique pour une prise en main confortable, antid\u00e9rapante et r\u00e9sistante \u00e0 la chaleur pour garantir la s\u00e9curit\u00e9 et la commodit\u00e9 pendant la cuisson.<br \/><strong>Conduction uniforme de la chaleur :<\/strong> Trois couches d'acier conducteur de la chaleur du corps de mani\u00e8re uniforme, afin de garantir que les aliments sont chauff\u00e9s de mani\u00e8re uniforme, qu'il n'est pas facile de coller le fond, pour am\u00e9liorer l'effet de la cuisson et le go\u00fbt.<br \/><strong>Sant\u00e9 et s\u00e9curit\u00e9<\/strong>Mat\u00e9riau : acier inoxydable de qualit\u00e9 alimentaire, sans substances nocives, pour garantir la s\u00e9curit\u00e9 alimentaire et l'utilisation en toute s\u00e9r\u00e9nit\u00e9.<br \/><strong>Facile \u00e0 nettoyer<\/strong>La conception de la surface lisse emp\u00eache la formation de r\u00e9sidus alimentaires. Elle est facile \u00e0 nettoyer, \u00e0 la main ou au lave-vaisselle, ce qui permet d'\u00e9conomiser du temps et de la main d'\u0153uvre.<br \/><strong>R\u00e9sistant aux hautes temp\u00e9ratures<\/strong>: Convient \u00e0 tous les types de cuisini\u00e8res, y compris les tables de cuisson \u00e0 induction, les cuisini\u00e8res \u00e0 gaz, les cuisini\u00e8res en c\u00e9ramique, etc., et avec une r\u00e9sistance sup\u00e9rieure aux hautes temp\u00e9ratures, il convient \u00e0 la cuisson \u00e0 haute temp\u00e9rature.<br \/><strong>Aspect tendance<\/strong>Le design simple et g\u00e9n\u00e9reux de l'appareil s'adapte \u00e0 tous les styles de cuisine et en fait un outil pratique et esth\u00e9tique pour la cuisine.<br \/><strong>Polyvalent<\/strong>: Qu'il s'agisse de sauter, de mijoter ou de cuire au four, cette marmite multifonctionnelle en acier inoxydable est capable de tout faire, c'est votre bras droit dans la cuisine.<br \/><strong>offrent des solutions personnalis\u00e9es pour les po\u00eales \u00e0 frire.<\/strong><br \/><strong><a href=\"https:\/\/www.purecook.com\/fr\/custom-solution\/\" target=\"_blank\" rel=\"noopener\">Prise en charge des po\u00eales \u00e0 frire personnalis\u00e9es OEM&amp;ODM<\/a><\/strong><\/p>\n<p>&nbsp;<\/p>","protected":false},"featured_media":2456,"comment_status":"closed","ping_status":"closed","template":"","meta":{"_acf_changed":false},"product_brand":[],"product_cat":[24,71],"product_tag":[97,98],"class_list":{"0":"post-2451","1":"product","2":"type-product","3":"status-publish","4":"has-post-thumbnail","6":"product_cat-cookware","7":"product_cat-frying-pan","8":"product_tag-wholesale-commercial-cookware","9":"product_tag-wholesale-home-cookware","11":"first","12":"instock","13":"shipping-taxable","14":"product-type-simple"},"acf":[],"_links":{"self":[{"href":"https:\/\/www.purecook.com\/fr\/wp-json\/wp\/v2\/product\/2451","targetHints":{"allow":["GET"]}}],"collection":[{"href":"https:\/\/www.purecook.com\/fr\/wp-json\/wp\/v2\/product"}],"about":[{"href":"https:\/\/www.purecook.com\/fr\/wp-json\/wp\/v2\/types\/product"}],"replies":[{"embeddable":true,"href":"https:\/\/www.purecook.com\/fr\/wp-json\/wp\/v2\/comments?post=2451"}],"wp:featuredmedia":[{"embeddable":true,"href":"https:\/\/www.purecook.com\/fr\/wp-json\/wp\/v2\/media\/2456"}],"wp:attachment":[{"href":"https:\/\/www.purecook.com\/fr\/wp-json\/wp\/v2\/media?parent=2451"}],"wp:term":[{"taxonomy":"product_brand","embeddable":true,"href":"https:\/\/www.purecook.com\/fr\/wp-json\/wp\/v2\/product_brand?post=2451"},{"taxonomy":"product_cat","embeddable":true,"href":"https:\/\/www.purecook.com\/fr\/wp-json\/wp\/v2\/product_cat?post=2451"},{"taxonomy":"product_tag","embeddable":true,"href":"https:\/\/www.purecook.com\/fr\/wp-json\/wp\/v2\/product_tag?post=2451"}],"curies":[{"name":"wp","href":"https:\/\/api.w.org\/{rel}","templated":true}]}}