{"id":2463,"date":"2024-06-04T14:40:39","date_gmt":"2024-06-04T06:40:39","guid":{"rendered":"https:\/\/www.purecook.com\/?post_type=product&#038;p=2463"},"modified":"2024-06-04T15:49:51","modified_gmt":"2024-06-04T07:49:51","slug":"bulk-rectangular-deep-hotel-pan-wholesale","status":"publish","type":"product","link":"https:\/\/www.purecook.com\/fr\/product\/bulk-rectangular-deep-hotel-pan-wholesale\/","title":{"rendered":"Bulk Rectangular Deep Hotel Pan Wholesale"},"content":{"rendered":"<div class=\"wp-block-columns is-layout-flex wp-container-core-columns-is-layout-9d6595d7 wp-block-columns-is-layout-flex\">\n<div class=\"wp-block-column is-layout-flow wp-block-column-is-layout-flow\">\n<h3 class=\"wp-block-heading\">Param\u00e8tres de l'h\u00f4tel Pan<\/h3>\n\n\n\n<p>Taille 15 cm<br>Mat\u00e9riau : SuS 304<br>Poign\u00e9e Avec\/sans poign\u00e9e<br>Couleur : Argent<br>MOQ 160 pcs<br>Logo Accepte les logos personnalis\u00e9s<\/p>\n<\/div>\n\n\n\n<div class=\"wp-block-column is-layout-flow wp-block-column-is-layout-flow\">\n<h3 class=\"wp-block-heading\">Pan d'h\u00f4tel personnalis\u00e9<\/h3>\n\n\n\n<p>Logo : personnalisez le logo de votre marque<br>Emballage : bo\u00eete de couleur\/carton, etc.<br>Motif : personnalisez le motif de votre choix<br>MOQ : 1000 pi\u00e8ces<br><strong><a href=\"https:\/\/www.purecook.com\/fr\/custom-solution\/\" target=\"_blank\" rel=\"noreferrer noopener\">OEM et ODM Solutions personnalis\u00e9es pour l'h\u00f4tellerie profonde<\/a><\/strong><\/p>\n<\/div>\n<\/div>\n\n\n\n<div class=\"wp-block-columns is-layout-flex wp-container-core-columns-is-layout-9d6595d7 wp-block-columns-is-layout-flex\">\n<div class=\"wp-block-column is-layout-flow wp-block-column-is-layout-flow\">\n<figure class=\"wp-block-image size-full\"><img decoding=\"async\" width=\"800\" height=\"800\" src=\"https:\/\/www.purecook.com\/wp-content\/uploads\/2024\/06\/hotel-pan-wholesale-4.webp\" alt=\"casseroles d&#039;h\u00f4tel en gros\" class=\"wp-image-2473\" srcset=\"https:\/\/www.purecook.com\/wp-content\/uploads\/2024\/06\/hotel-pan-wholesale-4.webp 800w, https:\/\/www.purecook.com\/wp-content\/uploads\/2024\/06\/hotel-pan-wholesale-4-300x300.webp 300w, https:\/\/www.purecook.com\/wp-content\/uploads\/2024\/06\/hotel-pan-wholesale-4-150x150.webp 150w, https:\/\/www.purecook.com\/wp-content\/uploads\/2024\/06\/hotel-pan-wholesale-4-768x768.webp 768w, https:\/\/www.purecook.com\/wp-content\/uploads\/2024\/06\/hotel-pan-wholesale-4-600x600.webp 600w, https:\/\/www.purecook.com\/wp-content\/uploads\/2024\/06\/hotel-pan-wholesale-4-100x100.webp 100w\" sizes=\"(max-width: 800px) 100vw, 800px\" \/><\/figure>\n<\/div>\n\n\n\n<div class=\"wp-block-column is-layout-flow wp-block-column-is-layout-flow\">\n<figure class=\"wp-block-image size-full\"><img decoding=\"async\" width=\"800\" height=\"800\" src=\"https:\/\/www.purecook.com\/wp-content\/uploads\/2024\/06\/hotel-pan-wholesale-1.webp\" alt=\"casseroles d&#039;h\u00f4tel en gros\" class=\"wp-image-2470\" srcset=\"https:\/\/www.purecook.com\/wp-content\/uploads\/2024\/06\/hotel-pan-wholesale-1.webp 800w, https:\/\/www.purecook.com\/wp-content\/uploads\/2024\/06\/hotel-pan-wholesale-1-300x300.webp 300w, https:\/\/www.purecook.com\/wp-content\/uploads\/2024\/06\/hotel-pan-wholesale-1-150x150.webp 150w, https:\/\/www.purecook.com\/wp-content\/uploads\/2024\/06\/hotel-pan-wholesale-1-768x768.webp 768w, https:\/\/www.purecook.com\/wp-content\/uploads\/2024\/06\/hotel-pan-wholesale-1-600x600.webp 600w, https:\/\/www.purecook.com\/wp-content\/uploads\/2024\/06\/hotel-pan-wholesale-1-100x100.webp 100w\" sizes=\"(max-width: 800px) 100vw, 800px\" \/><\/figure>\n<\/div>\n<\/div>","protected":false},"excerpt":{"rendered":"<p>Po\u00eale rectangulaire profonde en gros. Nous fournissons des solutions personnalis\u00e9es pour les casseroles d'h\u00f4tel et offrons un service de vente en gros de casseroles d'h\u00f4tel en vrac.<\/p>\n<h2>Caract\u00e9ristiques et avantages de Hotel Pan<\/h2>\n<p><strong>Acier inoxydable 304 de haute qualit\u00e9<\/strong>: Fabriqu\u00e9 en acier inoxydable 304 de qualit\u00e9 alimentaire, robuste et durable, r\u00e9sistant \u00e0 la rouille et \u00e0 la corrosion pour garantir une utilisation \u00e0 long terme, adapt\u00e9 au contact direct avec les aliments, pour prot\u00e9ger la sant\u00e9.<br \/><strong>Design r\u00e9tro<\/strong>: Design rectangle de style r\u00e9tro, unique et \u00e0 la mode, ajoute de la beaut\u00e9 \u00e0 la table, convient \u00e0 toutes sortes de f\u00eates, de rassemblements et de lieux de restauration haut de gamme.<br \/><strong>Poign\u00e9e pratique<\/strong>: Con\u00e7u avec une poign\u00e9e pratique, facile \u00e0 prendre et \u00e0 d\u00e9placer, il am\u00e9liore l'exp\u00e9rience d'utilisation, particuli\u00e8rement adapt\u00e9 aux buffets et aux f\u00eates.<br \/><strong>Utilisation multifonctionnelle<\/strong>: La conception de l'assiette creuse convient pour servir une vari\u00e9t\u00e9 d'aliments tels que des rafra\u00eechissements, des frites, du pain, des salades, etc., r\u00e9pondant ainsi aux besoins de restauration de diff\u00e9rentes occasions.<br \/><strong>Taille de 15 cm<\/strong>: De taille mod\u00e9r\u00e9e, il peut non seulement contenir suffisamment de nourriture mais ne prend pas trop de place sur la table, ce qui convient \u00e0 diverses occasions.<br \/><strong>R\u00e9sistance aux hautes temp\u00e9ratures<\/strong>: Excellente r\u00e9sistance aux hautes temp\u00e9ratures, convient pour les fours, les micro-ondes et autres environnements \u00e0 haute temp\u00e9rature, ne se d\u00e9forme pas facilement et ne s'ab\u00eeme pas.<br \/><strong>Facile \u00e0 nettoyer :<\/strong> Surface lisse, \u00e9vitant les r\u00e9sidus alimentaires, facile \u00e0 nettoyer, lavage \u00e0 la main ou au lave-vaisselle, gain de temps et de travail.<br \/><strong>Sant\u00e9 et s\u00e9curit\u00e9<\/strong>: Conception sans rev\u00eatement, ne contient pas de substances nocives, pour garantir la puret\u00e9 et la s\u00e9curit\u00e9 des aliments, convient pour une utilisation \u00e0 long terme.<br \/><strong>Aspect tendance<\/strong>: Un design simple et g\u00e9n\u00e9reux, adapt\u00e9 \u00e0 une vari\u00e9t\u00e9 de styles de restauration, un outil de pr\u00e9sentation pratique et beau pour les f\u00eates et les rassemblements.<br \/>Proposer des solutions de paniers d'h\u00f4tel sur mesure.<br \/><strong><a href=\"https:\/\/www.purecook.com\/fr\/custom-solution\/\" target=\"_blank\" rel=\"noopener\">Prise en charge des paniers d'h\u00f4tel personnalis\u00e9s OEM&amp;ODM.<\/a><\/strong><\/p>\n<p>&nbsp;<\/p>","protected":false},"featured_media":2471,"comment_status":"closed","ping_status":"closed","template":"","meta":{"_acf_changed":false},"product_brand":[],"product_cat":[51,55],"product_tag":[],"class_list":{"0":"post-2463","1":"product","2":"type-product","3":"status-publish","4":"has-post-thumbnail","6":"product_cat-dinnerware","7":"product_cat-dish-and-plate","9":"first","10":"instock","11":"shipping-taxable","12":"product-type-simple"},"acf":[],"_links":{"self":[{"href":"https:\/\/www.purecook.com\/fr\/wp-json\/wp\/v2\/product\/2463","targetHints":{"allow":["GET"]}}],"collection":[{"href":"https:\/\/www.purecook.com\/fr\/wp-json\/wp\/v2\/product"}],"about":[{"href":"https:\/\/www.purecook.com\/fr\/wp-json\/wp\/v2\/types\/product"}],"replies":[{"embeddable":true,"href":"https:\/\/www.purecook.com\/fr\/wp-json\/wp\/v2\/comments?post=2463"}],"wp:featuredmedia":[{"embeddable":true,"href":"https:\/\/www.purecook.com\/fr\/wp-json\/wp\/v2\/media\/2471"}],"wp:attachment":[{"href":"https:\/\/www.purecook.com\/fr\/wp-json\/wp\/v2\/media?parent=2463"}],"wp:term":[{"taxonomy":"product_brand","embeddable":true,"href":"https:\/\/www.purecook.com\/fr\/wp-json\/wp\/v2\/product_brand?post=2463"},{"taxonomy":"product_cat","embeddable":true,"href":"https:\/\/www.purecook.com\/fr\/wp-json\/wp\/v2\/product_cat?post=2463"},{"taxonomy":"product_tag","embeddable":true,"href":"https:\/\/www.purecook.com\/fr\/wp-json\/wp\/v2\/product_tag?post=2463"}],"curies":[{"name":"wp","href":"https:\/\/api.w.org\/{rel}","templated":true}]}}