{"id":2474,"date":"2024-06-04T15:52:51","date_gmt":"2024-06-04T07:52:51","guid":{"rendered":"https:\/\/www.purecook.com\/?post_type=product&#038;p=2474"},"modified":"2024-11-04T10:31:54","modified_gmt":"2024-11-04T02:31:54","slug":"vintage-stainless-steel-bowls-wholesale","status":"publish","type":"product","link":"https:\/\/www.purecook.com\/fr\/product\/vintage-stainless-steel-bowls-wholesale\/","title":{"rendered":"Bols Vintage en acier inoxydable Wholesale"},"content":{"rendered":"<div class=\"wp-block-columns is-layout-flex wp-container-core-columns-is-layout-9d6595d7 wp-block-columns-is-layout-flex\">\n<div class=\"wp-block-column is-layout-flow wp-block-column-is-layout-flow\">\n<h3 class=\"wp-block-heading\">Param\u00e8tres des bols en acier inoxydable<\/h3>\n\n\n\n<p>Type de vaisselle Bol<br>Mat\u00e9riau : acier inoxydable SUS 304<br>Nombre de couches Couche unique<br>Couleur Flocon de neige \/ gris<br>Technique Denim Wash (Technique exclusive)<br>Epaisseur 1mm<br>Forme O\/U<br>Poids net : 168g\/172g<br>MOQ : 100 pi\u00e8ces<\/p>\n<\/div>\n\n\n\n<div class=\"wp-block-column is-layout-flow wp-block-column-is-layout-flow\">\n<h3 class=\"wp-block-heading\">Bols en acier inoxydable sur mesure<\/h3>\n\n\n\n<p>Emballage : bo\u00eete en couleur\/carton, etc.<br>MOQ : 1000 pi\u00e8ces<br><strong><a href=\"https:\/\/www.purecook.com\/fr\/custom-solution\/\" target=\"_blank\" rel=\"noreferrer noopener\">Solutions OEM et ODM de bols en acier inoxydable sur mesure<\/a><\/strong><\/p>\n<\/div>\n<\/div>\n\n\n\n<div class=\"wp-block-columns is-layout-flex wp-container-core-columns-is-layout-9d6595d7 wp-block-columns-is-layout-flex\">\n<div class=\"wp-block-column is-layout-flow wp-block-column-is-layout-flow\">\n<figure class=\"wp-block-image size-full\"><img decoding=\"async\" width=\"800\" height=\"800\" src=\"https:\/\/www.purecook.com\/wp-content\/uploads\/2024\/06\/Vintage-stainless-steel-bowl-wholesale-3.webp\" alt=\"Bol vintage en acier inoxydable grossiste\" class=\"wp-image-2477\" srcset=\"https:\/\/www.purecook.com\/wp-content\/uploads\/2024\/06\/Vintage-stainless-steel-bowl-wholesale-3.webp 800w, https:\/\/www.purecook.com\/wp-content\/uploads\/2024\/06\/Vintage-stainless-steel-bowl-wholesale-3-300x300.webp 300w, https:\/\/www.purecook.com\/wp-content\/uploads\/2024\/06\/Vintage-stainless-steel-bowl-wholesale-3-150x150.webp 150w, https:\/\/www.purecook.com\/wp-content\/uploads\/2024\/06\/Vintage-stainless-steel-bowl-wholesale-3-768x768.webp 768w, https:\/\/www.purecook.com\/wp-content\/uploads\/2024\/06\/Vintage-stainless-steel-bowl-wholesale-3-600x600.webp 600w, https:\/\/www.purecook.com\/wp-content\/uploads\/2024\/06\/Vintage-stainless-steel-bowl-wholesale-3-100x100.webp 100w\" sizes=\"(max-width: 800px) 100vw, 800px\" \/><\/figure>\n<\/div>\n\n\n\n<div class=\"wp-block-column is-layout-flow wp-block-column-is-layout-flow\">\n<figure class=\"wp-block-image size-full\"><img decoding=\"async\" width=\"800\" height=\"800\" src=\"https:\/\/www.purecook.com\/wp-content\/uploads\/2024\/06\/Vintage-stainless-steel-bowl-wholesale-2.webp\" alt=\"Bol vintage en acier inoxydable grossiste\" class=\"wp-image-2476\" srcset=\"https:\/\/www.purecook.com\/wp-content\/uploads\/2024\/06\/Vintage-stainless-steel-bowl-wholesale-2.webp 800w, https:\/\/www.purecook.com\/wp-content\/uploads\/2024\/06\/Vintage-stainless-steel-bowl-wholesale-2-300x300.webp 300w, https:\/\/www.purecook.com\/wp-content\/uploads\/2024\/06\/Vintage-stainless-steel-bowl-wholesale-2-150x150.webp 150w, https:\/\/www.purecook.com\/wp-content\/uploads\/2024\/06\/Vintage-stainless-steel-bowl-wholesale-2-768x768.webp 768w, https:\/\/www.purecook.com\/wp-content\/uploads\/2024\/06\/Vintage-stainless-steel-bowl-wholesale-2-600x600.webp 600w, https:\/\/www.purecook.com\/wp-content\/uploads\/2024\/06\/Vintage-stainless-steel-bowl-wholesale-2-100x100.webp 100w\" sizes=\"(max-width: 800px) 100vw, 800px\" \/><\/figure>\n<\/div>\n<\/div>","protected":false},"excerpt":{"rendered":"<p>Les bols en acier inoxydable sont fabriqu\u00e9s en acier inoxydable de haute qualit\u00e9, robuste et durable, adapt\u00e9 \u00e0 la maison et au restaurant. Nous fournissons non seulement des services de bols en acier inoxydable en gros, mais aussi des solutions de bols en acier inoxydable sur mesure.<\/p>\n<h2>Caract\u00e9ristiques et avantages des bols en acier inoxydable<\/h2>\n<p><strong>Acier inoxydable 304 de haute qualit\u00e9<\/strong>: L'acier inoxydable 304 de qualit\u00e9 alimentaire est utilis\u00e9 pour garantir la durabilit\u00e9, la r\u00e9sistance \u00e0 la rouille et la s\u00e9curit\u00e9 du produit, qui convient au contact direct avec les aliments et prot\u00e8ge votre sant\u00e9.<br \/><strong>Design r\u00e9tro<\/strong>Le design r\u00e9tro unique en forme de O et de U ajoute un charme unique \u00e0 la table \u00e0 manger. Elle convient aux restaurants haut de gamme, aux banquets et aux d\u00eeners en famille, am\u00e9liorant ainsi l'exp\u00e9rience gastronomique.<br \/><strong>Structure \u00e0 couche unique<\/strong>Le mod\u00e8le \u00e0 couche unique, l\u00e9ger et facile \u00e0 transporter, convient \u00e0 l'usage quotidien et \u00e0 diverses occasions de manger, pratique et commode.<br \/><strong>1mm d'\u00e9paisseur<\/strong>: L'\u00e9paisseur de 1 mm garantit la solidit\u00e9 du bol sans qu'il soit encombrant ou lourd. Il est pratique pour une utilisation quotidienne et pour le transport.<br \/><strong>Utilisation multifonctionnelle<\/strong>Les tables d'h\u00f4tes sont con\u00e7ues pour servir des salades, des soupes, des desserts, des snacks et bien d'autres aliments, afin de r\u00e9pondre aux besoins de la restauration.<br \/><strong>D\u00e9coratif<\/strong>: La forme unique et le style r\u00e9tro en font non seulement une vaisselle pratique mais aussi un d\u00e9cor lumineux sur la table, rehaussant la beaut\u00e9 de l'environnement de la salle \u00e0 manger.<br \/><strong>Facile \u00e0 nettoyer<\/strong>La surface lisse emp\u00eache la formation de r\u00e9sidus alimentaires. Facile \u00e0 nettoyer, elle peut \u00eatre lav\u00e9e \u00e0 la main ou au lave-vaisselle, ce qui permet d'\u00e9conomiser du temps et de la main-d'\u0153uvre.<br \/><strong>Sain et s\u00fbr<\/strong>La conception non rev\u00eatue ne contient pas de substances nocives, afin de garantir la puret\u00e9 et la s\u00e9curit\u00e9 des aliments, et convient \u00e0 une utilisation \u00e0 long terme.<br \/>Proposer des solutions sur mesure pour les cuves en acier inoxydable.<br \/><strong><a href=\"https:\/\/www.purecook.com\/fr\/custom-solution\/\" target=\"_blank\" rel=\"noopener\">Support des cuves en acier inoxydable personnalis\u00e9es OEM&amp;ODM.<\/a><\/strong><\/p>\n<p>&nbsp;<\/p>","protected":false},"featured_media":2475,"comment_status":"closed","ping_status":"closed","template":"","meta":{"_acf_changed":false},"product_brand":[],"product_cat":[51,54],"product_tag":[],"class_list":{"0":"post-2474","1":"product","2":"type-product","3":"status-publish","4":"has-post-thumbnail","6":"product_cat-dinnerware","7":"product_cat-stainless-steel-bowl","9":"first","10":"instock","11":"shipping-taxable","12":"product-type-simple"},"acf":[],"_links":{"self":[{"href":"https:\/\/www.purecook.com\/fr\/wp-json\/wp\/v2\/product\/2474","targetHints":{"allow":["GET"]}}],"collection":[{"href":"https:\/\/www.purecook.com\/fr\/wp-json\/wp\/v2\/product"}],"about":[{"href":"https:\/\/www.purecook.com\/fr\/wp-json\/wp\/v2\/types\/product"}],"replies":[{"embeddable":true,"href":"https:\/\/www.purecook.com\/fr\/wp-json\/wp\/v2\/comments?post=2474"}],"wp:featuredmedia":[{"embeddable":true,"href":"https:\/\/www.purecook.com\/fr\/wp-json\/wp\/v2\/media\/2475"}],"wp:attachment":[{"href":"https:\/\/www.purecook.com\/fr\/wp-json\/wp\/v2\/media?parent=2474"}],"wp:term":[{"taxonomy":"product_brand","embeddable":true,"href":"https:\/\/www.purecook.com\/fr\/wp-json\/wp\/v2\/product_brand?post=2474"},{"taxonomy":"product_cat","embeddable":true,"href":"https:\/\/www.purecook.com\/fr\/wp-json\/wp\/v2\/product_cat?post=2474"},{"taxonomy":"product_tag","embeddable":true,"href":"https:\/\/www.purecook.com\/fr\/wp-json\/wp\/v2\/product_tag?post=2474"}],"curies":[{"name":"wp","href":"https:\/\/api.w.org\/{rel}","templated":true}]}}