{"id":2480,"date":"2024-06-04T16:16:25","date_gmt":"2024-06-04T08:16:25","guid":{"rendered":"https:\/\/www.purecook.com\/?post_type=product&#038;p=2480"},"modified":"2024-06-04T16:40:11","modified_gmt":"2024-06-04T08:40:11","slug":"customized-dinner-plates-in-bulk","status":"publish","type":"product","link":"https:\/\/www.purecook.com\/fr\/product\/customized-dinner-plates-in-bulk\/","title":{"rendered":"Assiettes \u00e0 d\u00eener personnalis\u00e9es en gros en vrac avec style r\u00e9tro"},"content":{"rendered":"<div class=\"wp-block-columns is-layout-flex wp-container-core-columns-is-layout-9d6595d7 wp-block-columns-is-layout-flex\">\n<div class=\"wp-block-column is-layout-flow wp-block-column-is-layout-flow\">\n<h3 class=\"wp-block-heading\">Param\u00e8tres des assiettes \u00e0 d\u00eener<\/h3>\n\n\n\n<p>Nom du produit Plaque ronde<br>Taille 21\/23 cm<br>Mat\u00e9riau : Acier inoxydable 304<br>\u00c9paisseur 0,8 mm<br>Poids 249\/290 grammes<br>MOQ 60 pi\u00e8ces<br>Logo Logo personnalis\u00e9 accept\u00e9<\/p>\n<\/div>\n\n\n\n<div class=\"wp-block-column is-layout-flow wp-block-column-is-layout-flow\">\n<h3 class=\"wp-block-heading\">Assiettes \u00e0 d\u00eener personnalis\u00e9es<\/h3>\n\n\n\n<p>Logo : personnalisez le logo de votre marque<br>Emballage : bo\u00eete de couleur\/carton, etc.<br>Motif : personnalisez le motif de votre choix<br>MOQ : 1000 pi\u00e8ces<br><strong><a href=\"https:\/\/www.purecook.com\/fr\/custom-solution\/\" target=\"_blank\" rel=\"noreferrer noopener\">Solutions d'assiettes \u00e0 d\u00eener personnalis\u00e9es OEM et ODM<\/a><\/strong><\/p>\n<\/div>\n<\/div>\n\n\n\n<div class=\"wp-block-columns is-layout-flex wp-container-core-columns-is-layout-9d6595d7 wp-block-columns-is-layout-flex\">\n<div class=\"wp-block-column is-layout-flow wp-block-column-is-layout-flow\">\n<figure class=\"wp-block-image size-full\"><img decoding=\"async\" width=\"464\" height=\"464\" src=\"https:\/\/www.purecook.com\/wp-content\/uploads\/2024\/06\/customized-dinner-plates-3.webp\" alt=\"assiettes \u00e0 d\u00eener personnalis\u00e9es\" class=\"wp-image-2483\" srcset=\"https:\/\/www.purecook.com\/wp-content\/uploads\/2024\/06\/customized-dinner-plates-3.webp 464w, https:\/\/www.purecook.com\/wp-content\/uploads\/2024\/06\/customized-dinner-plates-3-300x300.webp 300w, https:\/\/www.purecook.com\/wp-content\/uploads\/2024\/06\/customized-dinner-plates-3-150x150.webp 150w, https:\/\/www.purecook.com\/wp-content\/uploads\/2024\/06\/customized-dinner-plates-3-100x100.webp 100w\" sizes=\"(max-width: 464px) 100vw, 464px\" \/><\/figure>\n<\/div>\n\n\n\n<div class=\"wp-block-column is-layout-flow wp-block-column-is-layout-flow\">\n<figure class=\"wp-block-image size-full\"><img decoding=\"async\" width=\"800\" height=\"800\" src=\"https:\/\/www.purecook.com\/wp-content\/uploads\/2024\/06\/customized-dinner-plates-4.webp\" alt=\"assiettes \u00e0 d\u00eener personnalis\u00e9es\" class=\"wp-image-2484\" srcset=\"https:\/\/www.purecook.com\/wp-content\/uploads\/2024\/06\/customized-dinner-plates-4.webp 800w, https:\/\/www.purecook.com\/wp-content\/uploads\/2024\/06\/customized-dinner-plates-4-300x300.webp 300w, https:\/\/www.purecook.com\/wp-content\/uploads\/2024\/06\/customized-dinner-plates-4-150x150.webp 150w, https:\/\/www.purecook.com\/wp-content\/uploads\/2024\/06\/customized-dinner-plates-4-768x768.webp 768w, https:\/\/www.purecook.com\/wp-content\/uploads\/2024\/06\/customized-dinner-plates-4-600x600.webp 600w, https:\/\/www.purecook.com\/wp-content\/uploads\/2024\/06\/customized-dinner-plates-4-100x100.webp 100w\" sizes=\"(max-width: 800px) 100vw, 800px\" \/><\/figure>\n<\/div>\n<\/div>","protected":false},"excerpt":{"rendered":"<p>Les assiettes \u00e0 d\u00eener ont une surface lisse, \u00e9vitent les r\u00e9sidus alimentaires, sont faciles \u00e0 nettoyer, lavables \u00e0 la main ou au lave-vaisselle, ce qui permet d'\u00e9conomiser du temps et de la main d'\u0153uvre.<\/p>\n<h2>Caract\u00e9ristiques et avantages des assiettes plates<\/h2>\n<p><strong>Acier inoxydable 304 de haute qualit\u00e9<\/strong>Les produits sont fabriqu\u00e9s en acier inoxydable 304 de qualit\u00e9 alimentaire, r\u00e9sistant \u00e0 la rouille et \u00e0 la corrosion, robustes et durables pour garantir une utilisation \u00e0 long terme, adapt\u00e9s au contact direct avec les aliments, afin de prot\u00e9ger la sant\u00e9.<br \/><strong>Style campagnard vintage<\/strong>La table est id\u00e9ale pour les d\u00eeners en famille, les restaurants et les occasions sp\u00e9ciales, afin d'am\u00e9liorer l'exp\u00e9rience gastronomique.<br \/><strong>Options de tailles multiples<\/strong>: Disponible en 21cm et 23cm pour r\u00e9pondre aux diff\u00e9rents besoins et occasions de repas, convient pour servir une large gamme de produits alimentaires tels que les plats principaux, les accompagnements et les desserts.<br \/><strong>Conception circulaire<\/strong>Le design circulaire classique s'adapte \u00e0 diff\u00e9rents styles de repas. Il est facile \u00e0 assortir \u00e0 d'autres articles de table et rehausse l'esth\u00e9tique de l'ensemble de la table.<br \/><strong>Structure \u00e0 couche unique<\/strong>Le poids l\u00e9ger et la facilit\u00e9 de transport conviennent \u00e0 un usage quotidien et \u00e0 diverses occasions de manger, ce qui est pratique.<br \/><strong>R\u00e9sistant aux hautes temp\u00e9ratures<\/strong>R\u00e9sistance sup\u00e9rieure aux hautes temp\u00e9ratures, adapt\u00e9e aux fours, aux micro-ondes et \u00e0 d'autres environnements \u00e0 haute temp\u00e9rature, pas facile \u00e0 d\u00e9former ou \u00e0 endommager.<br \/><strong>Facile \u00e0 nettoyer<\/strong>La conception de la surface lisse emp\u00eache la formation de r\u00e9sidus alimentaires. Facile \u00e0 nettoyer, elle peut \u00eatre lav\u00e9e \u00e0 la main ou au lave-vaisselle, ce qui permet d'\u00e9conomiser du temps et de la main d'\u0153uvre.<br \/><strong>Sain et s\u00fbr<\/strong>La conception non rev\u00eatue ne contient pas de substances nocives, afin de garantir la puret\u00e9 et la s\u00e9curit\u00e9 des aliments, et convient \u00e0 une utilisation \u00e0 long terme.<br \/><strong>D\u00e9coratif<\/strong>: Le design r\u00e9tro unique en fait non seulement un objet de table pratique, mais aussi un d\u00e9cor lumineux sur la table, rehaussant la beaut\u00e9 de l'environnement de la salle \u00e0 manger.<br \/>Proposer des solutions personnalis\u00e9es en mati\u00e8re d'assiettes \u00e0 d\u00eener.<br \/><strong><a href=\"https:\/\/www.purecook.com\/fr\/custom-solution\/\" target=\"_blank\" rel=\"noopener\">Support des assiettes \u00e0 d\u00eener personnalis\u00e9es OEM&amp;ODM.<\/a><\/strong><\/p>\n<p>&nbsp;<\/p>","protected":false},"featured_media":2482,"comment_status":"closed","ping_status":"closed","template":"","meta":{"_acf_changed":false},"product_brand":[],"product_cat":[51,55],"product_tag":[],"class_list":{"0":"post-2480","1":"product","2":"type-product","3":"status-publish","4":"has-post-thumbnail","6":"product_cat-dinnerware","7":"product_cat-dish-and-plate","9":"first","10":"instock","11":"shipping-taxable","12":"product-type-simple"},"acf":[],"_links":{"self":[{"href":"https:\/\/www.purecook.com\/fr\/wp-json\/wp\/v2\/product\/2480","targetHints":{"allow":["GET"]}}],"collection":[{"href":"https:\/\/www.purecook.com\/fr\/wp-json\/wp\/v2\/product"}],"about":[{"href":"https:\/\/www.purecook.com\/fr\/wp-json\/wp\/v2\/types\/product"}],"replies":[{"embeddable":true,"href":"https:\/\/www.purecook.com\/fr\/wp-json\/wp\/v2\/comments?post=2480"}],"wp:featuredmedia":[{"embeddable":true,"href":"https:\/\/www.purecook.com\/fr\/wp-json\/wp\/v2\/media\/2482"}],"wp:attachment":[{"href":"https:\/\/www.purecook.com\/fr\/wp-json\/wp\/v2\/media?parent=2480"}],"wp:term":[{"taxonomy":"product_brand","embeddable":true,"href":"https:\/\/www.purecook.com\/fr\/wp-json\/wp\/v2\/product_brand?post=2480"},{"taxonomy":"product_cat","embeddable":true,"href":"https:\/\/www.purecook.com\/fr\/wp-json\/wp\/v2\/product_cat?post=2480"},{"taxonomy":"product_tag","embeddable":true,"href":"https:\/\/www.purecook.com\/fr\/wp-json\/wp\/v2\/product_tag?post=2480"}],"curies":[{"name":"wp","href":"https:\/\/api.w.org\/{rel}","templated":true}]}}