{"id":2485,"date":"2024-06-04T16:41:25","date_gmt":"2024-06-04T08:41:25","guid":{"rendered":"https:\/\/www.purecook.com\/?post_type=product&#038;p=2485"},"modified":"2024-06-04T17:33:44","modified_gmt":"2024-06-04T09:33:44","slug":"wholesale-vintage-roasting-pans","status":"publish","type":"product","link":"https:\/\/www.purecook.com\/fr\/product\/wholesale-vintage-roasting-pans\/","title":{"rendered":"Plaques \u00e0 r\u00f4tir vintage en gros : Parfaites pour l'h\u00f4tellerie et la restauration"},"content":{"rendered":"<div class=\"wp-block-columns is-layout-flex wp-container-core-columns-is-layout-9d6595d7 wp-block-columns-is-layout-flex\">\n<div class=\"wp-block-column is-layout-flow wp-block-column-is-layout-flow\">\n<h3 class=\"wp-block-heading\">Param\u00e8tres de la r\u00f4tissoire<\/h3>\n\n\n\n<p>Nom du produit Assiette \u00e0 poulet vintage<br>Forme Ovale<br>\u00c9paisseur 0,8 mm<br>Mat\u00e9riau : Acier inoxydable 304<br>Taille 27,5*4,3 cm<br>Poids net 300 grammes<br>Couleur : Argent<br>Quantit\u00e9 de commande 60 pi\u00e8ces<br>Logo Accepte les logos personnalis\u00e9s<\/p>\n<\/div>\n\n\n\n<div class=\"wp-block-column is-layout-flow wp-block-column-is-layout-flow\">\n<h3 class=\"wp-block-heading\">Plaque \u00e0 r\u00f4tir personnalis\u00e9e<\/h3>\n\n\n\n<p>Logo : personnalisez le logo de votre marque<br>Emballage : bo\u00eete de couleur\/carton, etc.<br>Motif : personnalisez le motif de votre choix<br>MOQ : 1000 pi\u00e8ces<br><strong><a href=\"https:\/\/www.purecook.com\/fr\/custom-solution\/\" target=\"_blank\" rel=\"noreferrer noopener\">Solutions personnalis\u00e9es OEM et ODM pour les plaques \u00e0 r\u00f4tir<\/a><\/strong><\/p>\n<\/div>\n<\/div>\n\n\n\n<div class=\"wp-block-columns is-layout-flex wp-container-core-columns-is-layout-9d6595d7 wp-block-columns-is-layout-flex\">\n<div class=\"wp-block-column is-layout-flow wp-block-column-is-layout-flow\">\n<figure class=\"wp-block-image size-full\"><img decoding=\"async\" width=\"800\" height=\"800\" src=\"https:\/\/www.purecook.com\/wp-content\/uploads\/2024\/06\/roasting-pan-2-1.webp\" alt=\"R\u00f4tissoire en gros\" class=\"wp-image-2487\" srcset=\"https:\/\/www.purecook.com\/wp-content\/uploads\/2024\/06\/roasting-pan-2-1.webp 800w, https:\/\/www.purecook.com\/wp-content\/uploads\/2024\/06\/roasting-pan-2-1-300x300.webp 300w, https:\/\/www.purecook.com\/wp-content\/uploads\/2024\/06\/roasting-pan-2-1-150x150.webp 150w, https:\/\/www.purecook.com\/wp-content\/uploads\/2024\/06\/roasting-pan-2-1-768x768.webp 768w, https:\/\/www.purecook.com\/wp-content\/uploads\/2024\/06\/roasting-pan-2-1-600x600.webp 600w, https:\/\/www.purecook.com\/wp-content\/uploads\/2024\/06\/roasting-pan-2-1-100x100.webp 100w\" sizes=\"(max-width: 800px) 100vw, 800px\" \/><\/figure>\n<\/div>\n\n\n\n<div class=\"wp-block-column is-layout-flow wp-block-column-is-layout-flow\">\n<figure class=\"wp-block-image size-full\"><img decoding=\"async\" width=\"800\" height=\"800\" src=\"https:\/\/www.purecook.com\/wp-content\/uploads\/2024\/06\/roasting-pan-1-1.webp\" alt=\"R\u00f4tissoire en gros\" class=\"wp-image-2486\" srcset=\"https:\/\/www.purecook.com\/wp-content\/uploads\/2024\/06\/roasting-pan-1-1.webp 800w, https:\/\/www.purecook.com\/wp-content\/uploads\/2024\/06\/roasting-pan-1-1-300x300.webp 300w, https:\/\/www.purecook.com\/wp-content\/uploads\/2024\/06\/roasting-pan-1-1-150x150.webp 150w, https:\/\/www.purecook.com\/wp-content\/uploads\/2024\/06\/roasting-pan-1-1-768x768.webp 768w, https:\/\/www.purecook.com\/wp-content\/uploads\/2024\/06\/roasting-pan-1-1-600x600.webp 600w, https:\/\/www.purecook.com\/wp-content\/uploads\/2024\/06\/roasting-pan-1-1-100x100.webp 100w\" sizes=\"(max-width: 800px) 100vw, 800px\" \/><\/figure>\n<\/div>\n<\/div>","protected":false},"excerpt":{"rendered":"<p>Les po\u00eales \u00e0 r\u00f4tir en gros conviennent aux restaurants, aux h\u00f4tels et \u00e0 l'usage domestique.Conception sans rev\u00eatement, ne contient pas de substances nocives, pour assurer la puret\u00e9 et la s\u00e9curit\u00e9 des aliments, convient pour une utilisation \u00e0 long terme.Bienvenue \u00e0 nous contacter pour des solutions de po\u00eales \u00e0 r\u00f4tir personnalis\u00e9es et un devis gratuit.<\/p>\n<h2>Caract\u00e9ristiques et avantages de la r\u00f4tissoire<\/h2>\n<p><strong>Acier inoxydable 304 de haute qualit\u00e9<\/strong>: L'acier inoxydable 304 de qualit\u00e9 alimentaire est utilis\u00e9 pour garantir la durabilit\u00e9, la r\u00e9sistance \u00e0 la rouille et la s\u00e9curit\u00e9 du produit, qui convient au contact direct avec les aliments et prot\u00e8ge votre sant\u00e9.<br \/><strong>Design r\u00e9tro<\/strong>: Le design r\u00e9tro ajoute un charme unique \u00e0 la table \u00e0 manger, convient aux restaurants haut de gamme, aux banquets et aux d\u00eeners en famille pour am\u00e9liorer l'exp\u00e9rience gastronomique.<br \/><strong>0,8 mm d'\u00e9paisseur<\/strong>: L'\u00e9paisseur mod\u00e9r\u00e9e de 0,8 mm garantit la solidit\u00e9 de la plaque sans qu'elle soit encombrante, ce qui est pratique pour l'utilisation quotidienne et le transport.<br \/><strong>Utilisation multifonctionnelle<\/strong>: Convient \u00e0 la pr\u00e9sentation et au service d'une vari\u00e9t\u00e9 de cuisines telles que les sushis, le poulet grill\u00e9, le barbecue, les fruits de mer, etc. Pour r\u00e9pondre \u00e0 diff\u00e9rents besoins en mati\u00e8re de restauration.<br \/><strong>Conception \u00e0 grande capacit\u00e9<\/strong>: La conception de l'assiette large convient \u00e0 la pr\u00e9sentation de grandes portions de nourriture lors de banquets et de r\u00e9unions, am\u00e9liorant ainsi l'efficacit\u00e9 et l'esth\u00e9tique du service de restauration.<br \/><strong>R\u00e9sistant aux hautes temp\u00e9ratures<\/strong>: Excellente r\u00e9sistance aux temp\u00e9ratures \u00e9lev\u00e9es, convient pour les fours, les micro-ondes et autres environnements \u00e0 temp\u00e9rature \u00e9lev\u00e9e, ne se d\u00e9forme pas facilement et ne s'endommage pas.<br \/><strong>Facile \u00e0 nettoyer<\/strong>: La surface lisse emp\u00eache la formation de r\u00e9sidus alimentaires. Facile \u00e0 nettoyer, elle peut \u00eatre lav\u00e9e \u00e0 la main ou au lave-vaisselle, ce qui permet d'\u00e9conomiser du temps et de la main-d'\u0153uvre.<br \/><strong>Sant\u00e9 et s\u00e9curit\u00e9<\/strong>: Conception sans rev\u00eatement, ne contient pas de substances nocives, pour garantir la puret\u00e9 et la s\u00e9curit\u00e9 des aliments, convient pour une utilisation \u00e0 long terme.<br \/><strong>Aspect tendance<\/strong>: Un design simple et g\u00e9n\u00e9reux, adapt\u00e9 \u00e0 une vari\u00e9t\u00e9 de styles de repas, est un outil de pr\u00e9sentation pratique et beau sur la table.<br \/><strong>Qualit\u00e9 professionnelle<\/strong>: Convient aux restaurants, aux h\u00f4tels et \u00e0 l'usage domestique. Am\u00e9liore la qualit\u00e9 et la classe de l'environnement de la salle \u00e0 manger.<br \/>Proposer des solutions personnalis\u00e9es pour les plats \u00e0 r\u00f4tir.<br \/><strong><a href=\"https:\/\/www.purecook.com\/fr\/custom-solution\/\" target=\"_blank\" rel=\"noopener\">Possibilit\u00e9 de personnaliser la plaque \u00e0 r\u00f4tir en fonction des besoins de l'utilisateur (OEM&amp;ODM).<\/a><\/strong><\/p>\n<p>&nbsp;<\/p>","protected":false},"featured_media":2487,"comment_status":"closed","ping_status":"closed","template":"","meta":{"_acf_changed":false},"product_brand":[],"product_cat":[51,55],"product_tag":[],"class_list":{"0":"post-2485","1":"product","2":"type-product","3":"status-publish","4":"has-post-thumbnail","6":"product_cat-dinnerware","7":"product_cat-dish-and-plate","9":"first","10":"instock","11":"shipping-taxable","12":"product-type-simple"},"acf":[],"_links":{"self":[{"href":"https:\/\/www.purecook.com\/fr\/wp-json\/wp\/v2\/product\/2485","targetHints":{"allow":["GET"]}}],"collection":[{"href":"https:\/\/www.purecook.com\/fr\/wp-json\/wp\/v2\/product"}],"about":[{"href":"https:\/\/www.purecook.com\/fr\/wp-json\/wp\/v2\/types\/product"}],"replies":[{"embeddable":true,"href":"https:\/\/www.purecook.com\/fr\/wp-json\/wp\/v2\/comments?post=2485"}],"wp:featuredmedia":[{"embeddable":true,"href":"https:\/\/www.purecook.com\/fr\/wp-json\/wp\/v2\/media\/2487"}],"wp:attachment":[{"href":"https:\/\/www.purecook.com\/fr\/wp-json\/wp\/v2\/media?parent=2485"}],"wp:term":[{"taxonomy":"product_brand","embeddable":true,"href":"https:\/\/www.purecook.com\/fr\/wp-json\/wp\/v2\/product_brand?post=2485"},{"taxonomy":"product_cat","embeddable":true,"href":"https:\/\/www.purecook.com\/fr\/wp-json\/wp\/v2\/product_cat?post=2485"},{"taxonomy":"product_tag","embeddable":true,"href":"https:\/\/www.purecook.com\/fr\/wp-json\/wp\/v2\/product_tag?post=2485"}],"curies":[{"name":"wp","href":"https:\/\/api.w.org\/{rel}","templated":true}]}}