{"id":2496,"date":"2024-06-04T22:45:14","date_gmt":"2024-06-04T14:45:14","guid":{"rendered":"https:\/\/www.purecook.com\/?post_type=product&#038;p=2496"},"modified":"2024-06-04T23:17:48","modified_gmt":"2024-06-04T15:17:48","slug":"stainless-steel-sierra-cup-with-colander-wholesale","status":"publish","type":"product","link":"https:\/\/www.purecook.com\/fr\/product\/stainless-steel-sierra-cup-with-colander-wholesale\/","title":{"rendered":"Coupe Sierra en acier inoxydable avec passoire Wholesale"},"content":{"rendered":"<div class=\"wp-block-columns is-layout-flex wp-container-core-columns-is-layout-9d6595d7 wp-block-columns-is-layout-flex\">\n<div class=\"wp-block-column is-layout-flow wp-block-column-is-layout-flow\">\n<h3 class=\"wp-block-heading\">Param\u00e8tres de la coupe Sierra<\/h3>\n\n\n\n<p>Type de couverts : Set de couverts pour l'ext\u00e9rieur<br>Comprend un ensemble cuill\u00e8re\/fourchette\/couteau\/baguettes<br>Type de mat\u00e9riau : Acier inoxydable 304<br>Taille : 12 cm<br>Poids : 0,500 kg<br>MOQ:100pcs<\/p>\n<\/div>\n\n\n\n<div class=\"wp-block-column is-layout-flow wp-block-column-is-layout-flow\">\n<h3 class=\"wp-block-heading\">Coupe Sierra personnalis\u00e9e<\/h3>\n\n\n\n<p>Logo:personnalisez le logo de votre marque<br>emballage : bo\u00eete de couleur\/carton, etc.<br>MOQ : 500pcs<br><strong><a href=\"https:\/\/www.purecook.com\/fr\/custom-solution\/\" target=\"_blank\" rel=\"noreferrer noopener\">Solutions personnalis\u00e9es OEM et ODM pour les gobelets Sierra<\/a><\/strong><\/p>\n<\/div>\n<\/div>\n\n\n\n<div class=\"wp-block-columns is-layout-flex wp-container-core-columns-is-layout-9d6595d7 wp-block-columns-is-layout-flex\">\n<div class=\"wp-block-column is-layout-flow wp-block-column-is-layout-flow\">\n<figure class=\"wp-block-image size-full\"><img decoding=\"async\" width=\"1600\" height=\"1600\" src=\"https:\/\/www.purecook.com\/wp-content\/uploads\/2024\/06\/sierra-cup-3.webp\" alt=\"sierra cup wholesale\" class=\"wp-image-2499\" srcset=\"https:\/\/www.purecook.com\/wp-content\/uploads\/2024\/06\/sierra-cup-3.webp 1600w, https:\/\/www.purecook.com\/wp-content\/uploads\/2024\/06\/sierra-cup-3-300x300.webp 300w, https:\/\/www.purecook.com\/wp-content\/uploads\/2024\/06\/sierra-cup-3-150x150.webp 150w, https:\/\/www.purecook.com\/wp-content\/uploads\/2024\/06\/sierra-cup-3-768x768.webp 768w, https:\/\/www.purecook.com\/wp-content\/uploads\/2024\/06\/sierra-cup-3-600x600.webp 600w, https:\/\/www.purecook.com\/wp-content\/uploads\/2024\/06\/sierra-cup-3-100x100.webp 100w\" sizes=\"(max-width: 1600px) 100vw, 1600px\" \/><\/figure>\n<\/div>\n\n\n\n<div class=\"wp-block-column is-layout-flow wp-block-column-is-layout-flow\">\n<figure class=\"wp-block-image size-full\"><img decoding=\"async\" width=\"1600\" height=\"1600\" src=\"https:\/\/www.purecook.com\/wp-content\/uploads\/2024\/06\/sierra-cup-1.webp\" alt=\"coupe sierra\" class=\"wp-image-2497\" srcset=\"https:\/\/www.purecook.com\/wp-content\/uploads\/2024\/06\/sierra-cup-1.webp 1600w, https:\/\/www.purecook.com\/wp-content\/uploads\/2024\/06\/sierra-cup-1-300x300.webp 300w, https:\/\/www.purecook.com\/wp-content\/uploads\/2024\/06\/sierra-cup-1-150x150.webp 150w, https:\/\/www.purecook.com\/wp-content\/uploads\/2024\/06\/sierra-cup-1-768x768.webp 768w, https:\/\/www.purecook.com\/wp-content\/uploads\/2024\/06\/sierra-cup-1-600x600.webp 600w, https:\/\/www.purecook.com\/wp-content\/uploads\/2024\/06\/sierra-cup-1-100x100.webp 100w\" sizes=\"(max-width: 1600px) 100vw, 1600px\" \/><\/figure>\n<\/div>\n<\/div>","protected":false},"excerpt":{"rendered":"<p>Les gobelets sierra de haute qualit\u00e9 sont fabriqu\u00e9s en acier inoxydable de qualit\u00e9 alimentaire, sans substances nocives, garantissant la s\u00e9curit\u00e9 alimentaire, \u00e0 utiliser en toute confiance.<\/p>\n<h2>Caract\u00e9ristiques et avantages de Sierra Cup<\/h2>\n<p><strong>Acier inoxydable de haute qualit\u00e9<\/strong>: Fabriqu\u00e9 en acier inoxydable 304 de haute qualit\u00e9, robuste et durable, r\u00e9sistant \u00e0 la rouille et \u00e0 la corrosion, il ne se d\u00e9forme pas pendant une longue p\u00e9riode d'utilisation et convient \u00e0 divers environnements ext\u00e9rieurs.<br \/><strong>Conception multifonctionnelle<\/strong>: \u00c9quip\u00e9 d'un couvercle et d'une passoire, il est pratique pour cuisiner, conserver des aliments, filtrer de l'eau, etc. En ext\u00e9rieur, pour r\u00e9pondre \u00e0 des besoins vari\u00e9s.<br \/><strong>Poign\u00e9e pliante<\/strong>: Livr\u00e9 avec une poign\u00e9e pliable, facile \u00e0 transporter et \u00e0 ranger, peu encombrant, id\u00e9al pour vos activit\u00e9s de plein air.<br \/><strong>Stockage portable<\/strong>: Livr\u00e9 avec un sac de rangement portable, facile \u00e0 transporter et \u00e0 organiser, pour garder votre \u00e9quipement propre et organis\u00e9. Convient pour le camping, le pique-nique, la randonn\u00e9e et d'autres activit\u00e9s de plein air.<br \/><strong>Sain et s\u00fbr<\/strong>: Fabriqu\u00e9 en acier inoxydable de qualit\u00e9 alimentaire, sans substances nocives, il garantit la s\u00e9curit\u00e9 alimentaire et peut \u00eatre utilis\u00e9 en toute confiance.<br \/><strong>Facile \u00e0 nettoyer<\/strong>: La surface lisse emp\u00eache la formation de r\u00e9sidus alimentaires. Facile \u00e0 nettoyer, elle peut \u00eatre lav\u00e9e \u00e0 la main ou au lave-vaisselle, ce qui permet d'\u00e9conomiser du temps et de la main-d'\u0153uvre.<br \/><strong>Polyvalent<\/strong>: Non seulement ils conviennent au service de la nourriture, mais ils peuvent \u00e9galement \u00eatre utilis\u00e9s comme ustensiles de cuisine, ustensiles de boisson, pour r\u00e9pondre \u00e0 vos diff\u00e9rents besoins en plein air.<br \/><strong>Design classique<\/strong>: Tasse Sierra au design classique, capacit\u00e9 mod\u00e9r\u00e9e, convient pour contenir de la soupe, du riz, des nouilles et d'autres aliments, pratique.<br \/><strong>L'ext\u00e9rieur doit avoir<\/strong>: Que vous fassiez du camping, du pique-nique ou de la randonn\u00e9e, ce bol multifonctionnel en acier inoxydable est un outil indispensable pour vos activit\u00e9s de plein air.<br \/>Offrir des solutions personnalis\u00e9es pour les coupes sierra.<br \/><strong><a href=\"https:\/\/www.purecook.com\/fr\/custom-solution\/\" target=\"_blank\" rel=\"noopener\">Prise en charge des coupes sierra personnalis\u00e9es OEM&amp;ODM.<\/a><\/strong><\/p>\n<p>&nbsp;<\/p>","protected":false},"featured_media":2499,"comment_status":"closed","ping_status":"closed","template":"","meta":{"_acf_changed":false},"product_brand":[],"product_cat":[51,55],"product_tag":[],"class_list":{"0":"post-2496","1":"product","2":"type-product","3":"status-publish","4":"has-post-thumbnail","6":"product_cat-dinnerware","7":"product_cat-dish-and-plate","9":"first","10":"instock","11":"shipping-taxable","12":"product-type-simple"},"acf":[],"_links":{"self":[{"href":"https:\/\/www.purecook.com\/fr\/wp-json\/wp\/v2\/product\/2496","targetHints":{"allow":["GET"]}}],"collection":[{"href":"https:\/\/www.purecook.com\/fr\/wp-json\/wp\/v2\/product"}],"about":[{"href":"https:\/\/www.purecook.com\/fr\/wp-json\/wp\/v2\/types\/product"}],"replies":[{"embeddable":true,"href":"https:\/\/www.purecook.com\/fr\/wp-json\/wp\/v2\/comments?post=2496"}],"wp:featuredmedia":[{"embeddable":true,"href":"https:\/\/www.purecook.com\/fr\/wp-json\/wp\/v2\/media\/2499"}],"wp:attachment":[{"href":"https:\/\/www.purecook.com\/fr\/wp-json\/wp\/v2\/media?parent=2496"}],"wp:term":[{"taxonomy":"product_brand","embeddable":true,"href":"https:\/\/www.purecook.com\/fr\/wp-json\/wp\/v2\/product_brand?post=2496"},{"taxonomy":"product_cat","embeddable":true,"href":"https:\/\/www.purecook.com\/fr\/wp-json\/wp\/v2\/product_cat?post=2496"},{"taxonomy":"product_tag","embeddable":true,"href":"https:\/\/www.purecook.com\/fr\/wp-json\/wp\/v2\/product_tag?post=2496"}],"curies":[{"name":"wp","href":"https:\/\/api.w.org\/{rel}","templated":true}]}}