{"id":2638,"date":"2024-06-22T18:53:52","date_gmt":"2024-06-22T10:53:52","guid":{"rendered":"https:\/\/www.purecook.com\/?post_type=product&#038;p=2638"},"modified":"2024-06-22T19:08:24","modified_gmt":"2024-06-22T11:08:24","slug":"wholesale-children-cartoon-stainless-steel-bowl","status":"publish","type":"product","link":"https:\/\/www.purecook.com\/fr\/product\/wholesale-children-cartoon-stainless-steel-bowl\/","title":{"rendered":"Wholesale Children Cartoon Stainless Steel Bowl with Lid - Certification de s\u00e9curit\u00e9 alimentaire"},"content":{"rendered":"<div class=\"wp-block-columns is-layout-flex wp-container-core-columns-is-layout-9d6595d7 wp-block-columns-is-layout-flex\">\n<div class=\"wp-block-column is-layout-flow wp-block-column-is-layout-flow\">\n<h3 class=\"wp-block-heading\">Param\u00e8tres du bol en acier inoxydable<\/h3>\n\n\n\n<p>Nom : Bol de dessin anim\u00e9 pour enfants<br>Mod\u00e8le : 8860<br>Mat\u00e9riau : Acier inoxydable 201\/304<br>Taille : 12cm<br>Poids : 115g<br>Emballage : bo\u00eete de couleur<br>Taille de la bo\u00eete (cm) 13,7\u00d76,1\u00d712,4<br>Taille du carton (cm) 63\u00d743\u00d751<br>CBM : 0,139<br>Quantit\u00e9\/carton : 120<br>MOQ : 120 pi\u00e8ces<\/p>\n<\/div>\n\n\n\n<div class=\"wp-block-column is-layout-flow wp-block-column-is-layout-flow\">\n<h3 class=\"wp-block-heading\">Option de bol en acier inoxydable personnalis\u00e9<\/h3>\n\n\n\n<p>emballage : bo\u00eete de couleur\/carton, etc.<br>MOQ : 1000pcs<br><strong><a href=\"https:\/\/www.purecook.com\/fr\/custom-solution\/\" target=\"_blank\" rel=\"noreferrer noopener\">Solutions personnalis\u00e9es OEM et ODM pour les gobelets Sierra<\/a><\/strong><\/p>\n<\/div>\n<\/div>\n\n\n\n<div class=\"wp-block-columns is-layout-flex wp-container-core-columns-is-layout-9d6595d7 wp-block-columns-is-layout-flex\">\n<div class=\"wp-block-column is-layout-flow wp-block-column-is-layout-flow\">\n<figure class=\"wp-block-image size-full\"><img decoding=\"async\" width=\"680\" height=\"947\" src=\"https:\/\/www.purecook.com\/wp-content\/uploads\/2024\/06\/Wholesale-Children-Cartoon-Stainless-Steel-Bowl-with-Lid-1.webp\" alt=\"Wholesale Children Cartoon Stainless Steel Bowl with Lid (bol en acier inoxydable avec couvercle)\" class=\"wp-image-2643\" srcset=\"https:\/\/www.purecook.com\/wp-content\/uploads\/2024\/06\/Wholesale-Children-Cartoon-Stainless-Steel-Bowl-with-Lid-1.webp 680w, https:\/\/www.purecook.com\/wp-content\/uploads\/2024\/06\/Wholesale-Children-Cartoon-Stainless-Steel-Bowl-with-Lid-1-215x300.webp 215w, https:\/\/www.purecook.com\/wp-content\/uploads\/2024\/06\/Wholesale-Children-Cartoon-Stainless-Steel-Bowl-with-Lid-1-600x836.webp 600w\" sizes=\"(max-width: 680px) 100vw, 680px\" \/><\/figure>\n<\/div>\n\n\n\n<div class=\"wp-block-column is-layout-flow wp-block-column-is-layout-flow\">\n<figure class=\"wp-block-image size-full\"><img decoding=\"async\" width=\"800\" height=\"800\" src=\"https:\/\/www.purecook.com\/wp-content\/uploads\/2024\/06\/Wholesale-Children-Cartoon-Stainless-Steel-Bowl-with-Lid-5.webp\" alt=\"Wholesale Children Cartoon Stainless Steel Bowl with Lid (bol en acier inoxydable avec couvercle)\" class=\"wp-image-2642\" srcset=\"https:\/\/www.purecook.com\/wp-content\/uploads\/2024\/06\/Wholesale-Children-Cartoon-Stainless-Steel-Bowl-with-Lid-5.webp 800w, https:\/\/www.purecook.com\/wp-content\/uploads\/2024\/06\/Wholesale-Children-Cartoon-Stainless-Steel-Bowl-with-Lid-5-300x300.webp 300w, https:\/\/www.purecook.com\/wp-content\/uploads\/2024\/06\/Wholesale-Children-Cartoon-Stainless-Steel-Bowl-with-Lid-5-150x150.webp 150w, https:\/\/www.purecook.com\/wp-content\/uploads\/2024\/06\/Wholesale-Children-Cartoon-Stainless-Steel-Bowl-with-Lid-5-768x768.webp 768w, https:\/\/www.purecook.com\/wp-content\/uploads\/2024\/06\/Wholesale-Children-Cartoon-Stainless-Steel-Bowl-with-Lid-5-600x600.webp 600w, https:\/\/www.purecook.com\/wp-content\/uploads\/2024\/06\/Wholesale-Children-Cartoon-Stainless-Steel-Bowl-with-Lid-5-100x100.webp 100w\" sizes=\"(max-width: 800px) 100vw, 800px\" \/><\/figure>\n<\/div>\n<\/div>","protected":false},"excerpt":{"rendered":"<p>C'est le cadeau id\u00e9al pour votre b\u00e9b\u00e9, les couleurs vives et les motifs de dessins anim\u00e9s garderont les enfants int\u00e9ress\u00e9s et rendront l'heure du repas amusante. La satisfaction du client est notre objectif principal, tous les produits sont contr\u00f4l\u00e9s avant d'\u00eatre exp\u00e9di\u00e9s. En cas d'insatisfaction ou de probl\u00e8me avec nos produits, veuillez nous contacter imm\u00e9diatement et nous vous r\u00e9pondrons dans les 24 heures.<\/p>\n<h2>Caract\u00e9ristiques et avantages du bol en acier inoxydable<\/h2>\n<p>1.<strong>Nos bols \u00e0 succion pour b\u00e9b\u00e9s sont fabriqu\u00e9s \u00e0 partir de mat\u00e9riaux de qualit\u00e9 alimentaire 100% et sont totalement s\u00fbrs pour votre b\u00e9b\u00e9.<\/strong>. Le corps du bol est fabriqu\u00e9 en acier inoxydable 304 \/201 de haute qualit\u00e9, qui r\u00e9siste \u00e0 la rouille et ne laisse pas d'odeurs ni de taches. La surface du bol est en polypropyl\u00e8ne (PP), qui r\u00e9siste aux empreintes digitales, ne se raye pas facilement et ne contient pas de bisph\u00e9nol A (BPA), de chlorure de polyvinyle (PVC), de phtalates ni de plomb. Notre set d'alimentation pour b\u00e9b\u00e9 est certifi\u00e9 comme produit pour enfants, vous pouvez donc \u00eatre s\u00fbr que votre enfant peut l'utiliser.<\/p>\n<p>2.<strong>Ce bol isotherme pour b\u00e9b\u00e9 est fabriqu\u00e9 en acier inoxydable avec une surface en PP qui emp\u00eache le transfert de chaleur et prot\u00e8ge les mains de votre b\u00e9b\u00e9 contre les br\u00fblures tout en les gardant au chaud.<\/strong>. Livr\u00e9 avec un couvercle herm\u00e9tique en plastique alimentaire et en silicone pour conserver les restes au frais, vous permettant de nourrir votre b\u00e9b\u00e9 o\u00f9 et quand vous le souhaitez. Nos bols en silicone pour b\u00e9b\u00e9s passent au lave-vaisselle et au cong\u00e9lateur. Il suffit de placer le bol en silicone dans le lave-vaisselle apr\u00e8s le repas.<\/p>\n<p>Proposer des solutions personnalis\u00e9es pour les cuves en acier inoxydable.<\/p>\n<p><strong><a href=\"https:\/\/www.purecook.com\/fr\/custom-solution\/\" target=\"_blank\" rel=\"noopener\">Support des cuves en acier inoxydable personnalis\u00e9es OEM&amp;ODM.<\/a><\/strong><\/p>\n<p>&nbsp;<\/p>","protected":false},"featured_media":2640,"comment_status":"closed","ping_status":"closed","template":"","meta":{"_acf_changed":false},"product_brand":[],"product_cat":[51,54],"product_tag":[],"class_list":{"0":"post-2638","1":"product","2":"type-product","3":"status-publish","4":"has-post-thumbnail","6":"product_cat-dinnerware","7":"product_cat-stainless-steel-bowl","9":"first","10":"instock","11":"shipping-taxable","12":"product-type-simple"},"acf":[],"_links":{"self":[{"href":"https:\/\/www.purecook.com\/fr\/wp-json\/wp\/v2\/product\/2638","targetHints":{"allow":["GET"]}}],"collection":[{"href":"https:\/\/www.purecook.com\/fr\/wp-json\/wp\/v2\/product"}],"about":[{"href":"https:\/\/www.purecook.com\/fr\/wp-json\/wp\/v2\/types\/product"}],"replies":[{"embeddable":true,"href":"https:\/\/www.purecook.com\/fr\/wp-json\/wp\/v2\/comments?post=2638"}],"wp:featuredmedia":[{"embeddable":true,"href":"https:\/\/www.purecook.com\/fr\/wp-json\/wp\/v2\/media\/2640"}],"wp:attachment":[{"href":"https:\/\/www.purecook.com\/fr\/wp-json\/wp\/v2\/media?parent=2638"}],"wp:term":[{"taxonomy":"product_brand","embeddable":true,"href":"https:\/\/www.purecook.com\/fr\/wp-json\/wp\/v2\/product_brand?post=2638"},{"taxonomy":"product_cat","embeddable":true,"href":"https:\/\/www.purecook.com\/fr\/wp-json\/wp\/v2\/product_cat?post=2638"},{"taxonomy":"product_tag","embeddable":true,"href":"https:\/\/www.purecook.com\/fr\/wp-json\/wp\/v2\/product_tag?post=2638"}],"curies":[{"name":"wp","href":"https:\/\/api.w.org\/{rel}","templated":true}]}}