{"id":2644,"date":"2024-06-22T19:09:11","date_gmt":"2024-06-22T11:09:11","guid":{"rendered":"https:\/\/www.purecook.com\/?post_type=product&#038;p=2644"},"modified":"2024-06-24T06:16:27","modified_gmt":"2024-06-23T22:16:27","slug":"high-quality-custom-milk-pitcher-wholesale","status":"publish","type":"product","link":"https:\/\/www.purecook.com\/fr\/product\/high-quality-custom-milk-pitcher-wholesale\/","title":{"rendered":"Pichet \u00e0 lait personnalis\u00e9 de haute qualit\u00e9 Factory Direct Sales"},"content":{"rendered":"<div class=\"wp-block-columns is-layout-flex wp-container-core-columns-is-layout-9d6595d7 wp-block-columns-is-layout-flex\">\n<div class=\"wp-block-column is-layout-flow wp-block-column-is-layout-flow\">\n<h3 class=\"wp-block-heading\">Param\u00e8tres du pot \u00e0 lait<\/h3>\n\n\n\n<p>Type : Caf\u00e9 et th\u00e9, set de lait<br>Mat\u00e9riau : acier inoxydable 201\/304<br>Capacit\u00e9 : 350-2000ml 12-60oz<br>Couleur : argent \/ or \/ noir givr\u00e9 \/ or rose<br>Certification CE \/ EU ; LFGB<br>Poids brut : 1kg\/pcs<br>MOQ 500pcs<\/p>\n<\/div>\n\n\n\n<div class=\"wp-block-column is-layout-flow wp-block-column-is-layout-flow\">\n<h3 class=\"wp-block-heading\">Option de pot \u00e0 lait personnalis\u00e9<\/h3>\n\n\n\n<p>Logo:personnalisez le logo de votre marque<br>emballage : bo\u00eete de couleur\/carton, etc.<br>MOQ : 1000pcs<br><strong><a href=\"https:\/\/www.purecook.com\/fr\/custom-solution\/\" target=\"_blank\" rel=\"noreferrer noopener\">Solutions personnalis\u00e9es OEM et ODM pour les pichets \u00e0 lait<\/a><\/strong><\/p>\n<\/div>\n<\/div>\n\n\n\n<figure class=\"wp-block-table\"><table><thead><tr><th>Couleur<\/th><th>Capacit\u00e9 (ml)<\/th><th>Capacit\u00e9 (oz)<\/th><th>\u00c9paisseur (mm)<\/th><th>Mat\u00e9riau<\/th><th>Emballage<\/th><th>Qt\u00e9\/ctn<\/th><th>Dimensions du carton (cm)<\/th><\/tr><\/thead><tbody><tr><td>Acier inoxydable<\/td><td>350 ml<\/td><td>12 oz<\/td><td>1 mm<\/td><td>SUS 201<\/td><td>Bo\u00eete blanche<\/td><td>100<\/td><td>54\u00d745\u00d740<\/td><\/tr><tr><td>Acier inoxydable<\/td><td>600 ml<\/td><td>20 oz<\/td><td>1 mm<\/td><td>SUS 201<\/td><td>Bo\u00eete blanche<\/td><td>90<\/td><td>62\u00d739\u00d762<\/td><\/tr><tr><td>Acier inoxydable<\/td><td>1000 ml<\/td><td>34 oz<\/td><td>1 mm<\/td><td>SUS 201<\/td><td>Bo\u00eete blanche<\/td><td>80<\/td><td>71\u00d744\u00d758<\/td><\/tr><tr><td>Acier inoxydable<\/td><td>1500 ml<\/td><td>50 oz<\/td><td>1 mm<\/td><td>SUS 201<\/td><td>Bo\u00eete blanche<\/td><td>60<\/td><td>77\u00d751\u00d750<\/td><\/tr><tr><td>Acier inoxydable<\/td><td>2000 ml<\/td><td>66 oz<\/td><td>1 mm<\/td><td>SUS 201<\/td><td>Bo\u00eete blanche<\/td><td>48<\/td><td>67\u00d755\u00d755<\/td><\/tr><tr><td>Noir fonc\u00e9<\/td><td>350 ml<\/td><td>12 oz<\/td><td>1 mm<\/td><td>SUS 304<\/td><td>Bo\u00eete blanche<\/td><td>100<\/td><td>54\u00d745\u00d740<\/td><\/tr><tr><td>Noir fonc\u00e9<\/td><td>600 ml<\/td><td>20 oz<\/td><td>1 mm<\/td><td>SUS 304<\/td><td>Bo\u00eete blanche<\/td><td>90<\/td><td>62\u00d739\u00d762<\/td><\/tr><tr><td>Noir fonc\u00e9<\/td><td>1000 ml<\/td><td>34 oz<\/td><td>1 mm<\/td><td>SUS 304<\/td><td>Bo\u00eete blanche<\/td><td>80<\/td><td>71\u00d744\u00d758<\/td><\/tr><tr><td>Dor\u00e9<\/td><td>1500 ml<\/td><td>50 oz<\/td><td>1 mm<\/td><td>SUS 304<\/td><td>Bo\u00eete blanche<\/td><td>60<\/td><td>77\u00d751\u00d750<\/td><\/tr><tr><td>Dor\u00e9<\/td><td>2000 ml<\/td><td>66 oz<\/td><td>1 mm<\/td><td>SUS 304<\/td><td>Bo\u00eete blanche<\/td><td>48<\/td><td>67\u00d755\u00d755<\/td><\/tr><tr><td>Or rose<\/td><td>350 ml<\/td><td>12 oz<\/td><td>1 mm<\/td><td>SUS 304<\/td><td>Bo\u00eete blanche<\/td><td>100<\/td><td>54\u00d745\u00d740<\/td><\/tr><tr><td>Or rose<\/td><td>600 ml<\/td><td>20 oz<\/td><td>1 mm<\/td><td>SUS 304<\/td><td>Bo\u00eete blanche<\/td><td>90<\/td><td>62\u00d739\u00d762<\/td><\/tr><tr><td>Or rose<\/td><td>1000 ml<\/td><td>34 oz<\/td><td>1 mm<\/td><td>SUS 304<\/td><td>Bo\u00eete blanche<\/td><td>80<\/td><td>71\u00d744\u00d758<\/td><\/tr><tr><td>Or rose<\/td><td>1500 ml<\/td><td>50 oz<\/td><td>1 mm<\/td><td>SUS 304<\/td><td>Bo\u00eete blanche<\/td><td>60<\/td><td>77\u00d751\u00d750<\/td><\/tr><tr><td>Or rose<\/td><td>2000 ml<\/td><td>66 oz<\/td><td>1 mm<\/td><td>SUS 304<\/td><td>Bo\u00eete blanche<\/td><td>48<\/td><td>67\u00d755\u00d755<\/td><\/tr><\/tbody><\/table><\/figure>\n\n\n\n<div class=\"wp-block-columns is-layout-flex wp-container-core-columns-is-layout-9d6595d7 wp-block-columns-is-layout-flex\">\n<div class=\"wp-block-column is-layout-flow wp-block-column-is-layout-flow\">\n<figure class=\"wp-block-image size-full\"><img decoding=\"async\" width=\"800\" height=\"800\" src=\"https:\/\/www.purecook.com\/wp-content\/uploads\/2024\/06\/High-Quality-Custom-Milk-Pitcher-3.webp\" alt=\"Pichet \u00e0 lait personnalis\u00e9 de haute qualit\u00e9 \" class=\"wp-image-2647\" srcset=\"https:\/\/www.purecook.com\/wp-content\/uploads\/2024\/06\/High-Quality-Custom-Milk-Pitcher-3.webp 800w, https:\/\/www.purecook.com\/wp-content\/uploads\/2024\/06\/High-Quality-Custom-Milk-Pitcher-3-300x300.webp 300w, https:\/\/www.purecook.com\/wp-content\/uploads\/2024\/06\/High-Quality-Custom-Milk-Pitcher-3-150x150.webp 150w, https:\/\/www.purecook.com\/wp-content\/uploads\/2024\/06\/High-Quality-Custom-Milk-Pitcher-3-768x768.webp 768w, https:\/\/www.purecook.com\/wp-content\/uploads\/2024\/06\/High-Quality-Custom-Milk-Pitcher-3-600x600.webp 600w, https:\/\/www.purecook.com\/wp-content\/uploads\/2024\/06\/High-Quality-Custom-Milk-Pitcher-3-100x100.webp 100w\" sizes=\"(max-width: 800px) 100vw, 800px\" \/><\/figure>\n<\/div>\n\n\n\n<div class=\"wp-block-column is-layout-flow wp-block-column-is-layout-flow\">\n<figure class=\"wp-block-image size-full\"><img decoding=\"async\" width=\"800\" height=\"800\" src=\"https:\/\/www.purecook.com\/wp-content\/uploads\/2024\/06\/High-Quality-Custom-Milk-Pitcher-2.webp\" alt=\"Pichet \u00e0 lait personnalis\u00e9 de haute qualit\u00e9\" class=\"wp-image-2646\" srcset=\"https:\/\/www.purecook.com\/wp-content\/uploads\/2024\/06\/High-Quality-Custom-Milk-Pitcher-2.webp 800w, https:\/\/www.purecook.com\/wp-content\/uploads\/2024\/06\/High-Quality-Custom-Milk-Pitcher-2-300x300.webp 300w, https:\/\/www.purecook.com\/wp-content\/uploads\/2024\/06\/High-Quality-Custom-Milk-Pitcher-2-150x150.webp 150w, https:\/\/www.purecook.com\/wp-content\/uploads\/2024\/06\/High-Quality-Custom-Milk-Pitcher-2-768x768.webp 768w, https:\/\/www.purecook.com\/wp-content\/uploads\/2024\/06\/High-Quality-Custom-Milk-Pitcher-2-600x600.webp 600w, https:\/\/www.purecook.com\/wp-content\/uploads\/2024\/06\/High-Quality-Custom-Milk-Pitcher-2-100x100.webp 100w\" sizes=\"(max-width: 800px) 100vw, 800px\" \/><\/figure>\n<\/div>\n<\/div>","protected":false},"excerpt":{"rendered":"<p>Le fabricant Purecook propose un service de vente en gros de pichets \u00e0 lait personnalis\u00e9s. Le pichet \u00e0 lait est disponible dans une vari\u00e9t\u00e9 de couleurs et de tailles. Il est durable et r\u00e9sistant \u00e0 la corrosion, ce qui le rend tr\u00e8s appropri\u00e9 pour une utilisation commerciale et domestique. En plus de fournir des services en gros, si vous avez des besoins de personnalisation approfondis, nous pouvons vous fournir des solutions de pichet \u00e0 lait sur mesure.<\/p>\n<h2>Caract\u00e9ristiques et avantages du pot \u00e0 lait<\/h2>\n<p>1. <strong>Acier inoxydable de haute qualit\u00e9<\/strong>: Fabriqu\u00e9 en acier inoxydable de haute qualit\u00e9, durable et r\u00e9sistant \u00e0 la corrosion, il ne se d\u00e9forme pas et ne rouille pas lors d'une utilisation \u00e0 long terme, ce qui vous garantit une exp\u00e9rience durable.<\/p>\n<p>2. <strong>Choix de plusieurs tailles<\/strong>: Plusieurs tailles sont disponibles pour r\u00e9pondre aux diff\u00e9rents besoins, qu'il s'agisse d'une utilisation domestique ou professionnelle dans un caf\u00e9, vous pouvez trouver la bonne capacit\u00e9.<\/p>\n<p>3. <strong>Conception de l'\u00e9chelle<\/strong>: Les graduations int\u00e9gr\u00e9es permettent un contr\u00f4le pr\u00e9cis de la quantit\u00e9 de lait ou de caf\u00e9 utilis\u00e9e, facile \u00e0 produire, et garantissent un caf\u00e9 ou une mousse de lait parfaits \u00e0 chaque fois.<\/p>\n<p>4. <strong>Outil professionnel d'art du caf\u00e9 :<\/strong> Con\u00e7ue pour les artistes du caf\u00e9 et les baristas, la buse profil\u00e9e permet de tirer facilement les cr\u00e9ations et d'am\u00e9liorer l'art du caf\u00e9.<\/p>\n<p>5. <strong>Utilisation multifonctionnelle<\/strong>: Cette machine convient non seulement pour faire mousser le lait, mais aussi pour chauffer le lait, faire du caf\u00e9, pr\u00e9parer du chocolat chaud, etc.<\/p>\n<p>6. <strong>Poign\u00e9e confortable<\/strong>: Poign\u00e9e ergonomique, prise en main confortable, facile \u00e0 utiliser, r\u00e9duit la fatigue d'une utilisation prolong\u00e9e.<\/p>\n<p>7. <strong>Aspect tendance<\/strong>: Argent\/noir\/or et d'autres couleurs classiques sont disponibles, simples et g\u00e9n\u00e9reuses, convenant \u00e0 une vari\u00e9t\u00e9 de styles d\u00e9coratifs de cuisines et de caf\u00e9s.<\/p>\n<p>8. <strong>Facile \u00e0 nettoyer<\/strong>: Le mat\u00e9riau en acier inoxydable pr\u00e9sente une surface lisse, \u00e9vitant les r\u00e9sidus, facile \u00e0 nettoyer. Il peut \u00eatre lav\u00e9 \u00e0 la main ou au lave-vaisselle, ce qui permet d'\u00e9conomiser du temps et de la main-d'\u0153uvre.<\/p>\n<p>9.<strong>Outils essentiels<\/strong>: Que vous soyez un barista professionnel ou un amateur de caf\u00e9, ce mousseur \u00e0 lait multitaille est un outil essentiel pour pr\u00e9parer un caf\u00e9 parfait.<\/p>\n<p>Proposer des solutions personnalis\u00e9es pour les pichets \u00e0 lait.<\/p>\n<p><strong><a href=\"https:\/\/www.purecook.com\/fr\/custom-solution\/\" target=\"_blank\" rel=\"noopener\">Prise en charge des pichets \u00e0 lait personnalis\u00e9s OEM&amp;ODM.<\/a><\/strong><\/p>\n<p>&nbsp;<\/p>","protected":false},"featured_media":2645,"comment_status":"closed","ping_status":"closed","template":"","meta":{"_acf_changed":false},"product_brand":[],"product_cat":[26,52],"product_tag":[],"class_list":{"0":"post-2644","1":"product","2":"type-product","3":"status-publish","4":"has-post-thumbnail","6":"product_cat-kettle","7":"product_cat-kitchen-utensils","9":"first","10":"instock","11":"shipping-taxable","12":"product-type-simple"},"acf":[],"_links":{"self":[{"href":"https:\/\/www.purecook.com\/fr\/wp-json\/wp\/v2\/product\/2644","targetHints":{"allow":["GET"]}}],"collection":[{"href":"https:\/\/www.purecook.com\/fr\/wp-json\/wp\/v2\/product"}],"about":[{"href":"https:\/\/www.purecook.com\/fr\/wp-json\/wp\/v2\/types\/product"}],"replies":[{"embeddable":true,"href":"https:\/\/www.purecook.com\/fr\/wp-json\/wp\/v2\/comments?post=2644"}],"wp:featuredmedia":[{"embeddable":true,"href":"https:\/\/www.purecook.com\/fr\/wp-json\/wp\/v2\/media\/2645"}],"wp:attachment":[{"href":"https:\/\/www.purecook.com\/fr\/wp-json\/wp\/v2\/media?parent=2644"}],"wp:term":[{"taxonomy":"product_brand","embeddable":true,"href":"https:\/\/www.purecook.com\/fr\/wp-json\/wp\/v2\/product_brand?post=2644"},{"taxonomy":"product_cat","embeddable":true,"href":"https:\/\/www.purecook.com\/fr\/wp-json\/wp\/v2\/product_cat?post=2644"},{"taxonomy":"product_tag","embeddable":true,"href":"https:\/\/www.purecook.com\/fr\/wp-json\/wp\/v2\/product_tag?post=2644"}],"curies":[{"name":"wp","href":"https:\/\/api.w.org\/{rel}","templated":true}]}}