{"id":2651,"date":"2024-06-24T06:22:24","date_gmt":"2024-06-23T22:22:24","guid":{"rendered":"https:\/\/www.purecook.com\/?post_type=product&#038;p=2651"},"modified":"2025-08-14T16:54:19","modified_gmt":"2025-08-14T08:54:19","slug":"safe-and-portable-best-electric-lunch-box-wholesale","status":"publish","type":"product","link":"https:\/\/www.purecook.com\/fr\/product\/safe-and-portable-best-electric-lunch-box-wholesale\/","title":{"rendered":"Safe and Portable Best electric Lunch Box Wholesale 220v 50w"},"content":{"rendered":"<div class=\"wp-block-columns is-layout-flex wp-container-core-columns-is-layout-9d6595d7 wp-block-columns-is-layout-flex\">\n<div class=\"wp-block-column is-layout-flow wp-block-column-is-layout-flow\">\n<h3 class=\"wp-block-heading\">Param\u00e8tres de la bo\u00eete \u00e0 lunch \u00e9lectrique<\/h3>\n\n\n\n<p>Bo\u00eete \u00e0 lunch r\u00e9chauffable<br>Capacit\u00e9 1-3 litres<br>Mat\u00e9riau Acier inoxydable+PP<br>Mat\u00e9riau : Acier inoxydable 304 + PP Cuill\u00e8re : 410 Baguettes : 201<br>Couleur Bleu\/Blanc\/Brun<br>Taille de la valise 27.5<em>20<\/em>10cm<br>Taille int\u00e9rieure 25,5<em>18<\/em>3.8cm<br>Poids 755g\/pcs<br>Mode de chauffage Chauffage \u00e9lectrique<br>Tension 220V<br>D\u00e9tails de l'emballage Bo\u00eete de couleur<br>Unit\u00e9 de vente : pi\u00e8ce unique<br>Poids brut par pi\u00e8ce : 1.200 kg<br>MOQ 1000 pcs<\/p>\n<\/div>\n\n\n\n<div class=\"wp-block-column is-layout-flow wp-block-column-is-layout-flow\">\n<h3 class=\"wp-block-heading\">Options de bo\u00eetes \u00e0 lunch \u00e9lectriques personnalis\u00e9es<\/h3>\n\n\n\n<p>Logo:personnalisez le logo de votre marque<br>emballage : bo\u00eete de couleur\/carton, etc.<br>MOQ : 1000pcs<br><strong><a href=\"https:\/\/www.purecook.com\/fr\/custom-solution\/\" target=\"_blank\" rel=\"noreferrer noopener\">Solutions de bo\u00eetes \u00e0 lunch \u00e9lectriques personnalis\u00e9es OEM et ODM<\/a><\/strong><\/p>\n<\/div>\n<\/div>\n\n\n\n<div class=\"wp-block-columns is-layout-flex wp-container-core-columns-is-layout-9d6595d7 wp-block-columns-is-layout-flex\">\n<div class=\"wp-block-column is-layout-flow wp-block-column-is-layout-flow\">\n<figure class=\"wp-block-image size-full\"><img decoding=\"async\" width=\"790\" height=\"790\" src=\"https:\/\/www.purecook.com\/wp-content\/uploads\/2024\/06\/Best-Electric-Lunch-Box-Wholesale-5.webp\" alt=\"Best Electric Lunch Box Wholesale \" class=\"wp-image-2656\" srcset=\"https:\/\/www.purecook.com\/wp-content\/uploads\/2024\/06\/Best-Electric-Lunch-Box-Wholesale-5.webp 790w, https:\/\/www.purecook.com\/wp-content\/uploads\/2024\/06\/Best-Electric-Lunch-Box-Wholesale-5-300x300.webp 300w, https:\/\/www.purecook.com\/wp-content\/uploads\/2024\/06\/Best-Electric-Lunch-Box-Wholesale-5-150x150.webp 150w, https:\/\/www.purecook.com\/wp-content\/uploads\/2024\/06\/Best-Electric-Lunch-Box-Wholesale-5-768x768.webp 768w, https:\/\/www.purecook.com\/wp-content\/uploads\/2024\/06\/Best-Electric-Lunch-Box-Wholesale-5-600x600.webp 600w, https:\/\/www.purecook.com\/wp-content\/uploads\/2024\/06\/Best-Electric-Lunch-Box-Wholesale-5-100x100.webp 100w\" sizes=\"(max-width: 790px) 100vw, 790px\" \/><\/figure>\n<\/div>\n\n\n\n<div class=\"wp-block-column is-layout-flow wp-block-column-is-layout-flow\">\n<figure class=\"wp-block-image size-full\"><img decoding=\"async\" width=\"740\" height=\"740\" src=\"https:\/\/www.purecook.com\/wp-content\/uploads\/2024\/06\/Best-Electric-Lunch-Box-Wholesale-4.webp\" alt=\"Best Electric Lunch Box Wholesale\" class=\"wp-image-2655\" srcset=\"https:\/\/www.purecook.com\/wp-content\/uploads\/2024\/06\/Best-Electric-Lunch-Box-Wholesale-4.webp 740w, https:\/\/www.purecook.com\/wp-content\/uploads\/2024\/06\/Best-Electric-Lunch-Box-Wholesale-4-300x300.webp 300w, https:\/\/www.purecook.com\/wp-content\/uploads\/2024\/06\/Best-Electric-Lunch-Box-Wholesale-4-150x150.webp 150w, https:\/\/www.purecook.com\/wp-content\/uploads\/2024\/06\/Best-Electric-Lunch-Box-Wholesale-4-600x600.webp 600w, https:\/\/www.purecook.com\/wp-content\/uploads\/2024\/06\/Best-Electric-Lunch-Box-Wholesale-4-100x100.webp 100w\" sizes=\"(max-width: 740px) 100vw, 740px\" \/><\/figure>\n<\/div>\n<\/div>","protected":false},"excerpt":{"rendered":"<p>Purecook est un fabricant professionnel de bo\u00eetes \u00e0 lunch \u00e9lectriques. Bienvenue dans l'achat en gros de bo\u00eetes \u00e0 lunch \u00e9lectriques, cette bo\u00eete \u00e0 lunch \u00e9lectrique best-seller se r\u00e9chauffe rapidement et peut \u00e9galement \u00eatre utilis\u00e9e pour garder au chaud. Le design portable rend le transport plus facile. Vous pouvez l'emmener au bureau ou l'utiliser dans la voiture, afin de profiter de repas chauds \u00e0 tout moment, n'importe o\u00f9.<\/p>\n<h2>Caract\u00e9ristiques et avantages de la bo\u00eete \u00e0 lunch \u00e9lectrique<\/h2>\n<p>1. <strong>Scell\u00e9 et s\u00fbr<\/strong>: La conception d'\u00e9tanch\u00e9it\u00e9 avanc\u00e9e garantit que les aliments ne fuient pas et ne m\u00e9langent pas les odeurs, ce qui permet de conserver la fra\u00eecheur des aliments et de les transporter en toute s\u00e9curit\u00e9 lors des d\u00e9placements.<\/p>\n<p>2.<strong>Conception portative<\/strong>: L\u00e9ger et facile \u00e0 transporter, il convient \u00e0 la maison et \u00e0 la voiture. Savourez des plats chauds \u00e0 tout moment et en tout lieu, que ce soit \u00e0 la maison ou en d\u00e9placement.<\/p>\n<p>3. <strong>Chauffage sans eau<\/strong>: Technologie innovante de chauffage sans eau, les aliments sont chauff\u00e9s directement par l'\u00e9l\u00e9ment chauffant \u00e9lectrique, sans qu'il soit n\u00e9cessaire d'ajouter de l'eau. Facile \u00e0 utiliser, le chauffage est rapide, ce qui vous permet de d\u00e9guster des repas chauds \u00e0 tout moment.<\/p>\n<p>4.<strong>Conception \u00e0 grande capacit\u00e9<\/strong>: Conception \u00e0 grande capacit\u00e9 pour r\u00e9pondre aux besoins d'un repas. Convient aux personnes qui prennent des repas, aux \u00e9tudiants et aux employ\u00e9s de bureau, pour stocker plus d'aliments afin de r\u00e9pondre aux besoins quotidiens.<\/p>\n<p>5. <strong>Efficacit\u00e9 \u00e9nerg\u00e9tique<\/strong>Le chauffage est rapide et permet d'\u00e9conomiser du temps et de l'\u00e9nergie. Il est adapt\u00e9 \u00e0 une utilisation quotidienne.<\/p>\n<p>6. <strong>Utilisation multifonctionnelle<\/strong>: Non seulement il convient pour r\u00e9chauffer les repas, mais il peut \u00e9galement \u00eatre utilis\u00e9 pour maintenir la temp\u00e9rature des aliments et savourer de d\u00e9licieux repas chauds \u00e0 tout moment.<\/p>\n<p>7. <strong>Facile \u00e0 nettoyer<\/strong>: La surface interne lisse emp\u00eache l'adh\u00e9rence des aliments, elle est facile \u00e0 nettoyer, lavable \u00e0 la main ou par essuyage, ce qui permet d'\u00e9conomiser du temps et de la main d'\u0153uvre.<\/p>\n<p>8.<strong>Sain et s\u00fbr<\/strong>: Fabriqu\u00e9 \u00e0 partir de mat\u00e9riaux de qualit\u00e9 alimentaire, sans substances nocives, pour garantir que les aliments dans le processus de chauffage maintiennent la sant\u00e9 et la s\u00e9curit\u00e9, soyez assur\u00e9 que l'utilisation.<\/p>\n<p><strong><a href=\"https:\/\/www.purecook.com\/fr\/custom-solution\/\" target=\"_blank\" rel=\"noopener\">Offre de bo\u00eetes \u00e0 lunch \u00e9lectriques personnalis\u00e9es OEM et ODM.<\/a><\/strong><\/p>\n<p>&nbsp;<\/p>","protected":false},"featured_media":2657,"comment_status":"closed","ping_status":"closed","template":"","meta":{"_acf_changed":false},"product_brand":[],"product_cat":[51,102],"product_tag":[],"class_list":{"0":"post-2651","1":"product","2":"type-product","3":"status-publish","4":"has-post-thumbnail","6":"product_cat-dinnerware","7":"product_cat-lunch-boxes","9":"first","10":"instock","11":"shipping-taxable","12":"product-type-simple"},"acf":[],"_links":{"self":[{"href":"https:\/\/www.purecook.com\/fr\/wp-json\/wp\/v2\/product\/2651","targetHints":{"allow":["GET"]}}],"collection":[{"href":"https:\/\/www.purecook.com\/fr\/wp-json\/wp\/v2\/product"}],"about":[{"href":"https:\/\/www.purecook.com\/fr\/wp-json\/wp\/v2\/types\/product"}],"replies":[{"embeddable":true,"href":"https:\/\/www.purecook.com\/fr\/wp-json\/wp\/v2\/comments?post=2651"}],"wp:featuredmedia":[{"embeddable":true,"href":"https:\/\/www.purecook.com\/fr\/wp-json\/wp\/v2\/media\/2657"}],"wp:attachment":[{"href":"https:\/\/www.purecook.com\/fr\/wp-json\/wp\/v2\/media?parent=2651"}],"wp:term":[{"taxonomy":"product_brand","embeddable":true,"href":"https:\/\/www.purecook.com\/fr\/wp-json\/wp\/v2\/product_brand?post=2651"},{"taxonomy":"product_cat","embeddable":true,"href":"https:\/\/www.purecook.com\/fr\/wp-json\/wp\/v2\/product_cat?post=2651"},{"taxonomy":"product_tag","embeddable":true,"href":"https:\/\/www.purecook.com\/fr\/wp-json\/wp\/v2\/product_tag?post=2651"}],"curies":[{"name":"wp","href":"https:\/\/api.w.org\/{rel}","templated":true}]}}