{"id":2658,"date":"2024-06-24T06:48:50","date_gmt":"2024-06-23T22:48:50","guid":{"rendered":"https:\/\/www.purecook.com\/?post_type=product&#038;p=2658"},"modified":"2024-06-24T07:22:46","modified_gmt":"2024-06-23T23:22:46","slug":"wholesale-multi-purpose-stainless-steel-mixing-bowls-with-colander","status":"publish","type":"product","link":"https:\/\/www.purecook.com\/fr\/product\/wholesale-multi-purpose-stainless-steel-mixing-bowls-with-colander\/","title":{"rendered":"Gros bols \u00e0 m\u00e9langer en acier inoxydable \u00e0 usages multiples avec passoire"},"content":{"rendered":"<div class=\"wp-block-columns is-layout-flex wp-container-core-columns-is-layout-9d6595d7 wp-block-columns-is-layout-flex\">\n<div class=\"wp-block-column is-layout-flow wp-block-column-is-layout-flow\">\n<h3 class=\"wp-block-heading\">Param\u00e8tres des bols m\u00e9langeurs en acier inoxydable <\/h3>\n\n\n\n<p>Nom du produit : Bol \u00e0 passoire en acier inoxydable<br>Mat\u00e9riau : acier inoxydable 304<br>Num\u00e9ro de mod\u00e8le : U-MS<br>Logo Accepte les logos personnalis\u00e9s<br>Application Cuisine\/Maison\/Restaurant<br>Fonction\uff1aDrainage des aliments<br>Emballage : Bo\u00eete de couleur<br>Taille de l'ensemble : 22\/24\/26\/28\/30\/32cm<br>Taille de l'emballage : 34\u00d734\u00d720cm<br>GW : 2kg\/pcs<br>MOQ : 120 pi\u00e8ces<\/p>\n<\/div>\n\n\n\n<div class=\"wp-block-column is-layout-flow wp-block-column-is-layout-flow\">\n<h3 class=\"wp-block-heading\">Options de bols \u00e0 m\u00e9langer personnalis\u00e9s<\/h3>\n\n\n\n<p>Logo:personnalisez le logo de votre marque<br>emballage : bo\u00eete de couleur\/carton, etc.<br>MOQ : 1000pcs<br><strong><a href=\"https:\/\/www.purecook.com\/fr\/custom-solution\/\" target=\"_blank\" rel=\"noreferrer noopener\">Solutions OEM et ODM de bols \u00e0 m\u00e9langer sur mesure<\/a><\/strong><\/p>\n<\/div>\n<\/div>\n\n\n\n<div class=\"wp-block-columns is-layout-flex wp-container-core-columns-is-layout-9d6595d7 wp-block-columns-is-layout-flex\">\n<div class=\"wp-block-column is-layout-flow wp-block-column-is-layout-flow\">\n<figure class=\"wp-block-image size-full\"><img decoding=\"async\" width=\"800\" height=\"800\" src=\"https:\/\/www.purecook.com\/wp-content\/uploads\/2024\/06\/wholesale-mixing-bowls-3.webp\" alt=\"bols \u00e0 m\u00e9langer en gros \" class=\"wp-image-2661\" srcset=\"https:\/\/www.purecook.com\/wp-content\/uploads\/2024\/06\/wholesale-mixing-bowls-3.webp 800w, https:\/\/www.purecook.com\/wp-content\/uploads\/2024\/06\/wholesale-mixing-bowls-3-300x300.webp 300w, https:\/\/www.purecook.com\/wp-content\/uploads\/2024\/06\/wholesale-mixing-bowls-3-150x150.webp 150w, https:\/\/www.purecook.com\/wp-content\/uploads\/2024\/06\/wholesale-mixing-bowls-3-768x768.webp 768w, https:\/\/www.purecook.com\/wp-content\/uploads\/2024\/06\/wholesale-mixing-bowls-3-600x600.webp 600w, https:\/\/www.purecook.com\/wp-content\/uploads\/2024\/06\/wholesale-mixing-bowls-3-100x100.webp 100w\" sizes=\"(max-width: 800px) 100vw, 800px\" \/><\/figure>\n<\/div>\n\n\n\n<div class=\"wp-block-column is-layout-flow wp-block-column-is-layout-flow\">\n<figure class=\"wp-block-image size-full\"><img decoding=\"async\" width=\"800\" height=\"800\" src=\"https:\/\/www.purecook.com\/wp-content\/uploads\/2024\/06\/wholesale-mixing-bowls-1.webp\" alt=\"bols \u00e0 m\u00e9langer en gros\" class=\"wp-image-2659\" srcset=\"https:\/\/www.purecook.com\/wp-content\/uploads\/2024\/06\/wholesale-mixing-bowls-1.webp 800w, https:\/\/www.purecook.com\/wp-content\/uploads\/2024\/06\/wholesale-mixing-bowls-1-300x300.webp 300w, https:\/\/www.purecook.com\/wp-content\/uploads\/2024\/06\/wholesale-mixing-bowls-1-150x150.webp 150w, https:\/\/www.purecook.com\/wp-content\/uploads\/2024\/06\/wholesale-mixing-bowls-1-768x768.webp 768w, https:\/\/www.purecook.com\/wp-content\/uploads\/2024\/06\/wholesale-mixing-bowls-1-600x600.webp 600w, https:\/\/www.purecook.com\/wp-content\/uploads\/2024\/06\/wholesale-mixing-bowls-1-100x100.webp 100w\" sizes=\"(max-width: 800px) 100vw, 800px\" \/><\/figure>\n<\/div>\n<\/div>","protected":false},"excerpt":{"rendered":"<p>Purecook est un fabricant de bols \u00e0 m\u00e9langer, nous fournissons en gros des bols \u00e0 m\u00e9langer multi-usages.Les bols \u00e0 m\u00e9langer ont une passoire qui facilite le lavage et le filtrage des l\u00e9gumes et des fruits, du riz.Bienvenue \u00e0 nous contacter pour acheter des bols \u00e0 m\u00e9langer en gros.<\/p>\n<h2>Caract\u00e9ristiques et avantages des bols m\u00e9langeurs en acier inoxydable<\/h2>\n<p>L'artisanat exquis le rend r\u00e9sistant \u00e0 la rouille et \u00e0 la d\u00e9formation. Facile \u00e0 transporter, il peut \u00eatre utilis\u00e9 aussi bien dans la cuisine int\u00e9rieure que dans le camping en plein air.<\/p>\n<p>Fabriqu\u00e9 en acier inoxydable 304, surface lisse, facile \u00e0 nettoyer, durable et forte capacit\u00e9 de charge.<\/p>\n<p>Id\u00e9al pour nettoyer les outils de cuisine et les r\u00e9cipients alimentaires, tels que les fruits, les l\u00e9gumes ou d'autres aliments secs de grande taille.<\/p>\n<p>Le nettoyage des aliments est s\u00fbr et pratique, et la conception \u00e0 trous multiples permet un drainage plus fluide et plus efficace.<\/p>\n<p><strong><a href=\"https:\/\/www.purecook.com\/fr\/custom-solution\/\" target=\"_blank\" rel=\"noopener\">Offre de bols \u00e0 m\u00e9langer personnalis\u00e9s OEM et ODM.<\/a><\/strong><\/p>\n<p>&nbsp;<\/p>","protected":false},"featured_media":2660,"comment_status":"closed","ping_status":"closed","template":"","meta":{"_acf_changed":false},"product_brand":[],"product_cat":[52,65],"product_tag":[],"class_list":{"0":"post-2658","1":"product","2":"type-product","3":"status-publish","4":"has-post-thumbnail","6":"product_cat-kitchen-utensils","7":"product_cat-kitchen-strainer-and-colander","9":"first","10":"instock","11":"shipping-taxable","12":"product-type-simple"},"acf":[],"_links":{"self":[{"href":"https:\/\/www.purecook.com\/fr\/wp-json\/wp\/v2\/product\/2658","targetHints":{"allow":["GET"]}}],"collection":[{"href":"https:\/\/www.purecook.com\/fr\/wp-json\/wp\/v2\/product"}],"about":[{"href":"https:\/\/www.purecook.com\/fr\/wp-json\/wp\/v2\/types\/product"}],"replies":[{"embeddable":true,"href":"https:\/\/www.purecook.com\/fr\/wp-json\/wp\/v2\/comments?post=2658"}],"wp:featuredmedia":[{"embeddable":true,"href":"https:\/\/www.purecook.com\/fr\/wp-json\/wp\/v2\/media\/2660"}],"wp:attachment":[{"href":"https:\/\/www.purecook.com\/fr\/wp-json\/wp\/v2\/media?parent=2658"}],"wp:term":[{"taxonomy":"product_brand","embeddable":true,"href":"https:\/\/www.purecook.com\/fr\/wp-json\/wp\/v2\/product_brand?post=2658"},{"taxonomy":"product_cat","embeddable":true,"href":"https:\/\/www.purecook.com\/fr\/wp-json\/wp\/v2\/product_cat?post=2658"},{"taxonomy":"product_tag","embeddable":true,"href":"https:\/\/www.purecook.com\/fr\/wp-json\/wp\/v2\/product_tag?post=2658"}],"curies":[{"name":"wp","href":"https:\/\/api.w.org\/{rel}","templated":true}]}}