{"id":2664,"date":"2024-06-24T07:03:20","date_gmt":"2024-06-23T23:03:20","guid":{"rendered":"https:\/\/www.purecook.com\/?post_type=product&#038;p=2664"},"modified":"2024-06-24T07:20:43","modified_gmt":"2024-06-23T23:20:43","slug":"portable-custom-food-storage-containers-with-bag-wholesale","status":"publish","type":"product","link":"https:\/\/www.purecook.com\/fr\/product\/portable-custom-food-storage-containers-with-bag-wholesale\/","title":{"rendered":"R\u00e9cipients de stockage d'aliments portables personnalis\u00e9s avec sac Wholesale"},"content":{"rendered":"<div class=\"wp-block-columns is-layout-flex wp-container-core-columns-is-layout-9d6595d7 wp-block-columns-is-layout-flex\">\n<div class=\"wp-block-column is-layout-flow wp-block-column-is-layout-flow\">\n<h3 class=\"wp-block-heading\">Param\u00e8tres des conteneurs de stockage des aliments<\/h3>\n\n\n\n<p>Nom : Bo\u00eete \u00e0 lunch portative Bo\u00eete \u00e0 lunch portative<br>Mat\u00e9riau : Acier inoxydable 304+PP<br>Utilisation : Conservation des aliments<br>Couleur : Bleu, Beige, Marron<br>Couvercle : Couvercle en plastique<br>Logo : Logo personnalisable<br>Capacit\u00e9 420ml\/620ml ; 14\/21 oz.<br>Caract\u00e9ristiques : Portable<br>420ml : 10.5\u00d76cm 620ml : 10.5\u00d78.5cm<br>Sac d'isolation carr\u00e9 : 24,5\u00d714,5\u00d714cm<br>Sac d'isolation cylindrique : 14\u00d714,5cm<\/p>\n\n\n\n<p><br>MOQ : 1000 pi\u00e8ces<\/p>\n<\/div>\n\n\n\n<div class=\"wp-block-column is-layout-flow wp-block-column-is-layout-flow\">\n<h3 class=\"wp-block-heading\">Options de contenants alimentaires personnalis\u00e9s<\/h3>\n\n\n\n<p>Logo : personnalisez le logo de votre marque<br>emballage : bo\u00eete de couleur\/carton, etc.<br>MOQ : 1000pcs<br><strong><a href=\"https:\/\/www.purecook.com\/fr\/custom-solution\/\" target=\"_blank\" rel=\"noreferrer noopener\">Solutions OEM et ODM de bols \u00e0 m\u00e9langer sur mesure<\/a><\/strong><\/p>\n<\/div>\n<\/div>\n\n\n\n<div class=\"wp-block-columns is-layout-flex wp-container-core-columns-is-layout-9d6595d7 wp-block-columns-is-layout-flex\">\n<div class=\"wp-block-column is-layout-flow wp-block-column-is-layout-flow\">\n<figure class=\"wp-block-image size-full\"><img decoding=\"async\" width=\"800\" height=\"800\" src=\"https:\/\/www.purecook.com\/wp-content\/uploads\/2024\/06\/custom-food-storage-containers-wholesale-1.webp\" alt=\"conteneurs de stockage alimentaire personnalis\u00e9s en gros\" class=\"wp-image-2665\" srcset=\"https:\/\/www.purecook.com\/wp-content\/uploads\/2024\/06\/custom-food-storage-containers-wholesale-1.webp 800w, https:\/\/www.purecook.com\/wp-content\/uploads\/2024\/06\/custom-food-storage-containers-wholesale-1-300x300.webp 300w, https:\/\/www.purecook.com\/wp-content\/uploads\/2024\/06\/custom-food-storage-containers-wholesale-1-150x150.webp 150w, https:\/\/www.purecook.com\/wp-content\/uploads\/2024\/06\/custom-food-storage-containers-wholesale-1-768x768.webp 768w, https:\/\/www.purecook.com\/wp-content\/uploads\/2024\/06\/custom-food-storage-containers-wholesale-1-600x600.webp 600w, https:\/\/www.purecook.com\/wp-content\/uploads\/2024\/06\/custom-food-storage-containers-wholesale-1-100x100.webp 100w\" sizes=\"(max-width: 800px) 100vw, 800px\" \/><\/figure>\n<\/div>\n\n\n\n<div class=\"wp-block-column is-layout-flow wp-block-column-is-layout-flow\">\n<figure class=\"wp-block-image size-full\"><img decoding=\"async\" width=\"800\" height=\"800\" src=\"https:\/\/www.purecook.com\/wp-content\/uploads\/2024\/06\/custom-food-storage-containers-wholesale-2.webp\" alt=\"conteneurs de stockage alimentaire personnalis\u00e9s en gros\" class=\"wp-image-2666\" srcset=\"https:\/\/www.purecook.com\/wp-content\/uploads\/2024\/06\/custom-food-storage-containers-wholesale-2.webp 800w, https:\/\/www.purecook.com\/wp-content\/uploads\/2024\/06\/custom-food-storage-containers-wholesale-2-300x300.webp 300w, https:\/\/www.purecook.com\/wp-content\/uploads\/2024\/06\/custom-food-storage-containers-wholesale-2-150x150.webp 150w, https:\/\/www.purecook.com\/wp-content\/uploads\/2024\/06\/custom-food-storage-containers-wholesale-2-768x768.webp 768w, https:\/\/www.purecook.com\/wp-content\/uploads\/2024\/06\/custom-food-storage-containers-wholesale-2-600x600.webp 600w, https:\/\/www.purecook.com\/wp-content\/uploads\/2024\/06\/custom-food-storage-containers-wholesale-2-100x100.webp 100w\" sizes=\"(max-width: 800px) 100vw, 800px\" \/><\/figure>\n<\/div>\n<\/div>","protected":false},"excerpt":{"rendered":"<p>Purecook est un fabricant de r\u00e9cipients de stockage d'aliments, nos r\u00e9cipients de stockage d'aliments sont fabriqu\u00e9s en acier inoxydable de haute qualit\u00e9, facile \u00e0 nettoyer et durable, design l\u00e9ger, avec un petit sac \u00e0 dos \u00e9l\u00e9gant, plus pratique \u00e0 transporter, le couvercle est tr\u00e8s bien scell\u00e9, ne fuit pas, nous fournissons des services de r\u00e9cipients de stockage d'aliments en gros, et fournissons des solutions de r\u00e9cipients de stockage d'aliments personnalis\u00e9s, bienvenue \u00e0 l'achat, s'il vous pla\u00eet n'h\u00e9sitez pas \u00e0 nous contacter.<\/p>\n<h2>Caract\u00e9ristiques et avantages des conteneurs de stockage des aliments<\/h2>\n<p><strong>Mat\u00e9riau de haute qualit\u00e9<\/strong>: Fabriqu\u00e9 en acier inoxydable sus304, robuste et r\u00e9sistant \u00e0 la corrosion, garantissant la s\u00e9curit\u00e9 alimentaire et l'absence de pollution, durable.<\/p>\n<p><strong>Options multi-capacit\u00e9s<\/strong>: Les options de capacit\u00e9 de 14 oz et 21 oz permettent de r\u00e9pondre aux diff\u00e9rents besoins de stockage des aliments et de s'adapter \u00e0 divers sc\u00e9narios d'activit\u00e9s de plein air.<\/p>\n<p><strong>Conception portative<\/strong>: L\u00e9ger et facile \u00e0 transporter, con\u00e7u pour les f\u00eates en plein air, le camping et les plats \u00e0 emporter, livr\u00e9 avec un sac portable pour un transport facile, facilitant l'emport de la nourriture o\u00f9 que vous alliez.<\/p>\n<p><strong>Bonne performance d'\u00e9tanch\u00e9it\u00e9 :<\/strong> Chaque bo\u00eete de conservation est \u00e9quip\u00e9e d'un couvercle herm\u00e9tique qui garantit la fra\u00eecheur et l'absence de fuite des aliments, emp\u00eache les odeurs de se m\u00e9langer et pr\u00e9serve la saveur originale des aliments.<\/p>\n<p><strong>Style japonais<\/strong>: Le design japonais simple et \u00e9l\u00e9gant est \u00e0 la fois pratique et esth\u00e9tique, ce qui am\u00e9liore l'exp\u00e9rience des repas et constitue le point fort des activit\u00e9s de plein air.<\/p>\n<p><strong>Utilisation multifonctionnelle<\/strong>: Non seulement pour les activit\u00e9s de plein air, mais aussi pour un usage quotidien, comme le d\u00e9jeuner au bureau, la bo\u00eete \u00e0 lunch \u00e0 l'\u00e9cole, le rangement \u00e0 la maison, etc.<\/p>\n<p><strong>Facile \u00e0 nettoyer<\/strong>: Le mat\u00e9riau en acier inoxydable facilite le nettoyage, r\u00e9siste aux taches et ne laisse pas facilement de r\u00e9sidus alimentaires. Le lavage \u00e0 la main ou au lave-vaisselle permet d'\u00e9conomiser du temps et de la main-d'\u0153uvre.<\/p>\n<p><strong>Respectueux de l'environnement et de la sant\u00e9<\/strong>: Exempts de substances nocives, ils garantissent que les aliments restent sains et s\u00fbrs pendant leur stockage, ce qui est id\u00e9al pour la protection de l'environnement et un mode de vie sain.<\/p>\n<p><strong><a href=\"https:\/\/www.purecook.com\/fr\/custom-solution\/\" target=\"_blank\" rel=\"noopener\">Offre de r\u00e9cipients de stockage alimentaire personnalis\u00e9s OEM et ODM.<\/a><\/strong><\/p>\n<p>&nbsp;<\/p>","protected":false},"featured_media":2667,"comment_status":"closed","ping_status":"closed","template":"","meta":{"_acf_changed":false},"product_brand":[],"product_cat":[51,25],"product_tag":[],"class_list":{"0":"post-2664","1":"product","2":"type-product","3":"status-publish","4":"has-post-thumbnail","6":"product_cat-dinnerware","7":"product_cat-food-storage","9":"first","10":"instock","11":"shipping-taxable","12":"product-type-simple"},"acf":[],"_links":{"self":[{"href":"https:\/\/www.purecook.com\/fr\/wp-json\/wp\/v2\/product\/2664","targetHints":{"allow":["GET"]}}],"collection":[{"href":"https:\/\/www.purecook.com\/fr\/wp-json\/wp\/v2\/product"}],"about":[{"href":"https:\/\/www.purecook.com\/fr\/wp-json\/wp\/v2\/types\/product"}],"replies":[{"embeddable":true,"href":"https:\/\/www.purecook.com\/fr\/wp-json\/wp\/v2\/comments?post=2664"}],"wp:featuredmedia":[{"embeddable":true,"href":"https:\/\/www.purecook.com\/fr\/wp-json\/wp\/v2\/media\/2667"}],"wp:attachment":[{"href":"https:\/\/www.purecook.com\/fr\/wp-json\/wp\/v2\/media?parent=2664"}],"wp:term":[{"taxonomy":"product_brand","embeddable":true,"href":"https:\/\/www.purecook.com\/fr\/wp-json\/wp\/v2\/product_brand?post=2664"},{"taxonomy":"product_cat","embeddable":true,"href":"https:\/\/www.purecook.com\/fr\/wp-json\/wp\/v2\/product_cat?post=2664"},{"taxonomy":"product_tag","embeddable":true,"href":"https:\/\/www.purecook.com\/fr\/wp-json\/wp\/v2\/product_tag?post=2664"}],"curies":[{"name":"wp","href":"https:\/\/api.w.org\/{rel}","templated":true}]}}