{"id":2669,"date":"2024-06-24T07:14:10","date_gmt":"2024-06-23T23:14:10","guid":{"rendered":"https:\/\/www.purecook.com\/?post_type=product&#038;p=2669"},"modified":"2024-11-04T09:55:20","modified_gmt":"2024-11-04T01:55:20","slug":"wholesale-custom-stainless-steel-salad-bowls-gold-or-silver","status":"publish","type":"product","link":"https:\/\/www.purecook.com\/fr\/product\/wholesale-custom-stainless-steel-salad-bowls-gold-or-silver\/","title":{"rendered":"Saladiers en acier inoxydable en gros et sur mesure : Or\/Argent"},"content":{"rendered":"<div class=\"wp-block-columns is-layout-flex wp-container-core-columns-is-layout-9d6595d7 wp-block-columns-is-layout-flex\">\n<div class=\"wp-block-column is-layout-flow wp-block-column-is-layout-flow\">\n<h3 class=\"wp-block-heading\">Param\u00e8tres des bols \u00e0 salade en acier inoxydable<\/h3>\n\n\n\n<p>Type de vaisselle : Saladier<br>Num\u00e9ro de mod\u00e8le : MVB<br>Couleur Argent\/Or<br>Taille : 3<br>Emballage Sac PP + carton ext\u00e9rieur<br>Surface mate<br>Type de mat\u00e9riau Acier inoxydable<br>Unit\u00e9 de vente : Multiple de 60 pi\u00e8ces<br>EmballageDimensions : 49X45X46cm \/ caisses<br>GW : 31kg\/60\/pcs<br>MOQ 60pcs<\/p>\n<\/div>\n\n\n\n<div class=\"wp-block-column is-layout-flow wp-block-column-is-layout-flow\">\n<h3 class=\"wp-block-heading\">Options de bols \u00e0 salade personnalis\u00e9s<\/h3>\n\n\n\n<p>Logo : personnalisez le logo de votre marque<br>emballage : bo\u00eete de couleur\/carton, etc.<br>MOQ : 300 pi\u00e8ces<br><strong><a href=\"https:\/\/www.purecook.com\/fr\/custom-solution\/\" target=\"_blank\" rel=\"noreferrer noopener\">Solutions personnalis\u00e9es OEM et ODM pour les bols \u00e0 salade<\/a><\/strong><\/p>\n<\/div>\n<\/div>\n\n\n\n<div class=\"wp-block-columns is-layout-flex wp-container-core-columns-is-layout-9d6595d7 wp-block-columns-is-layout-flex\">\n<div class=\"wp-block-column is-layout-flow wp-block-column-is-layout-flow\">\n<figure class=\"wp-block-image size-full\"><img decoding=\"async\" width=\"800\" height=\"800\" src=\"https:\/\/www.purecook.com\/wp-content\/uploads\/2024\/06\/custom-salad-bowl-wholesale-4.webp\" alt=\"saladier personnalis\u00e9 en gros \" class=\"wp-image-2675\" srcset=\"https:\/\/www.purecook.com\/wp-content\/uploads\/2024\/06\/custom-salad-bowl-wholesale-4.webp 800w, https:\/\/www.purecook.com\/wp-content\/uploads\/2024\/06\/custom-salad-bowl-wholesale-4-300x300.webp 300w, https:\/\/www.purecook.com\/wp-content\/uploads\/2024\/06\/custom-salad-bowl-wholesale-4-150x150.webp 150w, https:\/\/www.purecook.com\/wp-content\/uploads\/2024\/06\/custom-salad-bowl-wholesale-4-768x768.webp 768w, https:\/\/www.purecook.com\/wp-content\/uploads\/2024\/06\/custom-salad-bowl-wholesale-4-600x600.webp 600w, https:\/\/www.purecook.com\/wp-content\/uploads\/2024\/06\/custom-salad-bowl-wholesale-4-100x100.webp 100w\" sizes=\"(max-width: 800px) 100vw, 800px\" \/><\/figure>\n<\/div>\n\n\n\n<div class=\"wp-block-column is-layout-flow wp-block-column-is-layout-flow\">\n<figure class=\"wp-block-image size-full\"><img decoding=\"async\" width=\"800\" height=\"800\" src=\"https:\/\/www.purecook.com\/wp-content\/uploads\/2024\/06\/custom-salad-bowl-wholesale-2.webp\" alt=\"saladier personnalis\u00e9 en gros\" class=\"wp-image-2673\" srcset=\"https:\/\/www.purecook.com\/wp-content\/uploads\/2024\/06\/custom-salad-bowl-wholesale-2.webp 800w, https:\/\/www.purecook.com\/wp-content\/uploads\/2024\/06\/custom-salad-bowl-wholesale-2-300x300.webp 300w, https:\/\/www.purecook.com\/wp-content\/uploads\/2024\/06\/custom-salad-bowl-wholesale-2-150x150.webp 150w, https:\/\/www.purecook.com\/wp-content\/uploads\/2024\/06\/custom-salad-bowl-wholesale-2-768x768.webp 768w, https:\/\/www.purecook.com\/wp-content\/uploads\/2024\/06\/custom-salad-bowl-wholesale-2-600x600.webp 600w, https:\/\/www.purecook.com\/wp-content\/uploads\/2024\/06\/custom-salad-bowl-wholesale-2-100x100.webp 100w\" sizes=\"(max-width: 800px) 100vw, 800px\" \/><\/figure>\n<\/div>\n<\/div>","protected":false},"excerpt":{"rendered":"<p>Purecook est un fabricant de saladiers en acier inoxydable, nous fournissons un service de saladiers en gros. Les saladiers ont une poign\u00e9e portable, facile \u00e0 transporter, conviennent pour les f\u00eates, les pique-niques, le camping, fabriqu\u00e9s en acier inoxydable de haute qualit\u00e9, tr\u00e8s durable. Si vous le souhaitez, nous pouvons vous fournir des saladiers sur mesure. N'h\u00e9sitez pas \u00e0 nous contacter.<\/p>\n<h2>Caract\u00e9ristiques et avantages du saladier en acier inoxydable<\/h2>\n<p><strong>Acier inoxydable de haute qualit\u00e9 :<\/strong> Fabriqu\u00e9 en acier inoxydable de haute qualit\u00e9, robuste et durable, r\u00e9sistant \u00e0 la rouille et \u00e0 la corrosion pour garantir une utilisation \u00e0 long terme sans d\u00e9formation, facile \u00e0 nettoyer, convenant \u00e0 une vari\u00e9t\u00e9 d'occasions.<\/p>\n<p><strong>Utilisation multifonctionnelle :<\/strong> Convient pour contenir du vin, de la nourriture, du riz, des fruits, des ramen, de la soupe, de la salade, etc. Pour r\u00e9pondre \u00e0 vos diff\u00e9rents besoins en mati\u00e8re de repas, id\u00e9al pour la famille et les activit\u00e9s de plein air.<\/p>\n<p><strong>Design \u00e0 la mode :<\/strong> Deux couleurs classiques, or et argent, une apparence \u00e9l\u00e9gante et g\u00e9n\u00e9reuse, une exp\u00e9rience culinaire am\u00e9lior\u00e9e, adapt\u00e9e \u00e0 diverses occasions.<\/p>\n<p><strong>Poign\u00e9e portative :<\/strong> Equip\u00e9 d'une poign\u00e9e confortable, facile \u00e0 transporter et \u00e0 utiliser, particuli\u00e8rement adapt\u00e9 aux activit\u00e9s de plein air, au camping et aux voyages, profitez de votre repas en toute simplicit\u00e9.<\/p>\n<p><strong>L\u00e9ger et portable :<\/strong> L\u00e9ger, facile \u00e0 transporter, il convient aux voyages, aux pique-niques, au camping et \u00e0 d'autres activit\u00e9s de plein air, id\u00e9al pour vos d\u00e9placements.<\/p>\n<p><strong>Sain et s\u00fbr :<\/strong> Fabriqu\u00e9 en acier inoxydable de qualit\u00e9 alimentaire, sans substances nocives, il garantit la s\u00e9curit\u00e9 alimentaire et permet une utilisation en toute s\u00e9r\u00e9nit\u00e9.<\/p>\n<p><strong>Facile \u00e0 nettoyer :<\/strong> Surface lisse pour \u00e9viter les r\u00e9sidus alimentaires, facile \u00e0 nettoyer, lavable \u00e0 la main ou au lave-vaisselle, ce qui permet d'\u00e9conomiser du temps et de la main-d'\u0153uvre.<\/p>\n<p>Conception polyvalente : Non seulement pour une utilisation quotidienne \u00e0 la maison, mais aussi pour les activit\u00e9s de plein air, les pique-niques, le camping et d'autres occasions.<\/p>\n<p><strong><a href=\"https:\/\/www.purecook.com\/fr\/custom-solution\/\" target=\"_blank\" rel=\"noopener\">Offre de saladiers personnalis\u00e9s OEM et ODM.<\/a><\/strong><\/p>\n<p>&nbsp;<\/p>","protected":false},"featured_media":2674,"comment_status":"closed","ping_status":"closed","template":"","meta":{"_acf_changed":false},"product_brand":[],"product_cat":[51,54],"product_tag":[],"class_list":{"0":"post-2669","1":"product","2":"type-product","3":"status-publish","4":"has-post-thumbnail","6":"product_cat-dinnerware","7":"product_cat-stainless-steel-bowl","9":"first","10":"instock","11":"shipping-taxable","12":"product-type-simple"},"acf":[],"_links":{"self":[{"href":"https:\/\/www.purecook.com\/fr\/wp-json\/wp\/v2\/product\/2669","targetHints":{"allow":["GET"]}}],"collection":[{"href":"https:\/\/www.purecook.com\/fr\/wp-json\/wp\/v2\/product"}],"about":[{"href":"https:\/\/www.purecook.com\/fr\/wp-json\/wp\/v2\/types\/product"}],"replies":[{"embeddable":true,"href":"https:\/\/www.purecook.com\/fr\/wp-json\/wp\/v2\/comments?post=2669"}],"wp:featuredmedia":[{"embeddable":true,"href":"https:\/\/www.purecook.com\/fr\/wp-json\/wp\/v2\/media\/2674"}],"wp:attachment":[{"href":"https:\/\/www.purecook.com\/fr\/wp-json\/wp\/v2\/media?parent=2669"}],"wp:term":[{"taxonomy":"product_brand","embeddable":true,"href":"https:\/\/www.purecook.com\/fr\/wp-json\/wp\/v2\/product_brand?post=2669"},{"taxonomy":"product_cat","embeddable":true,"href":"https:\/\/www.purecook.com\/fr\/wp-json\/wp\/v2\/product_cat?post=2669"},{"taxonomy":"product_tag","embeddable":true,"href":"https:\/\/www.purecook.com\/fr\/wp-json\/wp\/v2\/product_tag?post=2669"}],"curies":[{"name":"wp","href":"https:\/\/api.w.org\/{rel}","templated":true}]}}