{"id":2957,"date":"2024-09-04T10:15:25","date_gmt":"2024-09-04T02:15:25","guid":{"rendered":"https:\/\/www.purecook.com\/?post_type=product&#038;p=2957"},"modified":"2025-08-14T16:54:05","modified_gmt":"2025-08-14T08:54:05","slug":"wholesale-colorful-cheese-shape-lunch-boxes","status":"publish","type":"product","link":"https:\/\/www.purecook.com\/fr\/product\/wholesale-colorful-cheese-shape-lunch-boxes\/","title":{"rendered":"Bo\u00eetes \u00e0 lunch en gros,Set de bo\u00eetes \u00e0 lunch color\u00e9es en forme de fromage : Plusieurs couleurs disponibles pour la personnalisation"},"content":{"rendered":"<div class=\"wp-block-columns is-layout-flex wp-container-core-columns-is-layout-9d6595d7 wp-block-columns-is-layout-flex\">\n<div class=\"wp-block-column is-layout-flow wp-block-column-is-layout-flow\">\n<h3 class=\"wp-block-heading\">Param\u00e8tres de la bo\u00eete \u00e0 lunch<\/h3>\n\n\n\n<p>Num\u00e9ro de mod\u00e8le : HH-005<br>Mat\u00e9riau : Acier inoxydable 3o4+PP+Silicone<br>\u00c9paisseur normale : 0,45 mm<br>Logo : Gravure laser\/estampage en relief<\/p>\n<\/div>\n\n\n\n<div class=\"wp-block-column is-layout-flow wp-block-column-is-layout-flow\">\n<h3 class=\"wp-block-heading\">Options de bo\u00eetes \u00e0 lunch personnalis\u00e9es<\/h3>\n\n\n\n<p>Logo : personnalisez le logo de votre marque<br>Mat\u00e9riau : Acier inoxydable SUS#201\/304\/410\/430<br>emballage : bo\u00eete de couleur\/carton, etc.<br><strong><a href=\"https:\/\/www.purecook.com\/fr\/custom-solution\/\" target=\"_blank\" rel=\"noreferrer noopener\">Solutions de bo\u00eetes \u00e0 lunch personnalis\u00e9es OEM et ODM<\/a><\/strong><\/p>\n<\/div>\n<\/div>\n\n\n\n<div class=\"wp-block-columns is-layout-flex wp-container-core-columns-is-layout-9d6595d7 wp-block-columns-is-layout-flex\">\n<div class=\"wp-block-column is-layout-flow wp-block-column-is-layout-flow\">\n<figure class=\"wp-block-image size-full\"><img decoding=\"async\" width=\"800\" height=\"800\" src=\"https:\/\/www.purecook.com\/wp-content\/uploads\/2024\/09\/wholesale-colorful-stainless-steel-lunch-boxes-2.jpg\" alt=\"bo\u00eetes \u00e0 lunch en acier inoxydable color\u00e9 (2)\" class=\"wp-image-2961\" srcset=\"https:\/\/www.purecook.com\/wp-content\/uploads\/2024\/09\/wholesale-colorful-stainless-steel-lunch-boxes-2.jpg 800w, https:\/\/www.purecook.com\/wp-content\/uploads\/2024\/09\/wholesale-colorful-stainless-steel-lunch-boxes-2-300x300.jpg 300w, https:\/\/www.purecook.com\/wp-content\/uploads\/2024\/09\/wholesale-colorful-stainless-steel-lunch-boxes-2-150x150.jpg 150w, https:\/\/www.purecook.com\/wp-content\/uploads\/2024\/09\/wholesale-colorful-stainless-steel-lunch-boxes-2-768x768.jpg 768w, https:\/\/www.purecook.com\/wp-content\/uploads\/2024\/09\/wholesale-colorful-stainless-steel-lunch-boxes-2-12x12.jpg 12w, https:\/\/www.purecook.com\/wp-content\/uploads\/2024\/09\/wholesale-colorful-stainless-steel-lunch-boxes-2-600x600.jpg 600w, https:\/\/www.purecook.com\/wp-content\/uploads\/2024\/09\/wholesale-colorful-stainless-steel-lunch-boxes-2-100x100.jpg 100w\" sizes=\"(max-width: 800px) 100vw, 800px\" \/><\/figure>\n<\/div>\n\n\n\n<div class=\"wp-block-column is-layout-flow wp-block-column-is-layout-flow\">\n<figure class=\"wp-block-image size-full\"><img decoding=\"async\" width=\"800\" height=\"800\" src=\"https:\/\/www.purecook.com\/wp-content\/uploads\/2024\/09\/Colorful-lunch-box-appearance-2.jpg\" alt=\"Aspect color\u00e9 de la bo\u00eete \u00e0 lunch (2)\" class=\"wp-image-2959\" srcset=\"https:\/\/www.purecook.com\/wp-content\/uploads\/2024\/09\/Colorful-lunch-box-appearance-2.jpg 800w, https:\/\/www.purecook.com\/wp-content\/uploads\/2024\/09\/Colorful-lunch-box-appearance-2-300x300.jpg 300w, https:\/\/www.purecook.com\/wp-content\/uploads\/2024\/09\/Colorful-lunch-box-appearance-2-150x150.jpg 150w, https:\/\/www.purecook.com\/wp-content\/uploads\/2024\/09\/Colorful-lunch-box-appearance-2-768x768.jpg 768w, https:\/\/www.purecook.com\/wp-content\/uploads\/2024\/09\/Colorful-lunch-box-appearance-2-12x12.jpg 12w, https:\/\/www.purecook.com\/wp-content\/uploads\/2024\/09\/Colorful-lunch-box-appearance-2-600x600.jpg 600w, https:\/\/www.purecook.com\/wp-content\/uploads\/2024\/09\/Colorful-lunch-box-appearance-2-100x100.jpg 100w\" sizes=\"(max-width: 800px) 100vw, 800px\" \/><\/figure>\n<\/div>\n<\/div>","protected":false},"excerpt":{"rendered":"<p>En tant que fournisseur et fabricant professionnel de bo\u00eetes \u00e0 lunch, Purecook fournit un service efficace de bo\u00eetes \u00e0 lunch en gros pour les distributeurs, les \u00e9coles et les entreprises. Si vous avez besoin de solutions en gros ou personnalis\u00e9es, veuillez nous contacter.<\/p>\n<h2>Caract\u00e9ristiques et avantages des bo\u00eetes \u00e0 lunch<\/h2>\n<p>*<strong>Mat\u00e9riel de haut niveau<\/strong>: L'int\u00e9rieur de la bo\u00eete est en acier inoxydable 304 de qualit\u00e9 alimentaire pour garantir la s\u00e9curit\u00e9 du contact avec les aliments. L'ext\u00e9rieur est en PP \u00e9pais pour garantir la durabilit\u00e9 de la bo\u00eete \u00e0 lunch.<\/p>\n<p>*<strong>Conception \u00e9tanche<\/strong>: Anneau en caoutchouc de silicone int\u00e9gr\u00e9 sur le couvercle de la bo\u00eete \u00e0 lunch, le contenu ne fuira plus facilement.<\/p>\n<p>*<strong>Chauffable<\/strong>: Le mat\u00e9riau principal de la bo\u00eete \u00e0 lunch peut r\u00e9sister \u00e0 des temp\u00e9ratures \u00e9lev\u00e9es, peut \u00eatre mis dans le four \u00e0 micro-ondes pour chauffer en toute confiance.<\/p>\n<p>*<strong>Sac isotherme assorti<\/strong>: Combinaisons multiples, les aliments sont plac\u00e9s s\u00e9par\u00e9ment pour \u00e9viter les m\u00e9langes de saveurs.<\/p>\n<p>*<strong>Riche option de personnalisation<\/strong>s:Des services de bo\u00eetes \u00e0 lunch personnalis\u00e9es sont disponibles, la couleur du corps de la bo\u00eete \u00e0 lunch, le logo ext\u00e9rieur, le style d'emballage peuvent \u00eatre personnalis\u00e9s.<\/p>\n<p><strong><a href=\"https:\/\/www.purecook.com\/fr\/custom-solution\/\" target=\"_blank\" rel=\"noopener\">*Purecook propose des solutions de bo\u00eetes \u00e0 lunch personnalis\u00e9es OEM et ODM.<\/a><\/strong><\/p>\n<p>&nbsp;<\/p>","protected":false},"featured_media":2960,"comment_status":"closed","ping_status":"closed","template":"","meta":{"_acf_changed":false},"product_brand":[],"product_cat":[51,102],"product_tag":[],"class_list":{"0":"post-2957","1":"product","2":"type-product","3":"status-publish","4":"has-post-thumbnail","6":"product_cat-dinnerware","7":"product_cat-lunch-boxes","9":"first","10":"instock","11":"shipping-taxable","12":"product-type-simple"},"acf":[],"_links":{"self":[{"href":"https:\/\/www.purecook.com\/fr\/wp-json\/wp\/v2\/product\/2957","targetHints":{"allow":["GET"]}}],"collection":[{"href":"https:\/\/www.purecook.com\/fr\/wp-json\/wp\/v2\/product"}],"about":[{"href":"https:\/\/www.purecook.com\/fr\/wp-json\/wp\/v2\/types\/product"}],"replies":[{"embeddable":true,"href":"https:\/\/www.purecook.com\/fr\/wp-json\/wp\/v2\/comments?post=2957"}],"wp:featuredmedia":[{"embeddable":true,"href":"https:\/\/www.purecook.com\/fr\/wp-json\/wp\/v2\/media\/2960"}],"wp:attachment":[{"href":"https:\/\/www.purecook.com\/fr\/wp-json\/wp\/v2\/media?parent=2957"}],"wp:term":[{"taxonomy":"product_brand","embeddable":true,"href":"https:\/\/www.purecook.com\/fr\/wp-json\/wp\/v2\/product_brand?post=2957"},{"taxonomy":"product_cat","embeddable":true,"href":"https:\/\/www.purecook.com\/fr\/wp-json\/wp\/v2\/product_cat?post=2957"},{"taxonomy":"product_tag","embeddable":true,"href":"https:\/\/www.purecook.com\/fr\/wp-json\/wp\/v2\/product_tag?post=2957"}],"curies":[{"name":"wp","href":"https:\/\/api.w.org\/{rel}","templated":true}]}}