{"id":3032,"date":"2024-09-21T14:05:05","date_gmt":"2024-09-21T01:42:50","guid":{"rendered":"https:\/\/www.purecook.com\/?post_type=product&#038;p=3032"},"modified":"2025-11-24T15:04:10","modified_gmt":"2025-11-24T07:04:10","slug":"wholesale-tri-ply-stainless-steel-roasting-pan-with-double-ear","status":"publish","type":"product","link":"https:\/\/www.purecook.com\/fr\/product\/wholesale-tri-ply-stainless-steel-roasting-pan-with-double-ear\/","title":{"rendered":"R\u00f4tissoire en acier inoxydable \u00e0 trois plis avec double oreille : Peut facilement contenir un poulet entier r\u00f4ti"},"content":{"rendered":"<div class=\"wp-block-columns is-layout-flex wp-container-core-columns-is-layout-9d6595d7 wp-block-columns-is-layout-flex\">\n<div class=\"wp-block-column is-layout-flow wp-block-column-is-layout-flow\">\n<h3 class=\"wp-block-heading\">Param\u00e8tres de la r\u00f4tissoire en acier inoxydable<\/h3>\n\n\n\n<p>Num\u00e9ro de mod\u00e8le : HH-016<br>Mat\u00e9riau : Acier triple couche (SUS304+Aluminium+SUS430)<br>Normal \u00c9paisseur : 2,3 mm<br>Taille : 36*23*5.5 cm<br>Poids : 2,0 kg<br>Logo : Gravure laser\/estampage en relief<br>MOQ\uff1a1000 pcs<\/p>\n<\/div>\n\n\n\n<div class=\"wp-block-column is-layout-flow wp-block-column-is-layout-flow\">\n<h3 class=\"wp-block-heading\">Po\u00eales \u00e0 r\u00f4tir en acier inoxydable personnalis\u00e9es pptions<\/h3>\n\n\n\n<p>Logo : personnalisez le logo de votre marque<br>Mat\u00e9riau : Acier triple couche (SUS304+Aluminium+SUS430)\/Acier triple couche (SUS201+Aluminium+SUS430\uff09)<br>Epaisseur du mat\u00e9riau\uff1a2.3mm<br>Mat\u00e9riau de la poign\u00e9e : Mat\u00e9riau<br>Traitement de la surface de contact : non rev\u00eatu \/ rev\u00eatement non adh\u00e9sif<br>emballage : bo\u00eete de couleur\/carton, etc.<br><strong><a href=\"https:\/\/www.purecook.com\/fr\/custom-solution\/\" target=\"_blank\" rel=\"noreferrer noopener\">OEM &amp; ODM Plaque \u00e0 r\u00f4tir \u00e0 double oreille en acier triple sur mesureGriddle Solutions<\/a><\/strong><\/p>\n<\/div>\n<\/div>\n\n\n\n<div class=\"wp-block-columns is-layout-flex wp-container-core-columns-is-layout-9d6595d7 wp-block-columns-is-layout-flex\">\n<div class=\"wp-block-column is-layout-flow wp-block-column-is-layout-flow\">\n<figure class=\"wp-block-image size-full\"><img decoding=\"async\" width=\"800\" height=\"800\" src=\"https:\/\/www.purecook.com\/wp-content\/uploads\/2024\/09\/Square-Baking-Pan-6.webp\" alt=\"Plaque \u00e0 p\u00e2tisserie carr\u00e9e en acier inoxydable triple avec deux oreilles\" class=\"wp-image-3038\" srcset=\"https:\/\/www.purecook.com\/wp-content\/uploads\/2024\/09\/Square-Baking-Pan-6.webp 800w, https:\/\/www.purecook.com\/wp-content\/uploads\/2024\/09\/Square-Baking-Pan-6-300x300.webp 300w, https:\/\/www.purecook.com\/wp-content\/uploads\/2024\/09\/Square-Baking-Pan-6-150x150.webp 150w, https:\/\/www.purecook.com\/wp-content\/uploads\/2024\/09\/Square-Baking-Pan-6-768x768.webp 768w, https:\/\/www.purecook.com\/wp-content\/uploads\/2024\/09\/Square-Baking-Pan-6-12x12.webp 12w, https:\/\/www.purecook.com\/wp-content\/uploads\/2024\/09\/Square-Baking-Pan-6-600x600.webp 600w, https:\/\/www.purecook.com\/wp-content\/uploads\/2024\/09\/Square-Baking-Pan-6-100x100.webp 100w\" sizes=\"(max-width: 800px) 100vw, 800px\" \/><\/figure>\n<\/div>\n\n\n\n<div class=\"wp-block-column is-layout-flow wp-block-column-is-layout-flow\">\n<figure class=\"wp-block-image size-full\"><img decoding=\"async\" width=\"800\" height=\"800\" src=\"https:\/\/www.purecook.com\/wp-content\/uploads\/2024\/09\/Square-Baking-Pan-3.webp\" alt=\"Plaque \u00e0 p\u00e2tisserie carr\u00e9e en acier inoxydable triple avec deux oreilles\" class=\"wp-image-3035\" srcset=\"https:\/\/www.purecook.com\/wp-content\/uploads\/2024\/09\/Square-Baking-Pan-3.webp 800w, https:\/\/www.purecook.com\/wp-content\/uploads\/2024\/09\/Square-Baking-Pan-3-300x300.webp 300w, https:\/\/www.purecook.com\/wp-content\/uploads\/2024\/09\/Square-Baking-Pan-3-150x150.webp 150w, https:\/\/www.purecook.com\/wp-content\/uploads\/2024\/09\/Square-Baking-Pan-3-768x768.webp 768w, https:\/\/www.purecook.com\/wp-content\/uploads\/2024\/09\/Square-Baking-Pan-3-12x12.webp 12w, https:\/\/www.purecook.com\/wp-content\/uploads\/2024\/09\/Square-Baking-Pan-3-600x600.webp 600w, https:\/\/www.purecook.com\/wp-content\/uploads\/2024\/09\/Square-Baking-Pan-3-100x100.webp 100w\" sizes=\"(max-width: 800px) 100vw, 800px\" \/><\/figure>\n<\/div>\n<\/div>","protected":false},"excerpt":{"rendered":"<p>La r\u00f4tissoire professionnelle en gros en acier inoxydable, la r\u00f4tissoire de haute qualit\u00e9 est fabriqu\u00e9e en acier inoxydable triple couche de haute qualit\u00e9 (SUS304+Aluminium+SUS430), respectueux de l'environnement et sans rev\u00eatement, et la poign\u00e9e est faite de poign\u00e9es \u00e9paisses en acier inoxydable forg\u00e9 pour une prise en main confortable et une durabilit\u00e9 robuste. En tant que fabricant professionnel d'ustensiles de cuisson en gros, Purecook fournit des plats \u00e0 r\u00f4tir de haute qualit\u00e9 pour les restaurants afin de r\u00e9pondre aux besoins des cuisines professionnelles. En outre, nous proposons des r\u00f4tissoires pour les distributeurs, les \u00e9coles et les entreprises au prix d'usine.OEM&amp;ODM sont les bienvenus.Si vous cherchez des r\u00f4tissoires en vrac ou d'autres produits de boulangerie\uff0cs'il vous pla\u00eet contactez-nous maintenant.<\/p>\n<h2><strong><b>Caract\u00e9ristiques et avantages de la r\u00f4tissoire <\/b><\/strong><\/h2>\n<p>*<strong>Mat\u00e9riau de haute qualit\u00e9<\/strong>: La r\u00f4tissoire est fabriqu\u00e9e en acier inoxydable \u00e0 trois couches de qualit\u00e9 sup\u00e9rieure (sus304+aluminium+sus430). La surface est d\u00e9licatement polie, ce qui permet d'entrer en contact avec divers aliments. La poign\u00e9e est soud\u00e9e, il n'y a pas de marques de rivets \u00e0 l'int\u00e9rieur de la po\u00eale, ce qui la rend plus durable.<\/p>\n<p>*<strong>Design Xlarge<\/strong>: Cette r\u00f4tissoire en acier inoxydable est con\u00e7ue avec une taille qui vous permet de faire face facilement \u00e0 la cuisson du poulet r\u00f4ti de No\u00ebl et d'autres aliments vari\u00e9s.<\/p>\n<p>*<strong>Convient \u00e0 tous les types de po\u00eales<\/strong>: Le corps principal de la r\u00f4tissoire est en acier inoxydable triple \u00e9paisseur, qui peut \u00eatre utilis\u00e9 avec la cuisson par induction.<br \/>et il peut \u00eatre adapt\u00e9 \u00e0 diff\u00e9rentes m\u00e9thodes de chauffage, telles que la cuisini\u00e8re \u00e0 gaz, la flamme nue, l'induction, les cuisini\u00e8res \u00e9lectriques en c\u00e9ramique, etc.<\/p>\n<p>*<strong>Nombreuses options de personnalisation<\/strong>: Service de r\u00f4tissoires personnalis\u00e9es : le style et le mat\u00e9riau du corps, le mat\u00e9riau de la poign\u00e9e, le logo externe et le style d'emballage de la r\u00f4tissoire peuvent \u00eatre personnalis\u00e9s.<\/p>\n<p><strong><a href=\"https:\/\/www.purecook.com\/fr\/custom-solution\/\" target=\"_blank\" rel=\"noopener\">*Purecook offre des solutions personnalis\u00e9es OEM et ODM pour les produits de boulangerie et de p\u00e2tisserie.<\/a><\/strong><\/p>\n<p>&nbsp;<\/p>","protected":false},"featured_media":3033,"comment_status":"closed","ping_status":"closed","template":"","meta":{"_acf_changed":false},"product_brand":[],"product_cat":[27,106],"product_tag":[],"class_list":{"0":"post-3032","1":"product","2":"type-product","3":"status-publish","4":"has-post-thumbnail","6":"product_cat-bakeware","7":"product_cat-roasting-pan","9":"first","10":"instock","11":"shipping-taxable","12":"product-type-simple"},"acf":[],"_links":{"self":[{"href":"https:\/\/www.purecook.com\/fr\/wp-json\/wp\/v2\/product\/3032","targetHints":{"allow":["GET"]}}],"collection":[{"href":"https:\/\/www.purecook.com\/fr\/wp-json\/wp\/v2\/product"}],"about":[{"href":"https:\/\/www.purecook.com\/fr\/wp-json\/wp\/v2\/types\/product"}],"replies":[{"embeddable":true,"href":"https:\/\/www.purecook.com\/fr\/wp-json\/wp\/v2\/comments?post=3032"}],"wp:featuredmedia":[{"embeddable":true,"href":"https:\/\/www.purecook.com\/fr\/wp-json\/wp\/v2\/media\/3033"}],"wp:attachment":[{"href":"https:\/\/www.purecook.com\/fr\/wp-json\/wp\/v2\/media?parent=3032"}],"wp:term":[{"taxonomy":"product_brand","embeddable":true,"href":"https:\/\/www.purecook.com\/fr\/wp-json\/wp\/v2\/product_brand?post=3032"},{"taxonomy":"product_cat","embeddable":true,"href":"https:\/\/www.purecook.com\/fr\/wp-json\/wp\/v2\/product_cat?post=3032"},{"taxonomy":"product_tag","embeddable":true,"href":"https:\/\/www.purecook.com\/fr\/wp-json\/wp\/v2\/product_tag?post=3032"}],"curies":[{"name":"wp","href":"https:\/\/api.w.org\/{rel}","templated":true}]}}