{"id":3133,"date":"2024-10-12T16:29:59","date_gmt":"2024-10-12T05:31:08","guid":{"rendered":"https:\/\/www.purecook.com\/?post_type=product&#038;p=3133"},"modified":"2024-11-04T10:30:52","modified_gmt":"2024-11-04T02:30:52","slug":"wholesale-anti-scald-stainless-steel-bowls","status":"publish","type":"product","link":"https:\/\/www.purecook.com\/fr\/product\/wholesale-anti-scald-stainless-steel-bowls\/","title":{"rendered":"Bols en acier inoxydable en gros, conception anti-br\u00fblure \u00e0 double couche sous vide : Options de finition multiples pour la personnalisation"},"content":{"rendered":"<div class=\"wp-block-columns is-layout-flex wp-container-core-columns-is-layout-9d6595d7 wp-block-columns-is-layout-flex\">\n<div class=\"wp-block-column is-layout-flow wp-block-column-is-layout-flow\">\n<h3 class=\"wp-block-heading\"><strong>Param\u00e8tres du bol en acier inoxydable<\/strong><\/h3>\n\n\n\n<p><strong>Num\u00e9ro de mod\u00e8le<\/strong>YX-003<br><strong>Mat\u00e9riau<\/strong>: Acier inoxydable 304<br><strong>Taille<\/strong>:16-26cm<br><strong>Logo<\/strong>: Gravure laser\/Tampon en relief<br><strong>MOQ<\/strong>\uff1a1000 pcs<\/p>\n<\/div>\n\n\n\n<div class=\"wp-block-column is-layout-flow wp-block-column-is-layout-flow\">\n<h3 class=\"wp-block-heading\"><strong>Bol en acier inoxydable personnalis\u00e9<\/strong><strong style=\"color: revert; font-size: revert;\"> Options<\/strong><\/h3>\n\n\n\n<p><strong>Logo<\/strong>Personnalisation du logo de la marque : personnalisation du logo de la marque<br><strong>Mat\u00e9riau<\/strong>: Acier inoxydable SUS304\/SUS201<br><strong>Paquet<\/strong>Bo\u00eete de couleur\/carton, etc.<br><a href=\"https:\/\/www.purecook.com\/fr\/custom-solution\/\" target=\"_blank\" rel=\"noopener\"><u>Solutions de bols personnalis\u00e9s OEM et ODM<\/u><\/a><\/p>\n<\/div>\n<\/div>\n\n\n\n<div class=\"wp-block-columns is-layout-flex wp-container-core-columns-is-layout-9d6595d7 wp-block-columns-is-layout-flex\">\n<div class=\"wp-block-column is-layout-flow wp-block-column-is-layout-flow\">\n<figure class=\"wp-block-image size-full\"><img decoding=\"async\" width=\"800\" height=\"800\" src=\"https:\/\/www.purecook.com\/wp-content\/uploads\/2024\/10\/Vacuum-Double-Layer-Anti-Scald-Bowl-5.webp\" alt=\"Bol anti-br\u00fblure \u00e0 double couche sous vide\" class=\"wp-image-3138\" srcset=\"https:\/\/www.purecook.com\/wp-content\/uploads\/2024\/10\/Vacuum-Double-Layer-Anti-Scald-Bowl-5.webp 800w, https:\/\/www.purecook.com\/wp-content\/uploads\/2024\/10\/Vacuum-Double-Layer-Anti-Scald-Bowl-5-300x300.webp 300w, https:\/\/www.purecook.com\/wp-content\/uploads\/2024\/10\/Vacuum-Double-Layer-Anti-Scald-Bowl-5-150x150.webp 150w, https:\/\/www.purecook.com\/wp-content\/uploads\/2024\/10\/Vacuum-Double-Layer-Anti-Scald-Bowl-5-768x768.webp 768w, https:\/\/www.purecook.com\/wp-content\/uploads\/2024\/10\/Vacuum-Double-Layer-Anti-Scald-Bowl-5-12x12.webp 12w, https:\/\/www.purecook.com\/wp-content\/uploads\/2024\/10\/Vacuum-Double-Layer-Anti-Scald-Bowl-5-600x600.webp 600w, https:\/\/www.purecook.com\/wp-content\/uploads\/2024\/10\/Vacuum-Double-Layer-Anti-Scald-Bowl-5-100x100.webp 100w\" sizes=\"(max-width: 800px) 100vw, 800px\" \/><figcaption class=\"wp-element-caption\">Bol en acier inoxydable anti-br\u00fblure<\/figcaption><\/figure>\n<\/div>\n\n\n\n<div class=\"wp-block-column is-layout-flow wp-block-column-is-layout-flow\">\n<figure class=\"wp-block-image size-full\"><img decoding=\"async\" width=\"800\" height=\"800\" src=\"https:\/\/www.purecook.com\/wp-content\/uploads\/2024\/10\/Vacuum-Double-Layer-Anti-Scald-Bowl-4.webp\" alt=\"Bol anti-br\u00fblure \u00e0 double couche sous vide\" class=\"wp-image-3137\" srcset=\"https:\/\/www.purecook.com\/wp-content\/uploads\/2024\/10\/Vacuum-Double-Layer-Anti-Scald-Bowl-4.webp 800w, https:\/\/www.purecook.com\/wp-content\/uploads\/2024\/10\/Vacuum-Double-Layer-Anti-Scald-Bowl-4-300x300.webp 300w, https:\/\/www.purecook.com\/wp-content\/uploads\/2024\/10\/Vacuum-Double-Layer-Anti-Scald-Bowl-4-150x150.webp 150w, https:\/\/www.purecook.com\/wp-content\/uploads\/2024\/10\/Vacuum-Double-Layer-Anti-Scald-Bowl-4-768x768.webp 768w, https:\/\/www.purecook.com\/wp-content\/uploads\/2024\/10\/Vacuum-Double-Layer-Anti-Scald-Bowl-4-12x12.webp 12w, https:\/\/www.purecook.com\/wp-content\/uploads\/2024\/10\/Vacuum-Double-Layer-Anti-Scald-Bowl-4-600x600.webp 600w, https:\/\/www.purecook.com\/wp-content\/uploads\/2024\/10\/Vacuum-Double-Layer-Anti-Scald-Bowl-4-100x100.webp 100w\" sizes=\"(max-width: 800px) 100vw, 800px\" \/><figcaption class=\"wp-element-caption\">Bol en acier inoxydable anti-br\u00fblure<\/figcaption><\/figure>\n<\/div>\n<\/div>","protected":false},"excerpt":{"rendered":"<p>Vente en gros de bols en acier inoxydable, le bol sous vide \u00e0 double couche anti-br\u00fblure de haute qualit\u00e9 en acier inoxydable 304, disponible en or et en argent. Diff\u00e9rentes finitions de surface sont disponibles, telles que le polissage bross\u00e9, le polissage miroir et le polissage fin, afin de r\u00e9pondre aux divers besoins des clients. En tant que fournisseur professionnel de vaisselle, nous fournissons des services de gros efficaces aux distributeurs, aux restaurants et aux entreprises. N'h\u00e9sitez pas \u00e0 nous contacter pour des solutions en gros ou personnalis\u00e9es.<\/p>\n<h2><strong><b>Caract\u00e9ristiques et avantages du bol en acier inoxydable<\/b><\/strong><\/h2>\n<p><strong>Mat\u00e9riau s\u00fbr<\/strong>: Le bol en acier inoxydable anti-br\u00fblure est fabriqu\u00e9 en acier inoxydable 304 de qualit\u00e9 alimentaire pour garantir la s\u00e9curit\u00e9 au contact des aliments. La conception \u00e0 double couche sous vide emp\u00eache efficacement les br\u00fblures.<\/p>\n<p><strong>Dessin de mode<\/strong>: Design en forme de V, disponible en or et en argent, convient \u00e0 diff\u00e9rents styles de table.<\/p>\n<p><strong>Divers traitements de surface<\/strong>: Pour ce bol en acier inoxydable, nous proposons une vari\u00e9t\u00e9 de traitements de surface, tels que le polissage bross\u00e9, le polissage miroir et le polissage fin pour r\u00e9pondre aux besoins personnalis\u00e9s.<\/p>\n<p><strong>Sc\u00e9narios d'application<\/strong>: Adapt\u00e9 \u00e0 de nombreuses occasions telles que les tables familiales, les buffets d'h\u00f4tels, les banquets de restaurants, etc., il peut \u00eatre utilis\u00e9 pour contenir des salades et des p\u00e2tes, et convient \u00e9galement pour les plats froids tels que la charcuterie et les fruits.<\/p>\n<p><strong>Service de personnalisation flexible<\/strong>: En tant que fabricant professionnel de vaisselle en acier inoxydable, nous fournissons des services de personnalisation OEM et ODM, et pouvons personnaliser le type de bol, le traitement de surface, le logo externe et le style d'emballage.<\/p>\n<p><a href=\"https:\/\/www.purecook.com\/fr\/custom-solution\/\"><u>En savoir plus sur les d\u00e9tails des cuves en acier inoxydable personnalis\u00e9es<\/u><u>.<\/u><\/a><\/p>","protected":false},"featured_media":3135,"comment_status":"closed","ping_status":"closed","template":"","meta":{"_acf_changed":false},"product_brand":[],"product_cat":[51,54],"product_tag":[],"class_list":{"0":"post-3133","1":"product","2":"type-product","3":"status-publish","4":"has-post-thumbnail","6":"product_cat-dinnerware","7":"product_cat-stainless-steel-bowl","9":"first","10":"instock","11":"shipping-taxable","12":"product-type-simple"},"acf":[],"_links":{"self":[{"href":"https:\/\/www.purecook.com\/fr\/wp-json\/wp\/v2\/product\/3133","targetHints":{"allow":["GET"]}}],"collection":[{"href":"https:\/\/www.purecook.com\/fr\/wp-json\/wp\/v2\/product"}],"about":[{"href":"https:\/\/www.purecook.com\/fr\/wp-json\/wp\/v2\/types\/product"}],"replies":[{"embeddable":true,"href":"https:\/\/www.purecook.com\/fr\/wp-json\/wp\/v2\/comments?post=3133"}],"wp:featuredmedia":[{"embeddable":true,"href":"https:\/\/www.purecook.com\/fr\/wp-json\/wp\/v2\/media\/3135"}],"wp:attachment":[{"href":"https:\/\/www.purecook.com\/fr\/wp-json\/wp\/v2\/media?parent=3133"}],"wp:term":[{"taxonomy":"product_brand","embeddable":true,"href":"https:\/\/www.purecook.com\/fr\/wp-json\/wp\/v2\/product_brand?post=3133"},{"taxonomy":"product_cat","embeddable":true,"href":"https:\/\/www.purecook.com\/fr\/wp-json\/wp\/v2\/product_cat?post=3133"},{"taxonomy":"product_tag","embeddable":true,"href":"https:\/\/www.purecook.com\/fr\/wp-json\/wp\/v2\/product_tag?post=3133"}],"curies":[{"name":"wp","href":"https:\/\/api.w.org\/{rel}","templated":true}]}}