{"id":3143,"date":"2024-10-12T13:44:53","date_gmt":"2024-10-12T05:41:31","guid":{"rendered":"https:\/\/www.purecook.com\/?post_type=product&#038;p=3143"},"modified":"2024-10-13T10:39:43","modified_gmt":"2024-10-13T02:39:43","slug":"wholesale-stainless-steel-cutting-board","status":"publish","type":"product","link":"https:\/\/www.purecook.com\/fr\/product\/wholesale-stainless-steel-cutting-board\/","title":{"rendered":"Planche \u00e0 d\u00e9couper en acier inoxydable\uff0cProfessional Antimicrobial Cutting Board Factory Direct Sales"},"content":{"rendered":"<div class=\"wp-block-columns is-layout-flex wp-container-core-columns-is-layout-9d6595d7 wp-block-columns-is-layout-flex\">\n<div class=\"wp-block-column is-layout-flow wp-block-column-is-layout-flow\">\n<h3 class=\"wp-block-heading\"><strong>Param\u00e8tres de la planche \u00e0 d\u00e9couper en acier inoxydable<\/strong><\/h3>\n\n\n\n<p><strong>Num\u00e9ro de mod\u00e8le<\/strong>: SL2-001<br><strong>Mat\u00e9riau<\/strong>: Acier inoxydable 304+PP<br><strong>\u00c9paisseur normale<\/strong>: 1,6cm<br><strong>Taille<\/strong>40,5*28 cm<br><strong>Poids<\/strong>:2 kg<br><strong>MOQ<\/strong>\uff1a500 pi\u00e8ces<\/p>\n<\/div>\n\n\n\n<div class=\"wp-block-column is-layout-flow wp-block-column-is-layout-flow\">\n<h3 class=\"wp-block-heading\"><strong>Planche \u00e0 d\u00e9couper personnalis\u00e9e<\/strong><strong style=\"color: revert; font-size: revert;\"> Options<\/strong><\/h3>\n\n\n\n<p><strong>Paquet<\/strong>Bo\u00eete de couleur\/carton, etc.<br><strong>Mod\u00e8le de face en PP<\/strong>: Accepte les donn\u00e9es personnalisables<br><br><a href=\"https:\/\/www.purecook.com\/fr\/custom-solution\/\" target=\"_blank\" rel=\"noopener\"><u>Solutions personnalis\u00e9es OEM et ODM pour les planches \u00e0 d\u00e9couper<\/u><\/a><\/p>\n<\/div>\n<\/div>\n\n\n\n<div class=\"wp-block-columns is-layout-flex wp-container-core-columns-is-layout-9d6595d7 wp-block-columns-is-layout-flex\">\n<div class=\"wp-block-column is-layout-flow wp-block-column-is-layout-flow\">\n<figure class=\"wp-block-image size-full\"><img decoding=\"async\" width=\"800\" height=\"800\" src=\"https:\/\/www.purecook.com\/wp-content\/uploads\/2024\/10\/Dual-Sided-Antibacterial-Cutting-Board-4.webp\" alt=\"Planche \u00e0 d\u00e9couper antibact\u00e9rienne \u00e0 double face\" class=\"wp-image-3147\" srcset=\"https:\/\/www.purecook.com\/wp-content\/uploads\/2024\/10\/Dual-Sided-Antibacterial-Cutting-Board-4.webp 800w, https:\/\/www.purecook.com\/wp-content\/uploads\/2024\/10\/Dual-Sided-Antibacterial-Cutting-Board-4-300x300.webp 300w, https:\/\/www.purecook.com\/wp-content\/uploads\/2024\/10\/Dual-Sided-Antibacterial-Cutting-Board-4-150x150.webp 150w, https:\/\/www.purecook.com\/wp-content\/uploads\/2024\/10\/Dual-Sided-Antibacterial-Cutting-Board-4-768x768.webp 768w, https:\/\/www.purecook.com\/wp-content\/uploads\/2024\/10\/Dual-Sided-Antibacterial-Cutting-Board-4-12x12.webp 12w, https:\/\/www.purecook.com\/wp-content\/uploads\/2024\/10\/Dual-Sided-Antibacterial-Cutting-Board-4-600x600.webp 600w, https:\/\/www.purecook.com\/wp-content\/uploads\/2024\/10\/Dual-Sided-Antibacterial-Cutting-Board-4-100x100.webp 100w\" sizes=\"(max-width: 800px) 100vw, 800px\" \/><figcaption class=\"wp-element-caption\">Planche \u00e0 d\u00e9couper antibact\u00e9rienne \u00e0 double face<\/figcaption><\/figure>\n<\/div>\n\n\n\n<div class=\"wp-block-column is-layout-flow wp-block-column-is-layout-flow\">\n<figure class=\"wp-block-image size-full\"><img decoding=\"async\" width=\"800\" height=\"800\" src=\"https:\/\/www.purecook.com\/wp-content\/uploads\/2024\/10\/Dual-Sided-Antibacterial-Cutting-Board-1.webp\" alt=\"Planche \u00e0 d\u00e9couper antibact\u00e9rienne \u00e0 double face\" class=\"wp-image-3144\" srcset=\"https:\/\/www.purecook.com\/wp-content\/uploads\/2024\/10\/Dual-Sided-Antibacterial-Cutting-Board-1.webp 800w, https:\/\/www.purecook.com\/wp-content\/uploads\/2024\/10\/Dual-Sided-Antibacterial-Cutting-Board-1-300x300.webp 300w, https:\/\/www.purecook.com\/wp-content\/uploads\/2024\/10\/Dual-Sided-Antibacterial-Cutting-Board-1-150x150.webp 150w, https:\/\/www.purecook.com\/wp-content\/uploads\/2024\/10\/Dual-Sided-Antibacterial-Cutting-Board-1-768x768.webp 768w, https:\/\/www.purecook.com\/wp-content\/uploads\/2024\/10\/Dual-Sided-Antibacterial-Cutting-Board-1-12x12.webp 12w, https:\/\/www.purecook.com\/wp-content\/uploads\/2024\/10\/Dual-Sided-Antibacterial-Cutting-Board-1-600x600.webp 600w, https:\/\/www.purecook.com\/wp-content\/uploads\/2024\/10\/Dual-Sided-Antibacterial-Cutting-Board-1-100x100.webp 100w\" sizes=\"(max-width: 800px) 100vw, 800px\" \/><figcaption class=\"wp-element-caption\">Planche \u00e0 d\u00e9couper antibact\u00e9rienne \u00e0 double face<\/figcaption><\/figure>\n<\/div>\n<\/div>","protected":false},"excerpt":{"rendered":"<p>Cette planche \u00e0 d\u00e9couper est fabriqu\u00e9e en acier inoxydable 304 et en mat\u00e9riaux PP, garantissant une s\u00e9curit\u00e9 alimentaire de haute qualit\u00e9. Sa grande taille est parfaite pour manipuler divers ingr\u00e9dients, et sa fonction d'accrochage permet de la ranger facilement. Cette planche \u00e0 d\u00e9couper antibact\u00e9rienne convient parfaitement aux cuisines domestiques, \u00e0 l'industrie de la restauration et \u00e0 d'autres occasions.Purecook, un fabricant professionnel d'ustensiles de cuisine, offre des services de vente en gros efficaces pour les distributeurs, les restaurants et les m\u00e9nages. Contactez-nous pour des solutions en gros ou personnalis\u00e9es.<\/p>\n<h2><strong><b>Caract\u00e9ristiques et avantages de la planche \u00e0 d\u00e9couper<\/b><\/strong><\/h2>\n<p><strong>Conception double face<\/strong>: Combine l'acier inoxydable 304 et le mat\u00e9riau PP, avec un c\u00f4t\u00e9 pour les viandes et l'autre pour les fruits et l\u00e9gumes, ce qui garantit l'hygi\u00e8ne.<\/p>\n<p><strong>Mat\u00e9riau antibact\u00e9rien<\/strong>: La planche \u00e0 d\u00e9couper est fabriqu\u00e9e \u00e0 partir de mat\u00e9riaux de qualit\u00e9 alimentaire, offrant d'excellentes propri\u00e9t\u00e9s antibact\u00e9riennes pour garantir la s\u00e9curit\u00e9 du contact avec les aliments.<\/p>\n<p><strong>Design de grande taille<\/strong>: Fournit un large espace de coupe, adapt\u00e9 \u00e0 la manipulation de divers ingr\u00e9dients.<\/p>\n<p><strong>Accrochage pratique<\/strong>: \u00c9quip\u00e9 d'un trou de suspension pour faciliter le rangement dans la cuisine et \u00e9conomiser de l'espace.<\/p>\n<p><strong>Service de personnalisation<\/strong>: Offre des services de personnalisation OEM et ODM pour r\u00e9pondre aux divers besoins des clients.<\/p>\n<p><a href=\"https:\/\/www.purecook.com\/fr\/custom-solution\/\"><u>En savoir plus sur les services personnalis\u00e9s<\/u><u> Planche \u00e0 d\u00e9couper d\u00e9tail<\/u><u>.<\/u><\/a><\/p>\n<p>&nbsp;<\/p>\n<p>&nbsp;<\/p>","protected":false},"featured_media":3146,"comment_status":"closed","ping_status":"closed","template":"","meta":{"_acf_changed":false},"product_brand":[],"product_cat":[67,52],"product_tag":[],"class_list":{"0":"post-3143","1":"product","2":"type-product","3":"status-publish","4":"has-post-thumbnail","6":"product_cat-cutting-board","7":"product_cat-kitchen-utensils","9":"first","10":"instock","11":"shipping-taxable","12":"product-type-simple"},"acf":[],"_links":{"self":[{"href":"https:\/\/www.purecook.com\/fr\/wp-json\/wp\/v2\/product\/3143","targetHints":{"allow":["GET"]}}],"collection":[{"href":"https:\/\/www.purecook.com\/fr\/wp-json\/wp\/v2\/product"}],"about":[{"href":"https:\/\/www.purecook.com\/fr\/wp-json\/wp\/v2\/types\/product"}],"replies":[{"embeddable":true,"href":"https:\/\/www.purecook.com\/fr\/wp-json\/wp\/v2\/comments?post=3143"}],"wp:featuredmedia":[{"embeddable":true,"href":"https:\/\/www.purecook.com\/fr\/wp-json\/wp\/v2\/media\/3146"}],"wp:attachment":[{"href":"https:\/\/www.purecook.com\/fr\/wp-json\/wp\/v2\/media?parent=3143"}],"wp:term":[{"taxonomy":"product_brand","embeddable":true,"href":"https:\/\/www.purecook.com\/fr\/wp-json\/wp\/v2\/product_brand?post=3143"},{"taxonomy":"product_cat","embeddable":true,"href":"https:\/\/www.purecook.com\/fr\/wp-json\/wp\/v2\/product_cat?post=3143"},{"taxonomy":"product_tag","embeddable":true,"href":"https:\/\/www.purecook.com\/fr\/wp-json\/wp\/v2\/product_tag?post=3143"}],"curies":[{"name":"wp","href":"https:\/\/api.w.org\/{rel}","templated":true}]}}