{"id":3174,"date":"2024-10-26T14:17:18","date_gmt":"2024-10-26T05:46:35","guid":{"rendered":"https:\/\/www.purecook.com\/?post_type=product&#038;p=3174"},"modified":"2025-04-27T17:18:13","modified_gmt":"2025-04-27T09:18:13","slug":"wholesale-customizable-milk-pans-with-steamer","status":"publish","type":"product","link":"https:\/\/www.purecook.com\/fr\/product\/wholesale-customizable-milk-pans-with-steamer\/","title":{"rendered":"Bacs \u00e0 lait personnalisables en gros avec cuiseur \u00e0 vapeur, en acier inoxydable tripl\u00e9 : Une vari\u00e9t\u00e9 d'accessoires au choix"},"content":{"rendered":"<div class=\"wp-block-columns is-layout-flex wp-container-core-columns-is-layout-9d6595d7 wp-block-columns-is-layout-flex\">\n<div class=\"wp-block-column is-layout-flow wp-block-column-is-layout-flow\">\n<h3 class=\"wp-block-heading\"><strong>Param\u00e8tres de <\/strong><strong>Lait<\/strong><strong>&nbsp;Pan<\/strong><strong><\/strong><\/h3>\n\n\n\n<p><strong>Num\u00e9ro de mod\u00e8le :<\/strong> ML-006<br><strong>Mat\u00e9riau : <\/strong>Acier inoxydable 304 triple couche<br><strong>\u00c9paisseur normale : <\/strong>2,0 mm<br><strong>Taille :<\/strong>16cm<br><strong>Vapeur Mat\u00e9riaux :<\/strong> Acier inoxydable<br><strong>Capacit\u00e9 :<\/strong>1.5L<br><strong>Logo :<\/strong> Gravure laser\/Tampon en relief<br><strong>MOQ :<\/strong> 400pcs<\/p>\n<\/div>\n\n\n\n<div class=\"wp-block-column is-layout-flow wp-block-column-is-layout-flow\">\n<h3 class=\"wp-block-heading\"><strong>Sur mesure <\/strong><strong>Lait<\/strong><strong>&nbsp;Options de la casserole<\/strong><strong><\/strong><\/h3>\n\n\n\n<p><strong>Logo : <\/strong>personnaliser le logo de votre marque<br><strong>Mat\u00e9riau :<\/strong> Acier inoxydable triple couche\uff08SUS304\/SUS316\uff09\uff1a<br><strong>Mat\u00e9riau du couvercle :<\/strong> Style\/Mat\u00e9riau<br><strong>Mat\u00e9riau du manche :<\/strong> Style\/Mat\u00e9riau<br><strong>Paquet :<\/strong> bo\u00eete de couleur\/carton, etc.<br><a href=\"https:\/\/www.purecook.com\/fr\/custom-solution\/\" target=\"_blank\" rel=\"noopener\"><u>Solutions OEM et ODM de bo\u00eetes \u00e0 lait personnalis\u00e9es<\/u><\/a><\/p>\n<\/div>\n<\/div>\n\n\n\n<div class=\"wp-block-columns is-layout-flex wp-container-core-columns-is-layout-9d6595d7 wp-block-columns-is-layout-flex\">\n<div class=\"wp-block-column is-layout-flow wp-block-column-is-layout-flow\">\n<figure class=\"wp-block-image size-full\"><img decoding=\"async\" width=\"800\" height=\"800\" src=\"https:\/\/www.purecook.com\/wp-content\/uploads\/2024\/10\/Customized-Triple-Layer-Steel-Milk-Pan-with-Steam-1.webp\" alt=\"Po\u00eale \u00e0 lait en acier \u00e0 triple couche avec cuiseur \u00e0 vapeur sur mesure\" class=\"wp-image-3175\" srcset=\"https:\/\/www.purecook.com\/wp-content\/uploads\/2024\/10\/Customized-Triple-Layer-Steel-Milk-Pan-with-Steam-1.webp 800w, https:\/\/www.purecook.com\/wp-content\/uploads\/2024\/10\/Customized-Triple-Layer-Steel-Milk-Pan-with-Steam-1-300x300.webp 300w, https:\/\/www.purecook.com\/wp-content\/uploads\/2024\/10\/Customized-Triple-Layer-Steel-Milk-Pan-with-Steam-1-150x150.webp 150w, https:\/\/www.purecook.com\/wp-content\/uploads\/2024\/10\/Customized-Triple-Layer-Steel-Milk-Pan-with-Steam-1-768x768.webp 768w, https:\/\/www.purecook.com\/wp-content\/uploads\/2024\/10\/Customized-Triple-Layer-Steel-Milk-Pan-with-Steam-1-12x12.webp 12w, https:\/\/www.purecook.com\/wp-content\/uploads\/2024\/10\/Customized-Triple-Layer-Steel-Milk-Pan-with-Steam-1-600x600.webp 600w, https:\/\/www.purecook.com\/wp-content\/uploads\/2024\/10\/Customized-Triple-Layer-Steel-Milk-Pan-with-Steam-1-100x100.webp 100w\" sizes=\"(max-width: 800px) 100vw, 800px\" \/><figcaption class=\"wp-element-caption\">Bac \u00e0 lait personnalisable avec cuit-vapeur<\/figcaption><\/figure>\n<\/div>\n\n\n\n<div class=\"wp-block-column is-layout-flow wp-block-column-is-layout-flow\">\n<figure class=\"wp-block-image size-full\"><img decoding=\"async\" width=\"800\" height=\"800\" src=\"https:\/\/www.purecook.com\/wp-content\/uploads\/2024\/10\/Customized-Triple-Layer-Steel-Milk-Pan-with-Steam-2.webp\" alt=\"Po\u00eale \u00e0 lait en acier \u00e0 triple couche avec cuiseur \u00e0 vapeur sur mesure\" class=\"wp-image-3176\" srcset=\"https:\/\/www.purecook.com\/wp-content\/uploads\/2024\/10\/Customized-Triple-Layer-Steel-Milk-Pan-with-Steam-2.webp 800w, https:\/\/www.purecook.com\/wp-content\/uploads\/2024\/10\/Customized-Triple-Layer-Steel-Milk-Pan-with-Steam-2-300x300.webp 300w, https:\/\/www.purecook.com\/wp-content\/uploads\/2024\/10\/Customized-Triple-Layer-Steel-Milk-Pan-with-Steam-2-150x150.webp 150w, https:\/\/www.purecook.com\/wp-content\/uploads\/2024\/10\/Customized-Triple-Layer-Steel-Milk-Pan-with-Steam-2-768x768.webp 768w, https:\/\/www.purecook.com\/wp-content\/uploads\/2024\/10\/Customized-Triple-Layer-Steel-Milk-Pan-with-Steam-2-12x12.webp 12w, https:\/\/www.purecook.com\/wp-content\/uploads\/2024\/10\/Customized-Triple-Layer-Steel-Milk-Pan-with-Steam-2-600x600.webp 600w, https:\/\/www.purecook.com\/wp-content\/uploads\/2024\/10\/Customized-Triple-Layer-Steel-Milk-Pan-with-Steam-2-100x100.webp 100w\" sizes=\"(max-width: 800px) 100vw, 800px\" \/><figcaption class=\"wp-element-caption\">Bac \u00e0 lait personnalisable avec cuit-vapeur<\/figcaption><\/figure>\n<\/div>\n<\/div>\n\n\n\n<p><\/p>","protected":false},"excerpt":{"rendered":"<p>Les casseroles \u00e0 lait \u00e9pais personnalisables en gros sont fabriqu\u00e9es en acier inoxydable \u00e0 trois couches de haute qualit\u00e9, la couche en contact avec les aliments peut \u00eatre choisie en acier inoxydable sus304\/sus316, protection de l'environnement et pas de rev\u00eatement, la poign\u00e9e est faite d'une poign\u00e9e creuse sp\u00e9ciale aga\u00e7ante, prise en main confortable, isolation thermique efficace, peut \u00eatre assortie de compartiments sp\u00e9ciaux pour la cuisson \u00e0 la vapeur. En tant que fabricant professionnel d'ustensiles de cuisine en acier inoxydable, purecook fournit un service efficace de vente en gros d'ustensiles de cuisine personnalis\u00e9s pour les revendeurs, les \u00e9coles et les entreprises. Si vous avez besoin de solutions en gros ou personnalis\u00e9es, veuillez nous contacter.<\/p>\n<h2><strong><b>Caract\u00e9ristiques et avantages <\/b><\/strong><strong><b>Lait<\/b><\/strong><strong><b>\u00a0Pan<\/b><\/strong><\/h2>\n<p><strong>Mat\u00e9riaux de qualit\u00e9 :<\/strong> La couche int\u00e9rieure du pot \u00e0 lait \u00e9paissi est en acier inoxydable 304 de qualit\u00e9 alimentaire, avec une surface polie non rev\u00eatue pour garantir la s\u00e9curit\u00e9 du contact avec les aliments. Les poign\u00e9es creuses rivet\u00e9es assurent la durabilit\u00e9 et la stabilit\u00e9 du pot \u00e0 lait.<\/p>\n<p><strong>Design allong\u00e9 :<\/strong> L'ouverture de la casserole \u00e0 lait mesure 160 mm, ce qui convient au chauffage du lait, \u00e0 la pr\u00e9paration de sauces et \u00e0 d'autres besoins en ustensiles de cuisine de petite capacit\u00e9.<\/p>\n<p><strong>Applicable \u00e0 tous les types de po\u00eales :<\/strong> Le mat\u00e9riau principal de la casserole \u00e0 lait est un acier \u00e0 trois couches (mat\u00e9riau composite \u00e0 trois couches : couche conductrice magn\u00e9tique Sus410 + couche conductrice de chaleur en aluminium + couche en contact avec les aliments sus304), qui peut s'adapter \u00e0 diff\u00e9rentes m\u00e9thodes de chauffage, telles que la flamme nue, la table de cuisson \u00e0 induction, la table de cuisson \u00e9lectrique en c\u00e9ramique, etc.<\/p>\n<p><strong>Nombreuses options de personnalisation :<\/strong>Nous fournissons un service de pot \u00e0 lait personnalis\u00e9, le style du corps du pot \u00e0 lait, le mat\u00e9riau du corps, le mat\u00e9riau de la poign\u00e9e, le logo externe, le style de l'emballage peuvent \u00eatre personnalis\u00e9s.<\/p>\n<p><a href=\"https:\/\/www.purecook.com\/fr\/custom-solution\/\"><u>Purecook propose des services OEM et ODM personnalis\u00e9s <\/u><u>lait<\/u><u>\u00a0la solution de la casserole.<\/u><\/a><\/p>","protected":false},"featured_media":3178,"comment_status":"closed","ping_status":"closed","template":"","meta":{"_acf_changed":false},"product_brand":[],"product_cat":[70,24,80],"product_tag":[98],"class_list":{"0":"post-3174","1":"product","2":"type-product","3":"status-publish","4":"has-post-thumbnail","6":"product_cat-soup-and-stock-pots","7":"product_cat-cookware","8":"product_cat-milk-pot","9":"product_tag-wholesale-home-cookware","11":"first","12":"instock","13":"shipping-taxable","14":"product-type-simple"},"acf":[],"_links":{"self":[{"href":"https:\/\/www.purecook.com\/fr\/wp-json\/wp\/v2\/product\/3174","targetHints":{"allow":["GET"]}}],"collection":[{"href":"https:\/\/www.purecook.com\/fr\/wp-json\/wp\/v2\/product"}],"about":[{"href":"https:\/\/www.purecook.com\/fr\/wp-json\/wp\/v2\/types\/product"}],"replies":[{"embeddable":true,"href":"https:\/\/www.purecook.com\/fr\/wp-json\/wp\/v2\/comments?post=3174"}],"wp:featuredmedia":[{"embeddable":true,"href":"https:\/\/www.purecook.com\/fr\/wp-json\/wp\/v2\/media\/3178"}],"wp:attachment":[{"href":"https:\/\/www.purecook.com\/fr\/wp-json\/wp\/v2\/media?parent=3174"}],"wp:term":[{"taxonomy":"product_brand","embeddable":true,"href":"https:\/\/www.purecook.com\/fr\/wp-json\/wp\/v2\/product_brand?post=3174"},{"taxonomy":"product_cat","embeddable":true,"href":"https:\/\/www.purecook.com\/fr\/wp-json\/wp\/v2\/product_cat?post=3174"},{"taxonomy":"product_tag","embeddable":true,"href":"https:\/\/www.purecook.com\/fr\/wp-json\/wp\/v2\/product_tag?post=3174"}],"curies":[{"name":"wp","href":"https:\/\/api.w.org\/{rel}","templated":true}]}}