{"id":3183,"date":"2025-07-03T14:54:00","date_gmt":"2025-07-03T06:54:00","guid":{"rendered":"https:\/\/www.purecook.com\/?post_type=product&#038;p=3183"},"modified":"2025-07-23T17:41:58","modified_gmt":"2025-07-23T09:41:58","slug":"wholesale-stainless-steel-small-woks","status":"publish","type":"product","link":"https:\/\/www.purecook.com\/fr\/product\/wholesale-stainless-steel-small-woks\/","title":{"rendered":"Petits woks en acier inoxydable avec poign\u00e9e : Woks chinois artisanaux finement polis"},"content":{"rendered":"<div class=\"wp-block-columns is-layout-flex wp-container-core-columns-is-layout-9d6595d7 wp-block-columns-is-layout-flex\">\n<div class=\"wp-block-column is-layout-flow wp-block-column-is-layout-flow\">\n<h3 class=\"wp-block-heading\"><strong>Param\u00e8tres de la po\u00eale \u00e0 wok en acier inoxydable<\/strong><\/h3>\n\n\n\n<p><strong>Num\u00e9ro de mod\u00e8le :<\/strong> MC-014<br><strong>Mat\u00e9riau :<\/strong> Triple acier inoxydable<br><strong>\u00c9paisseur normale : <\/strong>2,0 mm<br><strong>Taille :<\/strong>20\/24\/26\/28 cm<br><strong>Poign\u00e9e :<\/strong>Poign\u00e9e anti-br\u00fblure (givr\u00e9e\/brillante)<br><strong>Logo : <\/strong>Gravure laser\/Tampon en relief<br><strong>MOQ<\/strong>: 500 pi\u00e8ces<\/p>\n<\/div>\n\n\n\n<div class=\"wp-block-column is-layout-flow wp-block-column-is-layout-flow\">\n<h3 class=\"wp-block-heading\"><strong>Sur mesure <\/strong><strong>Wok<\/strong><strong>&nbsp;Options de la casserole<\/strong><strong><\/strong><\/h3>\n\n\n\n<p><strong>Logo : <\/strong>Personnalisez le logo de votre marque<br><strong>Mat\u00e9riau :<\/strong> Acier inoxydable triple couche (SUS304 \/ SUS316)<br><strong>\u00c9paisseur du mat\u00e9riau :<\/strong> 2,0\/2,3 mm<br><strong>Mat\u00e9riau du couvercle : <\/strong>Style\/Mat\u00e9riau<br><strong> <\/strong>Style\/Mat\u00e9riau<br><strong>Traitement de la surface de contact : <\/strong>Rev\u00eatement non enduit\/non adh\u00e9rent<br><strong>Paquet :<\/strong> bo\u00eete\/carton de couleur, etc.<br><a href=\"https:\/\/www.purecook.com\/fr\/custom-solution\/\" target=\"_blank\" rel=\"noopener\"><u>Solutions OEM et ODM pour les po\u00eales wok sur mesure<\/u><\/a><\/p>\n<\/div>\n<\/div>\n\n\n\n<div class=\"wp-block-columns is-layout-flex wp-container-core-columns-is-layout-9d6595d7 wp-block-columns-is-layout-flex\">\n<div class=\"wp-block-column is-layout-flow wp-block-column-is-layout-flow\"><div class=\"wp-block-image\">\n<figure class=\"aligncenter size-full\"><img decoding=\"async\" width=\"800\" height=\"800\" src=\"https:\/\/www.purecook.com\/wp-content\/uploads\/2024\/10\/Triple-Stainless-Steel-Single-Handle-Wok-Pan-5.webp\" alt=\"Po\u00eale wok en acier inoxydable triple \u00e0 poign\u00e9e unique\" class=\"wp-image-3188\" srcset=\"https:\/\/www.purecook.com\/wp-content\/uploads\/2024\/10\/Triple-Stainless-Steel-Single-Handle-Wok-Pan-5.webp 800w, https:\/\/www.purecook.com\/wp-content\/uploads\/2024\/10\/Triple-Stainless-Steel-Single-Handle-Wok-Pan-5-300x300.webp 300w, https:\/\/www.purecook.com\/wp-content\/uploads\/2024\/10\/Triple-Stainless-Steel-Single-Handle-Wok-Pan-5-150x150.webp 150w, https:\/\/www.purecook.com\/wp-content\/uploads\/2024\/10\/Triple-Stainless-Steel-Single-Handle-Wok-Pan-5-768x768.webp 768w, https:\/\/www.purecook.com\/wp-content\/uploads\/2024\/10\/Triple-Stainless-Steel-Single-Handle-Wok-Pan-5-12x12.webp 12w, https:\/\/www.purecook.com\/wp-content\/uploads\/2024\/10\/Triple-Stainless-Steel-Single-Handle-Wok-Pan-5-600x600.webp 600w, https:\/\/www.purecook.com\/wp-content\/uploads\/2024\/10\/Triple-Stainless-Steel-Single-Handle-Wok-Pan-5-100x100.webp 100w\" sizes=\"(max-width: 800px) 100vw, 800px\" \/><figcaption class=\"wp-element-caption\">Po\u00eale Wok en acier inoxydable Tri Ply<\/figcaption><\/figure>\n<\/div><\/div>\n\n\n\n<div class=\"wp-block-column is-layout-flow wp-block-column-is-layout-flow\"><div class=\"wp-block-image\">\n<figure class=\"aligncenter size-full\"><img decoding=\"async\" width=\"800\" height=\"800\" src=\"https:\/\/www.purecook.com\/wp-content\/uploads\/2024\/10\/Triple-Stainless-Steel-Single-Handle-Wok-Pan-3.webp\" alt=\"Po\u00eale wok en acier inoxydable triple \u00e0 poign\u00e9e unique\" class=\"wp-image-3186\" srcset=\"https:\/\/www.purecook.com\/wp-content\/uploads\/2024\/10\/Triple-Stainless-Steel-Single-Handle-Wok-Pan-3.webp 800w, https:\/\/www.purecook.com\/wp-content\/uploads\/2024\/10\/Triple-Stainless-Steel-Single-Handle-Wok-Pan-3-300x300.webp 300w, https:\/\/www.purecook.com\/wp-content\/uploads\/2024\/10\/Triple-Stainless-Steel-Single-Handle-Wok-Pan-3-150x150.webp 150w, https:\/\/www.purecook.com\/wp-content\/uploads\/2024\/10\/Triple-Stainless-Steel-Single-Handle-Wok-Pan-3-768x768.webp 768w, https:\/\/www.purecook.com\/wp-content\/uploads\/2024\/10\/Triple-Stainless-Steel-Single-Handle-Wok-Pan-3-12x12.webp 12w, https:\/\/www.purecook.com\/wp-content\/uploads\/2024\/10\/Triple-Stainless-Steel-Single-Handle-Wok-Pan-3-600x600.webp 600w, https:\/\/www.purecook.com\/wp-content\/uploads\/2024\/10\/Triple-Stainless-Steel-Single-Handle-Wok-Pan-3-100x100.webp 100w\" sizes=\"(max-width: 800px) 100vw, 800px\" \/><figcaption class=\"wp-element-caption\">Po\u00eale Wok en acier inoxydable Tri Ply<\/figcaption><\/figure>\n<\/div><\/div>\n<\/div>","protected":false},"excerpt":{"rendered":"<p>Po\u00eale wok chinoise en gros, fabriqu\u00e9e en acier inoxydable triple couche de haute qualit\u00e9, respectueuse de l'environnement et non rev\u00eatue, avec des poign\u00e9es \u00e9paisses en acier inoxydable anti-br\u00fblures avec des liens soud\u00e9s pour une prise confortable et ferme, pr\u00e9venant efficacement les br\u00fblures. Cette po\u00eale wok chinoise convient aux restaurants chinois, aux h\u00f4tels et aux cantines scolaires. N'h\u00e9sitez pas \u00e0 nous contacter. Les fabricants d'ustensiles de cuisine Purecook vous proposent des services de vente en gros et de personnalisation.<\/p>\n<h2><strong><b>Caract\u00e9ristiques et avantages de la po\u00eale \u00e0 wok<\/b><\/strong><\/h2>\n<p><strong>Mat\u00e9riau de haute qualit\u00e9 :<\/strong> Fabriqu\u00e9 en acier inoxydable de haute qualit\u00e9, il n'est pas facile \u00e0 rayer ou \u00e0 user, peut r\u00e9sister \u00e0 un usage quotidien fr\u00e9quent, n'a pas de rev\u00eatement, r\u00e9siste aux temp\u00e9ratures \u00e9lev\u00e9es et est s\u00fbr et sain \u00e0 utiliser.<\/p>\n<p><strong>Bonne r\u00e9sistance \u00e0 la chaleur :<\/strong> L'acier inoxydable triply a une bonne conductivit\u00e9 thermique, ce qui permet de chauffer rapidement et uniform\u00e9ment les ingr\u00e9dients et de rendre les aliments plus savoureux.<\/p>\n<p><strong>Facile \u00e0 nettoyer :<\/strong> La po\u00eale wok en acier inoxydable est tr\u00e8s facile \u00e0 nettoyer et peut \u00eatre facilement essuy\u00e9e \u00e0 l'aide d'un chiffon doux. La forte r\u00e9sistance \u00e0 la corrosion et la capacit\u00e9 d'anti-d\u00e9formation font que les casseroles en acier inoxydable restent comme neuves apr\u00e8s une utilisation prolong\u00e9e.<\/p>\n<p><strong>Service de vente en gros :<\/strong> En tant qu'acier inoxydable <a href=\"https:\/\/www.purecook.com\/fr\/\" target=\"_blank\" rel=\"noopener\"><strong>fabricant d'ustensiles de cuisine<\/strong><\/a>Purecook fournit des po\u00eales wok en gros aux revendeurs et aux d\u00e9taillants, ainsi que des services professionnels de personnalisation.<\/p>\n<p><a href=\"https:\/\/www.purecook.com\/fr\/custom-solution\/\"><u>Purecook propose des ustensiles de cuisine personnalis\u00e9s OEM et ODM<\/u><u>\u00a0solutions.<\/u><\/a><\/p>","protected":false},"featured_media":3184,"comment_status":"closed","ping_status":"closed","template":"","meta":{"_acf_changed":false},"product_brand":[],"product_cat":[24,75],"product_tag":[97,98],"class_list":{"0":"post-3183","1":"product","2":"type-product","3":"status-publish","4":"has-post-thumbnail","6":"product_cat-cookware","7":"product_cat-wok","8":"product_tag-wholesale-commercial-cookware","9":"product_tag-wholesale-home-cookware","11":"first","12":"instock","13":"shipping-taxable","14":"product-type-simple"},"acf":[],"_links":{"self":[{"href":"https:\/\/www.purecook.com\/fr\/wp-json\/wp\/v2\/product\/3183","targetHints":{"allow":["GET"]}}],"collection":[{"href":"https:\/\/www.purecook.com\/fr\/wp-json\/wp\/v2\/product"}],"about":[{"href":"https:\/\/www.purecook.com\/fr\/wp-json\/wp\/v2\/types\/product"}],"replies":[{"embeddable":true,"href":"https:\/\/www.purecook.com\/fr\/wp-json\/wp\/v2\/comments?post=3183"}],"wp:featuredmedia":[{"embeddable":true,"href":"https:\/\/www.purecook.com\/fr\/wp-json\/wp\/v2\/media\/3184"}],"wp:attachment":[{"href":"https:\/\/www.purecook.com\/fr\/wp-json\/wp\/v2\/media?parent=3183"}],"wp:term":[{"taxonomy":"product_brand","embeddable":true,"href":"https:\/\/www.purecook.com\/fr\/wp-json\/wp\/v2\/product_brand?post=3183"},{"taxonomy":"product_cat","embeddable":true,"href":"https:\/\/www.purecook.com\/fr\/wp-json\/wp\/v2\/product_cat?post=3183"},{"taxonomy":"product_tag","embeddable":true,"href":"https:\/\/www.purecook.com\/fr\/wp-json\/wp\/v2\/product_tag?post=3183"}],"curies":[{"name":"wp","href":"https:\/\/api.w.org\/{rel}","templated":true}]}}