{"id":3338,"date":"2025-07-26T18:39:05","date_gmt":"2024-12-11T07:25:45","guid":{"rendered":"https:\/\/www.purecook.com\/?post_type=product&#038;p=3338"},"modified":"2025-07-26T18:49:52","modified_gmt":"2025-07-26T10:49:52","slug":"wholesale-stainless-steel-kitchen-oil-filter-kettle","status":"publish","type":"product","link":"https:\/\/www.purecook.com\/fr\/product\/wholesale-stainless-steel-kitchen-oil-filter-kettle\/","title":{"rendered":"Wholesale Stainless Steel Kitchen Oil Filter Pot : Apparence color\u00e9e : Exclusive Hot Series"},"content":{"rendered":"<div class=\"wp-block-columns is-layout-flex wp-container-core-columns-is-layout-9d6595d7 wp-block-columns-is-layout-flex\">\n<div class=\"wp-block-column is-layout-flow wp-block-column-is-layout-flow\">\n<h3 class=\"wp-block-heading\"><strong>Param\u00e8tres du filtre \u00e0 huile de cuisine<\/strong> <strong>Pot<\/strong><\/h3>\n\n\n\n<p>Num\u00e9ro de mod\u00e8le : HH-028<br>Mat\u00e9riau : Acier inoxydable 304<br>\u00c9paisseur normale : 0,5 mm<br>capacit\u00e9 : 1,5L\/2,0L<br>Poids : 800g<br>Logo : Gravure laser\/estampage en relief<br>MOQ : 1000 pi\u00e8ces<\/p>\n<\/div>\n\n\n\n<div class=\"wp-block-column is-layout-flow wp-block-column-is-layout-flow\">\n<h3 class=\"wp-block-heading\"><strong>Options d'ustensiles de cuisine personnalis\u00e9s<\/strong><\/h3>\n\n\n\n<p><strong>Logo :<\/strong> Personnalisable avec le logo de votre marque<br><strong>Mat\u00e9riau :<\/strong> SUS304<br><strong>Couleur :<\/strong> Personnalisable<br><strong>Conception du fond :<\/strong> Couche unique\/fond composite<br><strong>Couvercle : <\/strong>Style\/Mat\u00e9riau<br><strong>Poign\u00e9e :<\/strong> Style \/ Mati\u00e8re<br><strong>Traitement de la surface de contact :<\/strong> Rev\u00eatement non enduit\/non adh\u00e9rent<br><strong>Emballage :<\/strong> bo\u00eete\/carton de couleur, etc.<br><a href=\"https:\/\/www.purecook.com\/fr\/custom-solution\/\" target=\"_blank\" rel=\"noopener\"><u>Solutions personnalis\u00e9es OEM et ODM pour les ustensiles de cuisine<\/u><\/a><\/p>\n<\/div>\n<\/div>\n\n\n\n<div class=\"wp-block-columns is-layout-flex wp-container-core-columns-is-layout-9d6595d7 wp-block-columns-is-layout-flex\">\n<div class=\"wp-block-column is-layout-flow wp-block-column-is-layout-flow\">\n<figure class=\"wp-block-image size-full\"><img decoding=\"async\" width=\"800\" height=\"800\" src=\"https:\/\/www.purecook.com\/wp-content\/uploads\/2025\/07\/wholesale-oil-filter-pots-2.webp\" alt=\"pots de filtre \u00e0 huile en gros (2)\" class=\"wp-image-4221\" srcset=\"https:\/\/www.purecook.com\/wp-content\/uploads\/2025\/07\/wholesale-oil-filter-pots-2.webp 800w, https:\/\/www.purecook.com\/wp-content\/uploads\/2025\/07\/wholesale-oil-filter-pots-2-300x300.webp 300w, https:\/\/www.purecook.com\/wp-content\/uploads\/2025\/07\/wholesale-oil-filter-pots-2-150x150.webp 150w, https:\/\/www.purecook.com\/wp-content\/uploads\/2025\/07\/wholesale-oil-filter-pots-2-768x768.webp 768w, https:\/\/www.purecook.com\/wp-content\/uploads\/2025\/07\/wholesale-oil-filter-pots-2-12x12.webp 12w, https:\/\/www.purecook.com\/wp-content\/uploads\/2025\/07\/wholesale-oil-filter-pots-2-600x600.webp 600w, https:\/\/www.purecook.com\/wp-content\/uploads\/2025\/07\/wholesale-oil-filter-pots-2-100x100.webp 100w\" sizes=\"(max-width: 800px) 100vw, 800px\" \/><\/figure>\n<\/div>\n\n\n\n<div class=\"wp-block-column is-layout-flow wp-block-column-is-layout-flow\">\n<figure class=\"wp-block-image size-full\"><img decoding=\"async\" width=\"800\" height=\"800\" src=\"https:\/\/www.purecook.com\/wp-content\/uploads\/2025\/07\/wholesale-oil-filter-pots-5.webp\" alt=\"pots de filtre \u00e0 huile en gros (5)\" class=\"wp-image-4224\" srcset=\"https:\/\/www.purecook.com\/wp-content\/uploads\/2025\/07\/wholesale-oil-filter-pots-5.webp 800w, https:\/\/www.purecook.com\/wp-content\/uploads\/2025\/07\/wholesale-oil-filter-pots-5-300x300.webp 300w, https:\/\/www.purecook.com\/wp-content\/uploads\/2025\/07\/wholesale-oil-filter-pots-5-150x150.webp 150w, https:\/\/www.purecook.com\/wp-content\/uploads\/2025\/07\/wholesale-oil-filter-pots-5-768x768.webp 768w, https:\/\/www.purecook.com\/wp-content\/uploads\/2025\/07\/wholesale-oil-filter-pots-5-12x12.webp 12w, https:\/\/www.purecook.com\/wp-content\/uploads\/2025\/07\/wholesale-oil-filter-pots-5-600x600.webp 600w, https:\/\/www.purecook.com\/wp-content\/uploads\/2025\/07\/wholesale-oil-filter-pots-5-100x100.webp 100w\" sizes=\"(max-width: 800px) 100vw, 800px\" \/><\/figure>\n<\/div>\n<\/div>","protected":false},"excerpt":{"rendered":"<p>Filtres \u00e0 huile de cuisine en acier inoxydable de haute qualit\u00e9 vendus en gros. Ce filtre \u00e0 huile de cuisine est fabriqu\u00e9 en acier inoxydable 304 de haute qualit\u00e9, et sa conception monobloc garantit sa durabilit\u00e9 et sa s\u00e9curit\u00e9. Il peut \u00eatre utilis\u00e9 pour filtrer les r\u00e9sidus d'huile, cuisiner de d\u00e9licieux oden et aliments frits, etc. Il a de multiples fonctions et est tr\u00e8s pratique. Les fabricants d'ustensiles de cuisine Purecook proposent des solutions de vente en gros efficaces et des prix comp\u00e9titifs. Contactez-nous d\u00e8s maintenant pour explorer vos options.<\/p>\n<h2><strong><b>Caract\u00e9ristiques et avantages <\/b><\/strong><strong><b>Pot de filtre \u00e0 huile<\/b><\/strong><\/h2>\n<p><strong>Mat\u00e9riaux de haute qualit\u00e9 :<\/strong> Ce pot de filtration d'huile de cuisine est fabriqu\u00e9 en acier inoxydable 304 de qualit\u00e9 alimentaire, avec une surface polie et non rev\u00eatue pour garantir la s\u00e9curit\u00e9 du contact avec les aliments.<\/p>\n<p><strong>Poign\u00e9e durable et confortable :<\/strong> Ce filtre \u00e0 huile de cuisine est dot\u00e9 d'une poign\u00e9e soud\u00e9e au laser qui est confortable \u00e0 tenir et qui assure la durabilit\u00e9 globale du filtre \u00e0 huile.<\/p>\n<p><strong>Plusieurs tailles :<\/strong> Le filtre \u00e0 huile de cuisine est disponible en diff\u00e9rentes tailles, notamment 1,0L\/1,5L\/2,0L. Il convient \u00e0 tous les types de cuisines et peut \u00eatre utilis\u00e9 pour la friture, la cuisson, le filtrage de l'huile et le stockage de divers aliments.<\/p>\n<p><strong>Convient \u00e0 diff\u00e9rents types de po\u00eales :<\/strong> Notre filtre \u00e0 huile de cuisine tient compte de la diversit\u00e9 des cuisines modernes et peut s'adapter \u00e0 diff\u00e9rents modes de chauffage, tels que les flammes nues, les cuisini\u00e8res \u00e0 induction, les cuisini\u00e8res \u00e9lectriques en c\u00e9ramique, etc.<\/p>\n<p><strong>De nombreuses options de personnalisation :<\/strong> Nous proposons des services personnalis\u00e9s, et le style, le mat\u00e9riau, le mat\u00e9riau de la poign\u00e9e, le logo et le mode d'emballage peuvent tous \u00eatre personnalis\u00e9s. .<\/p>\n<p><a href=\"https:\/\/www.purecook.com\/fr\/categorie-produit\/cookware\/\" target=\"_blank\" rel=\"noopener\"><strong>En savoir plus sur la vente en gros d'ustensiles de cuisine, par le fabricant professionnel d'ustensiles de cuisine : Purecook<\/strong><\/a><\/p>","protected":false},"featured_media":4220,"comment_status":"closed","ping_status":"closed","template":"","meta":{"_acf_changed":false},"product_brand":[],"product_cat":[64,52],"product_tag":[],"class_list":{"0":"post-3338","1":"product","2":"type-product","3":"status-publish","4":"has-post-thumbnail","6":"product_cat-oil-pot","7":"product_cat-kitchen-utensils","9":"first","10":"instock","11":"shipping-taxable","12":"product-type-simple"},"acf":[],"_links":{"self":[{"href":"https:\/\/www.purecook.com\/fr\/wp-json\/wp\/v2\/product\/3338","targetHints":{"allow":["GET"]}}],"collection":[{"href":"https:\/\/www.purecook.com\/fr\/wp-json\/wp\/v2\/product"}],"about":[{"href":"https:\/\/www.purecook.com\/fr\/wp-json\/wp\/v2\/types\/product"}],"replies":[{"embeddable":true,"href":"https:\/\/www.purecook.com\/fr\/wp-json\/wp\/v2\/comments?post=3338"}],"wp:featuredmedia":[{"embeddable":true,"href":"https:\/\/www.purecook.com\/fr\/wp-json\/wp\/v2\/media\/4220"}],"wp:attachment":[{"href":"https:\/\/www.purecook.com\/fr\/wp-json\/wp\/v2\/media?parent=3338"}],"wp:term":[{"taxonomy":"product_brand","embeddable":true,"href":"https:\/\/www.purecook.com\/fr\/wp-json\/wp\/v2\/product_brand?post=3338"},{"taxonomy":"product_cat","embeddable":true,"href":"https:\/\/www.purecook.com\/fr\/wp-json\/wp\/v2\/product_cat?post=3338"},{"taxonomy":"product_tag","embeddable":true,"href":"https:\/\/www.purecook.com\/fr\/wp-json\/wp\/v2\/product_tag?post=3338"}],"curies":[{"name":"wp","href":"https:\/\/api.w.org\/{rel}","templated":true}]}}