{"id":3411,"date":"2024-12-28T15:16:47","date_gmt":"2024-12-27T09:14:19","guid":{"rendered":"https:\/\/www.purecook.com\/?post_type=product&#038;p=3411"},"modified":"2024-12-28T15:20:35","modified_gmt":"2024-12-28T07:20:35","slug":"wholesale-aluminum-cookware-grill-pan","status":"publish","type":"product","link":"https:\/\/www.purecook.com\/fr\/product\/wholesale-aluminum-cookware-grill-pan\/","title":{"rendered":"Wholesale Aluminum Cookware Grill Pan\uff0cPortable Outdoor Grill Pan,Support Customization"},"content":{"rendered":"<div class=\"wp-block-columns is-layout-flex wp-container-core-columns-is-layout-9d6595d7 wp-block-columns-is-layout-flex\">\n<div class=\"wp-block-column is-layout-flow wp-block-column-is-layout-flow\">\n<h3 class=\"wp-block-heading\"><strong>Param\u00e8tres de la po\u00eale \u00e0 griller Cookware<\/strong><\/h3>\n\n\n\n<p><strong>Num\u00e9ro de mod\u00e8le :<\/strong> YF-002<br><strong>Mat\u00e9riau :<\/strong> aluminium moul\u00e9 sous pression<br><em>\u00c9paisseur normale : <\/em>2,0 mm<br><strong>Taille :<\/strong> 30\/34\/38cm<br><strong>Poids :<\/strong> 550\/800\/950g<br><strong>Logo :<\/strong> Gravure laser\/Tampon en relief<br><strong>MOQ :<\/strong> 500 pi\u00e8ces<\/p>\n<\/div>\n\n\n\n<div class=\"wp-block-column is-layout-flow wp-block-column-is-layout-flow\">\n<h3 class=\"wp-block-heading\"><strong>Options de po\u00eales \u00e0 griller personnalis\u00e9es<\/strong><\/h3>\n\n\n\n<p><strong>Logo<\/strong>Personnalisation du logo de la marque : personnalisation du logo de la marque<br><strong>Forme :<\/strong> personnalisation cr\u00e9ative<br><strong>Mat\u00e9riau du couvercle :<\/strong> Style\/Mat\u00e9riau<br><strong>Mat\u00e9riau du manche :<\/strong> Style\/Mat\u00e9riau<br><strong>Emballage :<\/strong> Bo\u00eete couleur\/Carton ,etc<br><a href=\"https:\/\/www.purecook.com\/fr\/custom-solution\/\" target=\"_blank\" rel=\"noopener\"><u>En savoir plus sur les solutions OEM et ODM d'ustensiles de cuisine sur mesure<\/u><\/a><\/p>\n<\/div>\n<\/div>\n\n\n\n<div class=\"wp-block-columns is-layout-flex wp-container-core-columns-is-layout-9d6595d7 wp-block-columns-is-layout-flex\">\n<div class=\"wp-block-column is-layout-flow wp-block-column-is-layout-flow\">\n<figure class=\"wp-block-image size-full\"><img decoding=\"async\" width=\"800\" height=\"800\" src=\"https:\/\/www.purecook.com\/wp-content\/uploads\/2024\/12\/Wholesale-Aluminum-Cookware-Grill-Pan-4.webp\" alt=\"Po\u00eale \u00e0 griller Wholesale Aluminum Cookware (4)\" class=\"wp-image-3429\" srcset=\"https:\/\/www.purecook.com\/wp-content\/uploads\/2024\/12\/Wholesale-Aluminum-Cookware-Grill-Pan-4.webp 800w, https:\/\/www.purecook.com\/wp-content\/uploads\/2024\/12\/Wholesale-Aluminum-Cookware-Grill-Pan-4-300x300.webp 300w, https:\/\/www.purecook.com\/wp-content\/uploads\/2024\/12\/Wholesale-Aluminum-Cookware-Grill-Pan-4-150x150.webp 150w, https:\/\/www.purecook.com\/wp-content\/uploads\/2024\/12\/Wholesale-Aluminum-Cookware-Grill-Pan-4-768x768.webp 768w, https:\/\/www.purecook.com\/wp-content\/uploads\/2024\/12\/Wholesale-Aluminum-Cookware-Grill-Pan-4-12x12.webp 12w, https:\/\/www.purecook.com\/wp-content\/uploads\/2024\/12\/Wholesale-Aluminum-Cookware-Grill-Pan-4-600x600.webp 600w, https:\/\/www.purecook.com\/wp-content\/uploads\/2024\/12\/Wholesale-Aluminum-Cookware-Grill-Pan-4-100x100.webp 100w\" sizes=\"(max-width: 800px) 100vw, 800px\" \/><\/figure>\n<\/div>\n\n\n\n<div class=\"wp-block-column is-layout-flow wp-block-column-is-layout-flow\">\n<figure class=\"wp-block-image size-full\"><img decoding=\"async\" width=\"600\" height=\"600\" src=\"https:\/\/www.purecook.com\/wp-content\/uploads\/2024\/12\/Wholesale-Aluminum-Cookware-Grill-Pan\uff085\uff09.webp\" alt=\"Wholesale Aluminum Cookware Grill Pan\uff085\uff09 (Po\u00eale \u00e0 griller en aluminium)\" class=\"wp-image-3430\" srcset=\"https:\/\/www.purecook.com\/wp-content\/uploads\/2024\/12\/Wholesale-Aluminum-Cookware-Grill-Pan\uff085\uff09.webp 600w, https:\/\/www.purecook.com\/wp-content\/uploads\/2024\/12\/Wholesale-Aluminum-Cookware-Grill-Pan\uff085\uff09-300x300.webp 300w, https:\/\/www.purecook.com\/wp-content\/uploads\/2024\/12\/Wholesale-Aluminum-Cookware-Grill-Pan\uff085\uff09-150x150.webp 150w, https:\/\/www.purecook.com\/wp-content\/uploads\/2024\/12\/Wholesale-Aluminum-Cookware-Grill-Pan\uff085\uff09-12x12.webp 12w, https:\/\/www.purecook.com\/wp-content\/uploads\/2024\/12\/Wholesale-Aluminum-Cookware-Grill-Pan\uff085\uff09-100x100.webp 100w\" sizes=\"(max-width: 600px) 100vw, 600px\" \/><\/figure>\n<\/div>\n<\/div>\n\n\n\n<p><\/p>","protected":false},"excerpt":{"rendered":"<p>La po\u00eale \u00e0 griller est fabriqu\u00e9e en aluminium de haute qualit\u00e9, qui est l\u00e9ger, durable et d'excellente qualit\u00e9. C'est un choix id\u00e9al pour les barbecues en plein air. Elle peut \u00eatre assortie d'une poign\u00e9e en bois anti-br\u00fblure pour pr\u00e9venir efficacement les br\u00fblures. <strong>Les fabricants d'ustensiles de cuisine Purecook proposent des solutions personnalis\u00e9es \u00e0 guichet unique. N'h\u00e9sitez pas \u00e0 nous contacter pour obtenir un devis.<\/strong><\/p>\n<h2><strong><b>Caract\u00e9ristiques de la po\u00eale \u00e0 griller en aluminium<\/b><\/strong><\/h2>\n<p><strong>Mat\u00e9riaux de haute qualit\u00e9 :<\/strong> La po\u00eale \u00e0 griller en aluminium est fabriqu\u00e9e en aluminium de haute qualit\u00e9 et de grande puret\u00e9 et est moul\u00e9e en une seule pi\u00e8ce gr\u00e2ce \u00e0 un savoir-faire artisanal exquis.<\/p>\n<p><strong>Grande taille :<\/strong> Cette po\u00eale \u00e0 griller en aluminium a une taille extra-large et un poids l\u00e9ger, ce qui convient \u00e0 plusieurs personnes et constitue un choix id\u00e9al pour la cuisine en plein air.<\/p>\n<p><strong>Excellente conductivit\u00e9 thermique :<\/strong> Cette po\u00eale \u00e0 griller d'ext\u00e9rieur a une excellente conductivit\u00e9 thermique, ce qui permet de chauffer les aliments uniform\u00e9ment plus rapidement et de r\u00e9duire la consommation de carburant. Elle est particuli\u00e8rement adapt\u00e9e \u00e0 la cuisson rapide en ext\u00e9rieur.<\/p>\n<p><strong>Facile \u00e0 nettoyer :<\/strong> Cette po\u00eale \u00e0 griller d'ext\u00e9rieur a un fond plat et est facile \u00e0 nettoyer, m\u00eame dans des conditions ext\u00e9rieures, elle peut facilement nettoyer l'huile et les r\u00e9sidus de nourriture.<\/p>\n<p><strong>Service personnalis\u00e9 OEM&amp;ODM :<\/strong> Le fabricant Purecook propose des solutions personnalis\u00e9es de po\u00eales \u00e0 griller, couvrant les mat\u00e9riaux, les tailles, l'emballage et bien plus encore.<\/p>","protected":false},"featured_media":3426,"comment_status":"closed","ping_status":"closed","template":"","meta":{"_acf_changed":false},"product_brand":[],"product_cat":[27,93],"product_tag":[],"class_list":{"0":"post-3411","1":"product","2":"type-product","3":"status-publish","4":"has-post-thumbnail","6":"product_cat-bakeware","7":"product_cat-griddle-pan","9":"first","10":"instock","11":"shipping-taxable","12":"product-type-simple"},"acf":[],"_links":{"self":[{"href":"https:\/\/www.purecook.com\/fr\/wp-json\/wp\/v2\/product\/3411","targetHints":{"allow":["GET"]}}],"collection":[{"href":"https:\/\/www.purecook.com\/fr\/wp-json\/wp\/v2\/product"}],"about":[{"href":"https:\/\/www.purecook.com\/fr\/wp-json\/wp\/v2\/types\/product"}],"replies":[{"embeddable":true,"href":"https:\/\/www.purecook.com\/fr\/wp-json\/wp\/v2\/comments?post=3411"}],"wp:featuredmedia":[{"embeddable":true,"href":"https:\/\/www.purecook.com\/fr\/wp-json\/wp\/v2\/media\/3426"}],"wp:attachment":[{"href":"https:\/\/www.purecook.com\/fr\/wp-json\/wp\/v2\/media?parent=3411"}],"wp:term":[{"taxonomy":"product_brand","embeddable":true,"href":"https:\/\/www.purecook.com\/fr\/wp-json\/wp\/v2\/product_brand?post=3411"},{"taxonomy":"product_cat","embeddable":true,"href":"https:\/\/www.purecook.com\/fr\/wp-json\/wp\/v2\/product_cat?post=3411"},{"taxonomy":"product_tag","embeddable":true,"href":"https:\/\/www.purecook.com\/fr\/wp-json\/wp\/v2\/product_tag?post=3411"}],"curies":[{"name":"wp","href":"https:\/\/api.w.org\/{rel}","templated":true}]}}